{"id":724,"date":"2023-03-24T09:23:26","date_gmt":"2023-03-24T08:23:26","guid":{"rendered":"http:\/\/einmed.eu\/polityka-prywatnosci\/"},"modified":"2023-07-09T13:50:01","modified_gmt":"2023-07-09T11:50:01","slug":"polityka-prywatnosci","status":"publish","type":"page","link":"http:\/\/einmed.eu\/it\/polityka-prywatnosci\/","title":{"rendered":"Privacy"},"content":{"rendered":"\n<p><strong>Chi siamo<\/strong><\/p>\n\n\n\n<p>Il nostro indirizzo web \u00e8: <a href=\"http:\/\/einmed.local\/\">http:\/\/einmed.<\/a><a href=\"http:\/\/einmed.eu\">eu<\/a>.<\/p>\n\n\n\n<p><strong>Commenti<\/strong><\/p>\n\n\n\n<p>Quando i visitatori lasciano commenti sul sito, raccogliamo i dati mostrati nel modulo dei commenti, oltre all&#8217;indirizzo IP del visitatore e alla stringa dell&#8217;agente utente del browser, per aiutare nella rilevazione dello spam.<\/p>\n\n\n\n<p>Un hash anonimo generato a partire dal tuo indirizzo email (chiamato anche hash) pu\u00f2 essere inviato al servizio Gravatar per verificare se lo stai utilizzando. Puoi trovare l&#8217;informativa sulla privacy del servizio Gravatar all&#8217;indirizzo: <a href=\"https:\/\/automattic.com\/privacy\/\">https:\/\/automattic.com\/privacy\/<\/a>. Dopo l&#8217;approvazione del commento, la tua immagine del profilo \u00e8 visibile al pubblico nel contesto del tuo commento.<\/p>\n\n\n\n<p><strong>Media<\/strong><\/p>\n\n\n\n<p>Se sei un utente registrato e carichi immagini sul sito, evita di caricare immagini con tag di geolocalizzazione EXIF. I visitatori del sito potrebbero scaricare e estrarre i dati di localizzazione completi dalle immagini presenti sul sito.<\/p>\n\n\n\n<p><strong>Cookie<\/strong><\/p>\n\n\n\n<p>Se lasci un commento sul sito, puoi scegliere di salvare il tuo nome, indirizzo email e sito web nei cookie. Questi cookie sono utilizzati per comodit\u00e0 in modo che tu non debba riempire nuovamente i tuoi dati quando lasci un altro commento. Questi cookie scadono dopo un anno.<\/p>\n\n\n\n<p>Se visiti la pagina di accesso, verr\u00e0 impostato un cookie temporaneo per determinare se il tuo browser accetta i cookie. Questo cookie non contiene dati personali e viene eliminato quando chiudi il browser.<\/p>\n\n\n\n<p>Durante la procedura di accesso, vengono impostati diversi cookie per salvare le informazioni di accesso e le opzioni dello schermo. I cookie di accesso scadono dopo due giorni, mentre i cookie delle opzioni dello schermo scadono dopo un anno. Se selezioni l&#8217;opzione &#8220;Ricordami&#8221;, l&#8217;accesso persister\u00e0 per due settimane. Se effettui il logout dal tuo account, i cookie di accesso verranno rimossi.<\/p>\n\n\n\n<p>Se modifichi o pubblichi un articolo, verr\u00e0 salvato un cookie aggiuntivo nel tuo browser. Questo cookie non include dati personali e indica semplicemente l&#8217;ID dell&#8217;articolo appena modificato. Scade dopo 1 giorno.<\/p>\n\n\n\n<p><strong>Contenuti incorporati da altri siti web<\/strong><\/p>\n\n\n\n<p>Gli articoli su questo sito possono includere contenuti incorporati (ad esempio video, immagini, articoli, ecc.) I contenuti incorporati da altri siti web si comportano esattamente come se il visitatore avesse visitato direttamente il sito web di origine.<\/p>\n\n\n\n<p>Questi siti web possono raccogliere dati su di te, utilizzare cookie, incorporare ulteriori sistemi di tracciamento di terze parti e monitorare l&#8217;interazione con il contenuto incorporato, incluso il tracciamento delle tue interazioni con il contenuto incorporato se hai un account e sei connesso a quel sito web.<\/p>\n\n\n\n<p><strong>Con chi condividiamo i tuoi dati<\/strong><\/p>\n\n\n\n<p>Se richiedi un ripristino della password, il tuo indirizzo IP verr\u00e0 incluso nella email di ripristino.<\/p>\n\n\n\n<p><strong>Per quanto tempo conserviamo i tuoi dati<\/strong><\/p>\n\n\n\n<p>Se lasci un commento, il commento e i relativi metadati vengono conservati a tempo indeterminato. Questo ci permette di riconoscere e approvare automaticamente eventuali commenti successivi, anzich\u00e9 tenerli in una coda di moderazione.<\/p>\n\n\n\n<p>Per gli utenti che si registrano sul nostro sito web (se presenti), conserviamo anche le informazioni personali che forniscono nel loro profilo utente. Tutti gli utenti possono vedere, modificare o cancellare le proprie informazioni personali in qualsiasi momento (ad eccezione del loro nome utente che non pu\u00f2 essere modificato). Gli amministratori del sito possono anche vedere e modificare queste informazioni.<\/p>\n\n\n\n<p><strong>Quali diritti hai sui tuoi dati<\/strong><\/p>\n\n\n\n<p>Se hai un account su questo sito o hai lasciato commenti, puoi richiedere di ricevere un file esportato dei dati personali che abbiamo su di te, compresi i dati che ci hai fornito. Puoi anche richiedere la cancellazione dei tuoi dati personali in nostro possesso. Questo non include i dati che siamo obbligati a conservare per scopi amministrativi, legali o di sicurezza.<\/p>\n\n\n\n<p><strong>Dove inviamo i tuoi dati<\/strong><\/p>\n\n\n\n<p>I commenti dei visitatori possono essere controllati attraverso un servizio automatico di rilevamento dello spam.<\/p>\n","protected":false},"excerpt":{"rendered":"<p>Chi siamo Il nostro indirizzo web \u00e8: http:\/\/einmed.eu. Commenti Quando i visitatori lasciano commenti sul sito, raccogliamo i dati mostrati nel modulo dei commenti, oltre all&#8217;indirizzo IP del visitatore e alla stringa dell&#8217;agente utente del browser, per aiutare nella rilevazione dello spam. Un hash anonimo generato a partire dal tuo indirizzo email (chiamato anche hash) [&hellip;]<\/p>\n","protected":false},"author":1,"featured_media":0,"parent":0,"menu_order":0,"comment_status":"closed","ping_status":"open","template":"pages\/policy.php","meta":[],"acf":[],"yoast_head":"<!-- This site is optimized with the Yoast SEO plugin v20.10 - https:\/\/yoast.com\/wordpress\/plugins\/seo\/ -->\n<title>Privacy - Einmed<\/title>\n<meta name=\"robots\" content=\"index, follow, max-snippet:-1, max-image-preview:large, max-video-preview:-1\" \/>\n<link rel=\"canonical\" href=\"http:\/\/einmed.eu\/it\/polityka-prywatnosci\/\" \/>\n<meta property=\"og:locale\" content=\"it_IT\" \/>\n<meta property=\"og:type\" content=\"article\" \/>\n<meta property=\"og:title\" content=\"Privacy - Einmed\" \/>\n<meta property=\"og:description\" content=\"Chi siamo Il nostro indirizzo web \u00e8: http:\/\/einmed.eu. Commenti Quando i visitatori lasciano commenti sul sito, raccogliamo i dati mostrati nel modulo dei commenti, oltre all&#8217;indirizzo IP del visitatore e alla stringa dell&#8217;agente utente del browser, per aiutare nella rilevazione dello spam. Un hash anonimo generato a partire dal tuo indirizzo email (chiamato anche hash) [&hellip;]\" \/>\n<meta property=\"og:url\" content=\"http:\/\/einmed.eu\/it\/polityka-prywatnosci\/\" \/>\n<meta property=\"og:site_name\" content=\"Einmed\" \/>\n<meta property=\"article:modified_time\" content=\"2023-07-09T11:50:01+00:00\" \/>\n<meta name=\"twitter:card\" content=\"summary_large_image\" \/>\n<meta name=\"twitter:label1\" content=\"Est. reading time\" \/>\n\t<meta name=\"twitter:data1\" content=\"4 minutes\" \/>\n<script type=\"application\/ld+json\" class=\"yoast-schema-graph\">{\"@context\":\"https:\/\/schema.org\",\"@graph\":[{\"@type\":\"WebPage\",\"@id\":\"http:\/\/einmed.eu\/it\/polityka-prywatnosci\/\",\"url\":\"http:\/\/einmed.eu\/it\/polityka-prywatnosci\/\",\"name\":\"Privacy - Einmed\",\"isPartOf\":{\"@id\":\"https:\/\/einmed.eu\/it\/#website\"},\"datePublished\":\"2023-03-24T08:23:26+00:00\",\"dateModified\":\"2023-07-09T11:50:01+00:00\",\"inLanguage\":\"it-IT\",\"potentialAction\":[{\"@type\":\"ReadAction\",\"target\":[\"http:\/\/einmed.eu\/it\/polityka-prywatnosci\/\"]}]},{\"@type\":\"WebSite\",\"@id\":\"https:\/\/einmed.eu\/it\/#website\",\"url\":\"https:\/\/einmed.eu\/it\/\",\"name\":\"Einmed\",\"description\":\"Producent w\u0142\u00f3knin oraz pokrowc\u00f3w na materace\",\"potentialAction\":[{\"@type\":\"SearchAction\",\"target\":{\"@type\":\"EntryPoint\",\"urlTemplate\":\"https:\/\/einmed.eu\/it\/?s={search_term_string}\"},\"query-input\":\"required name=search_term_string\"}],\"inLanguage\":\"it-IT\"}]}<\/script>\n<!-- \/ Yoast SEO plugin. -->","yoast_head_json":{"title":"Privacy - Einmed","robots":{"index":"index","follow":"follow","max-snippet":"max-snippet:-1","max-image-preview":"max-image-preview:large","max-video-preview":"max-video-preview:-1"},"canonical":"http:\/\/einmed.eu\/it\/polityka-prywatnosci\/","og_locale":"it_IT","og_type":"article","og_title":"Privacy - Einmed","og_description":"Chi siamo Il nostro indirizzo web \u00e8: http:\/\/einmed.eu. Commenti Quando i visitatori lasciano commenti sul sito, raccogliamo i dati mostrati nel modulo dei commenti, oltre all&#8217;indirizzo IP del visitatore e alla stringa dell&#8217;agente utente del browser, per aiutare nella rilevazione dello spam. Un hash anonimo generato a partire dal tuo indirizzo email (chiamato anche hash) [&hellip;]","og_url":"http:\/\/einmed.eu\/it\/polityka-prywatnosci\/","og_site_name":"Einmed","article_modified_time":"2023-07-09T11:50:01+00:00","twitter_card":"summary_large_image","twitter_misc":{"Est. reading time":"4 minutes"},"schema":{"@context":"https:\/\/schema.org","@graph":[{"@type":"WebPage","@id":"http:\/\/einmed.eu\/it\/polityka-prywatnosci\/","url":"http:\/\/einmed.eu\/it\/polityka-prywatnosci\/","name":"Privacy - Einmed","isPartOf":{"@id":"https:\/\/einmed.eu\/it\/#website"},"datePublished":"2023-03-24T08:23:26+00:00","dateModified":"2023-07-09T11:50:01+00:00","inLanguage":"it-IT","potentialAction":[{"@type":"ReadAction","target":["http:\/\/einmed.eu\/it\/polityka-prywatnosci\/"]}]},{"@type":"WebSite","@id":"https:\/\/einmed.eu\/it\/#website","url":"https:\/\/einmed.eu\/it\/","name":"Einmed","description":"Producent w\u0142\u00f3knin oraz pokrowc\u00f3w na materace","potentialAction":[{"@type":"SearchAction","target":{"@type":"EntryPoint","urlTemplate":"https:\/\/einmed.eu\/it\/?s={search_term_string}"},"query-input":"required name=search_term_string"}],"inLanguage":"it-IT"}]}},"_links":{"self":[{"href":"http:\/\/einmed.eu\/it\/wp-json\/wp\/v2\/pages\/724"}],"collection":[{"href":"http:\/\/einmed.eu\/it\/wp-json\/wp\/v2\/pages"}],"about":[{"href":"http:\/\/einmed.eu\/it\/wp-json\/wp\/v2\/types\/page"}],"author":[{"embeddable":true,"href":"http:\/\/einmed.eu\/it\/wp-json\/wp\/v2\/users\/1"}],"replies":[{"embeddable":true,"href":"http:\/\/einmed.eu\/it\/wp-json\/wp\/v2\/comments?post=724"}],"version-history":[{"count":4,"href":"http:\/\/einmed.eu\/it\/wp-json\/wp\/v2\/pages\/724\/revisions"}],"predecessor-version":[{"id":1408,"href":"http:\/\/einmed.eu\/it\/wp-json\/wp\/v2\/pages\/724\/revisions\/1408"}],"wp:attachment":[{"href":"http:\/\/einmed.eu\/it\/wp-json\/wp\/v2\/media?parent=724"}],"curies":[{"name":"wp","href":"https:\/\/api.w.org\/{rel}","templated":true}]}}