{"id":692,"date":"2023-03-28T14:20:23","date_gmt":"2023-03-28T12:20:23","guid":{"rendered":"http:\/\/einmed.eu\/oferta\/wlokniny-polipropylenowe-typu-spunbond\/"},"modified":"2023-06-28T17:39:37","modified_gmt":"2023-06-28T15:39:37","slug":"wlokniny-polipropylenowe-typu-spunbond","status":"publish","type":"page","link":"http:\/\/einmed.eu\/it\/oferta\/wlokniny-polipropylenowe-typu-spunbond\/","title":{"rendered":"Tissus non tiss\u00e9s en polypropyl\u00e8ne de type spunbond"},"content":{"rendered":"<section id=\"\" class=\"product-opener acf-block acf-block-id-block_832b5f93ebd22853f06d4c83d9ddb2a9 \">\n\n\t<div class=\"container-fluid\">\n\t\t<div class=\"row\">\n\t\t\t<div class=\"col-12\">\n\t\t\t\t<div class=\"product-opener__box\" style=\"background-image: url('http:\/\/einmed.eu\/app\/uploads\/2023\/03\/slider2-scaled.jpg')\">\n\t\t\t\t\t<div class=\"col-12 col-lg-4\">\n\t\t\t\t\t\t<div class=\"info-box \">\n\n\t<div class=\"info-box__logo\">\n\t\t<img decoding=\"async\" src=\"http:\/\/einmed.eu\/app\/themes\/einmed\/assets\/images\/svg\/sygnet.svg\" alt=\"sygnet\">\n\t<\/div>\n\t<div class=\"info-box__wrapper\">\n\t\t<h1 class=\"title\">Tissus non tiss\u00e9s en polypropyl\u00e8ne de type spunbond<\/h1>\n\t\t\t\t\t\t\t<a href=\"#bottom\" class=\"btn\">Scopri di pi\u00f9<\/a>\n\t\t\t<\/div>\n\n<\/div>\n\t\t\t\t\t<\/div>\n\t\t\t\t<\/div>\n\t\t\t<\/div>\n\t\t<\/div>\n\t<\/div>\n\n<\/section>\n\n\n<section id=\"bottom\" class=\"product-content acf-block acf-block-id-block_ff311a8401a98ee61bae4cbdb2cbc5d7 \">\n\n\t<div class=\"container-fluid\">\n\t\t<div class=\"row row-flex\">\n\t\t\t<div class=\"col-12 col-lg-4 col-flex\">\n\t\t\t\t<div class=\"product-content__aside\">\n\t\t\t\t\t<div class=\"info-box wider\">\n\n\t<div class=\"info-box__logo\">\n\t\t<img decoding=\"async\" src=\"http:\/\/einmed.eu\/app\/themes\/einmed\/assets\/images\/svg\/sygnet.svg\" alt=\"sygnet\">\n\t<\/div>\n\t<div class=\"info-box__wrapper\">\n\t\t<h1 class=\"title\">Tissus non tiss\u00e9s en polypropyl\u00e8ne de type spunbond<\/h1>\n\t\t\t\t\t<\/div>\n\n<\/div>\n\n\t\t\t\t\t\t\t\t\t\t\t<div class=\"product-content__widths\">\n\t\t\t\t\t\t\t<h3 class=\"product-content__title\">Larghezze disponibili<\/h3>\n\t\t\t\t\t\t\t\t\t\t\t\t\t\t\t<p class=\"product-content__item\">da 12 cm a 3,5 m,<\/p>\n\t\t\t\t\t\t\t\t\t\t\t\t\t\t\t<p class=\"product-content__item\">fino a 19 m utilizzando una macchina di giunzione<\/p>\n\t\t\t\t\t\t\t\t\t\t\t\t\t<\/div>\n\t\t\t\t\t\n\t\t\t\t\t\t\t\t\t\t\t<div class=\"product-content__grammages\">\n\t\t\t\t\t\t\t<h3 class=\"product-content__title\">Pesi disponibili<\/h3>\n\t\t\t\t\t\t\t\t\t\t\t\t\t\t\t<p class=\"product-content__item\">10-150 gr\/m2<\/p>\n\t\t\t\t\t\t\t\t\t\t\t\t\t<\/div>\n\t\t\t\t\t\n\t\t\t\t\t<div class=\"product-content__gallery\">\n\t\t\t\t\t\t\t\t\t\t\t\t\t\t\t\t\t\t\t\t\t\t\t\t\t\t\t<div class=\"product-content__img\">\n\t\t\t\t\t\t\t\t\t<img decoding=\"async\" src=\"http:\/\/einmed.eu\/app\/uploads\/2023\/04\/1-49-1.webp\" alt=\"\"\n\t\t\t\t\t\t\t\t\t\t srcset=\"http:\/\/einmed.eu\/app\/uploads\/2023\/04\/1-49-1-466x284-c-default.webp 1x, http:\/\/einmed.eu\/app\/uploads\/2023\/04\/1-49-1-932x568-c-default.webp 2x\">\n\t\t\t\t\t\t\t\t<\/div>\n\t\t\t\t\t\t\t\t\t\t\t\t\t\t\t\t\t\t\t\t\t\t\t\t\t\t\t\t\t\t\t\t\t\t\t\t\t\t\t\t\t\t\t\t\t\t\t\t\t\t\t\t\t\t\t\t\t<\/div>\n\t\t\t\t\t<div class=\"product-content__gallery product-content__gallery--horizontal\">\n\t\t\t\t\t\t\t\t\t\t\t\t\t\t\t\t\t\t\t\t\t\t\t\t\t\t\t\t\t\t\t\t\t\t<div class=\"product-content__img\">\n\t\t\t\t\t\t\t\t\t<img decoding=\"async\" src=\"http:\/\/einmed.eu\/app\/uploads\/2023\/04\/wlokniny-pp-spunbond-2.webp\" alt=\"\"\n\t\t\t\t\t\t\t\t\t\t srcset=\"http:\/\/einmed.eu\/app\/uploads\/2023\/04\/wlokniny-pp-spunbond-2-136x136-c-default.webp 1x, http:\/\/einmed.eu\/app\/uploads\/2023\/04\/wlokniny-pp-spunbond-2-272x272-c-default.webp 2x\">\n\t\t\t\t\t\t\t\t<\/div>\n\t\t\t\t\t\t\t\t\t\t\t\t\t\t\t\t\t\t\t\t\t\t\t\t\t\t\t\t<div class=\"product-content__img\">\n\t\t\t\t\t\t\t\t\t<img decoding=\"async\" src=\"http:\/\/einmed.eu\/app\/uploads\/2023\/04\/BAH3899_1080px-2.webp\" alt=\"\"\n\t\t\t\t\t\t\t\t\t\t srcset=\"http:\/\/einmed.eu\/app\/uploads\/2023\/04\/BAH3899_1080px-2-136x136-c-default.webp 1x, http:\/\/einmed.eu\/app\/uploads\/2023\/04\/BAH3899_1080px-2-272x272-c-default.webp 2x\">\n\t\t\t\t\t\t\t\t<\/div>\n\t\t\t\t\t\t\t\t\t\t\t\t\t\t\t\t\t\t\t\t\t\t\t\t\t\t\t\t<div class=\"product-content__img\">\n\t\t\t\t\t\t\t\t\t<img decoding=\"async\" src=\"http:\/\/einmed.eu\/app\/uploads\/2023\/04\/view-felt-fabric-gray-tones-1.webp\" alt=\"\"\n\t\t\t\t\t\t\t\t\t\t srcset=\"http:\/\/einmed.eu\/app\/uploads\/2023\/04\/view-felt-fabric-gray-tones-1-136x136-c-default.webp 1x, http:\/\/einmed.eu\/app\/uploads\/2023\/04\/view-felt-fabric-gray-tones-1-272x272-c-default.webp 2x\">\n\t\t\t\t\t\t\t\t<\/div>\n\t\t\t\t\t\t\t\t\t\t\t\t\t\t\t\t\t\t<\/div>\n\t\t\t\t<\/div>\n\t\t\t<\/div>\n\t\t\t<div class=\"col-12 col-lg-8\">\n\t\t\t\t<div class=\"product-content__main\">\n\t\t\t\t\t<div class=\"txt\"><p>Numerosi vantaggi dei tessuti non tessuti di polipropilene, noti anche come <em>wigofil<\/em>, ad esempio: basso allungamento, superficie liscia, resistenza all\u2019abrasione, ariosit\u00e0 e resistenza al fuoco, lo rendono un materiale ideale per l\u2019impiego nei seguenti settori:<\/p>\n<ul>\n<li>industria mobiliera,<\/li>\n<li>articoli medici e igienici,<\/li>\n<li>abbigliamento protettivo e medico,<\/li>\n<li>calzature e pelletteria,<\/li>\n<li>supporti e strati di sostegno,<\/li>\n<li>agricoltura,<\/li>\n<li>costruzione,<\/li>\n<li>industria di filtrazione,<\/li>\n<li>industria elettronica,<\/li>\n<li>industria automobilistica,<\/li>\n<li>imballaggi e rivestimenti,<\/li>\n<\/ul>\n<p>Il nostro tessuto non tessuto \u00e8 prodotto sotto il proprio marchio TEXFIL.<\/p>\n<p>La nostra produzione \u00e8 caratterizzata da elevati parametri tecnici e dalla possibilit\u00e0 di adattarli alle esigenze personali dei nostri clienti. I nostri macchinari offrono numerose possibilit\u00e0 di modificare le propriet\u00e0 dei tessuti non tessuti, sia regolando i parametri tecnici, la larghezza, la grammatura o il colore.<\/p>\n<p>A causa delle diverse esigenze dei vari settori industriali, abbiamo anche la possibilit\u00e0 di utilizzare diversi tipi di finiture come idrofile, idrofobe, antistatiche. Produciamo anche i tessuti non tessuti con stabilizzatori UV o resistenti al fuoco.<\/p>\n<p>Abbiamo certificati \u00d6ko-Tex, T\u00dcV, Intertek.<\/p>\n<\/div>\n\n\t\t\t\t\t\t\t\t\t\t\t\t\t\t\t\t\t\t\t<\/div>\n\t\t\t<\/div>\n\t\t<\/div>\n\n\t\t\t<\/div>\n\n<\/section>\n","protected":false},"excerpt":{"rendered":"","protected":false},"author":1,"featured_media":0,"parent":660,"menu_order":0,"comment_status":"closed","ping_status":"closed","template":"","meta":[],"acf":[],"yoast_head":"<!-- This site is optimized with the Yoast SEO plugin v20.10 - https:\/\/yoast.com\/wordpress\/plugins\/seo\/ -->\n<title>Tissus non tiss\u00e9s en polypropyl\u00e8ne de type spunbond - Einmed<\/title>\n<meta name=\"robots\" content=\"index, follow, max-snippet:-1, max-image-preview:large, max-video-preview:-1\" \/>\n<link rel=\"canonical\" href=\"http:\/\/einmed.eu\/it\/oferta\/wlokniny-polipropylenowe-typu-spunbond\/\" \/>\n<meta property=\"og:locale\" content=\"it_IT\" \/>\n<meta property=\"og:type\" content=\"article\" \/>\n<meta property=\"og:title\" content=\"Tissus non tiss\u00e9s en polypropyl\u00e8ne de type spunbond - Einmed\" \/>\n<meta property=\"og:url\" content=\"http:\/\/einmed.eu\/it\/oferta\/wlokniny-polipropylenowe-typu-spunbond\/\" \/>\n<meta property=\"og:site_name\" content=\"Einmed\" \/>\n<meta property=\"article:modified_time\" content=\"2023-06-28T15:39:37+00:00\" \/>\n<meta name=\"twitter:card\" content=\"summary_large_image\" \/>\n<script type=\"application\/ld+json\" class=\"yoast-schema-graph\">{\"@context\":\"https:\/\/schema.org\",\"@graph\":[{\"@type\":\"WebPage\",\"@id\":\"http:\/\/einmed.eu\/it\/oferta\/wlokniny-polipropylenowe-typu-spunbond\/\",\"url\":\"http:\/\/einmed.eu\/it\/oferta\/wlokniny-polipropylenowe-typu-spunbond\/\",\"name\":\"Tissus non tiss\u00e9s en polypropyl\u00e8ne de type spunbond - Einmed\",\"isPartOf\":{\"@id\":\"https:\/\/einmed.eu\/it\/#website\"},\"datePublished\":\"2023-03-28T12:20:23+00:00\",\"dateModified\":\"2023-06-28T15:39:37+00:00\",\"breadcrumb\":{\"@id\":\"http:\/\/einmed.eu\/it\/oferta\/wlokniny-polipropylenowe-typu-spunbond\/#breadcrumb\"},\"inLanguage\":\"it-IT\",\"potentialAction\":[{\"@type\":\"ReadAction\",\"target\":[\"http:\/\/einmed.eu\/it\/oferta\/wlokniny-polipropylenowe-typu-spunbond\/\"]}]},{\"@type\":\"BreadcrumbList\",\"@id\":\"http:\/\/einmed.eu\/it\/oferta\/wlokniny-polipropylenowe-typu-spunbond\/#breadcrumb\",\"itemListElement\":[{\"@type\":\"ListItem\",\"position\":1,\"name\":\"Offerta\",\"item\":\"https:\/\/einmed.eu\/it\/oferta\/\"},{\"@type\":\"ListItem\",\"position\":2,\"name\":\"Tissus non tiss\u00e9s en polypropyl\u00e8ne de type spunbond\"}]},{\"@type\":\"WebSite\",\"@id\":\"https:\/\/einmed.eu\/it\/#website\",\"url\":\"https:\/\/einmed.eu\/it\/\",\"name\":\"Einmed\",\"description\":\"Producent w\u0142\u00f3knin oraz pokrowc\u00f3w na materace\",\"potentialAction\":[{\"@type\":\"SearchAction\",\"target\":{\"@type\":\"EntryPoint\",\"urlTemplate\":\"https:\/\/einmed.eu\/it\/?s={search_term_string}\"},\"query-input\":\"required name=search_term_string\"}],\"inLanguage\":\"it-IT\"}]}<\/script>\n<!-- \/ Yoast SEO plugin. -->","yoast_head_json":{"title":"Tissus non tiss\u00e9s en polypropyl\u00e8ne de type spunbond - Einmed","robots":{"index":"index","follow":"follow","max-snippet":"max-snippet:-1","max-image-preview":"max-image-preview:large","max-video-preview":"max-video-preview:-1"},"canonical":"http:\/\/einmed.eu\/it\/oferta\/wlokniny-polipropylenowe-typu-spunbond\/","og_locale":"it_IT","og_type":"article","og_title":"Tissus non tiss\u00e9s en polypropyl\u00e8ne de type spunbond - Einmed","og_url":"http:\/\/einmed.eu\/it\/oferta\/wlokniny-polipropylenowe-typu-spunbond\/","og_site_name":"Einmed","article_modified_time":"2023-06-28T15:39:37+00:00","twitter_card":"summary_large_image","schema":{"@context":"https:\/\/schema.org","@graph":[{"@type":"WebPage","@id":"http:\/\/einmed.eu\/it\/oferta\/wlokniny-polipropylenowe-typu-spunbond\/","url":"http:\/\/einmed.eu\/it\/oferta\/wlokniny-polipropylenowe-typu-spunbond\/","name":"Tissus non tiss\u00e9s en polypropyl\u00e8ne de type spunbond - Einmed","isPartOf":{"@id":"https:\/\/einmed.eu\/it\/#website"},"datePublished":"2023-03-28T12:20:23+00:00","dateModified":"2023-06-28T15:39:37+00:00","breadcrumb":{"@id":"http:\/\/einmed.eu\/it\/oferta\/wlokniny-polipropylenowe-typu-spunbond\/#breadcrumb"},"inLanguage":"it-IT","potentialAction":[{"@type":"ReadAction","target":["http:\/\/einmed.eu\/it\/oferta\/wlokniny-polipropylenowe-typu-spunbond\/"]}]},{"@type":"BreadcrumbList","@id":"http:\/\/einmed.eu\/it\/oferta\/wlokniny-polipropylenowe-typu-spunbond\/#breadcrumb","itemListElement":[{"@type":"ListItem","position":1,"name":"Offerta","item":"https:\/\/einmed.eu\/it\/oferta\/"},{"@type":"ListItem","position":2,"name":"Tissus non tiss\u00e9s en polypropyl\u00e8ne de type spunbond"}]},{"@type":"WebSite","@id":"https:\/\/einmed.eu\/it\/#website","url":"https:\/\/einmed.eu\/it\/","name":"Einmed","description":"Producent w\u0142\u00f3knin oraz pokrowc\u00f3w na materace","potentialAction":[{"@type":"SearchAction","target":{"@type":"EntryPoint","urlTemplate":"https:\/\/einmed.eu\/it\/?s={search_term_string}"},"query-input":"required name=search_term_string"}],"inLanguage":"it-IT"}]}},"_links":{"self":[{"href":"http:\/\/einmed.eu\/it\/wp-json\/wp\/v2\/pages\/692"}],"collection":[{"href":"http:\/\/einmed.eu\/it\/wp-json\/wp\/v2\/pages"}],"about":[{"href":"http:\/\/einmed.eu\/it\/wp-json\/wp\/v2\/types\/page"}],"author":[{"embeddable":true,"href":"http:\/\/einmed.eu\/it\/wp-json\/wp\/v2\/users\/1"}],"replies":[{"embeddable":true,"href":"http:\/\/einmed.eu\/it\/wp-json\/wp\/v2\/comments?post=692"}],"version-history":[{"count":4,"href":"http:\/\/einmed.eu\/it\/wp-json\/wp\/v2\/pages\/692\/revisions"}],"predecessor-version":[{"id":1338,"href":"http:\/\/einmed.eu\/it\/wp-json\/wp\/v2\/pages\/692\/revisions\/1338"}],"up":[{"embeddable":true,"href":"http:\/\/einmed.eu\/it\/wp-json\/wp\/v2\/pages\/660"}],"wp:attachment":[{"href":"http:\/\/einmed.eu\/it\/wp-json\/wp\/v2\/media?parent=692"}],"curies":[{"name":"wp","href":"https:\/\/api.w.org\/{rel}","templated":true}]}}