{"id":668,"date":"2023-03-29T11:50:37","date_gmt":"2023-03-29T09:50:37","guid":{"rendered":"http:\/\/einmed.eu\/oferta\/ciecie-przewijanie-wloknin-formatki\/"},"modified":"2023-06-28T17:39:02","modified_gmt":"2023-06-28T15:39:02","slug":"ciecie-przewijanie-wloknin-formatki","status":"publish","type":"page","link":"http:\/\/einmed.eu\/it\/oferta\/ciecie-przewijanie-wloknin-formatki\/","title":{"rendered":"Taglio e avvolgimento dei tessuti non tessuti. Matrici in tessuto non tessuto"},"content":{"rendered":"<section id=\"\" class=\"product-opener acf-block acf-block-id-block_775a0495677271e8d453397597661509 \">\n\n\t<div class=\"container-fluid\">\n\t\t<div class=\"row\">\n\t\t\t<div class=\"col-12\">\n\t\t\t\t<div class=\"product-opener__box\" style=\"background-image: url('http:\/\/einmed.eu\/app\/uploads\/2023\/03\/ciecie-i-przewijanie-wloknin-1-scaled.jpg')\">\n\t\t\t\t\t<div class=\"col-12 col-lg-4\">\n\t\t\t\t\t\t<div class=\"info-box \">\n\n\t<div class=\"info-box__logo\">\n\t\t<img decoding=\"async\" src=\"http:\/\/einmed.eu\/app\/themes\/einmed\/assets\/images\/svg\/sygnet.svg\" alt=\"sygnet\">\n\t<\/div>\n\t<div class=\"info-box__wrapper\">\n\t\t<h1 class=\"title\">Taglio e avvolgimento dei tessuti non tessuti. Matrici in tessuto non tessuto<\/h1>\n\t\t\t\t\t\t\t<a href=\"#bottom\" class=\"btn\">Scopri di pi\u00f9<\/a>\n\t\t\t<\/div>\n\n<\/div>\n\t\t\t\t\t<\/div>\n\t\t\t\t<\/div>\n\t\t\t<\/div>\n\t\t<\/div>\n\t<\/div>\n\n<\/section>\n\n\n<section id=\"bottom\" class=\"product-content acf-block acf-block-id-block_559aa6cad17bf9e12c2fd5e47e713a7e mobile-no-margin acf-block--desktop-pt-20 acf-block--mobile-pt-20\">\n\n\t<div class=\"container-fluid\">\n\t\t<div class=\"row row-flex\">\n\t\t\t<div class=\"col-12 col-lg-4 col-flex\">\n\t\t\t\t<div class=\"product-content__aside\">\n\t\t\t\t\t<div class=\"info-box wider\">\n\n\t<div class=\"info-box__logo\">\n\t\t<img decoding=\"async\" src=\"http:\/\/einmed.eu\/app\/themes\/einmed\/assets\/images\/svg\/sygnet.svg\" alt=\"sygnet\">\n\t<\/div>\n\t<div class=\"info-box__wrapper\">\n\t\t<h1 class=\"title\">Taglio e avvolgimento dei tessuti non tessuti. Matrici in tessuto non tessuto<\/h1>\n\t\t\t\t\t<\/div>\n\n<\/div>\n\n\t\t\t\t\t\n\t\t\t\t\t\n\t\t\t\t\t<div class=\"product-content__gallery\">\n\t\t\t\t\t\t\t\t\t\t\t\t\t\t\t\t\t<\/div>\n\t\t\t\t\t<div class=\"product-content__gallery product-content__gallery--horizontal\">\n\t\t\t\t\t\t\t\t\t\t\t<\/div>\n\t\t\t\t<\/div>\n\t\t\t<\/div>\n\t\t\t<div class=\"col-12 col-lg-8\">\n\t\t\t\t<div class=\"product-content__main\">\n\t\t\t\t\t<div class=\"txt\"><p>Grazie alle moderne attrezzature, siamo in grado di offrire tessuti non tessuti con larghezze a partire di pochi millimetri. Tagliamo il materiale in modo accurato e preciso alla larghezza desiderata. Offriamo anche rotoli con avvolgimenti molto piccoli. Siamo in grado di tagliare materiali, compresi i tessuti non tessuti, in matrici di varie dimensioni. Eseguiamo questi servizi anche sul materiale che ci viene affidato.<\/p>\n<\/div>\n\n\t\t\t\t\t\t\t\t\t\t\t\t\t\t\t\t\t\t\t<\/div>\n\t\t\t<\/div>\n\t\t<\/div>\n\n\t\t\t\t\t<div class=\"row\">\n\t\t\t\t<div class=\"col-12\">\n\t\t\t\t\t<div class=\"product-content__photos\">\n\t\t\t\t\t\t\t\t\t\t\t\t\t<div class=\"product-content__photo\">\n\t\t\t\t\t\t\t\t<img decoding=\"async\" src=\"http:\/\/einmed.eu\/app\/uploads\/2023\/04\/IMG20230412143121-1.webp\" alt=\"\"\n\t\t\t\t\t\t\t\t\t srcset=\"http:\/\/einmed.eu\/app\/uploads\/2023\/04\/IMG20230412143121-1-444x290-c-default.webp 1x, http:\/\/einmed.eu\/app\/uploads\/2023\/04\/IMG20230412143121-1-888x580-c-default.webp 2x\">\n\t\t\t\t\t\t\t<\/div>\n\t\t\t\t\t\t\t\t\t\t\t\t\t<div class=\"product-content__photo\">\n\t\t\t\t\t\t\t\t<img decoding=\"async\" src=\"http:\/\/einmed.eu\/app\/uploads\/2023\/04\/IMG20230405124400_BURST000_COVER-1-1.webp\" alt=\"\"\n\t\t\t\t\t\t\t\t\t srcset=\"http:\/\/einmed.eu\/app\/uploads\/2023\/04\/IMG20230405124400_BURST000_COVER-1-1-444x290-c-default.webp 1x, http:\/\/einmed.eu\/app\/uploads\/2023\/04\/IMG20230405124400_BURST000_COVER-1-1-888x580-c-default.webp 2x\">\n\t\t\t\t\t\t\t<\/div>\n\t\t\t\t\t\t\t\t\t\t\t\t\t<div class=\"product-content__photo\">\n\t\t\t\t\t\t\t\t<img decoding=\"async\" src=\"http:\/\/einmed.eu\/app\/uploads\/2023\/04\/IMG20230405124655-1-1.webp\" alt=\"\"\n\t\t\t\t\t\t\t\t\t srcset=\"http:\/\/einmed.eu\/app\/uploads\/2023\/04\/IMG20230405124655-1-1-444x290-c-default.webp 1x, http:\/\/einmed.eu\/app\/uploads\/2023\/04\/IMG20230405124655-1-1-888x580-c-default.webp 2x\">\n\t\t\t\t\t\t\t<\/div>\n\t\t\t\t\t\t\t\t\t\t\t<\/div>\n\t\t\t\t<\/div>\n\t\t\t<\/div>\n\t\t\t<\/div>\n\n<\/section>\n","protected":false},"excerpt":{"rendered":"","protected":false},"author":1,"featured_media":0,"parent":660,"menu_order":0,"comment_status":"closed","ping_status":"closed","template":"","meta":[],"acf":[],"yoast_head":"<!-- This site is optimized with the Yoast SEO plugin v20.10 - https:\/\/yoast.com\/wordpress\/plugins\/seo\/ -->\n<title>Taglio e avvolgimento dei tessuti non tessuti. Matrici in tessuto non tessuto - Einmed<\/title>\n<meta name=\"robots\" content=\"index, follow, max-snippet:-1, max-image-preview:large, max-video-preview:-1\" \/>\n<link rel=\"canonical\" href=\"http:\/\/einmed.eu\/it\/oferta\/ciecie-przewijanie-wloknin-formatki\/\" \/>\n<meta property=\"og:locale\" content=\"it_IT\" \/>\n<meta property=\"og:type\" content=\"article\" \/>\n<meta property=\"og:title\" content=\"Taglio e avvolgimento dei tessuti non tessuti. Matrici in tessuto non tessuto - Einmed\" \/>\n<meta property=\"og:url\" content=\"http:\/\/einmed.eu\/it\/oferta\/ciecie-przewijanie-wloknin-formatki\/\" \/>\n<meta property=\"og:site_name\" content=\"Einmed\" \/>\n<meta property=\"article:modified_time\" content=\"2023-06-28T15:39:02+00:00\" \/>\n<meta name=\"twitter:card\" content=\"summary_large_image\" \/>\n<script type=\"application\/ld+json\" class=\"yoast-schema-graph\">{\"@context\":\"https:\/\/schema.org\",\"@graph\":[{\"@type\":\"WebPage\",\"@id\":\"http:\/\/einmed.eu\/it\/oferta\/ciecie-przewijanie-wloknin-formatki\/\",\"url\":\"http:\/\/einmed.eu\/it\/oferta\/ciecie-przewijanie-wloknin-formatki\/\",\"name\":\"Taglio e avvolgimento dei tessuti non tessuti. Matrici in tessuto non tessuto - Einmed\",\"isPartOf\":{\"@id\":\"https:\/\/einmed.eu\/it\/#website\"},\"datePublished\":\"2023-03-29T09:50:37+00:00\",\"dateModified\":\"2023-06-28T15:39:02+00:00\",\"breadcrumb\":{\"@id\":\"http:\/\/einmed.eu\/it\/oferta\/ciecie-przewijanie-wloknin-formatki\/#breadcrumb\"},\"inLanguage\":\"it-IT\",\"potentialAction\":[{\"@type\":\"ReadAction\",\"target\":[\"http:\/\/einmed.eu\/it\/oferta\/ciecie-przewijanie-wloknin-formatki\/\"]}]},{\"@type\":\"BreadcrumbList\",\"@id\":\"http:\/\/einmed.eu\/it\/oferta\/ciecie-przewijanie-wloknin-formatki\/#breadcrumb\",\"itemListElement\":[{\"@type\":\"ListItem\",\"position\":1,\"name\":\"Offerta\",\"item\":\"https:\/\/einmed.eu\/it\/oferta\/\"},{\"@type\":\"ListItem\",\"position\":2,\"name\":\"Taglio e avvolgimento dei tessuti non tessuti. Matrici in tessuto non tessuto\"}]},{\"@type\":\"WebSite\",\"@id\":\"https:\/\/einmed.eu\/it\/#website\",\"url\":\"https:\/\/einmed.eu\/it\/\",\"name\":\"Einmed\",\"description\":\"Producent w\u0142\u00f3knin oraz pokrowc\u00f3w na materace\",\"potentialAction\":[{\"@type\":\"SearchAction\",\"target\":{\"@type\":\"EntryPoint\",\"urlTemplate\":\"https:\/\/einmed.eu\/it\/?s={search_term_string}\"},\"query-input\":\"required name=search_term_string\"}],\"inLanguage\":\"it-IT\"}]}<\/script>\n<!-- \/ Yoast SEO plugin. -->","yoast_head_json":{"title":"Taglio e avvolgimento dei tessuti non tessuti. Matrici in tessuto non tessuto - Einmed","robots":{"index":"index","follow":"follow","max-snippet":"max-snippet:-1","max-image-preview":"max-image-preview:large","max-video-preview":"max-video-preview:-1"},"canonical":"http:\/\/einmed.eu\/it\/oferta\/ciecie-przewijanie-wloknin-formatki\/","og_locale":"it_IT","og_type":"article","og_title":"Taglio e avvolgimento dei tessuti non tessuti. Matrici in tessuto non tessuto - Einmed","og_url":"http:\/\/einmed.eu\/it\/oferta\/ciecie-przewijanie-wloknin-formatki\/","og_site_name":"Einmed","article_modified_time":"2023-06-28T15:39:02+00:00","twitter_card":"summary_large_image","schema":{"@context":"https:\/\/schema.org","@graph":[{"@type":"WebPage","@id":"http:\/\/einmed.eu\/it\/oferta\/ciecie-przewijanie-wloknin-formatki\/","url":"http:\/\/einmed.eu\/it\/oferta\/ciecie-przewijanie-wloknin-formatki\/","name":"Taglio e avvolgimento dei tessuti non tessuti. Matrici in tessuto non tessuto - Einmed","isPartOf":{"@id":"https:\/\/einmed.eu\/it\/#website"},"datePublished":"2023-03-29T09:50:37+00:00","dateModified":"2023-06-28T15:39:02+00:00","breadcrumb":{"@id":"http:\/\/einmed.eu\/it\/oferta\/ciecie-przewijanie-wloknin-formatki\/#breadcrumb"},"inLanguage":"it-IT","potentialAction":[{"@type":"ReadAction","target":["http:\/\/einmed.eu\/it\/oferta\/ciecie-przewijanie-wloknin-formatki\/"]}]},{"@type":"BreadcrumbList","@id":"http:\/\/einmed.eu\/it\/oferta\/ciecie-przewijanie-wloknin-formatki\/#breadcrumb","itemListElement":[{"@type":"ListItem","position":1,"name":"Offerta","item":"https:\/\/einmed.eu\/it\/oferta\/"},{"@type":"ListItem","position":2,"name":"Taglio e avvolgimento dei tessuti non tessuti. Matrici in tessuto non tessuto"}]},{"@type":"WebSite","@id":"https:\/\/einmed.eu\/it\/#website","url":"https:\/\/einmed.eu\/it\/","name":"Einmed","description":"Producent w\u0142\u00f3knin oraz pokrowc\u00f3w na materace","potentialAction":[{"@type":"SearchAction","target":{"@type":"EntryPoint","urlTemplate":"https:\/\/einmed.eu\/it\/?s={search_term_string}"},"query-input":"required name=search_term_string"}],"inLanguage":"it-IT"}]}},"_links":{"self":[{"href":"http:\/\/einmed.eu\/it\/wp-json\/wp\/v2\/pages\/668"}],"collection":[{"href":"http:\/\/einmed.eu\/it\/wp-json\/wp\/v2\/pages"}],"about":[{"href":"http:\/\/einmed.eu\/it\/wp-json\/wp\/v2\/types\/page"}],"author":[{"embeddable":true,"href":"http:\/\/einmed.eu\/it\/wp-json\/wp\/v2\/users\/1"}],"replies":[{"embeddable":true,"href":"http:\/\/einmed.eu\/it\/wp-json\/wp\/v2\/comments?post=668"}],"version-history":[{"count":4,"href":"http:\/\/einmed.eu\/it\/wp-json\/wp\/v2\/pages\/668\/revisions"}],"predecessor-version":[{"id":1336,"href":"http:\/\/einmed.eu\/it\/wp-json\/wp\/v2\/pages\/668\/revisions\/1336"}],"up":[{"embeddable":true,"href":"http:\/\/einmed.eu\/it\/wp-json\/wp\/v2\/pages\/660"}],"wp:attachment":[{"href":"http:\/\/einmed.eu\/it\/wp-json\/wp\/v2\/media?parent=668"}],"curies":[{"name":"wp","href":"https:\/\/api.w.org\/{rel}","templated":true}]}}