{"id":652,"date":"2023-03-24T10:58:39","date_gmt":"2023-03-24T09:58:39","guid":{"rendered":"http:\/\/einmed.eu\/kontakt\/"},"modified":"2023-06-28T10:58:34","modified_gmt":"2023-06-28T08:58:34","slug":"contatto","status":"publish","type":"page","link":"http:\/\/einmed.eu\/it\/contatto\/","title":{"rendered":"Contatto"},"content":{"rendered":"","protected":false},"excerpt":{"rendered":"","protected":false},"author":1,"featured_media":0,"parent":0,"menu_order":0,"comment_status":"closed","ping_status":"closed","template":"pages\/contact.php","meta":[],"acf":[],"yoast_head":"<!-- This site is optimized with the Yoast SEO plugin v20.10 - https:\/\/yoast.com\/wordpress\/plugins\/seo\/ -->\n<title>Contatto - Einmed<\/title>\n<meta name=\"robots\" content=\"index, follow, max-snippet:-1, max-image-preview:large, max-video-preview:-1\" \/>\n<link rel=\"canonical\" href=\"http:\/\/einmed.eu\/it\/contatto\/\" \/>\n<meta property=\"og:locale\" content=\"it_IT\" \/>\n<meta property=\"og:type\" content=\"article\" \/>\n<meta property=\"og:title\" content=\"Contatto - Einmed\" \/>\n<meta property=\"og:url\" content=\"http:\/\/einmed.eu\/it\/contatto\/\" \/>\n<meta property=\"og:site_name\" content=\"Einmed\" \/>\n<meta property=\"article:modified_time\" content=\"2023-06-28T08:58:34+00:00\" \/>\n<meta name=\"twitter:card\" content=\"summary_large_image\" \/>\n<script type=\"application\/ld+json\" class=\"yoast-schema-graph\">{\"@context\":\"https:\/\/schema.org\",\"@graph\":[{\"@type\":\"WebPage\",\"@id\":\"http:\/\/einmed.eu\/it\/contatto\/\",\"url\":\"http:\/\/einmed.eu\/it\/contatto\/\",\"name\":\"Contatto - Einmed\",\"isPartOf\":{\"@id\":\"https:\/\/einmed.eu\/it\/#website\"},\"datePublished\":\"2023-03-24T09:58:39+00:00\",\"dateModified\":\"2023-06-28T08:58:34+00:00\",\"inLanguage\":\"it-IT\",\"potentialAction\":[{\"@type\":\"ReadAction\",\"target\":[\"http:\/\/einmed.eu\/it\/contatto\/\"]}]},{\"@type\":\"WebSite\",\"@id\":\"https:\/\/einmed.eu\/it\/#website\",\"url\":\"https:\/\/einmed.eu\/it\/\",\"name\":\"Einmed\",\"description\":\"Producent w\u0142\u00f3knin oraz pokrowc\u00f3w na materace\",\"potentialAction\":[{\"@type\":\"SearchAction\",\"target\":{\"@type\":\"EntryPoint\",\"urlTemplate\":\"https:\/\/einmed.eu\/it\/?s={search_term_string}\"},\"query-input\":\"required name=search_term_string\"}],\"inLanguage\":\"it-IT\"}]}<\/script>\n<!-- \/ Yoast SEO plugin. -->","yoast_head_json":{"title":"Contatto - Einmed","robots":{"index":"index","follow":"follow","max-snippet":"max-snippet:-1","max-image-preview":"max-image-preview:large","max-video-preview":"max-video-preview:-1"},"canonical":"http:\/\/einmed.eu\/it\/contatto\/","og_locale":"it_IT","og_type":"article","og_title":"Contatto - Einmed","og_url":"http:\/\/einmed.eu\/it\/contatto\/","og_site_name":"Einmed","article_modified_time":"2023-06-28T08:58:34+00:00","twitter_card":"summary_large_image","schema":{"@context":"https:\/\/schema.org","@graph":[{"@type":"WebPage","@id":"http:\/\/einmed.eu\/it\/contatto\/","url":"http:\/\/einmed.eu\/it\/contatto\/","name":"Contatto - Einmed","isPartOf":{"@id":"https:\/\/einmed.eu\/it\/#website"},"datePublished":"2023-03-24T09:58:39+00:00","dateModified":"2023-06-28T08:58:34+00:00","inLanguage":"it-IT","potentialAction":[{"@type":"ReadAction","target":["http:\/\/einmed.eu\/it\/contatto\/"]}]},{"@type":"WebSite","@id":"https:\/\/einmed.eu\/it\/#website","url":"https:\/\/einmed.eu\/it\/","name":"Einmed","description":"Producent w\u0142\u00f3knin oraz pokrowc\u00f3w na materace","potentialAction":[{"@type":"SearchAction","target":{"@type":"EntryPoint","urlTemplate":"https:\/\/einmed.eu\/it\/?s={search_term_string}"},"query-input":"required name=search_term_string"}],"inLanguage":"it-IT"}]}},"_links":{"self":[{"href":"http:\/\/einmed.eu\/it\/wp-json\/wp\/v2\/pages\/652"}],"collection":[{"href":"http:\/\/einmed.eu\/it\/wp-json\/wp\/v2\/pages"}],"about":[{"href":"http:\/\/einmed.eu\/it\/wp-json\/wp\/v2\/types\/page"}],"author":[{"embeddable":true,"href":"http:\/\/einmed.eu\/it\/wp-json\/wp\/v2\/users\/1"}],"replies":[{"embeddable":true,"href":"http:\/\/einmed.eu\/it\/wp-json\/wp\/v2\/comments?post=652"}],"version-history":[{"count":6,"href":"http:\/\/einmed.eu\/it\/wp-json\/wp\/v2\/pages\/652\/revisions"}],"predecessor-version":[{"id":1290,"href":"http:\/\/einmed.eu\/it\/wp-json\/wp\/v2\/pages\/652\/revisions\/1290"}],"wp:attachment":[{"href":"http:\/\/einmed.eu\/it\/wp-json\/wp\/v2\/media?parent=652"}],"curies":[{"name":"wp","href":"https:\/\/api.w.org\/{rel}","templated":true}]}}