{"id":644,"date":"2023-03-24T10:58:30","date_gmt":"2023-03-24T09:58:30","guid":{"rendered":"http:\/\/einmed.eu\/firma\/"},"modified":"2023-06-29T17:40:00","modified_gmt":"2023-06-29T15:40:00","slug":"firma","status":"publish","type":"page","link":"http:\/\/einmed.eu\/it\/firma\/","title":{"rendered":"Societ\u00e0"},"content":{"rendered":"<section id=\"\" class=\"product-opener acf-block acf-block-id-block_5c8973f92bfa8522ae4ac6a2f30a2bdf non-breadcrumb\">\n\n\t<div class=\"container-fluid\">\n\t\t<div class=\"row\">\n\t\t\t<div class=\"col-12\">\n\t\t\t\t<div class=\"product-opener__box\" style=\"background-image: url('http:\/\/einmed.eu\/app\/uploads\/2023\/06\/ZDJECIE.png')\">\n\t\t\t\t\t<div class=\"col-12 col-lg-4\">\n\t\t\t\t\t\t<div class=\"info-box \">\n\n\t<div class=\"info-box__logo\">\n\t\t<img decoding=\"async\" src=\"http:\/\/einmed.eu\/app\/themes\/einmed\/assets\/images\/svg\/sygnet.svg\" alt=\"sygnet\">\n\t<\/div>\n\t<div class=\"info-box__wrapper\">\n\t\t<h1 class=\"title\">Vostro esperto in nonwovens<\/h1>\n\t\t\t\t\t<p class=\"txt\">Innovazione, esperienza, creativit\u00e0, affidabilit\u00e0<\/p>\n\t\t\t\t\t\t\t<a href=\"#bottom\" class=\"btn\">Per saperne di pi\u00f9<\/a>\n\t\t\t<\/div>\n\n<\/div>\n\t\t\t\t\t<\/div>\n\t\t\t\t<\/div>\n\t\t\t<\/div>\n\t\t<\/div>\n\t<\/div>\n\n<\/section>\n\n\n<section id=\"bottom\" class=\"about-main acf-block acf-block-id-block_c5ed2d1609e4d605f5495c0dd10afec6  acf-block--desktop-pt-20 acf-block--mobile-pt-20\">\n\n\t<div class=\"container-fluid\">\n\t\t<div class=\"row\">\n\t\t\t<div class=\"col-12 col-lg-4\">\n\t\t\t\t<div class=\"about-main__aside\">\n\t\t\t\t\t<div class=\"info-box \">\n\n\t<div class=\"info-box__logo\">\n\t\t<img decoding=\"async\" src=\"http:\/\/einmed.eu\/app\/themes\/einmed\/assets\/images\/svg\/sygnet.svg\" alt=\"sygnet\">\n\t<\/div>\n\t<div class=\"info-box__wrapper\">\n\t\t<h1 class=\"title\">Vostro esperto in nonwovens<\/h1>\n\t\t\t\t\t<p class=\"txt\">Innovazione, esperienza, creativit\u00e0, affidabilit\u00e0<\/p>\n\t\t\t\t\t<\/div>\n\n<\/div>\n\n\t\t\t\t\t<div class=\"about-main__gallery\">\n\t\t\t\t\t\t<div class=\"about-main__img\">\n\t\t\t\t\t\t\t<img decoding=\"async\" src=\"http:\/\/einmed.eu\/app\/uploads\/2023\/06\/ZDJECIE1.webp\" alt=\"\"\n\t\t\t\t\t\t\t\t srcset=\"http:\/\/einmed.eu\/app\/uploads\/2023\/06\/ZDJECIE1-466x373-c-default.webp 1x, http:\/\/einmed.eu\/app\/uploads\/2023\/06\/ZDJECIE1-932x746-c-default.webp 2x\">\n\t\t\t\t\t\t<\/div>\n\n\t\t\t\t\t\t<div class=\"about-main__img\">\n\t\t\t\t\t\t\t<img decoding=\"async\" src=\"http:\/\/einmed.eu\/app\/uploads\/2023\/06\/ZDJECIE2-9.webp\" alt=\"\"\n\t\t\t\t\t\t\t\t srcset=\"http:\/\/einmed.eu\/app\/uploads\/2023\/06\/ZDJECIE2-9-466x373-c-default.webp 1x, http:\/\/einmed.eu\/app\/uploads\/2023\/06\/ZDJECIE2-9-932x746-c-default.webp 2x\">\n\t\t\t\t\t\t<\/div>\n\t\t\t\t\t<\/div>\n\t\t\t\t<\/div>\n\t\t\t<\/div>\n\t\t\t<div class=\"col-12 col-lg-8\">\n\t\t\t\t<div class=\"about-main__main\">\n\t\t\t\t\t<div class=\"txt\"><p>Einmed \u00e8 stata fondata nel 2008. Inizialmente, l\u2019azienda ha concentrato le proprie attivit\u00e0 sulla distribuzione di tessuti non tessuti medicali monouso per clienti all\u2019ingrosso e al dettaglio, ospedali, strutture mediche e istituzioni statali. La rete di vendita estera e nazionale, la domanda di mercato e le relazioni positive con i clienti hanno portato allo sviluppo dell\u2019azienda e all\u2019espansione dell\u2019assortimento offerto, che comprende tessuti non tessuti di polipropilene di tipo spunbond, meltblown e SMS.<\/p>\n<\/div>\n\n\t\t\t\t\t<div class=\"info-block-white\">\n\t\t\t\t\t\t<h3 class=\"title\">Ogni mese, Einmed consegna pi\u00f9 di 2000 tonnellate di tessuti non tessuti.<\/h3>\n\t\t\t\t\t<\/div>\n\n\t\t\t\t\t<div class=\"txt\"><p><strong>Ogni mese, Einmed consegna pi\u00f9 di 2000 tonnellate di tessuti non tessuti ai suoi clienti nazionali e internazionali.<\/strong><br \/>\nI nostri dipendenti prestano particolare attenzione a un servizio professionale ai clienti e a garantire l\u2019alta qualit\u00e0 dei materiali prodotti. Forniamo ai nostri clienti un\u2019elaborazione rapida e efficiente degli ordini, un\u2019organizzazione delle consegne e un supporto tecnico e sostanziale nello sviluppo di nuovi progetti. Vi invitiamo di collaborare con noi!<\/p>\n<\/div>\n\n\t\t\t\t\t<div class=\"info-block-dark\">\n\t\t\t\t\t\t<div class=\"info-block-dark__wrapper\">\n\t\t\t\t\t\t\t<h3 class=\"title\">Non esitate a contattarci per ulteriori informazioni<\/h3>\n\t\t\t\t\t\t\t<p class=\"txt\">Certificati, foto, offerte<\/p>\n\t\t\t\t\t\t\t<div class=\"info-block-dark__buttons\">\n\t\t\t\t\t\t\t\t<a href=\"mailto:emilia.szkudlarek@einmed.eu\" class=\"info-block-dark__link\"><img decoding=\"async\" src=\"http:\/\/einmed.eu\/app\/themes\/einmed\/assets\/images\/svg\/envelopes-white.svg\" alt=\"ikona kopert\">emilia.szkudlarek@einmed.eu\n\t\t\t\t\t\t\t\t<\/a>\n\t\t\t\t\t\t\t\t<a href=\"tel:+48533868728\" class=\"info-block-dark__link\"><img decoding=\"async\" src=\"http:\/\/einmed.eu\/app\/themes\/einmed\/assets\/images\/svg\/phone-white.svg\" alt=\"ikona telefonu\">+48 533 868 728\n\t\t\t\t\t\t\t\t<\/a>\n\t\t\t\t\t\t\t<\/div>\n\t\t\t\t\t\t<\/div>\n\t\t\t\t\t<\/div>\n\t\t\t\t<\/div>\n\t\t\t<\/div>\n\t\t<\/div>\n\t<\/div>\n\n<\/section>\n\n\n<section id=\"\" class=\"gallery acf-block acf-block-id-block_5a43f9b9fbb9636b3f0833072c53fd9e  acf-block--desktop-pt-50 acf-block--desktop-pb-50 acf-block--mobile-pt-25 acf-block--mobile-pb-25\">\n\n\t<div class=\"container-fluid\">\n\t\t<div class=\"row\">\n\n\t\t\t\n\t\t\t\t\t\t\t<div class=\"col-12 col-sm-4\">\n\t\t\t\t\t<a href=\"http:\/\/einmed.eu\/app\/uploads\/2023\/06\/1.png\" data-fancybox=\"gallery\">\n\t\t\t\t\t\t<img decoding=\"async\" src=\"http:\/\/einmed.eu\/app\/uploads\/2023\/06\/1.webp\"\n\t\t\t\t\t\t\t srcset=\"http:\/\/einmed.eu\/app\/uploads\/2023\/06\/1-455x373-c-default.webp 1x, http:\/\/einmed.eu\/app\/uploads\/2023\/06\/1-910x746-c-default.webp 2x\">\n\t\t\t\t\t<\/a>\n\t\t\t\t<\/div>\n\t\t\t\n\t\t\t\t\t\t\t<div class=\"col-12 col-sm-4\">\n\t\t\t\t\t<a href=\"http:\/\/einmed.eu\/app\/uploads\/2023\/06\/9.png\" data-fancybox=\"gallery\">\n\t\t\t\t\t\t<img decoding=\"async\" src=\"http:\/\/einmed.eu\/app\/uploads\/2023\/06\/9.webp\"\n\t\t\t\t\t\t\t srcset=\"http:\/\/einmed.eu\/app\/uploads\/2023\/06\/9-455x373-c-default.webp 1x, http:\/\/einmed.eu\/app\/uploads\/2023\/06\/9-910x746-c-default.webp 2x\">\n\t\t\t\t\t<\/a>\n\t\t\t\t<\/div>\n\n\t\t\t\n\t\t\t\t\t\t\t<div class=\"col-12 col-sm-4\">\n\t\t\t\t\t<a href=\"http:\/\/einmed.eu\/app\/uploads\/2023\/06\/8.png\" data-fancybox=\"gallery\">\n\t\t\t\t\t\t<img decoding=\"async\" src=\"http:\/\/einmed.eu\/app\/uploads\/2023\/06\/8.webp\"\n\t\t\t\t\t\t\t srcset=\"http:\/\/einmed.eu\/app\/uploads\/2023\/06\/8-455x373-c-default.webp 1x, http:\/\/einmed.eu\/app\/uploads\/2023\/06\/8-910x746-c-default.webp 2x\">\n\t\t\t\t\t<\/a>\n\t\t\t\t<\/div>\n\n\t\t\t\n\t\t\t\t\t\t\t<div class=\"col-12\">\n\t\t\t\t\t<a href=\"http:\/\/einmed.eu\/app\/uploads\/2023\/06\/7.png\" data-fancybox=\"gallery\">\n\t\t\t\t\t\t<img decoding=\"async\" src=\"http:\/\/einmed.eu\/app\/uploads\/2023\/06\/7.webp\"\n\t\t\t\t\t\t\t srcset=\"http:\/\/einmed.eu\/app\/uploads\/2023\/06\/7-1400x373-c-default.webp 1x, http:\/\/einmed.eu\/app\/uploads\/2023\/06\/7-2800x746-c-default.webp 2x\">\n\t\t\t\t\t<\/a>\n\t\t\t\t<\/div>\n\n\t\t\t\n\t\t\t\t\t\t\t<div class=\"col-12 col-sm-6\">\n\t\t\t\t\t<a href=\"http:\/\/einmed.eu\/app\/uploads\/2023\/06\/6.png\" data-fancybox=\"galler\">\n\t\t\t\t\t\t<img decoding=\"async\" src=\"http:\/\/einmed.eu\/app\/uploads\/2023\/06\/6.webp\"\n\t\t\t\t\t\t\t srcset=\"http:\/\/einmed.eu\/app\/uploads\/2023\/06\/6-687x373-c-default.webp 1x, http:\/\/einmed.eu\/app\/uploads\/2023\/06\/6-1374x746-c-default.webp 2x\">\n\t\t\t\t\t<\/a>\n\t\t\t\t<\/div>\n\t\t\t\n\t\t\t\t\t\t\t<div class=\"col-12 col-sm-6\">\n\t\t\t\t\t<a href=\"http:\/\/einmed.eu\/app\/uploads\/2023\/06\/5.png\" data-fancybox=\"gallery\">\n\t\t\t\t\t\t<img decoding=\"async\" src=\"http:\/\/einmed.eu\/app\/uploads\/2023\/06\/5.webp\"\n\t\t\t\t\t\t\t srcset=\"http:\/\/einmed.eu\/app\/uploads\/2023\/06\/5-687x373-c-default.webp 1x, http:\/\/einmed.eu\/app\/uploads\/2023\/06\/5-1374x746-c-default.webp 2x\">\n\t\t\t\t\t<\/a>\n\t\t\t\t<\/div>\n\t\t\t\n\t\t\t\t\t\t\t<div class=\"col-12 col-sm-4\">\n\t\t\t\t\t<a href=\"http:\/\/einmed.eu\/app\/uploads\/2023\/06\/4.png\" data-fancybox=\"gallery\">\n\t\t\t\t\t\t<img decoding=\"async\" src=\"http:\/\/einmed.eu\/app\/uploads\/2023\/06\/4.webp\"\n\t\t\t\t\t\t\t srcset=\"http:\/\/einmed.eu\/app\/uploads\/2023\/06\/4-455x373-c-default.webp 1x, http:\/\/einmed.eu\/app\/uploads\/2023\/06\/4-910x746-c-default.webp 2x\">\n\t\t\t\t\t<\/a>\n\t\t\t\t<\/div>\n\t\t\t\n\t\t\t\t\t\t\t<div class=\"col-12 col-sm-4\">\n\t\t\t\t\t<a href=\"http:\/\/einmed.eu\/app\/uploads\/2023\/06\/3.png\" data-fancybox=\"gallery\">\n\t\t\t\t\t\t<img decoding=\"async\" src=\"http:\/\/einmed.eu\/app\/uploads\/2023\/06\/3.webp\"\n\t\t\t\t\t\t\t srcset=\"http:\/\/einmed.eu\/app\/uploads\/2023\/06\/3-455x373-c-default.webp\n\t\t\t\t\t\t\t1x, http:\/\/einmed.eu\/app\/uploads\/2023\/06\/3-910x746-c-default.webp 2x\">\n\t\t\t\t\t<\/a>\n\t\t\t\t<\/div>\n\t\t\t\n\t\t\t\t\t\t\t<div class=\"col-12 col-sm-4\">\n\t\t\t\t\t<a href=\"http:\/\/einmed.eu\/app\/uploads\/2023\/06\/2.png\" data-fancybox=\"gallery\">\n\t\t\t\t\t\t<img decoding=\"async\" src=\"http:\/\/einmed.eu\/app\/uploads\/2023\/06\/2.webp\"\n\t\t\t\t\t\t\t srcset=\"http:\/\/einmed.eu\/app\/uploads\/2023\/06\/2-455x373-c-default.webp 1x, http:\/\/einmed.eu\/app\/uploads\/2023\/06\/2-910x746-c-default.webp 2x\">\n\t\t\t\t\t<\/a>\n\t\t\t\t<\/div>\n\t\t\t\n\t\t<\/div>\n\t<\/div>\n\n<\/section>\n","protected":false},"excerpt":{"rendered":"","protected":false},"author":1,"featured_media":0,"parent":0,"menu_order":0,"comment_status":"closed","ping_status":"closed","template":"","meta":[],"acf":[],"yoast_head":"<!-- This site is optimized with the Yoast SEO plugin v20.10 - https:\/\/yoast.com\/wordpress\/plugins\/seo\/ -->\n<title>Societ\u00e0 - Einmed<\/title>\n<meta name=\"robots\" content=\"index, follow, max-snippet:-1, max-image-preview:large, max-video-preview:-1\" \/>\n<link rel=\"canonical\" href=\"http:\/\/einmed.eu\/it\/firma\/\" \/>\n<meta property=\"og:locale\" content=\"it_IT\" \/>\n<meta property=\"og:type\" content=\"article\" \/>\n<meta property=\"og:title\" content=\"Societ\u00e0 - Einmed\" \/>\n<meta property=\"og:url\" content=\"http:\/\/einmed.eu\/it\/firma\/\" \/>\n<meta property=\"og:site_name\" content=\"Einmed\" \/>\n<meta property=\"article:modified_time\" content=\"2023-06-29T15:40:00+00:00\" \/>\n<meta name=\"twitter:card\" content=\"summary_large_image\" \/>\n<script type=\"application\/ld+json\" class=\"yoast-schema-graph\">{\"@context\":\"https:\/\/schema.org\",\"@graph\":[{\"@type\":\"WebPage\",\"@id\":\"http:\/\/einmed.eu\/it\/firma\/\",\"url\":\"http:\/\/einmed.eu\/it\/firma\/\",\"name\":\"Societ\u00e0 - Einmed\",\"isPartOf\":{\"@id\":\"https:\/\/einmed.eu\/it\/#website\"},\"datePublished\":\"2023-03-24T09:58:30+00:00\",\"dateModified\":\"2023-06-29T15:40:00+00:00\",\"inLanguage\":\"it-IT\",\"potentialAction\":[{\"@type\":\"ReadAction\",\"target\":[\"http:\/\/einmed.eu\/it\/firma\/\"]}]},{\"@type\":\"WebSite\",\"@id\":\"https:\/\/einmed.eu\/it\/#website\",\"url\":\"https:\/\/einmed.eu\/it\/\",\"name\":\"Einmed\",\"description\":\"Producent w\u0142\u00f3knin oraz pokrowc\u00f3w na materace\",\"potentialAction\":[{\"@type\":\"SearchAction\",\"target\":{\"@type\":\"EntryPoint\",\"urlTemplate\":\"https:\/\/einmed.eu\/it\/?s={search_term_string}\"},\"query-input\":\"required name=search_term_string\"}],\"inLanguage\":\"it-IT\"}]}<\/script>\n<!-- \/ Yoast SEO plugin. -->","yoast_head_json":{"title":"Societ\u00e0 - Einmed","robots":{"index":"index","follow":"follow","max-snippet":"max-snippet:-1","max-image-preview":"max-image-preview:large","max-video-preview":"max-video-preview:-1"},"canonical":"http:\/\/einmed.eu\/it\/firma\/","og_locale":"it_IT","og_type":"article","og_title":"Societ\u00e0 - Einmed","og_url":"http:\/\/einmed.eu\/it\/firma\/","og_site_name":"Einmed","article_modified_time":"2023-06-29T15:40:00+00:00","twitter_card":"summary_large_image","schema":{"@context":"https:\/\/schema.org","@graph":[{"@type":"WebPage","@id":"http:\/\/einmed.eu\/it\/firma\/","url":"http:\/\/einmed.eu\/it\/firma\/","name":"Societ\u00e0 - Einmed","isPartOf":{"@id":"https:\/\/einmed.eu\/it\/#website"},"datePublished":"2023-03-24T09:58:30+00:00","dateModified":"2023-06-29T15:40:00+00:00","inLanguage":"it-IT","potentialAction":[{"@type":"ReadAction","target":["http:\/\/einmed.eu\/it\/firma\/"]}]},{"@type":"WebSite","@id":"https:\/\/einmed.eu\/it\/#website","url":"https:\/\/einmed.eu\/it\/","name":"Einmed","description":"Producent w\u0142\u00f3knin oraz pokrowc\u00f3w na materace","potentialAction":[{"@type":"SearchAction","target":{"@type":"EntryPoint","urlTemplate":"https:\/\/einmed.eu\/it\/?s={search_term_string}"},"query-input":"required name=search_term_string"}],"inLanguage":"it-IT"}]}},"_links":{"self":[{"href":"http:\/\/einmed.eu\/it\/wp-json\/wp\/v2\/pages\/644"}],"collection":[{"href":"http:\/\/einmed.eu\/it\/wp-json\/wp\/v2\/pages"}],"about":[{"href":"http:\/\/einmed.eu\/it\/wp-json\/wp\/v2\/types\/page"}],"author":[{"embeddable":true,"href":"http:\/\/einmed.eu\/it\/wp-json\/wp\/v2\/users\/1"}],"replies":[{"embeddable":true,"href":"http:\/\/einmed.eu\/it\/wp-json\/wp\/v2\/comments?post=644"}],"version-history":[{"count":13,"href":"http:\/\/einmed.eu\/it\/wp-json\/wp\/v2\/pages\/644\/revisions"}],"predecessor-version":[{"id":1385,"href":"http:\/\/einmed.eu\/it\/wp-json\/wp\/v2\/pages\/644\/revisions\/1385"}],"wp:attachment":[{"href":"http:\/\/einmed.eu\/it\/wp-json\/wp\/v2\/media?parent=644"}],"curies":[{"name":"wp","href":"https:\/\/api.w.org\/{rel}","templated":true}]}}