{"id":635,"date":"2023-03-24T10:14:16","date_gmt":"2023-03-24T09:14:16","guid":{"rendered":"http:\/\/einmed.eu\/strona-glowna\/"},"modified":"2023-06-28T18:18:05","modified_gmt":"2023-06-28T16:18:05","slug":"strona-glowna","status":"publish","type":"page","link":"http:\/\/einmed.eu\/it\/","title":{"rendered":"Pagina iniziale"},"content":{"rendered":"\n<section id=\"\" class=\"hero acf-block acf-block-id-block_3e0b97cf20f149cb2e40bbc52dbb23ec \">\n\n\t<div class=\"container-fluid\">\n\t\t<div class=\"row\">\n\t\t\t<div class=\"col-12\">\n\t\t\t\t<div class=\"hero__slider swiper\">\n\t\t\t\t\t<div class=\"info-box \">\n\n\t<div class=\"info-box__logo\">\n\t\t<img decoding=\"async\" src=\"http:\/\/einmed.eu\/app\/themes\/einmed\/assets\/images\/svg\/sygnet.svg\" alt=\"sygnet\">\n\t<\/div>\n\t<div class=\"info-box__wrapper\">\n\t\t<h1 class=\"title\">Ogni mese consegniamo 2000 tonnellate di non tessuto.<\/h1>\n\t\t\t\t\t\t\t<a href=\"http:\/\/einmed.eu\/it\/oferta\/\" class=\"btn\">Scopri di pi\u00f9<\/a>\n\t\t\t<\/div>\n\n<\/div>\n\t\t\t\t\t<div class=\"swiper-wrapper\">\n\t\t\t\t\t\t\t\t\t\t\t\t\t<div class=\"swiper-slide\">\n\t\t\t\t\t\t\t\t<div>\n\t\t\t\t\t\t\t\t\t<img decoding=\"async\" src=\"http:\/\/einmed.eu\/app\/uploads\/2023\/03\/hero-scaled.webp\" alt=\"\"\n\t\t\t\t\t\t\t\t\tsrcset=\"http:\/\/einmed.eu\/app\/uploads\/2023\/03\/hero-scaled.webp 1x, http:\/\/einmed.eu\/app\/uploads\/2023\/03\/hero-scaled.webp 2x\">\n\t\t\t\t\t\t\t\t<\/div>\n\t\t\t\t\t\t\t<\/div>\n\t\t\t\t\t\t\t\t\t\t\t\t\t<div class=\"swiper-slide\">\n\t\t\t\t\t\t\t\t<div>\n\t\t\t\t\t\t\t\t\t<img decoding=\"async\" src=\"http:\/\/einmed.eu\/app\/uploads\/2023\/03\/slider2-scaled.webp\" alt=\"\"\n\t\t\t\t\t\t\t\t\tsrcset=\"http:\/\/einmed.eu\/app\/uploads\/2023\/03\/slider2-scaled.webp 1x, http:\/\/einmed.eu\/app\/uploads\/2023\/03\/slider2-scaled.webp 2x\">\n\t\t\t\t\t\t\t\t<\/div>\n\t\t\t\t\t\t\t<\/div>\n\t\t\t\t\t\t\t\t\t\t\t\t\t<div class=\"swiper-slide\">\n\t\t\t\t\t\t\t\t<div>\n\t\t\t\t\t\t\t\t\t<img decoding=\"async\" src=\"http:\/\/einmed.eu\/app\/uploads\/2023\/03\/hero3-scaled.webp\" alt=\"\"\n\t\t\t\t\t\t\t\t\tsrcset=\"http:\/\/einmed.eu\/app\/uploads\/2023\/03\/hero3-scaled.webp 1x, http:\/\/einmed.eu\/app\/uploads\/2023\/03\/hero3-scaled.webp 2x\">\n\t\t\t\t\t\t\t\t<\/div>\n\t\t\t\t\t\t\t<\/div>\n\t\t\t\t\t\t\t\t\t\t\t<\/div>\n\t\t\t\t<\/div>\n\t\t\t<\/div>\n\t\t<\/div>\n\t<\/div>\n\n<\/section>\n\n\n<section id=\"\" class=\"vertical-tiles acf-block acf-block-id-block_1635cdd55f7af545f307a19c4a7b6586  acf-block--desktop-pt-30 acf-block--mobile-pt-25\">\n\n\t<div class=\"container-fluid\">\n\t\t<div class=\"row row-flex\">\n\t\t\t\t\t\t\t<div class=\"col-12 col-md-6 col-lg-4 mb-20\">\n\t\t\t\t\t<div class=\"vertical-tiles__item\" data-href=\"http:\/\/einmed.eu\/it\/oferta\/wlokniny-polipropylenowe-typu-spunbond\/\">\n\t\t\t\t\t\t<div class=\"vertical-tiles__wrapper\">\n\t\t\t\t\t\t\t<h3 class=\"title title--25 vertical-tiles__headline\">Tessuti non tessuti di polipropilene di tipo spunbond<\/h3>\n\t\t\t\t\t\t\t\t\t\t\t\t\t\t<div class=\"txt\"><p>Numerosi vantaggi delle non tessute in polipropilene, anche conosciute come &#8220;wigofil&#8221;, includono: bassa elasticit\u00e0, superficie liscia, resistenza all&#8217;abrasione, traspirabilit\u00e0 e resistenza al fuoco.<\/p>\n<\/div>\n\t\t\t\t\t\t\t\t\t\t\t\t\t\t<a href=\"http:\/\/einmed.eu\/it\/oferta\/wlokniny-polipropylenowe-typu-spunbond\/\" class=\"btn btn--green\">Scopri di pi\u00f9<\/a>\n\t\t\t\t\t\t<\/div>\n\n\t\t\t\t\t\t<div class=\"vertical-tiles__img\">\n\t\t\t\t\t\t\t<img decoding=\"async\" src=\"http:\/\/einmed.eu\/app\/uploads\/2023\/03\/as1.webp\" alt=\"\"\n\t\t\t\t\t\t\t\t srcset=\"http:\/\/einmed.eu\/app\/uploads\/2023\/03\/as1-391x284-c-default.webp 1x, http:\/\/einmed.eu\/app\/uploads\/2023\/03\/as1-782x568-c-default.webp 2x\">\n\t\t\t\t\t\t<\/div>\n\t\t\t\t\t<\/div>\n\t\t\t\t<\/div>\n\t\t\t\t\t\t\t<div class=\"col-12 col-md-6 col-lg-4 mb-20\">\n\t\t\t\t\t<div class=\"vertical-tiles__item\" data-href=\"http:\/\/einmed.eu\/it\/oferta\/wlokniny-typumeltblown-i-sms\/\">\n\t\t\t\t\t\t<div class=\"vertical-tiles__wrapper\">\n\t\t\t\t\t\t\t<h3 class=\"title title--25 vertical-tiles__headline\">Tessuti non tessuti di tipo meltblown e SMS<\/h3>\n\t\t\t\t\t\t\t\t\t\t\t\t\t\t<div class=\"txt\"><p>La moderna tecnologia di produzione della non tessuta meltblown consente di ottenere un materiale con eccellenti propriet\u00e0 di filtrazione, il che ne consente l&#8217;utilizzo in una vasta gamma di prodotti filtranti, nonch\u00e9 in maschere mediche e maschere FFP.<\/p>\n<\/div>\n\t\t\t\t\t\t\t\t\t\t\t\t\t\t<a href=\"http:\/\/einmed.eu\/it\/oferta\/wlokniny-typumeltblown-i-sms\/\" class=\"btn btn--green\">Scopri di pi\u00f9<\/a>\n\t\t\t\t\t\t<\/div>\n\n\t\t\t\t\t\t<div class=\"vertical-tiles__img\">\n\t\t\t\t\t\t\t<img decoding=\"async\" src=\"http:\/\/einmed.eu\/app\/uploads\/2023\/03\/as2.webp\" alt=\"\"\n\t\t\t\t\t\t\t\t srcset=\"http:\/\/einmed.eu\/app\/uploads\/2023\/03\/as2-391x284-c-default.webp 1x, http:\/\/einmed.eu\/app\/uploads\/2023\/03\/as2-782x568-c-default.webp 2x\">\n\t\t\t\t\t\t<\/div>\n\t\t\t\t\t<\/div>\n\t\t\t\t<\/div>\n\t\t\t\t\t\t\t<div class=\"col-12 col-md-6 col-lg-4 mb-20\">\n\t\t\t\t\t<div class=\"vertical-tiles__item\" data-href=\"http:\/\/einmed.eu\/it\/oferta\/wlokniny-filtracyjne\/\">\n\t\t\t\t\t\t<div class=\"vertical-tiles__wrapper\">\n\t\t\t\t\t\t\t<h3 class=\"title title--25 vertical-tiles__headline\">Tessuti non tessuti filtranti<\/h3>\n\t\t\t\t\t\t\t\t\t\t\t\t\t\t<div class=\"txt\"><p>Le non tessute prodotte dalla nostra azienda hanno un&#8217;ampia gamma di applicazioni nei processi di filtrazione. Le non tessute filtranti fungono da barriera per le particelle di contaminanti. A seconda delle esigenze, possono essere utilizzate per la filtrazione dell&#8217;aria, dell&#8217;acqua e degli oli.<\/p>\n<\/div>\n\t\t\t\t\t\t\t\t\t\t\t\t\t\t<a href=\"http:\/\/einmed.eu\/it\/oferta\/wlokniny-filtracyjne\/\" class=\"btn btn--green\">Scopri di pi\u00f9<\/a>\n\t\t\t\t\t\t<\/div>\n\n\t\t\t\t\t\t<div class=\"vertical-tiles__img\">\n\t\t\t\t\t\t\t<img decoding=\"async\" src=\"http:\/\/einmed.eu\/app\/uploads\/2023\/03\/as3.webp\" alt=\"\"\n\t\t\t\t\t\t\t\t srcset=\"http:\/\/einmed.eu\/app\/uploads\/2023\/03\/as3-391x284-c-default.webp 1x, http:\/\/einmed.eu\/app\/uploads\/2023\/03\/as3-782x568-c-default.webp 2x\">\n\t\t\t\t\t\t<\/div>\n\t\t\t\t\t<\/div>\n\t\t\t\t<\/div>\n\t\t\t\t\t<\/div>\n\t<\/div>\n\n<\/section>\n\n\n<section id=\"\" class=\"horizontal-tiles acf-block acf-block-id-block_5c5135029902d0e6dc7389b661c4af52  acf-block--desktop-pt-30 acf-block--mobile-pt-30\">\n\n\t<div class=\"container-fluid\">\n\t\t\t\t\t<div class=\"row\">\n\t\t\t\t<div class=\"col-12\">\n\t\t\t\t\t<h2 class=\"title title--25 horizontal-tiles__headline\">Servizi confezionati<\/h2>\n\t\t\t\t<\/div>\n\t\t\t<\/div>\n\t\t\t\t<div class=\"row\">\n\t\t\t\t\t\t\t<div class=\"col-12\">\n\t\t\t\t\t<div class=\"horizontal-tiles__item \" data-href=\"http:\/\/einmed.eu\/it\/oferta\/worki-z-wlokniny-workifiltracyjne-oraz-opakowaniowetorby-i-pokrowce-z-wlokniny\/\">\n\t\t\t\t\t\t<div class=\"horizontal-tiles__img\">\n\t\t\t\t\t\t\t<img decoding=\"async\" src=\"http:\/\/einmed.eu\/app\/uploads\/2023\/03\/cs1.webp\" alt=\"\"\n\t\t\t\t\t\t\tsrcset=\"http:\/\/einmed.eu\/app\/uploads\/2023\/03\/cs1-785x163-c-default.webp 1x, http:\/\/einmed.eu\/app\/uploads\/2023\/03\/cs1-1570x326-c-default.webp 2x\">\n\t\t\t\t\t\t<\/div>\n\t\t\t\t\t\t<div class=\"horizontal-tiles__wrapper\">\n\t\t\t\t\t\t\t<h3 class=\"title title--25 horizontal-tiles__header\">Sacchetti in tessuto non tessuto, sacchetti filtranti, sacchetti per imballaggio, sacchetti e rivestimenti in tessuto non tessuto <\/h3>\n\t\t\t\t\t\t\t\t\t\t\t\t\t\t<a href=\"http:\/\/einmed.eu\/it\/oferta\/worki-z-wlokniny-workifiltracyjne-oraz-opakowaniowetorby-i-pokrowce-z-wlokniny\/\" class=\"btn btn--green\">Scopri di pi\u00f9<\/a>\n\t\t\t\t\t\t<\/div>\n\t\t\t\t\t<\/div>\n\t\t\t\t<\/div>\n\t\t\t\t\t\t\t<div class=\"col-12\">\n\t\t\t\t\t<div class=\"horizontal-tiles__item \" data-href=\"http:\/\/einmed.eu\/it\/oferta\/ciecie-przewijanie-wloknin-formatki\/\">\n\t\t\t\t\t\t<div class=\"horizontal-tiles__img\">\n\t\t\t\t\t\t\t<img decoding=\"async\" src=\"http:\/\/einmed.eu\/app\/uploads\/2023\/04\/Mask-group.webp\" alt=\"\"\n\t\t\t\t\t\t\tsrcset=\"http:\/\/einmed.eu\/app\/uploads\/2023\/04\/Mask-group-785x163-c-default.webp 1x, http:\/\/einmed.eu\/app\/uploads\/2023\/04\/Mask-group-1570x326-c-default.webp 2x\">\n\t\t\t\t\t\t<\/div>\n\t\t\t\t\t\t<div class=\"horizontal-tiles__wrapper\">\n\t\t\t\t\t\t\t<h3 class=\"title title--25 horizontal-tiles__header\">Taglio e avvolgimento dei tessuti non tessuti. Matrici in tessuto non tessuto.<\/h3>\n\t\t\t\t\t\t\t\t\t\t\t\t\t\t<a href=\"http:\/\/einmed.eu\/it\/oferta\/ciecie-przewijanie-wloknin-formatki\/\" class=\"btn btn--green\">Scopri di pi\u00f9<\/a>\n\t\t\t\t\t\t<\/div>\n\t\t\t\t\t<\/div>\n\t\t\t\t<\/div>\n\t\t\t\t\t\t\t<div class=\"col-12\">\n\t\t\t\t\t<div class=\"horizontal-tiles__item \" data-href=\"http:\/\/einmed.eu\/it\/oferta\/zgrzewanie-ultradzwiekowe\/\">\n\t\t\t\t\t\t<div class=\"horizontal-tiles__img\">\n\t\t\t\t\t\t\t<img decoding=\"async\" src=\"http:\/\/einmed.eu\/app\/uploads\/2023\/03\/cs2.webp\" alt=\"\"\n\t\t\t\t\t\t\tsrcset=\"http:\/\/einmed.eu\/app\/uploads\/2023\/03\/cs2-785x163-c-default.webp 1x, http:\/\/einmed.eu\/app\/uploads\/2023\/03\/cs2-1570x326-c-default.webp 2x\">\n\t\t\t\t\t\t<\/div>\n\t\t\t\t\t\t<div class=\"horizontal-tiles__wrapper\">\n\t\t\t\t\t\t\t<h3 class=\"title title--25 horizontal-tiles__header\">Saldatura a ultrasuoni<\/h3>\n\t\t\t\t\t\t\t\t\t\t\t\t\t\t<a href=\"http:\/\/einmed.eu\/it\/oferta\/zgrzewanie-ultradzwiekowe\/\" class=\"btn btn--green\">Scopri di pi\u00f9<\/a>\n\t\t\t\t\t\t<\/div>\n\t\t\t\t\t<\/div>\n\t\t\t\t<\/div>\n\t\t\t\t\t\t\t<div class=\"col-12\">\n\t\t\t\t\t<div class=\"horizontal-tiles__item  last-child \" data-href=\"http:\/\/einmed.eu\/it\/oferta\/inne-rodzaje-wloknin\/\">\n\t\t\t\t\t\t<div class=\"horizontal-tiles__img\">\n\t\t\t\t\t\t\t<img decoding=\"async\" src=\"http:\/\/einmed.eu\/app\/uploads\/2023\/04\/assd.webp\" alt=\"\"\n\t\t\t\t\t\t\tsrcset=\"http:\/\/einmed.eu\/app\/uploads\/2023\/04\/assd-785x163-c-default.webp 1x, http:\/\/einmed.eu\/app\/uploads\/2023\/04\/assd-1570x326-c-default.webp 2x\">\n\t\t\t\t\t\t<\/div>\n\t\t\t\t\t\t<div class=\"horizontal-tiles__wrapper\">\n\t\t\t\t\t\t\t<h3 class=\"title title--25 horizontal-tiles__header\">Altri tipi di tessuti non tessuti<\/h3>\n\t\t\t\t\t\t\t\t\t\t\t\t\t\t\t<p class=\"horizontal-tiles__desc\">Nontessuti agugliati, nontessuti spunlance, nontessuti chemobond, nontessuti spunbond pes\/pet, nontessuti termosaldabili<\/p>\n\t\t\t\t\t\t\t\t\t\t\t\t\t\t<a href=\"http:\/\/einmed.eu\/it\/oferta\/inne-rodzaje-wloknin\/\" class=\"btn btn--green\">Scopri di pi\u00f9<\/a>\n\t\t\t\t\t\t<\/div>\n\t\t\t\t\t<\/div>\n\t\t\t\t<\/div>\n\t\t\t\t\t<\/div>\n\t<\/div>\n\n<\/section>\n\n\n<section id=\"\" class=\"innovation acf-block acf-block-id-block_67eae61e46e6affd3379911a188c179a  acf-block--desktop-pt-30 acf-block--mobile-pt-25\">\n\n\t<div class=\"container-fluid\">\n\t\t<div class=\"row\">\n\t\t\t<div class=\"col-12\">\n\t\t\t\t<div class=\"hero__slider swiper\">\n\t\t\t\t\t<div class=\"info-box \">\n\n\t<div class=\"info-box__logo\">\n\t\t<img decoding=\"async\" src=\"http:\/\/einmed.eu\/app\/themes\/einmed\/assets\/images\/svg\/sygnet.svg\" alt=\"sygnet\">\n\t<\/div>\n\t<div class=\"info-box__wrapper\">\n\t\t<h1 class=\"title\">Innovazione dal 2008<\/h1>\n\t\t\t\t\t<p class=\"txt\">Einmed \u00e8 stata fondata nel 2008. Inizialmente, l\u2019azienda ha concentrato le proprie attivit\u00e0 sulla distribuzione di tessuti non tessuti medicali monouso per clienti all\u2019ingrosso e al dettaglio, ospedali, strutture mediche e istituzioni statali. La rete di vendita estera e nazionale, la domanda di mercato e le relazioni positive con i clienti hanno portato allo sviluppo dell\u2019azienda e all\u2019espansione dell\u2019assortimento offerto, che comprende tessuti non tessuti di polipropilene di tipo spunbond, meltblown e SMS.<\/p>\n\t\t\t\t\t\t\t<a href=\"http:\/\/einmed.eu\/it\/firma\/\" class=\"btn\">Scopri di pi\u00f9<\/a>\n\t\t\t<\/div>\n\n<\/div>\n\t\t\t\t\t<div class=\"innovation__img\">\n\t\t\t\t\t\t<img decoding=\"async\" src=\"http:\/\/einmed.eu\/app\/uploads\/2023\/03\/dec-1-scaled.webp\" alt=\"\"\n\t\t\t\t\t\t\t srcset=\"http:\/\/einmed.eu\/app\/uploads\/2023\/03\/dec-1-scaled-1394x778-c-default.webp 1x, http:\/\/einmed.eu\/app\/uploads\/2023\/03\/dec-1-scaled-2788x1566-c-default.webp 2x\">\n\t\t\t\t\t<\/div>\n\t\t\t\t<\/div>\n\t\t\t<\/div>\n\t\t<\/div>\n\t<\/div>\n\n<\/section>\n","protected":false},"excerpt":{"rendered":"","protected":false},"author":1,"featured_media":0,"parent":0,"menu_order":0,"comment_status":"closed","ping_status":"closed","template":"","meta":[],"acf":[],"yoast_head":"<!-- This site is optimized with the Yoast SEO plugin v20.10 - https:\/\/yoast.com\/wordpress\/plugins\/seo\/ -->\n<title>Pagina iniziale - Einmed<\/title>\n<meta name=\"robots\" content=\"index, follow, max-snippet:-1, max-image-preview:large, max-video-preview:-1\" \/>\n<link rel=\"canonical\" href=\"http:\/\/einmed.eu\/it\/\" \/>\n<meta property=\"og:locale\" content=\"it_IT\" \/>\n<meta property=\"og:type\" content=\"article\" \/>\n<meta property=\"og:title\" content=\"Pagina iniziale - Einmed\" \/>\n<meta property=\"og:url\" content=\"http:\/\/einmed.eu\/it\/\" \/>\n<meta property=\"og:site_name\" content=\"Einmed\" \/>\n<meta property=\"article:modified_time\" content=\"2023-06-28T16:18:05+00:00\" \/>\n<meta name=\"twitter:card\" content=\"summary_large_image\" \/>\n<script type=\"application\/ld+json\" class=\"yoast-schema-graph\">{\"@context\":\"https:\/\/schema.org\",\"@graph\":[{\"@type\":\"WebPage\",\"@id\":\"http:\/\/einmed.eu\/it\/\",\"url\":\"http:\/\/einmed.eu\/it\/\",\"name\":\"Pagina iniziale - Einmed\",\"isPartOf\":{\"@id\":\"https:\/\/einmed.eu\/it\/#website\"},\"datePublished\":\"2023-03-24T09:14:16+00:00\",\"dateModified\":\"2023-06-28T16:18:05+00:00\",\"inLanguage\":\"it-IT\",\"potentialAction\":[{\"@type\":\"ReadAction\",\"target\":[\"http:\/\/einmed.eu\/it\/\"]}]},{\"@type\":\"WebSite\",\"@id\":\"https:\/\/einmed.eu\/it\/#website\",\"url\":\"https:\/\/einmed.eu\/it\/\",\"name\":\"Einmed\",\"description\":\"Producent w\u0142\u00f3knin oraz pokrowc\u00f3w na materace\",\"potentialAction\":[{\"@type\":\"SearchAction\",\"target\":{\"@type\":\"EntryPoint\",\"urlTemplate\":\"https:\/\/einmed.eu\/it\/?s={search_term_string}\"},\"query-input\":\"required name=search_term_string\"}],\"inLanguage\":\"it-IT\"}]}<\/script>\n<!-- \/ Yoast SEO plugin. -->","yoast_head_json":{"title":"Pagina iniziale - Einmed","robots":{"index":"index","follow":"follow","max-snippet":"max-snippet:-1","max-image-preview":"max-image-preview:large","max-video-preview":"max-video-preview:-1"},"canonical":"http:\/\/einmed.eu\/it\/","og_locale":"it_IT","og_type":"article","og_title":"Pagina iniziale - Einmed","og_url":"http:\/\/einmed.eu\/it\/","og_site_name":"Einmed","article_modified_time":"2023-06-28T16:18:05+00:00","twitter_card":"summary_large_image","schema":{"@context":"https:\/\/schema.org","@graph":[{"@type":"WebPage","@id":"http:\/\/einmed.eu\/it\/","url":"http:\/\/einmed.eu\/it\/","name":"Pagina iniziale - Einmed","isPartOf":{"@id":"https:\/\/einmed.eu\/it\/#website"},"datePublished":"2023-03-24T09:14:16+00:00","dateModified":"2023-06-28T16:18:05+00:00","inLanguage":"it-IT","potentialAction":[{"@type":"ReadAction","target":["http:\/\/einmed.eu\/it\/"]}]},{"@type":"WebSite","@id":"https:\/\/einmed.eu\/it\/#website","url":"https:\/\/einmed.eu\/it\/","name":"Einmed","description":"Producent w\u0142\u00f3knin oraz pokrowc\u00f3w na materace","potentialAction":[{"@type":"SearchAction","target":{"@type":"EntryPoint","urlTemplate":"https:\/\/einmed.eu\/it\/?s={search_term_string}"},"query-input":"required name=search_term_string"}],"inLanguage":"it-IT"}]}},"_links":{"self":[{"href":"http:\/\/einmed.eu\/it\/wp-json\/wp\/v2\/pages\/635"}],"collection":[{"href":"http:\/\/einmed.eu\/it\/wp-json\/wp\/v2\/pages"}],"about":[{"href":"http:\/\/einmed.eu\/it\/wp-json\/wp\/v2\/types\/page"}],"author":[{"embeddable":true,"href":"http:\/\/einmed.eu\/it\/wp-json\/wp\/v2\/users\/1"}],"replies":[{"embeddable":true,"href":"http:\/\/einmed.eu\/it\/wp-json\/wp\/v2\/comments?post=635"}],"version-history":[{"count":20,"href":"http:\/\/einmed.eu\/it\/wp-json\/wp\/v2\/pages\/635\/revisions"}],"predecessor-version":[{"id":1366,"href":"http:\/\/einmed.eu\/it\/wp-json\/wp\/v2\/pages\/635\/revisions\/1366"}],"wp:attachment":[{"href":"http:\/\/einmed.eu\/it\/wp-json\/wp\/v2\/media?parent=635"}],"curies":[{"name":"wp","href":"https:\/\/api.w.org\/{rel}","templated":true}]}}