{"id":722,"date":"2023-03-24T09:23:26","date_gmt":"2023-03-24T08:23:26","guid":{"rendered":"http:\/\/einmed.eu\/polityka-prywatnosci\/"},"modified":"2023-07-09T13:49:29","modified_gmt":"2023-07-09T11:49:29","slug":"polityka-prywatnosci","status":"publish","type":"page","link":"http:\/\/einmed.eu\/fr\/polityka-prywatnosci\/","title":{"rendered":"Vie priv\u00e9e"},"content":{"rendered":"\n<p><strong>Qui nous sommes<\/strong><\/p>\n\n\n\n<p>Notre adresse de site web est : <a href=\"http:\/\/einmed.eu\">http:\/\/einmed.eu<\/a><\/p>\n\n\n\n<p><strong>Commentaires<\/strong><\/p>\n\n\n\n<p>Lorsqu&#8217;un visiteur laisse un commentaire sur le site, nous recueillons les donn\u00e9es visibles dans le formulaire de commentaire, ainsi que l&#8217;adresse IP du visiteur et la signature de son navigateur pour aider \u00e0 d\u00e9tecter les spams.<\/p>\n\n\n\n<p>Une cha\u00eene de caract\u00e8res anonymis\u00e9e cr\u00e9\u00e9e \u00e0 partir de votre adresse e-mail (appel\u00e9e \u00e9galement hash) peut \u00eatre envoy\u00e9e au service Gravatar pour v\u00e9rifier si elle est utilis\u00e9e. La politique de confidentialit\u00e9 du service Gravatar est disponible \u00e0 l&#8217;adresse suivante : <a href=\"https:\/\/automattic.com\/privacy\/\">https:\/\/automattic.com\/privacy\/<\/a>. Apr\u00e8s l&#8217;approbation de votre commentaire, votre image de profil sera publiquement visible en lien avec votre commentaire.<\/p>\n\n\n\n<p><strong>M\u00e9dias<\/strong><\/p>\n\n\n\n<p>Si vous \u00eates un utilisateur enregistr\u00e9 et que vous t\u00e9l\u00e9chargez des images sur le site, \u00e9vitez de t\u00e9l\u00e9charger des images avec des balises d&#8217;emplacement EXIF. Les visiteurs du site peuvent t\u00e9l\u00e9charger et lire les donn\u00e9es de localisation compl\u00e8tes des images sur le site.<\/p>\n\n\n\n<p><strong>Cookies<\/strong><\/p>\n\n\n\n<p>Lorsque vous laissez un commentaire sur le site, vous pouvez choisir de sauvegarder votre nom, votre adresse e-mail et votre site web dans des cookies. Cela facilite le remplissage automatique de ces informations lors de la r\u00e9daction de futurs commentaires. Ces cookies expirent apr\u00e8s un an.<\/p>\n\n\n\n<p>Lorsque vous visitez la page de connexion, nous cr\u00e9ons un cookie temporaire pour v\u00e9rifier si votre navigateur accepte les cookies. Il ne contient aucune donn\u00e9e personnelle et sera supprim\u00e9 lorsque vous fermerez votre navigateur.<\/p>\n\n\n\n<p>Lors de la connexion, nous cr\u00e9ons \u00e9galement plusieurs cookies pour stocker vos informations de connexion et vos pr\u00e9f\u00e9rences d&#8217;affichage. Les cookies de connexion expirent apr\u00e8s deux jours et les cookies d&#8217;options d&#8217;affichage expirent apr\u00e8s un an. Si vous cochez l&#8217;option &#8220;Se souvenir de moi&#8221;, la connexion expire apr\u00e8s deux semaines. Si vous vous d\u00e9connectez de votre compte, les cookies de connexion seront supprim\u00e9s.<\/p>\n\n\n\n<p>Si vous modifiez ou publiez un article, un cookie suppl\u00e9mentaire sera enregistr\u00e9 dans votre navigateur. Ce cookie ne contient aucune donn\u00e9e personnelle, il indique simplement l&#8217;identifiant de l&#8217;article que vous venez de modifier. Il expire au bout d&#8217;un jour.<\/p>\n\n\n\n<p><strong>Contenu int\u00e9gr\u00e9 depuis d&#8217;autres sites web<\/strong><\/p>\n\n\n\n<p>Les articles de ce site peuvent inclure du contenu int\u00e9gr\u00e9 (par exemple des vid\u00e9os, des images, des articles, etc.). Le contenu int\u00e9gr\u00e9 depuis d&#8217;autres sites se comporte de la m\u00eame mani\u00e8re que si le visiteur se rendait sur cet autre site.<\/p>\n\n\n\n<p>Ces sites web peuvent collecter des informations vous concernant, utiliser des cookies, int\u00e9grer des syst\u00e8mes de suivi tiers et surveiller vos interactions avec le contenu int\u00e9gr\u00e9, y compris le suivi de vos interactions avec le contenu int\u00e9gr\u00e9 si vous avez un compte et \u00eates connect\u00e9 \u00e0 ce site web.<\/p>\n\n\n\n<p><strong>Avec qui partageons-nous vos donn\u00e9es<\/strong><\/p>\n\n\n\n<p>Si vous demandez une r\u00e9initialisation de votre mot de passe, votre adresse IP sera incluse dans l&#8217;e-mail de r\u00e9initialisation.<\/p>\n\n\n\n<p><strong>Combien de temps conservons-nous vos donn\u00e9es<\/strong><\/p>\n\n\n\n<p>Si vous laissez un commentaire, le commentaire et ses m\u00e9tadonn\u00e9es sont conserv\u00e9s ind\u00e9finiment. Cela permet de reconna\u00eetre et d&#8217;approuver automatiquement les commentaires suivants sans les envoyer \u00e0 une mod\u00e9ration \u00e0 chaque fois.<\/p>\n\n\n\n<p>Pour les utilisateurs qui s&#8217;inscrivent sur notre site web (le cas \u00e9ch\u00e9ant), nous stockons \u00e9galement les informations personnelles qu&#8217;ils fournissent dans leur profil. Chaque utilisateur peut consulter, corriger ou supprimer ses informations personnelles \u00e0 tout moment (\u00e0 l&#8217;exception de leur nom d&#8217;utilisateur qu&#8217;ils ne peuvent pas changer). Les administrateurs du site peuvent \u00e9galement consulter et modifier ces informations.<\/p>\n\n\n\n<p><strong>Quels sont vos droits sur vos donn\u00e9es<\/strong><\/p>\n\n\n\n<p>Si vous avez un compte utilisateur ou si vous avez laiss\u00e9 des commentaires sur ce site, vous pouvez demander \u00e0 recevoir un fichier export\u00e9 des donn\u00e9es personnelles que nous d\u00e9tenons \u00e0 votre sujet, y compris toutes les donn\u00e9es que vous nous avez fournies. Vous pouvez \u00e9galement demander la suppression de toutes les donn\u00e9es personnelles que nous d\u00e9tenons \u00e0 votre sujet. Cela n&#8217;inclut pas les donn\u00e9es que nous sommes tenus de conserver \u00e0 des fins administratives, l\u00e9gales ou de s\u00e9curit\u00e9.<\/p>\n\n\n\n<p><strong>O\u00f9 envoyons-nous vos donn\u00e9es<\/strong><\/p>\n\n\n\n<p>Les commentaires des visiteurs peuvent \u00eatre v\u00e9rifi\u00e9s \u00e0 l&#8217;aide d&#8217;un service automatique de d\u00e9tection des spams.<\/p>\n","protected":false},"excerpt":{"rendered":"<p>Qui nous sommes Notre adresse de site web est : http:\/\/einmed.eu Commentaires Lorsqu&#8217;un visiteur laisse un commentaire sur le site, nous recueillons les donn\u00e9es visibles dans le formulaire de commentaire, ainsi que l&#8217;adresse IP du visiteur et la signature de son navigateur pour aider \u00e0 d\u00e9tecter les spams. Une cha\u00eene de caract\u00e8res anonymis\u00e9e cr\u00e9\u00e9e \u00e0 [&hellip;]<\/p>\n","protected":false},"author":1,"featured_media":0,"parent":0,"menu_order":0,"comment_status":"closed","ping_status":"open","template":"pages\/policy.php","meta":[],"acf":[],"yoast_head":"<!-- This site is optimized with the Yoast SEO plugin v20.10 - https:\/\/yoast.com\/wordpress\/plugins\/seo\/ -->\n<title>Vie priv\u00e9e - Einmed<\/title>\n<meta name=\"robots\" content=\"index, follow, max-snippet:-1, max-image-preview:large, max-video-preview:-1\" \/>\n<link rel=\"canonical\" href=\"http:\/\/einmed.eu\/fr\/polityka-prywatnosci\/\" \/>\n<meta property=\"og:locale\" content=\"fr_FR\" \/>\n<meta property=\"og:type\" content=\"article\" \/>\n<meta property=\"og:title\" content=\"Vie priv\u00e9e - Einmed\" \/>\n<meta property=\"og:description\" content=\"Qui nous sommes Notre adresse de site web est : http:\/\/einmed.eu Commentaires Lorsqu&#8217;un visiteur laisse un commentaire sur le site, nous recueillons les donn\u00e9es visibles dans le formulaire de commentaire, ainsi que l&#8217;adresse IP du visiteur et la signature de son navigateur pour aider \u00e0 d\u00e9tecter les spams. Une cha\u00eene de caract\u00e8res anonymis\u00e9e cr\u00e9\u00e9e \u00e0 [&hellip;]\" \/>\n<meta property=\"og:url\" content=\"http:\/\/einmed.eu\/fr\/polityka-prywatnosci\/\" \/>\n<meta property=\"og:site_name\" content=\"Einmed\" \/>\n<meta property=\"article:modified_time\" content=\"2023-07-09T11:49:29+00:00\" \/>\n<meta name=\"twitter:card\" content=\"summary_large_image\" \/>\n<meta name=\"twitter:label1\" content=\"Est. reading time\" \/>\n\t<meta name=\"twitter:data1\" content=\"4 minutes\" \/>\n<script type=\"application\/ld+json\" class=\"yoast-schema-graph\">{\"@context\":\"https:\/\/schema.org\",\"@graph\":[{\"@type\":\"WebPage\",\"@id\":\"http:\/\/einmed.eu\/fr\/polityka-prywatnosci\/\",\"url\":\"http:\/\/einmed.eu\/fr\/polityka-prywatnosci\/\",\"name\":\"Vie priv\u00e9e - Einmed\",\"isPartOf\":{\"@id\":\"http:\/\/einmed.eu\/fr\/#website\"},\"datePublished\":\"2023-03-24T08:23:26+00:00\",\"dateModified\":\"2023-07-09T11:49:29+00:00\",\"inLanguage\":\"fr-FR\",\"potentialAction\":[{\"@type\":\"ReadAction\",\"target\":[\"http:\/\/einmed.eu\/fr\/polityka-prywatnosci\/\"]}]},{\"@type\":\"WebSite\",\"@id\":\"http:\/\/einmed.eu\/fr\/#website\",\"url\":\"http:\/\/einmed.eu\/fr\/\",\"name\":\"Einmed\",\"description\":\"Producent w\u0142\u00f3knin oraz pokrowc\u00f3w na materace\",\"potentialAction\":[{\"@type\":\"SearchAction\",\"target\":{\"@type\":\"EntryPoint\",\"urlTemplate\":\"http:\/\/einmed.eu\/fr\/?s={search_term_string}\"},\"query-input\":\"required name=search_term_string\"}],\"inLanguage\":\"fr-FR\"}]}<\/script>\n<!-- \/ Yoast SEO plugin. -->","yoast_head_json":{"title":"Vie priv\u00e9e - Einmed","robots":{"index":"index","follow":"follow","max-snippet":"max-snippet:-1","max-image-preview":"max-image-preview:large","max-video-preview":"max-video-preview:-1"},"canonical":"http:\/\/einmed.eu\/fr\/polityka-prywatnosci\/","og_locale":"fr_FR","og_type":"article","og_title":"Vie priv\u00e9e - Einmed","og_description":"Qui nous sommes Notre adresse de site web est : http:\/\/einmed.eu Commentaires Lorsqu&#8217;un visiteur laisse un commentaire sur le site, nous recueillons les donn\u00e9es visibles dans le formulaire de commentaire, ainsi que l&#8217;adresse IP du visiteur et la signature de son navigateur pour aider \u00e0 d\u00e9tecter les spams. Une cha\u00eene de caract\u00e8res anonymis\u00e9e cr\u00e9\u00e9e \u00e0 [&hellip;]","og_url":"http:\/\/einmed.eu\/fr\/polityka-prywatnosci\/","og_site_name":"Einmed","article_modified_time":"2023-07-09T11:49:29+00:00","twitter_card":"summary_large_image","twitter_misc":{"Est. reading time":"4 minutes"},"schema":{"@context":"https:\/\/schema.org","@graph":[{"@type":"WebPage","@id":"http:\/\/einmed.eu\/fr\/polityka-prywatnosci\/","url":"http:\/\/einmed.eu\/fr\/polityka-prywatnosci\/","name":"Vie priv\u00e9e - Einmed","isPartOf":{"@id":"http:\/\/einmed.eu\/fr\/#website"},"datePublished":"2023-03-24T08:23:26+00:00","dateModified":"2023-07-09T11:49:29+00:00","inLanguage":"fr-FR","potentialAction":[{"@type":"ReadAction","target":["http:\/\/einmed.eu\/fr\/polityka-prywatnosci\/"]}]},{"@type":"WebSite","@id":"http:\/\/einmed.eu\/fr\/#website","url":"http:\/\/einmed.eu\/fr\/","name":"Einmed","description":"Producent w\u0142\u00f3knin oraz pokrowc\u00f3w na materace","potentialAction":[{"@type":"SearchAction","target":{"@type":"EntryPoint","urlTemplate":"http:\/\/einmed.eu\/fr\/?s={search_term_string}"},"query-input":"required name=search_term_string"}],"inLanguage":"fr-FR"}]}},"_links":{"self":[{"href":"http:\/\/einmed.eu\/fr\/wp-json\/wp\/v2\/pages\/722"}],"collection":[{"href":"http:\/\/einmed.eu\/fr\/wp-json\/wp\/v2\/pages"}],"about":[{"href":"http:\/\/einmed.eu\/fr\/wp-json\/wp\/v2\/types\/page"}],"author":[{"embeddable":true,"href":"http:\/\/einmed.eu\/fr\/wp-json\/wp\/v2\/users\/1"}],"replies":[{"embeddable":true,"href":"http:\/\/einmed.eu\/fr\/wp-json\/wp\/v2\/comments?post=722"}],"version-history":[{"count":4,"href":"http:\/\/einmed.eu\/fr\/wp-json\/wp\/v2\/pages\/722\/revisions"}],"predecessor-version":[{"id":1406,"href":"http:\/\/einmed.eu\/fr\/wp-json\/wp\/v2\/pages\/722\/revisions\/1406"}],"wp:attachment":[{"href":"http:\/\/einmed.eu\/fr\/wp-json\/wp\/v2\/media?parent=722"}],"curies":[{"name":"wp","href":"https:\/\/api.w.org\/{rel}","templated":true}]}}