{"id":714,"date":"2023-03-29T13:15:28","date_gmt":"2023-03-29T11:15:28","guid":{"rendered":"http:\/\/einmed.eu\/oferta\/zgrzewanie-ultradzwiekowe\/"},"modified":"2023-06-28T17:31:15","modified_gmt":"2023-06-28T15:31:15","slug":"zgrzewanie-ultradzwiekowe","status":"publish","type":"page","link":"http:\/\/einmed.eu\/fr\/oferta\/zgrzewanie-ultradzwiekowe\/","title":{"rendered":"Soudage par ultrasons"},"content":{"rendered":"<section id=\"\" class=\"product-opener acf-block acf-block-id-block_f549376a35afefd9d3e84775282a01b5 \">\n\n\t<div class=\"container-fluid\">\n\t\t<div class=\"row\">\n\t\t\t<div class=\"col-12\">\n\t\t\t\t<div class=\"product-opener__box\" style=\"background-image: url('http:\/\/einmed.eu\/app\/uploads\/2023\/03\/zgrzewanie-ultradzwiekowe-1-scaled.jpg')\">\n\t\t\t\t\t<div class=\"col-12 col-lg-4\">\n\t\t\t\t\t\t<div class=\"info-box \">\n\n\t<div class=\"info-box__logo\">\n\t\t<img decoding=\"async\" src=\"http:\/\/einmed.eu\/app\/themes\/einmed\/assets\/images\/svg\/sygnet.svg\" alt=\"sygnet\">\n\t<\/div>\n\t<div class=\"info-box__wrapper\">\n\t\t<h1 class=\"title\">Soudage par ultrasons<\/h1>\n\t\t\t\t\t\t\t<a href=\"#bottom\" class=\"btn\">En savoir plus<\/a>\n\t\t\t<\/div>\n\n<\/div>\n\t\t\t\t\t<\/div>\n\t\t\t\t<\/div>\n\t\t\t<\/div>\n\t\t<\/div>\n\t<\/div>\n\n<\/section>\n\n\n<section id=\"bottom\" class=\"product-content acf-block acf-block-id-block_d38640758d2b17e873723bb47fd4066f  acf-block--desktop-pt-20 acf-block--desktop-pb-20 acf-block--mobile-pt-20 acf-block--mobile-pb-20\">\n\n\t<div class=\"container-fluid\">\n\t\t<div class=\"row row-flex\">\n\t\t\t<div class=\"col-12 col-lg-4 col-flex\">\n\t\t\t\t<div class=\"product-content__aside\">\n\t\t\t\t\t<div class=\"info-box wider\">\n\n\t<div class=\"info-box__logo\">\n\t\t<img decoding=\"async\" src=\"http:\/\/einmed.eu\/app\/themes\/einmed\/assets\/images\/svg\/sygnet.svg\" alt=\"sygnet\">\n\t<\/div>\n\t<div class=\"info-box__wrapper\">\n\t\t<h1 class=\"title\">Soudage par ultrasons<\/h1>\n\t\t\t\t\t<\/div>\n\n<\/div>\n\n\t\t\t\t\t\n\t\t\t\t\t\n\t\t\t\t\t<div class=\"product-content__gallery\">\n\t\t\t\t\t\t\t\t\t\t\t\t\t\t\t\t\t<\/div>\n\t\t\t\t\t<div class=\"product-content__gallery product-content__gallery--horizontal\">\n\t\t\t\t\t\t\t\t\t\t\t<\/div>\n\t\t\t\t<\/div>\n\t\t\t<\/div>\n\t\t\t<div class=\"col-12 col-lg-8\">\n\t\t\t\t<div class=\"product-content__main\">\n\t\t\t\t\t<div class=\"txt\"><p>Notre parc industriel vaste nous aide \u00e0 fournir les services de soudage par ultrasons et \u00e0 souder des produits finis en tissus non tiss\u00e9s par ultrasons, par exemple\u00a0: poches, sacs, literie jetable, emballages, manchons en tissus non tiss\u00e9s, housses<\/p>\n<\/div>\n\n\t\t\t\t\t\t\t\t\t\t\t\t\t\t\t\t\t\t\t<\/div>\n\t\t\t<\/div>\n\t\t<\/div>\n\n\t\t\t<\/div>\n\n<\/section>\n","protected":false},"excerpt":{"rendered":"","protected":false},"author":1,"featured_media":0,"parent":658,"menu_order":0,"comment_status":"closed","ping_status":"closed","template":"","meta":[],"acf":[],"yoast_head":"<!-- This site is optimized with the Yoast SEO plugin v20.10 - https:\/\/yoast.com\/wordpress\/plugins\/seo\/ -->\n<title>Soudage par ultrasons - Einmed<\/title>\n<meta name=\"robots\" content=\"index, follow, max-snippet:-1, max-image-preview:large, max-video-preview:-1\" \/>\n<link rel=\"canonical\" href=\"http:\/\/einmed.eu\/fr\/oferta\/zgrzewanie-ultradzwiekowe\/\" \/>\n<meta property=\"og:locale\" content=\"fr_FR\" \/>\n<meta property=\"og:type\" content=\"article\" \/>\n<meta property=\"og:title\" content=\"Soudage par ultrasons - Einmed\" \/>\n<meta property=\"og:url\" content=\"http:\/\/einmed.eu\/fr\/oferta\/zgrzewanie-ultradzwiekowe\/\" \/>\n<meta property=\"og:site_name\" content=\"Einmed\" \/>\n<meta property=\"article:modified_time\" content=\"2023-06-28T15:31:15+00:00\" \/>\n<meta name=\"twitter:card\" content=\"summary_large_image\" \/>\n<script type=\"application\/ld+json\" class=\"yoast-schema-graph\">{\"@context\":\"https:\/\/schema.org\",\"@graph\":[{\"@type\":\"WebPage\",\"@id\":\"http:\/\/einmed.eu\/fr\/oferta\/zgrzewanie-ultradzwiekowe\/\",\"url\":\"http:\/\/einmed.eu\/fr\/oferta\/zgrzewanie-ultradzwiekowe\/\",\"name\":\"Soudage par ultrasons - Einmed\",\"isPartOf\":{\"@id\":\"http:\/\/einmed.eu\/fr\/#website\"},\"datePublished\":\"2023-03-29T11:15:28+00:00\",\"dateModified\":\"2023-06-28T15:31:15+00:00\",\"breadcrumb\":{\"@id\":\"http:\/\/einmed.eu\/fr\/oferta\/zgrzewanie-ultradzwiekowe\/#breadcrumb\"},\"inLanguage\":\"fr-FR\",\"potentialAction\":[{\"@type\":\"ReadAction\",\"target\":[\"http:\/\/einmed.eu\/fr\/oferta\/zgrzewanie-ultradzwiekowe\/\"]}]},{\"@type\":\"BreadcrumbList\",\"@id\":\"http:\/\/einmed.eu\/fr\/oferta\/zgrzewanie-ultradzwiekowe\/#breadcrumb\",\"itemListElement\":[{\"@type\":\"ListItem\",\"position\":1,\"name\":\"Offre\",\"item\":\"https:\/\/einmed.eu\/fr\/oferta\/\"},{\"@type\":\"ListItem\",\"position\":2,\"name\":\"Soudage par ultrasons\"}]},{\"@type\":\"WebSite\",\"@id\":\"http:\/\/einmed.eu\/fr\/#website\",\"url\":\"http:\/\/einmed.eu\/fr\/\",\"name\":\"Einmed\",\"description\":\"Producent w\u0142\u00f3knin oraz pokrowc\u00f3w na materace\",\"potentialAction\":[{\"@type\":\"SearchAction\",\"target\":{\"@type\":\"EntryPoint\",\"urlTemplate\":\"http:\/\/einmed.eu\/fr\/?s={search_term_string}\"},\"query-input\":\"required name=search_term_string\"}],\"inLanguage\":\"fr-FR\"}]}<\/script>\n<!-- \/ Yoast SEO plugin. -->","yoast_head_json":{"title":"Soudage par ultrasons - Einmed","robots":{"index":"index","follow":"follow","max-snippet":"max-snippet:-1","max-image-preview":"max-image-preview:large","max-video-preview":"max-video-preview:-1"},"canonical":"http:\/\/einmed.eu\/fr\/oferta\/zgrzewanie-ultradzwiekowe\/","og_locale":"fr_FR","og_type":"article","og_title":"Soudage par ultrasons - Einmed","og_url":"http:\/\/einmed.eu\/fr\/oferta\/zgrzewanie-ultradzwiekowe\/","og_site_name":"Einmed","article_modified_time":"2023-06-28T15:31:15+00:00","twitter_card":"summary_large_image","schema":{"@context":"https:\/\/schema.org","@graph":[{"@type":"WebPage","@id":"http:\/\/einmed.eu\/fr\/oferta\/zgrzewanie-ultradzwiekowe\/","url":"http:\/\/einmed.eu\/fr\/oferta\/zgrzewanie-ultradzwiekowe\/","name":"Soudage par ultrasons - Einmed","isPartOf":{"@id":"http:\/\/einmed.eu\/fr\/#website"},"datePublished":"2023-03-29T11:15:28+00:00","dateModified":"2023-06-28T15:31:15+00:00","breadcrumb":{"@id":"http:\/\/einmed.eu\/fr\/oferta\/zgrzewanie-ultradzwiekowe\/#breadcrumb"},"inLanguage":"fr-FR","potentialAction":[{"@type":"ReadAction","target":["http:\/\/einmed.eu\/fr\/oferta\/zgrzewanie-ultradzwiekowe\/"]}]},{"@type":"BreadcrumbList","@id":"http:\/\/einmed.eu\/fr\/oferta\/zgrzewanie-ultradzwiekowe\/#breadcrumb","itemListElement":[{"@type":"ListItem","position":1,"name":"Offre","item":"https:\/\/einmed.eu\/fr\/oferta\/"},{"@type":"ListItem","position":2,"name":"Soudage par ultrasons"}]},{"@type":"WebSite","@id":"http:\/\/einmed.eu\/fr\/#website","url":"http:\/\/einmed.eu\/fr\/","name":"Einmed","description":"Producent w\u0142\u00f3knin oraz pokrowc\u00f3w na materace","potentialAction":[{"@type":"SearchAction","target":{"@type":"EntryPoint","urlTemplate":"http:\/\/einmed.eu\/fr\/?s={search_term_string}"},"query-input":"required name=search_term_string"}],"inLanguage":"fr-FR"}]}},"_links":{"self":[{"href":"http:\/\/einmed.eu\/fr\/wp-json\/wp\/v2\/pages\/714"}],"collection":[{"href":"http:\/\/einmed.eu\/fr\/wp-json\/wp\/v2\/pages"}],"about":[{"href":"http:\/\/einmed.eu\/fr\/wp-json\/wp\/v2\/types\/page"}],"author":[{"embeddable":true,"href":"http:\/\/einmed.eu\/fr\/wp-json\/wp\/v2\/users\/1"}],"replies":[{"embeddable":true,"href":"http:\/\/einmed.eu\/fr\/wp-json\/wp\/v2\/comments?post=714"}],"version-history":[{"count":4,"href":"http:\/\/einmed.eu\/fr\/wp-json\/wp\/v2\/pages\/714\/revisions"}],"predecessor-version":[{"id":1320,"href":"http:\/\/einmed.eu\/fr\/wp-json\/wp\/v2\/pages\/714\/revisions\/1320"}],"up":[{"embeddable":true,"href":"http:\/\/einmed.eu\/fr\/wp-json\/wp\/v2\/pages\/658"}],"wp:attachment":[{"href":"http:\/\/einmed.eu\/fr\/wp-json\/wp\/v2\/media?parent=714"}],"curies":[{"name":"wp","href":"https:\/\/api.w.org\/{rel}","templated":true}]}}