{"id":706,"date":"2023-04-27T09:38:38","date_gmt":"2023-04-27T07:38:38","guid":{"rendered":"http:\/\/einmed.eu\/oferta\/worki-z-wlokniny-workifiltracyjne-oraz-opakowaniowetorby-i-pokrowce-z-wlokniny\/"},"modified":"2023-06-28T17:31:00","modified_gmt":"2023-06-28T15:31:00","slug":"worki-z-wlokniny-workifiltracyjne-oraz-opakowaniowetorby-i-pokrowce-z-wlokniny","status":"publish","type":"page","link":"http:\/\/einmed.eu\/fr\/oferta\/worki-z-wlokniny-workifiltracyjne-oraz-opakowaniowetorby-i-pokrowce-z-wlokniny\/","title":{"rendered":"Sacs en tissus non tiss\u00e9s, sacs filtrants et d\u2019emballage, poches et housses en tissus non tiss\u00e9s"},"content":{"rendered":"<section id=\"\" class=\"product-opener acf-block acf-block-id-block_55a7bf1e53083cf13a3915d84b570e4b fz-25\">\n\n\t<div class=\"container-fluid\">\n\t\t<div class=\"row\">\n\t\t\t<div class=\"col-12\">\n\t\t\t\t<div class=\"product-opener__box\" style=\"background-image: url('http:\/\/einmed.eu\/app\/uploads\/2023\/04\/slajd-zdj-scaled.jpg')\">\n\t\t\t\t\t<div class=\"col-12 col-lg-4\">\n\t\t\t\t\t\t<div class=\"info-box \">\n\n\t<div class=\"info-box__logo\">\n\t\t<img decoding=\"async\" src=\"http:\/\/einmed.eu\/app\/themes\/einmed\/assets\/images\/svg\/sygnet.svg\" alt=\"sygnet\">\n\t<\/div>\n\t<div class=\"info-box__wrapper\">\n\t\t<h1 class=\"title\">Sacs en tissus non tiss\u00e9s, sacs filtrants et d\u2019emballage, poches et housses en tissus non tiss\u00e9s<\/h1>\n\t\t\t\t\t\t\t<a href=\"#bottom\" class=\"btn\">En savoir plus<\/a>\n\t\t\t<\/div>\n\n<\/div>\n\t\t\t\t\t<\/div>\n\t\t\t\t<\/div>\n\t\t\t<\/div>\n\t\t<\/div>\n\t<\/div>\n\n<\/section>\n\n\n<section id=\"bottom\" class=\"product-content acf-block acf-block-id-block_30750a7fe0d276c3bcba56b8d1013ace fz-25\">\n\n\t<div class=\"container-fluid\">\n\t\t<div class=\"row row-flex\">\n\t\t\t<div class=\"col-12 col-lg-4 col-flex\">\n\t\t\t\t<div class=\"product-content__aside\">\n\t\t\t\t\t<div class=\"info-box wider\">\n\n\t<div class=\"info-box__logo\">\n\t\t<img decoding=\"async\" src=\"http:\/\/einmed.eu\/app\/themes\/einmed\/assets\/images\/svg\/sygnet.svg\" alt=\"sygnet\">\n\t<\/div>\n\t<div class=\"info-box__wrapper\">\n\t\t<h1 class=\"title\">Sacs en tissus non tiss\u00e9s, sacs filtrants et d\u2019emballage, poches et housses en tissus non tiss\u00e9s <\/h1>\n\t\t\t\t\t<\/div>\n\n<\/div>\n\n\t\t\t\t\t\n\t\t\t\t\t\n\t\t\t\t\t<div class=\"product-content__gallery\">\n\t\t\t\t\t\t\t\t\t\t\t\t\t\t\t\t\t<\/div>\n\t\t\t\t\t<div class=\"product-content__gallery product-content__gallery--horizontal\">\n\t\t\t\t\t\t\t\t\t\t\t<\/div>\n\t\t\t\t<\/div>\n\t\t\t<\/div>\n\t\t\t<div class=\"col-12 col-lg-8\">\n\t\t\t\t<div class=\"product-content__main\">\n\t\t\t\t\t<div class=\"txt\"><p>En r\u00e9pondant aux attentes de nos clients, nous offrons divers produits en tissus non tiss\u00e9s, tant cousus que soud\u00e9s par ultrasons, comme sacs filtrants, emballages, poches en tissus non tiss\u00e9s. Par ailleurs, nous fabriquons des housses de protection en tissus non tiss\u00e9s pour v\u00eatements, matelas, meubles et voitures.<\/p>\n<\/div>\n\n\t\t\t\t\t\t\t\t\t\t\t\t\t\t\t\t\t\t\t<\/div>\n\t\t\t<\/div>\n\t\t<\/div>\n\n\t\t\t<\/div>\n\n<\/section>\n","protected":false},"excerpt":{"rendered":"","protected":false},"author":1,"featured_media":0,"parent":658,"menu_order":0,"comment_status":"closed","ping_status":"closed","template":"","meta":[],"acf":[],"yoast_head":"<!-- This site is optimized with the Yoast SEO plugin v20.10 - https:\/\/yoast.com\/wordpress\/plugins\/seo\/ -->\n<title>Sacs en tissus non tiss\u00e9s, sacs filtrants et d\u2019emballage, poches et housses en tissus non tiss\u00e9s - Einmed<\/title>\n<meta name=\"robots\" content=\"index, follow, max-snippet:-1, max-image-preview:large, max-video-preview:-1\" \/>\n<link rel=\"canonical\" href=\"http:\/\/einmed.eu\/fr\/oferta\/worki-z-wlokniny-workifiltracyjne-oraz-opakowaniowetorby-i-pokrowce-z-wlokniny\/\" \/>\n<meta property=\"og:locale\" content=\"fr_FR\" \/>\n<meta property=\"og:type\" content=\"article\" \/>\n<meta property=\"og:title\" content=\"Sacs en tissus non tiss\u00e9s, sacs filtrants et d\u2019emballage, poches et housses en tissus non tiss\u00e9s - Einmed\" \/>\n<meta property=\"og:url\" content=\"http:\/\/einmed.eu\/fr\/oferta\/worki-z-wlokniny-workifiltracyjne-oraz-opakowaniowetorby-i-pokrowce-z-wlokniny\/\" \/>\n<meta property=\"og:site_name\" content=\"Einmed\" \/>\n<meta property=\"article:modified_time\" content=\"2023-06-28T15:31:00+00:00\" \/>\n<meta name=\"twitter:card\" content=\"summary_large_image\" \/>\n<script type=\"application\/ld+json\" class=\"yoast-schema-graph\">{\"@context\":\"https:\/\/schema.org\",\"@graph\":[{\"@type\":\"WebPage\",\"@id\":\"http:\/\/einmed.eu\/fr\/oferta\/worki-z-wlokniny-workifiltracyjne-oraz-opakowaniowetorby-i-pokrowce-z-wlokniny\/\",\"url\":\"http:\/\/einmed.eu\/fr\/oferta\/worki-z-wlokniny-workifiltracyjne-oraz-opakowaniowetorby-i-pokrowce-z-wlokniny\/\",\"name\":\"Sacs en tissus non tiss\u00e9s, sacs filtrants et d\u2019emballage, poches et housses en tissus non tiss\u00e9s - Einmed\",\"isPartOf\":{\"@id\":\"https:\/\/einmed.eu\/fr\/#website\"},\"datePublished\":\"2023-04-27T07:38:38+00:00\",\"dateModified\":\"2023-06-28T15:31:00+00:00\",\"breadcrumb\":{\"@id\":\"http:\/\/einmed.eu\/fr\/oferta\/worki-z-wlokniny-workifiltracyjne-oraz-opakowaniowetorby-i-pokrowce-z-wlokniny\/#breadcrumb\"},\"inLanguage\":\"fr-FR\",\"potentialAction\":[{\"@type\":\"ReadAction\",\"target\":[\"http:\/\/einmed.eu\/fr\/oferta\/worki-z-wlokniny-workifiltracyjne-oraz-opakowaniowetorby-i-pokrowce-z-wlokniny\/\"]}]},{\"@type\":\"BreadcrumbList\",\"@id\":\"http:\/\/einmed.eu\/fr\/oferta\/worki-z-wlokniny-workifiltracyjne-oraz-opakowaniowetorby-i-pokrowce-z-wlokniny\/#breadcrumb\",\"itemListElement\":[{\"@type\":\"ListItem\",\"position\":1,\"name\":\"Offre\",\"item\":\"https:\/\/einmed.eu\/fr\/oferta\/\"},{\"@type\":\"ListItem\",\"position\":2,\"name\":\"Sacs en tissus non tiss\u00e9s, sacs filtrants et d\u2019emballage, poches et housses en tissus non tiss\u00e9s\"}]},{\"@type\":\"WebSite\",\"@id\":\"https:\/\/einmed.eu\/fr\/#website\",\"url\":\"https:\/\/einmed.eu\/fr\/\",\"name\":\"Einmed\",\"description\":\"Producent w\u0142\u00f3knin oraz pokrowc\u00f3w na materace\",\"potentialAction\":[{\"@type\":\"SearchAction\",\"target\":{\"@type\":\"EntryPoint\",\"urlTemplate\":\"https:\/\/einmed.eu\/fr\/?s={search_term_string}\"},\"query-input\":\"required name=search_term_string\"}],\"inLanguage\":\"fr-FR\"}]}<\/script>\n<!-- \/ Yoast SEO plugin. -->","yoast_head_json":{"title":"Sacs en tissus non tiss\u00e9s, sacs filtrants et d\u2019emballage, poches et housses en tissus non tiss\u00e9s - Einmed","robots":{"index":"index","follow":"follow","max-snippet":"max-snippet:-1","max-image-preview":"max-image-preview:large","max-video-preview":"max-video-preview:-1"},"canonical":"http:\/\/einmed.eu\/fr\/oferta\/worki-z-wlokniny-workifiltracyjne-oraz-opakowaniowetorby-i-pokrowce-z-wlokniny\/","og_locale":"fr_FR","og_type":"article","og_title":"Sacs en tissus non tiss\u00e9s, sacs filtrants et d\u2019emballage, poches et housses en tissus non tiss\u00e9s - Einmed","og_url":"http:\/\/einmed.eu\/fr\/oferta\/worki-z-wlokniny-workifiltracyjne-oraz-opakowaniowetorby-i-pokrowce-z-wlokniny\/","og_site_name":"Einmed","article_modified_time":"2023-06-28T15:31:00+00:00","twitter_card":"summary_large_image","schema":{"@context":"https:\/\/schema.org","@graph":[{"@type":"WebPage","@id":"http:\/\/einmed.eu\/fr\/oferta\/worki-z-wlokniny-workifiltracyjne-oraz-opakowaniowetorby-i-pokrowce-z-wlokniny\/","url":"http:\/\/einmed.eu\/fr\/oferta\/worki-z-wlokniny-workifiltracyjne-oraz-opakowaniowetorby-i-pokrowce-z-wlokniny\/","name":"Sacs en tissus non tiss\u00e9s, sacs filtrants et d\u2019emballage, poches et housses en tissus non tiss\u00e9s - Einmed","isPartOf":{"@id":"https:\/\/einmed.eu\/fr\/#website"},"datePublished":"2023-04-27T07:38:38+00:00","dateModified":"2023-06-28T15:31:00+00:00","breadcrumb":{"@id":"http:\/\/einmed.eu\/fr\/oferta\/worki-z-wlokniny-workifiltracyjne-oraz-opakowaniowetorby-i-pokrowce-z-wlokniny\/#breadcrumb"},"inLanguage":"fr-FR","potentialAction":[{"@type":"ReadAction","target":["http:\/\/einmed.eu\/fr\/oferta\/worki-z-wlokniny-workifiltracyjne-oraz-opakowaniowetorby-i-pokrowce-z-wlokniny\/"]}]},{"@type":"BreadcrumbList","@id":"http:\/\/einmed.eu\/fr\/oferta\/worki-z-wlokniny-workifiltracyjne-oraz-opakowaniowetorby-i-pokrowce-z-wlokniny\/#breadcrumb","itemListElement":[{"@type":"ListItem","position":1,"name":"Offre","item":"https:\/\/einmed.eu\/fr\/oferta\/"},{"@type":"ListItem","position":2,"name":"Sacs en tissus non tiss\u00e9s, sacs filtrants et d\u2019emballage, poches et housses en tissus non tiss\u00e9s"}]},{"@type":"WebSite","@id":"https:\/\/einmed.eu\/fr\/#website","url":"https:\/\/einmed.eu\/fr\/","name":"Einmed","description":"Producent w\u0142\u00f3knin oraz pokrowc\u00f3w na materace","potentialAction":[{"@type":"SearchAction","target":{"@type":"EntryPoint","urlTemplate":"https:\/\/einmed.eu\/fr\/?s={search_term_string}"},"query-input":"required name=search_term_string"}],"inLanguage":"fr-FR"}]}},"_links":{"self":[{"href":"http:\/\/einmed.eu\/fr\/wp-json\/wp\/v2\/pages\/706"}],"collection":[{"href":"http:\/\/einmed.eu\/fr\/wp-json\/wp\/v2\/pages"}],"about":[{"href":"http:\/\/einmed.eu\/fr\/wp-json\/wp\/v2\/types\/page"}],"author":[{"embeddable":true,"href":"http:\/\/einmed.eu\/fr\/wp-json\/wp\/v2\/users\/1"}],"replies":[{"embeddable":true,"href":"http:\/\/einmed.eu\/fr\/wp-json\/wp\/v2\/comments?post=706"}],"version-history":[{"count":4,"href":"http:\/\/einmed.eu\/fr\/wp-json\/wp\/v2\/pages\/706\/revisions"}],"predecessor-version":[{"id":1319,"href":"http:\/\/einmed.eu\/fr\/wp-json\/wp\/v2\/pages\/706\/revisions\/1319"}],"up":[{"embeddable":true,"href":"http:\/\/einmed.eu\/fr\/wp-json\/wp\/v2\/pages\/658"}],"wp:attachment":[{"href":"http:\/\/einmed.eu\/fr\/wp-json\/wp\/v2\/media?parent=706"}],"curies":[{"name":"wp","href":"https:\/\/api.w.org\/{rel}","templated":true}]}}