{"id":698,"date":"2023-03-29T08:55:47","date_gmt":"2023-03-29T06:55:47","guid":{"rendered":"http:\/\/einmed.eu\/oferta\/wlokniny-typumeltblown-i-sms\/"},"modified":"2023-06-28T17:30:41","modified_gmt":"2023-06-28T15:30:41","slug":"wlokniny-typumeltblown-i-sms","status":"publish","type":"page","link":"http:\/\/einmed.eu\/fr\/oferta\/wlokniny-typumeltblown-i-sms\/","title":{"rendered":"Tissus non tiss\u00e9s de type meltblown et SMS"},"content":{"rendered":"<section id=\"\" class=\"product-opener acf-block acf-block-id-block_3a589906001e3ab9389921692c8a3367 \">\n\n\t<div class=\"container-fluid\">\n\t\t<div class=\"row\">\n\t\t\t<div class=\"col-12\">\n\t\t\t\t<div class=\"product-opener__box\" style=\"background-image: url('http:\/\/einmed.eu\/app\/uploads\/2023\/03\/wlokniny-typu-meltblown-4-scaled.jpg')\">\n\t\t\t\t\t<div class=\"col-12 col-lg-4\">\n\t\t\t\t\t\t<div class=\"info-box \">\n\n\t<div class=\"info-box__logo\">\n\t\t<img decoding=\"async\" src=\"http:\/\/einmed.eu\/app\/themes\/einmed\/assets\/images\/svg\/sygnet.svg\" alt=\"sygnet\">\n\t<\/div>\n\t<div class=\"info-box__wrapper\">\n\t\t<h1 class=\"title\">Tissus non tiss\u00e9s de type meltblown et SMS<\/h1>\n\t\t\t\t\t\t\t<a href=\"#bottom\" class=\"btn\">En savoir plus<\/a>\n\t\t\t<\/div>\n\n<\/div>\n\t\t\t\t\t<\/div>\n\t\t\t\t<\/div>\n\t\t\t<\/div>\n\t\t<\/div>\n\t<\/div>\n\n<\/section>\n\n\n<section id=\"bottom\" class=\"product-content acf-block acf-block-id-block_862b39e5d75ca9418010755ae8ebad57  acf-block--desktop-pt-20 acf-block--mobile-pt-20\">\n\n\t<div class=\"container-fluid\">\n\t\t<div class=\"row row-flex\">\n\t\t\t<div class=\"col-12 col-lg-4 col-flex\">\n\t\t\t\t<div class=\"product-content__aside\">\n\t\t\t\t\t<div class=\"info-box wider\">\n\n\t<div class=\"info-box__logo\">\n\t\t<img decoding=\"async\" src=\"http:\/\/einmed.eu\/app\/themes\/einmed\/assets\/images\/svg\/sygnet.svg\" alt=\"sygnet\">\n\t<\/div>\n\t<div class=\"info-box__wrapper\">\n\t\t<h1 class=\"title\">Tissus non tiss\u00e9s de type meltblown et SMS<\/h1>\n\t\t\t\t\t<\/div>\n\n<\/div>\n\n\t\t\t\t\t\n\t\t\t\t\t\n\t\t\t\t\t<div class=\"product-content__gallery\">\n\t\t\t\t\t\t\t\t\t\t\t\t\t\t\t\t\t\t\t\t\t\t\t\t\t\t\t<div class=\"product-content__img\">\n\t\t\t\t\t\t\t\t\t<img decoding=\"async\" src=\"http:\/\/einmed.eu\/app\/uploads\/2023\/04\/1-51-1.webp\" alt=\"\"\n\t\t\t\t\t\t\t\t\t\t srcset=\"http:\/\/einmed.eu\/app\/uploads\/2023\/04\/1-51-1-466x284-c-default.webp 1x, http:\/\/einmed.eu\/app\/uploads\/2023\/04\/1-51-1-932x568-c-default.webp 2x\">\n\t\t\t\t\t\t\t\t<\/div>\n\t\t\t\t\t\t\t\t\t\t\t\t\t\t\t\t\t\t\t\t\t\t\t\t\t\t\t\t\t\t\t\t\t\t\t\t\t\t\t\t\t\t\t\t\t\t\t\t\t\t\t\t\t\t\t\t\t<\/div>\n\t\t\t\t\t<div class=\"product-content__gallery product-content__gallery--horizontal\">\n\t\t\t\t\t\t\t\t\t\t\t\t\t\t\t\t\t\t\t\t\t\t\t\t\t\t\t\t\t\t\t\t\t\t<div class=\"product-content__img\">\n\t\t\t\t\t\t\t\t\t<img decoding=\"async\" src=\"http:\/\/einmed.eu\/app\/uploads\/2023\/04\/1-67-1.webp\" alt=\"\"\n\t\t\t\t\t\t\t\t\t\t srcset=\"http:\/\/einmed.eu\/app\/uploads\/2023\/04\/1-67-1-136x136-c-default.webp 1x, http:\/\/einmed.eu\/app\/uploads\/2023\/04\/1-67-1-272x272-c-default.webp 2x\">\n\t\t\t\t\t\t\t\t<\/div>\n\t\t\t\t\t\t\t\t\t\t\t\t\t\t\t\t\t\t\t\t\t\t\t\t\t\t\t\t<div class=\"product-content__img\">\n\t\t\t\t\t\t\t\t\t<img decoding=\"async\" src=\"http:\/\/einmed.eu\/app\/uploads\/2023\/04\/wlokniny-typu-meltblown-5.webp\" alt=\"\"\n\t\t\t\t\t\t\t\t\t\t srcset=\"http:\/\/einmed.eu\/app\/uploads\/2023\/04\/wlokniny-typu-meltblown-5-136x136-c-default.webp 1x, http:\/\/einmed.eu\/app\/uploads\/2023\/04\/wlokniny-typu-meltblown-5-272x272-c-default.webp 2x\">\n\t\t\t\t\t\t\t\t<\/div>\n\t\t\t\t\t\t\t\t\t\t\t\t\t\t\t\t\t\t\t\t\t\t\t\t\t\t\t\t<div class=\"product-content__img\">\n\t\t\t\t\t\t\t\t\t<img decoding=\"async\" src=\"http:\/\/einmed.eu\/app\/uploads\/2023\/04\/IMG20230404120537-1.webp\" alt=\"\"\n\t\t\t\t\t\t\t\t\t\t srcset=\"http:\/\/einmed.eu\/app\/uploads\/2023\/04\/IMG20230404120537-1-136x136-c-default.webp 1x, http:\/\/einmed.eu\/app\/uploads\/2023\/04\/IMG20230404120537-1-272x272-c-default.webp 2x\">\n\t\t\t\t\t\t\t\t<\/div>\n\t\t\t\t\t\t\t\t\t\t\t\t\t\t\t\t\t\t<\/div>\n\t\t\t\t<\/div>\n\t\t\t<\/div>\n\t\t\t<div class=\"col-12 col-lg-8\">\n\t\t\t\t<div class=\"product-content__main\">\n\t\t\t\t\t<div class=\"txt\"><p>Notre dessein est le d\u00e9veloppement continu, c\u2019est pourquoi nous nous effor\u00e7ons d\u2019\u00e9tendre notre offre avec de produits innovants. Il y a, entre autres, les tissus non tiss\u00e9s de type meltblown et SMS dans notre catalogue. La technologie moderne de la fabrication des tissus non tiss\u00e9s de type meltblown permet de produire un mat\u00e9riau aux propri\u00e9t\u00e9s filtrantes tr\u00e8s \u00e9lev\u00e9es qui peut \u00eatre utilis\u00e9 pour fabriquer des produits filtrants de tout type, masques m\u00e9dicaux et masques FFP. Le type SMS (Spunbond-Meltblown-Spunbond) a \u00e9t\u00e9 cr\u00e9\u00e9 en combinant les tissus non tiss\u00e9s de type spunbond et meltblown. Gr\u00e2ce \u00e0 cela, le mat\u00e9riau ainsi obtenu est durable, imperm\u00e9able aux liquides et, en m\u00eame temps, respirant et caract\u00e9ris\u00e9 par les propri\u00e9t\u00e9s filtrantes \u00e9lev\u00e9es. C\u2019est pourquoi il est utilis\u00e9 avec succ\u00e8s pour fabriquer des produits m\u00e9dicaux et hygi\u00e9niques de tout type (v\u00eatements de protection et m\u00e9dicaux, nappes pour salle d\u2019op\u00e9ration, couches, filtres).<\/p>\n<\/div>\n\n\t\t\t\t\t\t\t\t\t\t\t\t\t\t\t\t\t\t\t<\/div>\n\t\t\t<\/div>\n\t\t<\/div>\n\n\t\t\t<\/div>\n\n<\/section>\n","protected":false},"excerpt":{"rendered":"","protected":false},"author":1,"featured_media":0,"parent":658,"menu_order":0,"comment_status":"closed","ping_status":"closed","template":"","meta":[],"acf":[],"yoast_head":"<!-- This site is optimized with the Yoast SEO plugin v20.10 - https:\/\/yoast.com\/wordpress\/plugins\/seo\/ -->\n<title>Tissus non tiss\u00e9s de type meltblown et SMS - Einmed<\/title>\n<meta name=\"robots\" content=\"index, follow, max-snippet:-1, max-image-preview:large, max-video-preview:-1\" \/>\n<link rel=\"canonical\" href=\"http:\/\/einmed.eu\/fr\/oferta\/wlokniny-typumeltblown-i-sms\/\" \/>\n<meta property=\"og:locale\" content=\"fr_FR\" \/>\n<meta property=\"og:type\" content=\"article\" \/>\n<meta property=\"og:title\" content=\"Tissus non tiss\u00e9s de type meltblown et SMS - Einmed\" \/>\n<meta property=\"og:url\" content=\"http:\/\/einmed.eu\/fr\/oferta\/wlokniny-typumeltblown-i-sms\/\" \/>\n<meta property=\"og:site_name\" content=\"Einmed\" \/>\n<meta property=\"article:modified_time\" content=\"2023-06-28T15:30:41+00:00\" \/>\n<meta name=\"twitter:card\" content=\"summary_large_image\" \/>\n<script type=\"application\/ld+json\" class=\"yoast-schema-graph\">{\"@context\":\"https:\/\/schema.org\",\"@graph\":[{\"@type\":\"WebPage\",\"@id\":\"http:\/\/einmed.eu\/fr\/oferta\/wlokniny-typumeltblown-i-sms\/\",\"url\":\"http:\/\/einmed.eu\/fr\/oferta\/wlokniny-typumeltblown-i-sms\/\",\"name\":\"Tissus non tiss\u00e9s de type meltblown et SMS - Einmed\",\"isPartOf\":{\"@id\":\"http:\/\/einmed.eu\/fr\/#website\"},\"datePublished\":\"2023-03-29T06:55:47+00:00\",\"dateModified\":\"2023-06-28T15:30:41+00:00\",\"breadcrumb\":{\"@id\":\"http:\/\/einmed.eu\/fr\/oferta\/wlokniny-typumeltblown-i-sms\/#breadcrumb\"},\"inLanguage\":\"fr-FR\",\"potentialAction\":[{\"@type\":\"ReadAction\",\"target\":[\"http:\/\/einmed.eu\/fr\/oferta\/wlokniny-typumeltblown-i-sms\/\"]}]},{\"@type\":\"BreadcrumbList\",\"@id\":\"http:\/\/einmed.eu\/fr\/oferta\/wlokniny-typumeltblown-i-sms\/#breadcrumb\",\"itemListElement\":[{\"@type\":\"ListItem\",\"position\":1,\"name\":\"Offre\",\"item\":\"https:\/\/einmed.eu\/fr\/oferta\/\"},{\"@type\":\"ListItem\",\"position\":2,\"name\":\"Tissus non tiss\u00e9s de type meltblown et SMS\"}]},{\"@type\":\"WebSite\",\"@id\":\"http:\/\/einmed.eu\/fr\/#website\",\"url\":\"http:\/\/einmed.eu\/fr\/\",\"name\":\"Einmed\",\"description\":\"Producent w\u0142\u00f3knin oraz pokrowc\u00f3w na materace\",\"potentialAction\":[{\"@type\":\"SearchAction\",\"target\":{\"@type\":\"EntryPoint\",\"urlTemplate\":\"http:\/\/einmed.eu\/fr\/?s={search_term_string}\"},\"query-input\":\"required name=search_term_string\"}],\"inLanguage\":\"fr-FR\"}]}<\/script>\n<!-- \/ Yoast SEO plugin. -->","yoast_head_json":{"title":"Tissus non tiss\u00e9s de type meltblown et SMS - Einmed","robots":{"index":"index","follow":"follow","max-snippet":"max-snippet:-1","max-image-preview":"max-image-preview:large","max-video-preview":"max-video-preview:-1"},"canonical":"http:\/\/einmed.eu\/fr\/oferta\/wlokniny-typumeltblown-i-sms\/","og_locale":"fr_FR","og_type":"article","og_title":"Tissus non tiss\u00e9s de type meltblown et SMS - Einmed","og_url":"http:\/\/einmed.eu\/fr\/oferta\/wlokniny-typumeltblown-i-sms\/","og_site_name":"Einmed","article_modified_time":"2023-06-28T15:30:41+00:00","twitter_card":"summary_large_image","schema":{"@context":"https:\/\/schema.org","@graph":[{"@type":"WebPage","@id":"http:\/\/einmed.eu\/fr\/oferta\/wlokniny-typumeltblown-i-sms\/","url":"http:\/\/einmed.eu\/fr\/oferta\/wlokniny-typumeltblown-i-sms\/","name":"Tissus non tiss\u00e9s de type meltblown et SMS - Einmed","isPartOf":{"@id":"http:\/\/einmed.eu\/fr\/#website"},"datePublished":"2023-03-29T06:55:47+00:00","dateModified":"2023-06-28T15:30:41+00:00","breadcrumb":{"@id":"http:\/\/einmed.eu\/fr\/oferta\/wlokniny-typumeltblown-i-sms\/#breadcrumb"},"inLanguage":"fr-FR","potentialAction":[{"@type":"ReadAction","target":["http:\/\/einmed.eu\/fr\/oferta\/wlokniny-typumeltblown-i-sms\/"]}]},{"@type":"BreadcrumbList","@id":"http:\/\/einmed.eu\/fr\/oferta\/wlokniny-typumeltblown-i-sms\/#breadcrumb","itemListElement":[{"@type":"ListItem","position":1,"name":"Offre","item":"https:\/\/einmed.eu\/fr\/oferta\/"},{"@type":"ListItem","position":2,"name":"Tissus non tiss\u00e9s de type meltblown et SMS"}]},{"@type":"WebSite","@id":"http:\/\/einmed.eu\/fr\/#website","url":"http:\/\/einmed.eu\/fr\/","name":"Einmed","description":"Producent w\u0142\u00f3knin oraz pokrowc\u00f3w na materace","potentialAction":[{"@type":"SearchAction","target":{"@type":"EntryPoint","urlTemplate":"http:\/\/einmed.eu\/fr\/?s={search_term_string}"},"query-input":"required name=search_term_string"}],"inLanguage":"fr-FR"}]}},"_links":{"self":[{"href":"http:\/\/einmed.eu\/fr\/wp-json\/wp\/v2\/pages\/698"}],"collection":[{"href":"http:\/\/einmed.eu\/fr\/wp-json\/wp\/v2\/pages"}],"about":[{"href":"http:\/\/einmed.eu\/fr\/wp-json\/wp\/v2\/types\/page"}],"author":[{"embeddable":true,"href":"http:\/\/einmed.eu\/fr\/wp-json\/wp\/v2\/users\/1"}],"replies":[{"embeddable":true,"href":"http:\/\/einmed.eu\/fr\/wp-json\/wp\/v2\/comments?post=698"}],"version-history":[{"count":5,"href":"http:\/\/einmed.eu\/fr\/wp-json\/wp\/v2\/pages\/698\/revisions"}],"predecessor-version":[{"id":1318,"href":"http:\/\/einmed.eu\/fr\/wp-json\/wp\/v2\/pages\/698\/revisions\/1318"}],"up":[{"embeddable":true,"href":"http:\/\/einmed.eu\/fr\/wp-json\/wp\/v2\/pages\/658"}],"wp:attachment":[{"href":"http:\/\/einmed.eu\/fr\/wp-json\/wp\/v2\/media?parent=698"}],"curies":[{"name":"wp","href":"https:\/\/api.w.org\/{rel}","templated":true}]}}