{"id":666,"date":"2023-03-29T11:50:37","date_gmt":"2023-03-29T09:50:37","guid":{"rendered":"http:\/\/einmed.eu\/oferta\/ciecie-przewijanie-wloknin-formatki\/"},"modified":"2023-06-28T17:29:41","modified_gmt":"2023-06-28T15:29:41","slug":"ciecie-przewijanie-wloknin-formatki","status":"publish","type":"page","link":"http:\/\/einmed.eu\/fr\/oferta\/ciecie-przewijanie-wloknin-formatki\/","title":{"rendered":"D\u00e9coupage et d\u00e9filement de tissus non tiss\u00e9s. Gabarits en tissus non tiss\u00e9s"},"content":{"rendered":"<section id=\"\" class=\"product-opener acf-block acf-block-id-block_031fe38c6d60a7ae591430d5a8ee5b9f \">\n\n\t<div class=\"container-fluid\">\n\t\t<div class=\"row\">\n\t\t\t<div class=\"col-12\">\n\t\t\t\t<div class=\"product-opener__box\" style=\"background-image: url('http:\/\/einmed.eu\/app\/uploads\/2023\/03\/ciecie-i-przewijanie-wloknin-1-scaled.jpg')\">\n\t\t\t\t\t<div class=\"col-12 col-lg-4\">\n\t\t\t\t\t\t<div class=\"info-box \">\n\n\t<div class=\"info-box__logo\">\n\t\t<img decoding=\"async\" src=\"http:\/\/einmed.eu\/app\/themes\/einmed\/assets\/images\/svg\/sygnet.svg\" alt=\"sygnet\">\n\t<\/div>\n\t<div class=\"info-box__wrapper\">\n\t\t<h1 class=\"title\">D\u00e9coupage et d\u00e9filement de tissus non tiss\u00e9s. Gabarits en tissus non tiss\u00e9s.<\/h1>\n\t\t\t\t\t\t\t<a href=\"#bottom\" class=\"btn\">En savoir plus<\/a>\n\t\t\t<\/div>\n\n<\/div>\n\t\t\t\t\t<\/div>\n\t\t\t\t<\/div>\n\t\t\t<\/div>\n\t\t<\/div>\n\t<\/div>\n\n<\/section>\n\n\n<section id=\"bottom\" class=\"product-content acf-block acf-block-id-block_c445fdbc09ec8ca19022bbf35e447946 mobile-no-margin acf-block--desktop-pt-20 acf-block--mobile-pt-20\">\n\n\t<div class=\"container-fluid\">\n\t\t<div class=\"row row-flex\">\n\t\t\t<div class=\"col-12 col-lg-4 col-flex\">\n\t\t\t\t<div class=\"product-content__aside\">\n\t\t\t\t\t<div class=\"info-box wider\">\n\n\t<div class=\"info-box__logo\">\n\t\t<img decoding=\"async\" src=\"http:\/\/einmed.eu\/app\/themes\/einmed\/assets\/images\/svg\/sygnet.svg\" alt=\"sygnet\">\n\t<\/div>\n\t<div class=\"info-box__wrapper\">\n\t\t<h1 class=\"title\">D\u00e9coupage et d\u00e9filement de tissus non tiss\u00e9s. Gabarits en tissus non tiss\u00e9s.<\/h1>\n\t\t\t\t\t<\/div>\n\n<\/div>\n\n\t\t\t\t\t\n\t\t\t\t\t\n\t\t\t\t\t<div class=\"product-content__gallery\">\n\t\t\t\t\t\t\t\t\t\t\t\t\t\t\t\t\t<\/div>\n\t\t\t\t\t<div class=\"product-content__gallery product-content__gallery--horizontal\">\n\t\t\t\t\t\t\t\t\t\t\t<\/div>\n\t\t\t\t<\/div>\n\t\t\t<\/div>\n\t\t\t<div class=\"col-12 col-lg-8\">\n\t\t\t\t<div class=\"product-content__main\">\n\t\t\t\t\t<div class=\"txt\"><p>Gr\u00e2ce \u00e0 nos appareils modernes, nous pouvons fabriquer les tissus non tiss\u00e9s dont la largeur est de quelques millim\u00e8tres et d\u00e9couper pr\u00e9cis\u00e9ment le mat\u00e9riau selon la largeur d\u00e9sir\u00e9e. De surcro\u00eet, notre offre comprend des rouleaux avec des ensouples tr\u00e8s petites. Chez nous, il est possible de couper les mat\u00e9riaux, y compris les tissus non tiss\u00e9s et mat\u00e9riaux fournis, en gabarits de diff\u00e9rentes dimensions.<\/p>\n<\/div>\n\n\t\t\t\t\t\t\t\t\t\t\t\t\t\t\t\t\t\t\t<\/div>\n\t\t\t<\/div>\n\t\t<\/div>\n\n\t\t\t\t\t<div class=\"row\">\n\t\t\t\t<div class=\"col-12\">\n\t\t\t\t\t<div class=\"product-content__photos\">\n\t\t\t\t\t\t\t\t\t\t\t\t\t<div class=\"product-content__photo\">\n\t\t\t\t\t\t\t\t<img decoding=\"async\" src=\"http:\/\/einmed.eu\/app\/uploads\/2023\/04\/IMG20230412143121-1.webp\" alt=\"\"\n\t\t\t\t\t\t\t\t\t srcset=\"http:\/\/einmed.eu\/app\/uploads\/2023\/04\/IMG20230412143121-1-444x290-c-default.webp 1x, http:\/\/einmed.eu\/app\/uploads\/2023\/04\/IMG20230412143121-1-888x580-c-default.webp 2x\">\n\t\t\t\t\t\t\t<\/div>\n\t\t\t\t\t\t\t\t\t\t\t\t\t<div class=\"product-content__photo\">\n\t\t\t\t\t\t\t\t<img decoding=\"async\" src=\"http:\/\/einmed.eu\/app\/uploads\/2023\/04\/IMG20230405124400_BURST000_COVER-1-1.webp\" alt=\"\"\n\t\t\t\t\t\t\t\t\t srcset=\"http:\/\/einmed.eu\/app\/uploads\/2023\/04\/IMG20230405124400_BURST000_COVER-1-1-444x290-c-default.webp 1x, http:\/\/einmed.eu\/app\/uploads\/2023\/04\/IMG20230405124400_BURST000_COVER-1-1-888x580-c-default.webp 2x\">\n\t\t\t\t\t\t\t<\/div>\n\t\t\t\t\t\t\t\t\t\t\t\t\t<div class=\"product-content__photo\">\n\t\t\t\t\t\t\t\t<img decoding=\"async\" src=\"http:\/\/einmed.eu\/app\/uploads\/2023\/04\/IMG20230405124655-1-1.webp\" alt=\"\"\n\t\t\t\t\t\t\t\t\t srcset=\"http:\/\/einmed.eu\/app\/uploads\/2023\/04\/IMG20230405124655-1-1-444x290-c-default.webp 1x, http:\/\/einmed.eu\/app\/uploads\/2023\/04\/IMG20230405124655-1-1-888x580-c-default.webp 2x\">\n\t\t\t\t\t\t\t<\/div>\n\t\t\t\t\t\t\t\t\t\t\t<\/div>\n\t\t\t\t<\/div>\n\t\t\t<\/div>\n\t\t\t<\/div>\n\n<\/section>\n","protected":false},"excerpt":{"rendered":"","protected":false},"author":1,"featured_media":0,"parent":658,"menu_order":0,"comment_status":"closed","ping_status":"closed","template":"","meta":[],"acf":[],"yoast_head":"<!-- This site is optimized with the Yoast SEO plugin v20.10 - https:\/\/yoast.com\/wordpress\/plugins\/seo\/ -->\n<title>D\u00e9coupage et d\u00e9filement de tissus non tiss\u00e9s. Gabarits en tissus non tiss\u00e9s - Einmed<\/title>\n<meta name=\"robots\" content=\"index, follow, max-snippet:-1, max-image-preview:large, max-video-preview:-1\" \/>\n<link rel=\"canonical\" href=\"http:\/\/einmed.eu\/fr\/oferta\/ciecie-przewijanie-wloknin-formatki\/\" \/>\n<meta property=\"og:locale\" content=\"fr_FR\" \/>\n<meta property=\"og:type\" content=\"article\" \/>\n<meta property=\"og:title\" content=\"D\u00e9coupage et d\u00e9filement de tissus non tiss\u00e9s. Gabarits en tissus non tiss\u00e9s - Einmed\" \/>\n<meta property=\"og:url\" content=\"http:\/\/einmed.eu\/fr\/oferta\/ciecie-przewijanie-wloknin-formatki\/\" \/>\n<meta property=\"og:site_name\" content=\"Einmed\" \/>\n<meta property=\"article:modified_time\" content=\"2023-06-28T15:29:41+00:00\" \/>\n<meta name=\"twitter:card\" content=\"summary_large_image\" \/>\n<script type=\"application\/ld+json\" class=\"yoast-schema-graph\">{\"@context\":\"https:\/\/schema.org\",\"@graph\":[{\"@type\":\"WebPage\",\"@id\":\"http:\/\/einmed.eu\/fr\/oferta\/ciecie-przewijanie-wloknin-formatki\/\",\"url\":\"http:\/\/einmed.eu\/fr\/oferta\/ciecie-przewijanie-wloknin-formatki\/\",\"name\":\"D\u00e9coupage et d\u00e9filement de tissus non tiss\u00e9s. Gabarits en tissus non tiss\u00e9s - Einmed\",\"isPartOf\":{\"@id\":\"http:\/\/einmed.eu\/fr\/#website\"},\"datePublished\":\"2023-03-29T09:50:37+00:00\",\"dateModified\":\"2023-06-28T15:29:41+00:00\",\"breadcrumb\":{\"@id\":\"http:\/\/einmed.eu\/fr\/oferta\/ciecie-przewijanie-wloknin-formatki\/#breadcrumb\"},\"inLanguage\":\"fr-FR\",\"potentialAction\":[{\"@type\":\"ReadAction\",\"target\":[\"http:\/\/einmed.eu\/fr\/oferta\/ciecie-przewijanie-wloknin-formatki\/\"]}]},{\"@type\":\"BreadcrumbList\",\"@id\":\"http:\/\/einmed.eu\/fr\/oferta\/ciecie-przewijanie-wloknin-formatki\/#breadcrumb\",\"itemListElement\":[{\"@type\":\"ListItem\",\"position\":1,\"name\":\"Offre\",\"item\":\"https:\/\/einmed.eu\/fr\/oferta\/\"},{\"@type\":\"ListItem\",\"position\":2,\"name\":\"D\u00e9coupage et d\u00e9filement de tissus non tiss\u00e9s. Gabarits en tissus non tiss\u00e9s\"}]},{\"@type\":\"WebSite\",\"@id\":\"http:\/\/einmed.eu\/fr\/#website\",\"url\":\"http:\/\/einmed.eu\/fr\/\",\"name\":\"Einmed\",\"description\":\"Producent w\u0142\u00f3knin oraz pokrowc\u00f3w na materace\",\"potentialAction\":[{\"@type\":\"SearchAction\",\"target\":{\"@type\":\"EntryPoint\",\"urlTemplate\":\"http:\/\/einmed.eu\/fr\/?s={search_term_string}\"},\"query-input\":\"required name=search_term_string\"}],\"inLanguage\":\"fr-FR\"}]}<\/script>\n<!-- \/ Yoast SEO plugin. -->","yoast_head_json":{"title":"D\u00e9coupage et d\u00e9filement de tissus non tiss\u00e9s. Gabarits en tissus non tiss\u00e9s - Einmed","robots":{"index":"index","follow":"follow","max-snippet":"max-snippet:-1","max-image-preview":"max-image-preview:large","max-video-preview":"max-video-preview:-1"},"canonical":"http:\/\/einmed.eu\/fr\/oferta\/ciecie-przewijanie-wloknin-formatki\/","og_locale":"fr_FR","og_type":"article","og_title":"D\u00e9coupage et d\u00e9filement de tissus non tiss\u00e9s. Gabarits en tissus non tiss\u00e9s - Einmed","og_url":"http:\/\/einmed.eu\/fr\/oferta\/ciecie-przewijanie-wloknin-formatki\/","og_site_name":"Einmed","article_modified_time":"2023-06-28T15:29:41+00:00","twitter_card":"summary_large_image","schema":{"@context":"https:\/\/schema.org","@graph":[{"@type":"WebPage","@id":"http:\/\/einmed.eu\/fr\/oferta\/ciecie-przewijanie-wloknin-formatki\/","url":"http:\/\/einmed.eu\/fr\/oferta\/ciecie-przewijanie-wloknin-formatki\/","name":"D\u00e9coupage et d\u00e9filement de tissus non tiss\u00e9s. Gabarits en tissus non tiss\u00e9s - Einmed","isPartOf":{"@id":"http:\/\/einmed.eu\/fr\/#website"},"datePublished":"2023-03-29T09:50:37+00:00","dateModified":"2023-06-28T15:29:41+00:00","breadcrumb":{"@id":"http:\/\/einmed.eu\/fr\/oferta\/ciecie-przewijanie-wloknin-formatki\/#breadcrumb"},"inLanguage":"fr-FR","potentialAction":[{"@type":"ReadAction","target":["http:\/\/einmed.eu\/fr\/oferta\/ciecie-przewijanie-wloknin-formatki\/"]}]},{"@type":"BreadcrumbList","@id":"http:\/\/einmed.eu\/fr\/oferta\/ciecie-przewijanie-wloknin-formatki\/#breadcrumb","itemListElement":[{"@type":"ListItem","position":1,"name":"Offre","item":"https:\/\/einmed.eu\/fr\/oferta\/"},{"@type":"ListItem","position":2,"name":"D\u00e9coupage et d\u00e9filement de tissus non tiss\u00e9s. Gabarits en tissus non tiss\u00e9s"}]},{"@type":"WebSite","@id":"http:\/\/einmed.eu\/fr\/#website","url":"http:\/\/einmed.eu\/fr\/","name":"Einmed","description":"Producent w\u0142\u00f3knin oraz pokrowc\u00f3w na materace","potentialAction":[{"@type":"SearchAction","target":{"@type":"EntryPoint","urlTemplate":"http:\/\/einmed.eu\/fr\/?s={search_term_string}"},"query-input":"required name=search_term_string"}],"inLanguage":"fr-FR"}]}},"_links":{"self":[{"href":"http:\/\/einmed.eu\/fr\/wp-json\/wp\/v2\/pages\/666"}],"collection":[{"href":"http:\/\/einmed.eu\/fr\/wp-json\/wp\/v2\/pages"}],"about":[{"href":"http:\/\/einmed.eu\/fr\/wp-json\/wp\/v2\/types\/page"}],"author":[{"embeddable":true,"href":"http:\/\/einmed.eu\/fr\/wp-json\/wp\/v2\/users\/1"}],"replies":[{"embeddable":true,"href":"http:\/\/einmed.eu\/fr\/wp-json\/wp\/v2\/comments?post=666"}],"version-history":[{"count":4,"href":"http:\/\/einmed.eu\/fr\/wp-json\/wp\/v2\/pages\/666\/revisions"}],"predecessor-version":[{"id":1314,"href":"http:\/\/einmed.eu\/fr\/wp-json\/wp\/v2\/pages\/666\/revisions\/1314"}],"up":[{"embeddable":true,"href":"http:\/\/einmed.eu\/fr\/wp-json\/wp\/v2\/pages\/658"}],"wp:attachment":[{"href":"http:\/\/einmed.eu\/fr\/wp-json\/wp\/v2\/media?parent=666"}],"curies":[{"name":"wp","href":"https:\/\/api.w.org\/{rel}","templated":true}]}}