{"id":658,"date":"2023-03-24T10:58:17","date_gmt":"2023-03-24T09:58:17","guid":{"rendered":"http:\/\/einmed.eu\/oferta\/"},"modified":"2023-06-29T17:50:58","modified_gmt":"2023-06-29T15:50:58","slug":"oferta","status":"publish","type":"page","link":"http:\/\/einmed.eu\/fr\/oferta\/","title":{"rendered":"Offre"},"content":{"rendered":"<section id=\"\" class=\"product-opener acf-block acf-block-id-block_8f95a8e0fed18cc407b7e1818964384b \">\n\n\t<div class=\"container-fluid\">\n\t\t<div class=\"row\">\n\t\t\t<div class=\"col-12\">\n\t\t\t\t<div class=\"product-opener__box\" style=\"background-image: url('http:\/\/einmed.eu\/app\/uploads\/2023\/03\/BAH3878_1080px-1-scaled.jpg')\">\n\t\t\t\t\t<div class=\"col-12 col-lg-4\">\n\t\t\t\t\t\t<div class=\"info-box \">\n\n\t<div class=\"info-box__logo\">\n\t\t<img decoding=\"async\" src=\"http:\/\/einmed.eu\/app\/themes\/einmed\/assets\/images\/svg\/sygnet.svg\" alt=\"sygnet\">\n\t<\/div>\n\t<div class=\"info-box__wrapper\">\n\t\t<h1 class=\"title\">Notre offre<\/h1>\n\t\t\t\t\t<p class=\"txt\">Chaque mois, Einmed fournit plus de <br>2000 tonnes de tissus.<\/p>\n\t\t\t\t\t<\/div>\n\n<\/div>\n\t\t\t\t\t<\/div>\n\t\t\t\t<\/div>\n\t\t\t<\/div>\n\t\t<\/div>\n\t<\/div>\n\n<\/section>\n\n\n<section id=\"\" class=\"vertical-tiles acf-block acf-block-id-block_bc20f9618cf2be51dd29fb45ee4feb00 tiles-modified acf-block--desktop-pt-20 acf-block--mobile-pt-20\">\n\n\t<div class=\"container-fluid\">\n\t\t<div class=\"row row-flex\">\n\t\t\t\t\t\t\t<div class=\"col-12 col-md-6 col-lg-4 mb-20\">\n\t\t\t\t\t<div class=\"vertical-tiles__item\" data-href=\"http:\/\/einmed.eu\/fr\/oferta\/wlokniny-polipropylenowe-typu-spunbond\/\">\n\t\t\t\t\t\t<div class=\"vertical-tiles__wrapper\">\n\t\t\t\t\t\t\t<h3 class=\"title title--25 vertical-tiles__headline\">Tissus non tiss\u00e9s en polypropyl\u00e8ne de type spunbond<\/h3>\n\t\t\t\t\t\t\t\t\t\t\t\t\t\t<a href=\"http:\/\/einmed.eu\/fr\/oferta\/wlokniny-polipropylenowe-typu-spunbond\/\" class=\"btn btn--green\">En savoir plus<\/a>\n\t\t\t\t\t\t<\/div>\n\n\t\t\t\t\t\t<div class=\"vertical-tiles__img\">\n\t\t\t\t\t\t\t<img decoding=\"async\" src=\"http:\/\/einmed.eu\/app\/uploads\/2023\/03\/as1.webp\" alt=\"\"\n\t\t\t\t\t\t\t\t srcset=\"http:\/\/einmed.eu\/app\/uploads\/2023\/03\/as1-391x284-c-default.webp 1x, http:\/\/einmed.eu\/app\/uploads\/2023\/03\/as1-782x568-c-default.webp 2x\">\n\t\t\t\t\t\t<\/div>\n\t\t\t\t\t<\/div>\n\t\t\t\t<\/div>\n\t\t\t\t\t\t\t<div class=\"col-12 col-md-6 col-lg-4 mb-20\">\n\t\t\t\t\t<div class=\"vertical-tiles__item\" data-href=\"http:\/\/einmed.eu\/fr\/oferta\/wlokniny-typumeltblown-i-sms\/\">\n\t\t\t\t\t\t<div class=\"vertical-tiles__wrapper\">\n\t\t\t\t\t\t\t<h3 class=\"title title--25 vertical-tiles__headline\">Tissus non tiss\u00e9s de type <br>meltblown et SMS<\/h3>\n\t\t\t\t\t\t\t\t\t\t\t\t\t\t<a href=\"http:\/\/einmed.eu\/fr\/oferta\/wlokniny-typumeltblown-i-sms\/\" class=\"btn btn--green\">En savoir plus<\/a>\n\t\t\t\t\t\t<\/div>\n\n\t\t\t\t\t\t<div class=\"vertical-tiles__img\">\n\t\t\t\t\t\t\t<img decoding=\"async\" src=\"http:\/\/einmed.eu\/app\/uploads\/2023\/03\/as2.webp\" alt=\"\"\n\t\t\t\t\t\t\t\t srcset=\"http:\/\/einmed.eu\/app\/uploads\/2023\/03\/as2-391x284-c-default.webp 1x, http:\/\/einmed.eu\/app\/uploads\/2023\/03\/as2-782x568-c-default.webp 2x\">\n\t\t\t\t\t\t<\/div>\n\t\t\t\t\t<\/div>\n\t\t\t\t<\/div>\n\t\t\t\t\t\t\t<div class=\"col-12 col-md-6 col-lg-4 mb-20\">\n\t\t\t\t\t<div class=\"vertical-tiles__item\" data-href=\"http:\/\/einmed.eu\/fr\/oferta\/wlokniny-filtracyjne\/\">\n\t\t\t\t\t\t<div class=\"vertical-tiles__wrapper\">\n\t\t\t\t\t\t\t<h3 class=\"title title--25 vertical-tiles__headline\">Tissus non tiss\u00e9s <br>filtrants<\/h3>\n\t\t\t\t\t\t\t\t\t\t\t\t\t\t<a href=\"http:\/\/einmed.eu\/fr\/oferta\/wlokniny-filtracyjne\/\" class=\"btn btn--green\">En savoir plus<\/a>\n\t\t\t\t\t\t<\/div>\n\n\t\t\t\t\t\t<div class=\"vertical-tiles__img\">\n\t\t\t\t\t\t\t<img decoding=\"async\" src=\"http:\/\/einmed.eu\/app\/uploads\/2023\/03\/as3.webp\" alt=\"\"\n\t\t\t\t\t\t\t\t srcset=\"http:\/\/einmed.eu\/app\/uploads\/2023\/03\/as3-391x284-c-default.webp 1x, http:\/\/einmed.eu\/app\/uploads\/2023\/03\/as3-782x568-c-default.webp 2x\">\n\t\t\t\t\t\t<\/div>\n\t\t\t\t\t<\/div>\n\t\t\t\t<\/div>\n\t\t\t\t\t\t\t<div class=\"col-12 col-md-6 col-lg-4 mb-20\">\n\t\t\t\t\t<div class=\"vertical-tiles__item\" data-href=\"http:\/\/einmed.eu\/fr\/oferta\/worki-z-wlokniny-workifiltracyjne-oraz-opakowaniowetorby-i-pokrowce-z-wlokniny\/\">\n\t\t\t\t\t\t<div class=\"vertical-tiles__wrapper\">\n\t\t\t\t\t\t\t<h3 class=\"title title--25 vertical-tiles__headline\">Sacs en tissus non tiss\u00e9s, sacs filtrants et d\u2019emballage, poches et housses en tissus non tiss\u00e9s<\/h3>\n\t\t\t\t\t\t\t\t\t\t\t\t\t\t<a href=\"http:\/\/einmed.eu\/fr\/oferta\/worki-z-wlokniny-workifiltracyjne-oraz-opakowaniowetorby-i-pokrowce-z-wlokniny\/\" class=\"btn btn--green\">En savoir plus<\/a>\n\t\t\t\t\t\t<\/div>\n\n\t\t\t\t\t\t<div class=\"vertical-tiles__img\">\n\t\t\t\t\t\t\t<img decoding=\"async\" src=\"http:\/\/einmed.eu\/app\/uploads\/2023\/03\/as1.webp\" alt=\"\"\n\t\t\t\t\t\t\t\t srcset=\"http:\/\/einmed.eu\/app\/uploads\/2023\/03\/as1-391x284-c-default.webp 1x, http:\/\/einmed.eu\/app\/uploads\/2023\/03\/as1-782x568-c-default.webp 2x\">\n\t\t\t\t\t\t<\/div>\n\t\t\t\t\t<\/div>\n\t\t\t\t<\/div>\n\t\t\t\t\t\t\t<div class=\"col-12 col-md-6 col-lg-4 mb-20\">\n\t\t\t\t\t<div class=\"vertical-tiles__item\" data-href=\"http:\/\/einmed.eu\/fr\/oferta\/ciecie-przewijanie-wloknin-formatki\/\">\n\t\t\t\t\t\t<div class=\"vertical-tiles__wrapper\">\n\t\t\t\t\t\t\t<h3 class=\"title title--25 vertical-tiles__headline\">D\u00e9coupage et d\u00e9filement de tissus non tiss\u00e9s. Gabarits en tissus non tiss\u00e9s<\/h3>\n\t\t\t\t\t\t\t\t\t\t\t\t\t\t<a href=\"http:\/\/einmed.eu\/fr\/oferta\/ciecie-przewijanie-wloknin-formatki\/\" class=\"btn btn--green\">En savoir plus<\/a>\n\t\t\t\t\t\t<\/div>\n\n\t\t\t\t\t\t<div class=\"vertical-tiles__img\">\n\t\t\t\t\t\t\t<img decoding=\"async\" src=\"http:\/\/einmed.eu\/app\/uploads\/2023\/03\/2021_02_tex0048-1-1.webp\" alt=\"\"\n\t\t\t\t\t\t\t\t srcset=\"http:\/\/einmed.eu\/app\/uploads\/2023\/03\/2021_02_tex0048-1-1-391x284-c-default.webp 1x, http:\/\/einmed.eu\/app\/uploads\/2023\/03\/2021_02_tex0048-1-1-782x568-c-default.webp 2x\">\n\t\t\t\t\t\t<\/div>\n\t\t\t\t\t<\/div>\n\t\t\t\t<\/div>\n\t\t\t\t\t\t\t<div class=\"col-12 col-md-6 col-lg-4 mb-20\">\n\t\t\t\t\t<div class=\"vertical-tiles__item\" data-href=\"http:\/\/einmed.eu\/fr\/oferta\/zgrzewanie-ultradzwiekowe\/\">\n\t\t\t\t\t\t<div class=\"vertical-tiles__wrapper\">\n\t\t\t\t\t\t\t<h3 class=\"title title--25 vertical-tiles__headline\">Soudage par <br>ultrasons<\/h3>\n\t\t\t\t\t\t\t\t\t\t\t\t\t\t<a href=\"http:\/\/einmed.eu\/fr\/oferta\/zgrzewanie-ultradzwiekowe\/\" class=\"btn btn--green\">En savoir plus<\/a>\n\t\t\t\t\t\t<\/div>\n\n\t\t\t\t\t\t<div class=\"vertical-tiles__img\">\n\t\t\t\t\t\t\t<img decoding=\"async\" src=\"http:\/\/einmed.eu\/app\/uploads\/2023\/03\/worki-z-wlokniny-1-1.webp\" alt=\"\"\n\t\t\t\t\t\t\t\t srcset=\"http:\/\/einmed.eu\/app\/uploads\/2023\/03\/worki-z-wlokniny-1-1-391x284-c-default.webp 1x, http:\/\/einmed.eu\/app\/uploads\/2023\/03\/worki-z-wlokniny-1-1-782x568-c-default.webp 2x\">\n\t\t\t\t\t\t<\/div>\n\t\t\t\t\t<\/div>\n\t\t\t\t<\/div>\n\t\t\t\t\t<\/div>\n\t<\/div>\n\n<\/section>\n\n\n<section id=\"\" class=\"horizontal-tiles acf-block acf-block-id-block_7e1fabdb1d0c1642d4d55e0526c2964b  acf-block--desktop-pt-50 acf-block--desktop-pb-50 acf-block--mobile-pt-25 acf-block--mobile-pb-25\">\n\n\t<div class=\"container-fluid\">\n\t\t\t\t<div class=\"row\">\n\t\t\t\t\t\t\t<div class=\"col-12\">\n\t\t\t\t\t<div class=\"horizontal-tiles__item  last-child \" data-href=\"http:\/\/einmed.eu\/fr\/oferta\/inne-rodzaje-wloknin\/\">\n\t\t\t\t\t\t<div class=\"horizontal-tiles__img\">\n\t\t\t\t\t\t\t<img decoding=\"async\" src=\"http:\/\/einmed.eu\/app\/uploads\/2023\/03\/inne-rodzaje-wloknin-pPES-Spunbond-2-scaled.webp\" alt=\"\"\n\t\t\t\t\t\t\tsrcset=\"http:\/\/einmed.eu\/app\/uploads\/2023\/03\/inne-rodzaje-wloknin-pPES-Spunbond-2-scaled-785x163-c-default.webp 1x, http:\/\/einmed.eu\/app\/uploads\/2023\/03\/inne-rodzaje-wloknin-pPES-Spunbond-2-scaled-1570x326-c-default.webp 2x\">\n\t\t\t\t\t\t<\/div>\n\t\t\t\t\t\t<div class=\"horizontal-tiles__wrapper\">\n\t\t\t\t\t\t\t<h3 class=\"title title--25 horizontal-tiles__header\">Tissus non tiss\u00e9s d\u2019autres types<\/h3>\n\t\t\t\t\t\t\t\t\t\t\t\t\t\t<a href=\"http:\/\/einmed.eu\/fr\/oferta\/inne-rodzaje-wloknin\/\" class=\"btn btn--green\">En savoir plus<\/a>\n\t\t\t\t\t\t<\/div>\n\t\t\t\t\t<\/div>\n\t\t\t\t<\/div>\n\t\t\t\t\t<\/div>\n\t<\/div>\n\n<\/section>\n\n\n<section id=\"\" class=\"grey-tile acf-block acf-block-id-block_d8f78b3d764f4162751e00136e5bc494  acf-block--desktop-pt-20 acf-block--desktop-pb-20 acf-block--mobile-pt-20 acf-block--mobile-pb-20\">\n\n\t<div class=\"container-fluid\">\n\t\t<div class=\"row\">\n\t\t\t<div class=\"col-12\">\n\t\t\t\t<div class=\"info-block-dark\">\n\t\t\t\t\t<div class=\"info-block-dark__wrapper\">\n\t\t\t\t\t\t<h2 class=\"title grey-tile__headline\">Nous vous invitons \u00e0 nous contacter pour plus d&#8217;informations.<\/h2>\n\t\t\t\t\t\t<p class=\"txt\">Offres, \u00e9chantillons, conseils techniques, certificats.<\/p>\n\t\t\t\t\t\t<div class=\"info-block-dark__buttons\">\n\t\t\t\t\t\t\t<a href=\"mailto:EMILIA.SZKUDLAREK@einmed.eu\" class=\"info-block-dark__link\"><img decoding=\"async\" src=\"http:\/\/einmed.eu\/app\/themes\/einmed\/assets\/images\/svg\/envelopes-white.svg\" alt=\"ikona koperty\">EMILIA.SZKUDLAREK@einmed.eu<\/a>\n\t\t\t\t\t\t\t<a href=\"tel:+48533868728\" class=\"info-block-dark__link\"><img decoding=\"async\" src=\"http:\/\/einmed.eu\/app\/themes\/einmed\/assets\/images\/svg\/phone-white.svg\" alt=\"ikona telefonu\">+48 533 868 728<\/a>\n\t\t\t\t\t\t<\/div>\n\t\t\t\t\t<\/div>\n\t\t\t\t<\/div>\n\n\t\t\t<\/div>\n\t\t<\/div>\n\t<\/div>\n\n<\/section>\n","protected":false},"excerpt":{"rendered":"","protected":false},"author":1,"featured_media":0,"parent":0,"menu_order":0,"comment_status":"closed","ping_status":"closed","template":"","meta":[],"acf":[],"yoast_head":"<!-- This site is optimized with the Yoast SEO plugin v20.10 - https:\/\/yoast.com\/wordpress\/plugins\/seo\/ -->\n<title>Offre - Einmed<\/title>\n<meta name=\"robots\" content=\"index, follow, max-snippet:-1, max-image-preview:large, max-video-preview:-1\" \/>\n<link rel=\"canonical\" href=\"http:\/\/einmed.eu\/fr\/oferta\/\" \/>\n<meta property=\"og:locale\" content=\"fr_FR\" \/>\n<meta property=\"og:type\" content=\"article\" \/>\n<meta property=\"og:title\" content=\"Offre - Einmed\" \/>\n<meta property=\"og:url\" content=\"http:\/\/einmed.eu\/fr\/oferta\/\" \/>\n<meta property=\"og:site_name\" content=\"Einmed\" \/>\n<meta property=\"article:modified_time\" content=\"2023-06-29T15:50:58+00:00\" \/>\n<meta name=\"twitter:card\" content=\"summary_large_image\" \/>\n<script type=\"application\/ld+json\" class=\"yoast-schema-graph\">{\"@context\":\"https:\/\/schema.org\",\"@graph\":[{\"@type\":\"WebPage\",\"@id\":\"http:\/\/einmed.eu\/fr\/oferta\/\",\"url\":\"http:\/\/einmed.eu\/fr\/oferta\/\",\"name\":\"Offre - Einmed\",\"isPartOf\":{\"@id\":\"http:\/\/einmed.eu\/fr\/#website\"},\"datePublished\":\"2023-03-24T09:58:17+00:00\",\"dateModified\":\"2023-06-29T15:50:58+00:00\",\"inLanguage\":\"fr-FR\",\"potentialAction\":[{\"@type\":\"ReadAction\",\"target\":[\"http:\/\/einmed.eu\/fr\/oferta\/\"]}]},{\"@type\":\"WebSite\",\"@id\":\"http:\/\/einmed.eu\/fr\/#website\",\"url\":\"http:\/\/einmed.eu\/fr\/\",\"name\":\"Einmed\",\"description\":\"Producent w\u0142\u00f3knin oraz pokrowc\u00f3w na materace\",\"potentialAction\":[{\"@type\":\"SearchAction\",\"target\":{\"@type\":\"EntryPoint\",\"urlTemplate\":\"http:\/\/einmed.eu\/fr\/?s={search_term_string}\"},\"query-input\":\"required name=search_term_string\"}],\"inLanguage\":\"fr-FR\"}]}<\/script>\n<!-- \/ Yoast SEO plugin. -->","yoast_head_json":{"title":"Offre - Einmed","robots":{"index":"index","follow":"follow","max-snippet":"max-snippet:-1","max-image-preview":"max-image-preview:large","max-video-preview":"max-video-preview:-1"},"canonical":"http:\/\/einmed.eu\/fr\/oferta\/","og_locale":"fr_FR","og_type":"article","og_title":"Offre - Einmed","og_url":"http:\/\/einmed.eu\/fr\/oferta\/","og_site_name":"Einmed","article_modified_time":"2023-06-29T15:50:58+00:00","twitter_card":"summary_large_image","schema":{"@context":"https:\/\/schema.org","@graph":[{"@type":"WebPage","@id":"http:\/\/einmed.eu\/fr\/oferta\/","url":"http:\/\/einmed.eu\/fr\/oferta\/","name":"Offre - Einmed","isPartOf":{"@id":"http:\/\/einmed.eu\/fr\/#website"},"datePublished":"2023-03-24T09:58:17+00:00","dateModified":"2023-06-29T15:50:58+00:00","inLanguage":"fr-FR","potentialAction":[{"@type":"ReadAction","target":["http:\/\/einmed.eu\/fr\/oferta\/"]}]},{"@type":"WebSite","@id":"http:\/\/einmed.eu\/fr\/#website","url":"http:\/\/einmed.eu\/fr\/","name":"Einmed","description":"Producent w\u0142\u00f3knin oraz pokrowc\u00f3w na materace","potentialAction":[{"@type":"SearchAction","target":{"@type":"EntryPoint","urlTemplate":"http:\/\/einmed.eu\/fr\/?s={search_term_string}"},"query-input":"required name=search_term_string"}],"inLanguage":"fr-FR"}]}},"_links":{"self":[{"href":"http:\/\/einmed.eu\/fr\/wp-json\/wp\/v2\/pages\/658"}],"collection":[{"href":"http:\/\/einmed.eu\/fr\/wp-json\/wp\/v2\/pages"}],"about":[{"href":"http:\/\/einmed.eu\/fr\/wp-json\/wp\/v2\/types\/page"}],"author":[{"embeddable":true,"href":"http:\/\/einmed.eu\/fr\/wp-json\/wp\/v2\/users\/1"}],"replies":[{"embeddable":true,"href":"http:\/\/einmed.eu\/fr\/wp-json\/wp\/v2\/comments?post=658"}],"version-history":[{"count":19,"href":"http:\/\/einmed.eu\/fr\/wp-json\/wp\/v2\/pages\/658\/revisions"}],"predecessor-version":[{"id":1394,"href":"http:\/\/einmed.eu\/fr\/wp-json\/wp\/v2\/pages\/658\/revisions\/1394"}],"wp:attachment":[{"href":"http:\/\/einmed.eu\/fr\/wp-json\/wp\/v2\/media?parent=658"}],"curies":[{"name":"wp","href":"https:\/\/api.w.org\/{rel}","templated":true}]}}