{"id":642,"date":"2023-03-24T10:58:30","date_gmt":"2023-03-24T09:58:30","guid":{"rendered":"http:\/\/einmed.eu\/firma\/"},"modified":"2023-06-28T17:29:09","modified_gmt":"2023-06-28T15:29:09","slug":"firma","status":"publish","type":"page","link":"http:\/\/einmed.eu\/fr\/firma\/","title":{"rendered":"Compagnie"},"content":{"rendered":"<section id=\"\" class=\"product-opener acf-block acf-block-id-block_0a27be91fc445faea35aaa49614c6726 non-breadcrumb\">\n\n\t<div class=\"container-fluid\">\n\t\t<div class=\"row\">\n\t\t\t<div class=\"col-12\">\n\t\t\t\t<div class=\"product-opener__box\" style=\"background-image: url('http:\/\/einmed.eu\/app\/uploads\/2023\/06\/ZDJECIE.png')\">\n\t\t\t\t\t<div class=\"col-12 col-lg-4\">\n\t\t\t\t\t\t<div class=\"info-box \">\n\n\t<div class=\"info-box__logo\">\n\t\t<img decoding=\"async\" src=\"http:\/\/einmed.eu\/app\/themes\/einmed\/assets\/images\/svg\/sygnet.svg\" alt=\"sygnet\">\n\t<\/div>\n\t<div class=\"info-box__wrapper\">\n\t\t<h1 class=\"title\">Votre expert en nonwovens<\/h1>\n\t\t\t\t\t<p class=\"txt\">Innovation, exp\u00e9rience, cr\u00e9ativit\u00e9, fiabilit\u00e9<\/p>\n\t\t\t\t\t\t\t<a href=\"#bottom\" class=\"btn\">En savoir plus<\/a>\n\t\t\t<\/div>\n\n<\/div>\n\t\t\t\t\t<\/div>\n\t\t\t\t<\/div>\n\t\t\t<\/div>\n\t\t<\/div>\n\t<\/div>\n\n<\/section>\n\n\n<section id=\"bottom\" class=\"about-main acf-block acf-block-id-block_e4059ef5d38cc7519d7a4b90a47b9a61  acf-block--desktop-pt-20 acf-block--mobile-pt-20\">\n\n\t<div class=\"container-fluid\">\n\t\t<div class=\"row\">\n\t\t\t<div class=\"col-12 col-lg-4\">\n\t\t\t\t<div class=\"about-main__aside\">\n\t\t\t\t\t<div class=\"info-box \">\n\n\t<div class=\"info-box__logo\">\n\t\t<img decoding=\"async\" src=\"http:\/\/einmed.eu\/app\/themes\/einmed\/assets\/images\/svg\/sygnet.svg\" alt=\"sygnet\">\n\t<\/div>\n\t<div class=\"info-box__wrapper\">\n\t\t<h1 class=\"title\">Votre expert en nonwovens<\/h1>\n\t\t\t\t\t<p class=\"txt\">Innovation, exp\u00e9rience, cr\u00e9ativit\u00e9, fiabilit\u00e9<\/p>\n\t\t\t\t\t<\/div>\n\n<\/div>\n\n\t\t\t\t\t<div class=\"about-main__gallery\">\n\t\t\t\t\t\t<div class=\"about-main__img\">\n\t\t\t\t\t\t\t<img decoding=\"async\" src=\"http:\/\/einmed.eu\/app\/uploads\/2023\/06\/ZDJECIE1.webp\" alt=\"\"\n\t\t\t\t\t\t\t\t srcset=\"http:\/\/einmed.eu\/app\/uploads\/2023\/06\/ZDJECIE1-466x373-c-default.webp 1x, http:\/\/einmed.eu\/app\/uploads\/2023\/06\/ZDJECIE1-932x746-c-default.webp 2x\">\n\t\t\t\t\t\t<\/div>\n\n\t\t\t\t\t\t<div class=\"about-main__img\">\n\t\t\t\t\t\t\t<img decoding=\"async\" src=\"http:\/\/einmed.eu\/app\/uploads\/2023\/06\/ZDJECIE2-9.webp\" alt=\"\"\n\t\t\t\t\t\t\t\t srcset=\"http:\/\/einmed.eu\/app\/uploads\/2023\/06\/ZDJECIE2-9-466x373-c-default.webp 1x, http:\/\/einmed.eu\/app\/uploads\/2023\/06\/ZDJECIE2-9-932x746-c-default.webp 2x\">\n\t\t\t\t\t\t<\/div>\n\t\t\t\t\t<\/div>\n\t\t\t\t<\/div>\n\t\t\t<\/div>\n\t\t\t<div class=\"col-12 col-lg-8\">\n\t\t\t\t<div class=\"about-main__main\">\n\t\t\t\t\t<div class=\"txt\"><p>\u00c9tabli en 2008, Einmed \u00e9tait initialement engag\u00e9 dans la distribution des v\u00eatements m\u00e9dicaux jetables en tissus non tiss\u00e9s en gros et au d\u00e9tail, pour h\u00f4pitaux, \u00e9tablissements de sant\u00e9 et institutions publiques. Au moyen du r\u00e9seau de vente int\u00e9rieur et \u00e9tranger, de la demande du march\u00e9 et des bonnes relations avec nos clients, notre entreprise pouvait d\u00e9velopper et notre assortiment \u00e9tait \u00e9tendu par les tissus non tiss\u00e9s en polypropyl\u00e8ne de type spunbond, meltblown et SMS.<\/p>\n<\/div>\n\n\t\t\t\t\t<div class=\"info-block-white\">\n\t\t\t\t\t\t<h3 class=\"title\">Chaque mois, Einmed fournit plus de 2000 tonnes de tissus non tiss\u00e9s<\/h3>\n\t\t\t\t\t<\/div>\n\n\t\t\t\t\t<div class=\"txt\"><p><strong>Chaque mois, Einmed fournit plus de 2000 tonnes de tissus non tiss\u00e9s aux leurs clients dans le pays et \u00e0 l\u2019\u00e9tranger<\/strong>.<br \/>\nNos employ\u00e9s mettent l\u2019accent en particulier sur le service client professionnel et l\u2019assurance de la meilleure qualit\u00e9 de nos mat\u00e9riaux. Vous pouvez b\u00e9n\u00e9ficier de la gestion des commandes et de l\u2019organisation des livraisons d\u2019une mani\u00e8re vite et efficace, et du soutien substantif et technique pour le d\u00e9veloppement de nouveaux projets. Nous vous invitons \u00e0 coop\u00e9rer avec nous\u00a0!<\/p>\n<\/div>\n\n\t\t\t\t\t<div class=\"info-block-dark\">\n\t\t\t\t\t\t<div class=\"info-block-dark__wrapper\">\n\t\t\t\t\t\t\t<h3 class=\"title\">N\u2019h\u00e9sitez pas \u00e0 nous contacter pour plus d\u2019informations<\/h3>\n\t\t\t\t\t\t\t<p class=\"txt\">Certificats, photos, offres<\/p>\n\t\t\t\t\t\t\t<div class=\"info-block-dark__buttons\">\n\t\t\t\t\t\t\t\t<a href=\"mailto:emilia.szkudlarek@einmed.eu\" class=\"info-block-dark__link\"><img decoding=\"async\" src=\"http:\/\/einmed.eu\/app\/themes\/einmed\/assets\/images\/svg\/envelopes-white.svg\" alt=\"ikona kopert\">emilia.szkudlarek@einmed.eu\n\t\t\t\t\t\t\t\t<\/a>\n\t\t\t\t\t\t\t\t<a href=\"tel:+48533868728\" class=\"info-block-dark__link\"><img decoding=\"async\" src=\"http:\/\/einmed.eu\/app\/themes\/einmed\/assets\/images\/svg\/phone-white.svg\" alt=\"ikona telefonu\">+48 533 868 728\n\t\t\t\t\t\t\t\t<\/a>\n\t\t\t\t\t\t\t<\/div>\n\t\t\t\t\t\t<\/div>\n\t\t\t\t\t<\/div>\n\t\t\t\t<\/div>\n\t\t\t<\/div>\n\t\t<\/div>\n\t<\/div>\n\n<\/section>\n\n\n<section id=\"\" class=\"gallery acf-block acf-block-id-block_6d93580514dc40bad003c472f01fcf29  acf-block--desktop-pt-50 acf-block--desktop-pb-50 acf-block--mobile-pt-25 acf-block--mobile-pb-25\">\n\n\t<div class=\"container-fluid\">\n\t\t<div class=\"row\">\n\n\t\t\t\n\t\t\t\t\t\t\t<div class=\"col-12 col-sm-4\">\n\t\t\t\t\t<a href=\"http:\/\/einmed.eu\/app\/uploads\/2023\/06\/1.png\" data-fancybox=\"gallery\">\n\t\t\t\t\t\t<img decoding=\"async\" src=\"http:\/\/einmed.eu\/app\/uploads\/2023\/06\/1.webp\"\n\t\t\t\t\t\t\t srcset=\"http:\/\/einmed.eu\/app\/uploads\/2023\/06\/1-455x373-c-default.webp 1x, http:\/\/einmed.eu\/app\/uploads\/2023\/06\/1-910x746-c-default.webp 2x\">\n\t\t\t\t\t<\/a>\n\t\t\t\t<\/div>\n\t\t\t\n\t\t\t\t\t\t\t<div class=\"col-12 col-sm-4\">\n\t\t\t\t\t<a href=\"http:\/\/einmed.eu\/app\/uploads\/2023\/06\/9.png\" data-fancybox=\"gallery\">\n\t\t\t\t\t\t<img decoding=\"async\" src=\"http:\/\/einmed.eu\/app\/uploads\/2023\/06\/9.webp\"\n\t\t\t\t\t\t\t srcset=\"http:\/\/einmed.eu\/app\/uploads\/2023\/06\/9-455x373-c-default.webp 1x, http:\/\/einmed.eu\/app\/uploads\/2023\/06\/9-910x746-c-default.webp 2x\">\n\t\t\t\t\t<\/a>\n\t\t\t\t<\/div>\n\n\t\t\t\n\t\t\t\t\t\t\t<div class=\"col-12 col-sm-4\">\n\t\t\t\t\t<a href=\"http:\/\/einmed.eu\/app\/uploads\/2023\/06\/8.png\" data-fancybox=\"gallery\">\n\t\t\t\t\t\t<img decoding=\"async\" src=\"http:\/\/einmed.eu\/app\/uploads\/2023\/06\/8.webp\"\n\t\t\t\t\t\t\t srcset=\"http:\/\/einmed.eu\/app\/uploads\/2023\/06\/8-455x373-c-default.webp 1x, http:\/\/einmed.eu\/app\/uploads\/2023\/06\/8-910x746-c-default.webp 2x\">\n\t\t\t\t\t<\/a>\n\t\t\t\t<\/div>\n\n\t\t\t\n\t\t\t\t\t\t\t<div class=\"col-12\">\n\t\t\t\t\t<a href=\"http:\/\/einmed.eu\/app\/uploads\/2023\/06\/7.png\" data-fancybox=\"gallery\">\n\t\t\t\t\t\t<img decoding=\"async\" src=\"http:\/\/einmed.eu\/app\/uploads\/2023\/06\/7.webp\"\n\t\t\t\t\t\t\t srcset=\"http:\/\/einmed.eu\/app\/uploads\/2023\/06\/7-1400x373-c-default.webp 1x, http:\/\/einmed.eu\/app\/uploads\/2023\/06\/7-2800x746-c-default.webp 2x\">\n\t\t\t\t\t<\/a>\n\t\t\t\t<\/div>\n\n\t\t\t\n\t\t\t\t\t\t\t<div class=\"col-12 col-sm-6\">\n\t\t\t\t\t<a href=\"http:\/\/einmed.eu\/app\/uploads\/2023\/06\/6.png\" data-fancybox=\"galler\">\n\t\t\t\t\t\t<img decoding=\"async\" src=\"http:\/\/einmed.eu\/app\/uploads\/2023\/06\/6.webp\"\n\t\t\t\t\t\t\t srcset=\"http:\/\/einmed.eu\/app\/uploads\/2023\/06\/6-687x373-c-default.webp 1x, http:\/\/einmed.eu\/app\/uploads\/2023\/06\/6-1374x746-c-default.webp 2x\">\n\t\t\t\t\t<\/a>\n\t\t\t\t<\/div>\n\t\t\t\n\t\t\t\t\t\t\t<div class=\"col-12 col-sm-6\">\n\t\t\t\t\t<a href=\"http:\/\/einmed.eu\/app\/uploads\/2023\/06\/5.png\" data-fancybox=\"gallery\">\n\t\t\t\t\t\t<img decoding=\"async\" src=\"http:\/\/einmed.eu\/app\/uploads\/2023\/06\/5.webp\"\n\t\t\t\t\t\t\t srcset=\"http:\/\/einmed.eu\/app\/uploads\/2023\/06\/5-687x373-c-default.webp 1x, http:\/\/einmed.eu\/app\/uploads\/2023\/06\/5-1374x746-c-default.webp 2x\">\n\t\t\t\t\t<\/a>\n\t\t\t\t<\/div>\n\t\t\t\n\t\t\t\t\t\t\t<div class=\"col-12 col-sm-4\">\n\t\t\t\t\t<a href=\"http:\/\/einmed.eu\/app\/uploads\/2023\/06\/4.png\" data-fancybox=\"gallery\">\n\t\t\t\t\t\t<img decoding=\"async\" src=\"http:\/\/einmed.eu\/app\/uploads\/2023\/06\/4.webp\"\n\t\t\t\t\t\t\t srcset=\"http:\/\/einmed.eu\/app\/uploads\/2023\/06\/4-455x373-c-default.webp 1x, http:\/\/einmed.eu\/app\/uploads\/2023\/06\/4-910x746-c-default.webp 2x\">\n\t\t\t\t\t<\/a>\n\t\t\t\t<\/div>\n\t\t\t\n\t\t\t\t\t\t\t<div class=\"col-12 col-sm-4\">\n\t\t\t\t\t<a href=\"http:\/\/einmed.eu\/app\/uploads\/2023\/06\/3.png\" data-fancybox=\"gallery\">\n\t\t\t\t\t\t<img decoding=\"async\" src=\"http:\/\/einmed.eu\/app\/uploads\/2023\/06\/3.webp\"\n\t\t\t\t\t\t\t srcset=\"http:\/\/einmed.eu\/app\/uploads\/2023\/06\/3-455x373-c-default.webp\n\t\t\t\t\t\t\t1x, http:\/\/einmed.eu\/app\/uploads\/2023\/06\/3-910x746-c-default.webp 2x\">\n\t\t\t\t\t<\/a>\n\t\t\t\t<\/div>\n\t\t\t\n\t\t\t\t\t\t\t<div class=\"col-12 col-sm-4\">\n\t\t\t\t\t<a href=\"http:\/\/einmed.eu\/app\/uploads\/2023\/06\/2.png\" data-fancybox=\"gallery\">\n\t\t\t\t\t\t<img decoding=\"async\" src=\"http:\/\/einmed.eu\/app\/uploads\/2023\/06\/2.webp\"\n\t\t\t\t\t\t\t srcset=\"http:\/\/einmed.eu\/app\/uploads\/2023\/06\/2-455x373-c-default.webp 1x, http:\/\/einmed.eu\/app\/uploads\/2023\/06\/2-910x746-c-default.webp 2x\">\n\t\t\t\t\t<\/a>\n\t\t\t\t<\/div>\n\t\t\t\n\t\t<\/div>\n\t<\/div>\n\n<\/section>\n","protected":false},"excerpt":{"rendered":"","protected":false},"author":1,"featured_media":0,"parent":0,"menu_order":0,"comment_status":"closed","ping_status":"closed","template":"","meta":[],"acf":[],"yoast_head":"<!-- This site is optimized with the Yoast SEO plugin v20.10 - https:\/\/yoast.com\/wordpress\/plugins\/seo\/ -->\n<title>Compagnie - Einmed<\/title>\n<meta name=\"robots\" content=\"index, follow, max-snippet:-1, max-image-preview:large, max-video-preview:-1\" \/>\n<link rel=\"canonical\" href=\"http:\/\/einmed.eu\/fr\/firma\/\" \/>\n<meta property=\"og:locale\" content=\"fr_FR\" \/>\n<meta property=\"og:type\" content=\"article\" \/>\n<meta property=\"og:title\" content=\"Compagnie - Einmed\" \/>\n<meta property=\"og:url\" content=\"http:\/\/einmed.eu\/fr\/firma\/\" \/>\n<meta property=\"og:site_name\" content=\"Einmed\" \/>\n<meta property=\"article:modified_time\" content=\"2023-06-28T15:29:09+00:00\" \/>\n<meta name=\"twitter:card\" content=\"summary_large_image\" \/>\n<script type=\"application\/ld+json\" class=\"yoast-schema-graph\">{\"@context\":\"https:\/\/schema.org\",\"@graph\":[{\"@type\":\"WebPage\",\"@id\":\"http:\/\/einmed.eu\/fr\/firma\/\",\"url\":\"http:\/\/einmed.eu\/fr\/firma\/\",\"name\":\"Compagnie - Einmed\",\"isPartOf\":{\"@id\":\"http:\/\/einmed.eu\/fr\/#website\"},\"datePublished\":\"2023-03-24T09:58:30+00:00\",\"dateModified\":\"2023-06-28T15:29:09+00:00\",\"inLanguage\":\"fr-FR\",\"potentialAction\":[{\"@type\":\"ReadAction\",\"target\":[\"http:\/\/einmed.eu\/fr\/firma\/\"]}]},{\"@type\":\"WebSite\",\"@id\":\"http:\/\/einmed.eu\/fr\/#website\",\"url\":\"http:\/\/einmed.eu\/fr\/\",\"name\":\"Einmed\",\"description\":\"Producent w\u0142\u00f3knin oraz pokrowc\u00f3w na materace\",\"potentialAction\":[{\"@type\":\"SearchAction\",\"target\":{\"@type\":\"EntryPoint\",\"urlTemplate\":\"http:\/\/einmed.eu\/fr\/?s={search_term_string}\"},\"query-input\":\"required name=search_term_string\"}],\"inLanguage\":\"fr-FR\"}]}<\/script>\n<!-- \/ Yoast SEO plugin. -->","yoast_head_json":{"title":"Compagnie - Einmed","robots":{"index":"index","follow":"follow","max-snippet":"max-snippet:-1","max-image-preview":"max-image-preview:large","max-video-preview":"max-video-preview:-1"},"canonical":"http:\/\/einmed.eu\/fr\/firma\/","og_locale":"fr_FR","og_type":"article","og_title":"Compagnie - Einmed","og_url":"http:\/\/einmed.eu\/fr\/firma\/","og_site_name":"Einmed","article_modified_time":"2023-06-28T15:29:09+00:00","twitter_card":"summary_large_image","schema":{"@context":"https:\/\/schema.org","@graph":[{"@type":"WebPage","@id":"http:\/\/einmed.eu\/fr\/firma\/","url":"http:\/\/einmed.eu\/fr\/firma\/","name":"Compagnie - Einmed","isPartOf":{"@id":"http:\/\/einmed.eu\/fr\/#website"},"datePublished":"2023-03-24T09:58:30+00:00","dateModified":"2023-06-28T15:29:09+00:00","inLanguage":"fr-FR","potentialAction":[{"@type":"ReadAction","target":["http:\/\/einmed.eu\/fr\/firma\/"]}]},{"@type":"WebSite","@id":"http:\/\/einmed.eu\/fr\/#website","url":"http:\/\/einmed.eu\/fr\/","name":"Einmed","description":"Producent w\u0142\u00f3knin oraz pokrowc\u00f3w na materace","potentialAction":[{"@type":"SearchAction","target":{"@type":"EntryPoint","urlTemplate":"http:\/\/einmed.eu\/fr\/?s={search_term_string}"},"query-input":"required name=search_term_string"}],"inLanguage":"fr-FR"}]}},"_links":{"self":[{"href":"http:\/\/einmed.eu\/fr\/wp-json\/wp\/v2\/pages\/642"}],"collection":[{"href":"http:\/\/einmed.eu\/fr\/wp-json\/wp\/v2\/pages"}],"about":[{"href":"http:\/\/einmed.eu\/fr\/wp-json\/wp\/v2\/types\/page"}],"author":[{"embeddable":true,"href":"http:\/\/einmed.eu\/fr\/wp-json\/wp\/v2\/users\/1"}],"replies":[{"embeddable":true,"href":"http:\/\/einmed.eu\/fr\/wp-json\/wp\/v2\/comments?post=642"}],"version-history":[{"count":18,"href":"http:\/\/einmed.eu\/fr\/wp-json\/wp\/v2\/pages\/642\/revisions"}],"predecessor-version":[{"id":1312,"href":"http:\/\/einmed.eu\/fr\/wp-json\/wp\/v2\/pages\/642\/revisions\/1312"}],"wp:attachment":[{"href":"http:\/\/einmed.eu\/fr\/wp-json\/wp\/v2\/media?parent=642"}],"curies":[{"name":"wp","href":"https:\/\/api.w.org\/{rel}","templated":true}]}}