{"id":633,"date":"2023-03-24T10:14:16","date_gmt":"2023-03-24T09:14:16","guid":{"rendered":"http:\/\/einmed.eu\/strona-glowna\/"},"modified":"2023-06-28T18:10:25","modified_gmt":"2023-06-28T16:10:25","slug":"strona-glowna","status":"publish","type":"page","link":"http:\/\/einmed.eu\/fr\/","title":{"rendered":"Page d\u2019accueil"},"content":{"rendered":"\n<section id=\"\" class=\"hero acf-block acf-block-id-block_1187414a3a946f845bd9c6649eb3660e \">\n\n\t<div class=\"container-fluid\">\n\t\t<div class=\"row\">\n\t\t\t<div class=\"col-12\">\n\t\t\t\t<div class=\"hero__slider swiper\">\n\t\t\t\t\t<div class=\"info-box \">\n\n\t<div class=\"info-box__logo\">\n\t\t<img decoding=\"async\" src=\"http:\/\/einmed.eu\/app\/themes\/einmed\/assets\/images\/svg\/sygnet.svg\" alt=\"sygnet\">\n\t<\/div>\n\t<div class=\"info-box__wrapper\">\n\t\t<h1 class=\"title\">Chaque mois, nous livrons 2000 tonnes de non-tiss\u00e9s<\/h1>\n\t\t\t\t\t\t\t<a href=\"http:\/\/einmed.eu\/fr\/oferta\/\" class=\"btn\">En savoir plus<\/a>\n\t\t\t<\/div>\n\n<\/div>\n\t\t\t\t\t<div class=\"swiper-wrapper\">\n\t\t\t\t\t\t\t\t\t\t\t\t\t<div class=\"swiper-slide\">\n\t\t\t\t\t\t\t\t<div>\n\t\t\t\t\t\t\t\t\t<img decoding=\"async\" src=\"http:\/\/einmed.eu\/app\/uploads\/2023\/03\/hero-scaled.webp\" alt=\"\"\n\t\t\t\t\t\t\t\t\tsrcset=\"http:\/\/einmed.eu\/app\/uploads\/2023\/03\/hero-scaled.webp 1x, http:\/\/einmed.eu\/app\/uploads\/2023\/03\/hero-scaled.webp 2x\">\n\t\t\t\t\t\t\t\t<\/div>\n\t\t\t\t\t\t\t<\/div>\n\t\t\t\t\t\t\t\t\t\t\t\t\t<div class=\"swiper-slide\">\n\t\t\t\t\t\t\t\t<div>\n\t\t\t\t\t\t\t\t\t<img decoding=\"async\" src=\"http:\/\/einmed.eu\/app\/uploads\/2023\/03\/slider2-scaled.webp\" alt=\"\"\n\t\t\t\t\t\t\t\t\tsrcset=\"http:\/\/einmed.eu\/app\/uploads\/2023\/03\/slider2-scaled.webp 1x, http:\/\/einmed.eu\/app\/uploads\/2023\/03\/slider2-scaled.webp 2x\">\n\t\t\t\t\t\t\t\t<\/div>\n\t\t\t\t\t\t\t<\/div>\n\t\t\t\t\t\t\t\t\t\t\t\t\t<div class=\"swiper-slide\">\n\t\t\t\t\t\t\t\t<div>\n\t\t\t\t\t\t\t\t\t<img decoding=\"async\" src=\"http:\/\/einmed.eu\/app\/uploads\/2023\/03\/hero3-scaled.webp\" alt=\"\"\n\t\t\t\t\t\t\t\t\tsrcset=\"http:\/\/einmed.eu\/app\/uploads\/2023\/03\/hero3-scaled.webp 1x, http:\/\/einmed.eu\/app\/uploads\/2023\/03\/hero3-scaled.webp 2x\">\n\t\t\t\t\t\t\t\t<\/div>\n\t\t\t\t\t\t\t<\/div>\n\t\t\t\t\t\t\t\t\t\t\t<\/div>\n\t\t\t\t<\/div>\n\t\t\t<\/div>\n\t\t<\/div>\n\t<\/div>\n\n<\/section>\n\n\n<section id=\"\" class=\"vertical-tiles acf-block acf-block-id-block_31d74490cdf6168e37681d8c4c93fbbc  acf-block--desktop-pt-30 acf-block--mobile-pt-25\">\n\n\t<div class=\"container-fluid\">\n\t\t<div class=\"row row-flex\">\n\t\t\t\t\t\t\t<div class=\"col-12 col-md-6 col-lg-4 mb-20\">\n\t\t\t\t\t<div class=\"vertical-tiles__item\" data-href=\"http:\/\/einmed.eu\/fr\/oferta\/wlokniny-polipropylenowe-typu-spunbond\/\">\n\t\t\t\t\t\t<div class=\"vertical-tiles__wrapper\">\n\t\t\t\t\t\t\t<h3 class=\"title title--25 vertical-tiles__headline\">Tissus non tiss\u00e9s en polypropyl\u00e8ne de type spunbond<\/h3>\n\t\t\t\t\t\t\t\t\t\t\t\t\t\t<div class=\"txt\"><p>Les nombreux avantages des non-tiss\u00e9s en polypropyl\u00e8ne, \u00e9galement connus sous le nom de &#8220;wigofil&#8221;, comprennent notamment leur faible \u00e9lasticit\u00e9, leur surface lisse, leur r\u00e9sistance \u00e0 l&#8217;abrasion, leur respirabilit\u00e9 et leur ignifugation.<\/p>\n<\/div>\n\t\t\t\t\t\t\t\t\t\t\t\t\t\t<a href=\"http:\/\/einmed.eu\/fr\/oferta\/wlokniny-polipropylenowe-typu-spunbond\/\" class=\"btn btn--green\">En savoir plus<\/a>\n\t\t\t\t\t\t<\/div>\n\n\t\t\t\t\t\t<div class=\"vertical-tiles__img\">\n\t\t\t\t\t\t\t<img decoding=\"async\" src=\"http:\/\/einmed.eu\/app\/uploads\/2023\/03\/as1.webp\" alt=\"\"\n\t\t\t\t\t\t\t\t srcset=\"http:\/\/einmed.eu\/app\/uploads\/2023\/03\/as1-391x284-c-default.webp 1x, http:\/\/einmed.eu\/app\/uploads\/2023\/03\/as1-782x568-c-default.webp 2x\">\n\t\t\t\t\t\t<\/div>\n\t\t\t\t\t<\/div>\n\t\t\t\t<\/div>\n\t\t\t\t\t\t\t<div class=\"col-12 col-md-6 col-lg-4 mb-20\">\n\t\t\t\t\t<div class=\"vertical-tiles__item\" data-href=\"http:\/\/einmed.eu\/fr\/oferta\/wlokniny-typumeltblown-i-sms\/\">\n\t\t\t\t\t\t<div class=\"vertical-tiles__wrapper\">\n\t\t\t\t\t\t\t<h3 class=\"title title--25 vertical-tiles__headline\">Tissus non tiss\u00e9s de type meltblown et SMS<\/h3>\n\t\t\t\t\t\t\t\t\t\t\t\t\t\t<div class=\"txt\"><p>La technologie moderne de production de non-tiss\u00e9s meltblown permet d&#8217;obtenir un mat\u00e9riau aux excellentes propri\u00e9t\u00e9s de filtration, ce qui permet son utilisation dans divers produits filtrants ainsi que dans les masques m\u00e9dicaux et les masques FFP.<\/p>\n<\/div>\n\t\t\t\t\t\t\t\t\t\t\t\t\t\t<a href=\"http:\/\/einmed.eu\/fr\/oferta\/wlokniny-typumeltblown-i-sms\/\" class=\"btn btn--green\">En savoir plus<\/a>\n\t\t\t\t\t\t<\/div>\n\n\t\t\t\t\t\t<div class=\"vertical-tiles__img\">\n\t\t\t\t\t\t\t<img decoding=\"async\" src=\"http:\/\/einmed.eu\/app\/uploads\/2023\/03\/as2.webp\" alt=\"\"\n\t\t\t\t\t\t\t\t srcset=\"http:\/\/einmed.eu\/app\/uploads\/2023\/03\/as2-391x284-c-default.webp 1x, http:\/\/einmed.eu\/app\/uploads\/2023\/03\/as2-782x568-c-default.webp 2x\">\n\t\t\t\t\t\t<\/div>\n\t\t\t\t\t<\/div>\n\t\t\t\t<\/div>\n\t\t\t\t\t\t\t<div class=\"col-12 col-md-6 col-lg-4 mb-20\">\n\t\t\t\t\t<div class=\"vertical-tiles__item\" data-href=\"http:\/\/einmed.eu\/fr\/oferta\/wlokniny-filtracyjne\/\">\n\t\t\t\t\t\t<div class=\"vertical-tiles__wrapper\">\n\t\t\t\t\t\t\t<h3 class=\"title title--25 vertical-tiles__headline\">Tissus non tiss\u00e9s filtrants<\/h3>\n\t\t\t\t\t\t\t\t\t\t\t\t\t\t<div class=\"txt\"><p>Les non-tiss\u00e9s produits par notre entreprise ont une large application dans les processus de filtration. Les non-tiss\u00e9s filtrants agissent comme une barri\u00e8re contre les particules de pollution. Selon les besoins, ils peuvent \u00eatre utilis\u00e9s pour la filtration de l&#8217;air, de l&#8217;eau et des huiles.<\/p>\n<\/div>\n\t\t\t\t\t\t\t\t\t\t\t\t\t\t<a href=\"http:\/\/einmed.eu\/fr\/oferta\/wlokniny-filtracyjne\/\" class=\"btn btn--green\">En savoir plus<\/a>\n\t\t\t\t\t\t<\/div>\n\n\t\t\t\t\t\t<div class=\"vertical-tiles__img\">\n\t\t\t\t\t\t\t<img decoding=\"async\" src=\"http:\/\/einmed.eu\/app\/uploads\/2023\/03\/as3.webp\" alt=\"\"\n\t\t\t\t\t\t\t\t srcset=\"http:\/\/einmed.eu\/app\/uploads\/2023\/03\/as3-391x284-c-default.webp 1x, http:\/\/einmed.eu\/app\/uploads\/2023\/03\/as3-782x568-c-default.webp 2x\">\n\t\t\t\t\t\t<\/div>\n\t\t\t\t\t<\/div>\n\t\t\t\t<\/div>\n\t\t\t\t\t<\/div>\n\t<\/div>\n\n<\/section>\n\n\n<section id=\"\" class=\"horizontal-tiles acf-block acf-block-id-block_f938504edba57f4e1700727086233ae4  acf-block--desktop-pt-30 acf-block--mobile-pt-30\">\n\n\t<div class=\"container-fluid\">\n\t\t\t\t\t<div class=\"row\">\n\t\t\t\t<div class=\"col-12\">\n\t\t\t\t\t<h2 class=\"title title--25 horizontal-tiles__headline\">Les services pr\u00e9-emball\u00e9s<\/h2>\n\t\t\t\t<\/div>\n\t\t\t<\/div>\n\t\t\t\t<div class=\"row\">\n\t\t\t\t\t\t\t<div class=\"col-12\">\n\t\t\t\t\t<div class=\"horizontal-tiles__item \" data-href=\"http:\/\/einmed.eu\/fr\/oferta\/worki-z-wlokniny-workifiltracyjne-oraz-opakowaniowetorby-i-pokrowce-z-wlokniny\/\">\n\t\t\t\t\t\t<div class=\"horizontal-tiles__img\">\n\t\t\t\t\t\t\t<img decoding=\"async\" src=\"http:\/\/einmed.eu\/app\/uploads\/2023\/03\/cs1.webp\" alt=\"\"\n\t\t\t\t\t\t\tsrcset=\"http:\/\/einmed.eu\/app\/uploads\/2023\/03\/cs1-785x163-c-default.webp 1x, http:\/\/einmed.eu\/app\/uploads\/2023\/03\/cs1-1570x326-c-default.webp 2x\">\n\t\t\t\t\t\t<\/div>\n\t\t\t\t\t\t<div class=\"horizontal-tiles__wrapper\">\n\t\t\t\t\t\t\t<h3 class=\"title title--25 horizontal-tiles__header\"> Sacs en non-tiss\u00e9, sacs filtrants, emballages, sacs et housses en non-tiss\u00e9.<\/h3>\n\t\t\t\t\t\t\t\t\t\t\t\t\t\t<a href=\"http:\/\/einmed.eu\/fr\/oferta\/worki-z-wlokniny-workifiltracyjne-oraz-opakowaniowetorby-i-pokrowce-z-wlokniny\/\" class=\"btn btn--green\">En savoir plus<\/a>\n\t\t\t\t\t\t<\/div>\n\t\t\t\t\t<\/div>\n\t\t\t\t<\/div>\n\t\t\t\t\t\t\t<div class=\"col-12\">\n\t\t\t\t\t<div class=\"horizontal-tiles__item \" data-href=\"http:\/\/einmed.eu\/fr\/oferta\/ciecie-przewijanie-wloknin-formatki\/\">\n\t\t\t\t\t\t<div class=\"horizontal-tiles__img\">\n\t\t\t\t\t\t\t<img decoding=\"async\" src=\"http:\/\/einmed.eu\/app\/uploads\/2023\/04\/Mask-group.webp\" alt=\"\"\n\t\t\t\t\t\t\tsrcset=\"http:\/\/einmed.eu\/app\/uploads\/2023\/04\/Mask-group-785x163-c-default.webp 1x, http:\/\/einmed.eu\/app\/uploads\/2023\/04\/Mask-group-1570x326-c-default.webp 2x\">\n\t\t\t\t\t\t<\/div>\n\t\t\t\t\t\t<div class=\"horizontal-tiles__wrapper\">\n\t\t\t\t\t\t\t<h3 class=\"title title--25 horizontal-tiles__header\">D\u00e9coupage et d\u00e9filement de tissus non tiss\u00e9s. Gabarits en tissus non tiss\u00e9s.<\/h3>\n\t\t\t\t\t\t\t\t\t\t\t\t\t\t<a href=\"http:\/\/einmed.eu\/fr\/oferta\/ciecie-przewijanie-wloknin-formatki\/\" class=\"btn btn--green\">En savoir plus<\/a>\n\t\t\t\t\t\t<\/div>\n\t\t\t\t\t<\/div>\n\t\t\t\t<\/div>\n\t\t\t\t\t\t\t<div class=\"col-12\">\n\t\t\t\t\t<div class=\"horizontal-tiles__item \" data-href=\"http:\/\/einmed.eu\/fr\/oferta\/zgrzewanie-ultradzwiekowe\/\">\n\t\t\t\t\t\t<div class=\"horizontal-tiles__img\">\n\t\t\t\t\t\t\t<img decoding=\"async\" src=\"http:\/\/einmed.eu\/app\/uploads\/2023\/03\/cs2.webp\" alt=\"\"\n\t\t\t\t\t\t\tsrcset=\"http:\/\/einmed.eu\/app\/uploads\/2023\/03\/cs2-785x163-c-default.webp 1x, http:\/\/einmed.eu\/app\/uploads\/2023\/03\/cs2-1570x326-c-default.webp 2x\">\n\t\t\t\t\t\t<\/div>\n\t\t\t\t\t\t<div class=\"horizontal-tiles__wrapper\">\n\t\t\t\t\t\t\t<h3 class=\"title title--25 horizontal-tiles__header\">Soudage par ultrasons<\/h3>\n\t\t\t\t\t\t\t\t\t\t\t\t\t\t<a href=\"http:\/\/einmed.eu\/fr\/oferta\/zgrzewanie-ultradzwiekowe\/\" class=\"btn btn--green\">En savoir plus<\/a>\n\t\t\t\t\t\t<\/div>\n\t\t\t\t\t<\/div>\n\t\t\t\t<\/div>\n\t\t\t\t\t\t\t<div class=\"col-12\">\n\t\t\t\t\t<div class=\"horizontal-tiles__item  last-child \" data-href=\"http:\/\/einmed.eu\/fr\/oferta\/inne-rodzaje-wloknin\/\">\n\t\t\t\t\t\t<div class=\"horizontal-tiles__img\">\n\t\t\t\t\t\t\t<img decoding=\"async\" src=\"http:\/\/einmed.eu\/app\/uploads\/2023\/04\/assd.webp\" alt=\"\"\n\t\t\t\t\t\t\tsrcset=\"http:\/\/einmed.eu\/app\/uploads\/2023\/04\/assd-785x163-c-default.webp 1x, http:\/\/einmed.eu\/app\/uploads\/2023\/04\/assd-1570x326-c-default.webp 2x\">\n\t\t\t\t\t\t<\/div>\n\t\t\t\t\t\t<div class=\"horizontal-tiles__wrapper\">\n\t\t\t\t\t\t\t<h3 class=\"title title--25 horizontal-tiles__header\">Notre entreprise<\/h3>\n\t\t\t\t\t\t\t\t\t\t\t\t\t\t\t<p class=\"horizontal-tiles__desc\">Non-tiss\u00e9s aiguillet\u00e9s, non-tiss\u00e9s de type spunlace, non-tiss\u00e9s Chemobond, non-tiss\u00e9s en PES\/PET spunbond, non-tiss\u00e9s thermofusibles.<\/p>\n\t\t\t\t\t\t\t\t\t\t\t\t\t\t<a href=\"http:\/\/einmed.eu\/fr\/oferta\/inne-rodzaje-wloknin\/\" class=\"btn btn--green\">En savoir plus<\/a>\n\t\t\t\t\t\t<\/div>\n\t\t\t\t\t<\/div>\n\t\t\t\t<\/div>\n\t\t\t\t\t<\/div>\n\t<\/div>\n\n<\/section>\n\n\n<section id=\"\" class=\"innovation acf-block acf-block-id-block_97f4b309035526b6a19202b3ce3885a8  acf-block--desktop-pt-30 acf-block--mobile-pt-25\">\n\n\t<div class=\"container-fluid\">\n\t\t<div class=\"row\">\n\t\t\t<div class=\"col-12\">\n\t\t\t\t<div class=\"hero__slider swiper\">\n\t\t\t\t\t<div class=\"info-box \">\n\n\t<div class=\"info-box__logo\">\n\t\t<img decoding=\"async\" src=\"http:\/\/einmed.eu\/app\/themes\/einmed\/assets\/images\/svg\/sygnet.svg\" alt=\"sygnet\">\n\t<\/div>\n\t<div class=\"info-box__wrapper\">\n\t\t<h1 class=\"title\">Innovant depuis 2008<\/h1>\n\t\t\t\t\t<p class=\"txt\">\u00c9tabli en 2008, Einmed \u00e9tait initialement engag\u00e9 dans la distribution des v\u00eatements m\u00e9dicaux jetables en tissus non tiss\u00e9s en gros et au d\u00e9tail, pour h\u00f4pitaux, \u00e9tablissements de sant\u00e9 et institutions publiques. Au moyen du r\u00e9seau de vente int\u00e9rieur et \u00e9tranger, de la demande du march\u00e9 et des bonnes relations avec nos clients, notre entreprise pouvait d\u00e9velopper et notre assortiment \u00e9tait \u00e9tendu par les tissus non tiss\u00e9s en polypropyl\u00e8ne de type spunbond, meltblown et SMS.<\/p>\n\t\t\t\t\t\t\t<a href=\"http:\/\/einmed.eu\/fr\/firma\/\" class=\"btn\">En savoir plus<\/a>\n\t\t\t<\/div>\n\n<\/div>\n\t\t\t\t\t<div class=\"innovation__img\">\n\t\t\t\t\t\t<img decoding=\"async\" src=\"http:\/\/einmed.eu\/app\/uploads\/2023\/03\/dec-1-scaled.webp\" alt=\"\"\n\t\t\t\t\t\t\t srcset=\"http:\/\/einmed.eu\/app\/uploads\/2023\/03\/dec-1-scaled-1394x778-c-default.webp 1x, http:\/\/einmed.eu\/app\/uploads\/2023\/03\/dec-1-scaled-2788x1566-c-default.webp 2x\">\n\t\t\t\t\t<\/div>\n\t\t\t\t<\/div>\n\t\t\t<\/div>\n\t\t<\/div>\n\t<\/div>\n\n<\/section>\n","protected":false},"excerpt":{"rendered":"","protected":false},"author":1,"featured_media":0,"parent":0,"menu_order":0,"comment_status":"closed","ping_status":"closed","template":"","meta":[],"acf":[],"yoast_head":"<!-- This site is optimized with the Yoast SEO plugin v20.10 - https:\/\/yoast.com\/wordpress\/plugins\/seo\/ -->\n<title>Page d\u2019accueil - Einmed<\/title>\n<meta name=\"robots\" content=\"index, follow, max-snippet:-1, max-image-preview:large, max-video-preview:-1\" \/>\n<link rel=\"canonical\" href=\"http:\/\/einmed.eu\/fr\/\" \/>\n<meta property=\"og:locale\" content=\"fr_FR\" \/>\n<meta property=\"og:type\" content=\"article\" \/>\n<meta property=\"og:title\" content=\"Page d\u2019accueil - Einmed\" \/>\n<meta property=\"og:url\" content=\"http:\/\/einmed.eu\/fr\/\" \/>\n<meta property=\"og:site_name\" content=\"Einmed\" \/>\n<meta property=\"article:modified_time\" content=\"2023-06-28T16:10:25+00:00\" \/>\n<meta name=\"twitter:card\" content=\"summary_large_image\" \/>\n<script type=\"application\/ld+json\" class=\"yoast-schema-graph\">{\"@context\":\"https:\/\/schema.org\",\"@graph\":[{\"@type\":\"WebPage\",\"@id\":\"http:\/\/einmed.eu\/fr\/\",\"url\":\"http:\/\/einmed.eu\/fr\/\",\"name\":\"Page d\u2019accueil - Einmed\",\"isPartOf\":{\"@id\":\"http:\/\/einmed.eu\/fr\/#website\"},\"datePublished\":\"2023-03-24T09:14:16+00:00\",\"dateModified\":\"2023-06-28T16:10:25+00:00\",\"inLanguage\":\"fr-FR\",\"potentialAction\":[{\"@type\":\"ReadAction\",\"target\":[\"http:\/\/einmed.eu\/fr\/\"]}]},{\"@type\":\"WebSite\",\"@id\":\"http:\/\/einmed.eu\/fr\/#website\",\"url\":\"http:\/\/einmed.eu\/fr\/\",\"name\":\"Einmed\",\"description\":\"Producent w\u0142\u00f3knin oraz pokrowc\u00f3w na materace\",\"potentialAction\":[{\"@type\":\"SearchAction\",\"target\":{\"@type\":\"EntryPoint\",\"urlTemplate\":\"http:\/\/einmed.eu\/fr\/?s={search_term_string}\"},\"query-input\":\"required name=search_term_string\"}],\"inLanguage\":\"fr-FR\"}]}<\/script>\n<!-- \/ Yoast SEO plugin. -->","yoast_head_json":{"title":"Page d\u2019accueil - Einmed","robots":{"index":"index","follow":"follow","max-snippet":"max-snippet:-1","max-image-preview":"max-image-preview:large","max-video-preview":"max-video-preview:-1"},"canonical":"http:\/\/einmed.eu\/fr\/","og_locale":"fr_FR","og_type":"article","og_title":"Page d\u2019accueil - Einmed","og_url":"http:\/\/einmed.eu\/fr\/","og_site_name":"Einmed","article_modified_time":"2023-06-28T16:10:25+00:00","twitter_card":"summary_large_image","schema":{"@context":"https:\/\/schema.org","@graph":[{"@type":"WebPage","@id":"http:\/\/einmed.eu\/fr\/","url":"http:\/\/einmed.eu\/fr\/","name":"Page d\u2019accueil - Einmed","isPartOf":{"@id":"http:\/\/einmed.eu\/fr\/#website"},"datePublished":"2023-03-24T09:14:16+00:00","dateModified":"2023-06-28T16:10:25+00:00","inLanguage":"fr-FR","potentialAction":[{"@type":"ReadAction","target":["http:\/\/einmed.eu\/fr\/"]}]},{"@type":"WebSite","@id":"http:\/\/einmed.eu\/fr\/#website","url":"http:\/\/einmed.eu\/fr\/","name":"Einmed","description":"Producent w\u0142\u00f3knin oraz pokrowc\u00f3w na materace","potentialAction":[{"@type":"SearchAction","target":{"@type":"EntryPoint","urlTemplate":"http:\/\/einmed.eu\/fr\/?s={search_term_string}"},"query-input":"required name=search_term_string"}],"inLanguage":"fr-FR"}]}},"_links":{"self":[{"href":"http:\/\/einmed.eu\/fr\/wp-json\/wp\/v2\/pages\/633"}],"collection":[{"href":"http:\/\/einmed.eu\/fr\/wp-json\/wp\/v2\/pages"}],"about":[{"href":"http:\/\/einmed.eu\/fr\/wp-json\/wp\/v2\/types\/page"}],"author":[{"embeddable":true,"href":"http:\/\/einmed.eu\/fr\/wp-json\/wp\/v2\/users\/1"}],"replies":[{"embeddable":true,"href":"http:\/\/einmed.eu\/fr\/wp-json\/wp\/v2\/comments?post=633"}],"version-history":[{"count":20,"href":"http:\/\/einmed.eu\/fr\/wp-json\/wp\/v2\/pages\/633\/revisions"}],"predecessor-version":[{"id":1358,"href":"http:\/\/einmed.eu\/fr\/wp-json\/wp\/v2\/pages\/633\/revisions\/1358"}],"wp:attachment":[{"href":"http:\/\/einmed.eu\/fr\/wp-json\/wp\/v2\/media?parent=633"}],"curies":[{"name":"wp","href":"https:\/\/api.w.org\/{rel}","templated":true}]}}