{"id":705,"date":"2023-04-27T09:38:38","date_gmt":"2023-04-27T07:38:38","guid":{"rendered":"http:\/\/einmed.eu\/oferta\/worki-z-wlokniny-workifiltracyjne-oraz-opakowaniowetorby-i-pokrowce-z-wlokniny\/"},"modified":"2023-07-23T08:25:33","modified_gmt":"2023-07-23T06:25:33","slug":"nonwoven-sacks-filtration-bags","status":"publish","type":"page","link":"http:\/\/einmed.eu\/en\/oferta\/nonwoven-sacks-filtration-bags\/","title":{"rendered":"Nonwoven sacks, filtration bags, packaging bags, nonwoven bags and covers"},"content":{"rendered":"<section id=\"\" class=\"product-opener acf-block acf-block-id-block_6edcbb81bf94c1e7c1f01d0299ccecc5 fz-25\">\n\n\t<div class=\"container-fluid\">\n\t\t<div class=\"row\">\n\t\t\t<div class=\"col-12\">\n\t\t\t\t<div class=\"product-opener__box\" style=\"background-image: url('http:\/\/einmed.eu\/app\/uploads\/2023\/04\/slajd-zdj-scaled.jpg')\">\n\t\t\t\t\t<div class=\"col-12 col-lg-4\">\n\t\t\t\t\t\t<div class=\"info-box \">\n\n\t<div class=\"info-box__logo\">\n\t\t<img decoding=\"async\" src=\"http:\/\/einmed.eu\/app\/themes\/einmed\/assets\/images\/svg\/sygnet.svg\" alt=\"sygnet\">\n\t<\/div>\n\t<div class=\"info-box__wrapper\">\n\t\t<h1 class=\"title\">Nonwoven sacks, filtration bags, packaging bags, nonwoven bags and covers<\/h1>\n\t\t\t\t\t\t\t<a href=\"#bottom\" class=\"btn\">Find out more<\/a>\n\t\t\t<\/div>\n\n<\/div>\n\t\t\t\t\t<\/div>\n\t\t\t\t<\/div>\n\t\t\t<\/div>\n\t\t<\/div>\n\t<\/div>\n\n<\/section>\n\n\n<section id=\"bottom\" class=\"product-content acf-block acf-block-id-block_b0cef5121d990a9a144ea05206740896 fz-25\">\n\n\t<div class=\"container-fluid\">\n\t\t<div class=\"row row-flex\">\n\t\t\t<div class=\"col-12 col-lg-4 col-flex\">\n\t\t\t\t<div class=\"product-content__aside\">\n\t\t\t\t\t<div class=\"info-box wider\">\n\n\t<div class=\"info-box__logo\">\n\t\t<img decoding=\"async\" src=\"http:\/\/einmed.eu\/app\/themes\/einmed\/assets\/images\/svg\/sygnet.svg\" alt=\"sygnet\">\n\t<\/div>\n\t<div class=\"info-box__wrapper\">\n\t\t<h1 class=\"title\">Nonwoven sacks, filtration bags, packaging bags, nonwoven bags and covers<\/h1>\n\t\t\t\t\t<\/div>\n\n<\/div>\n\n\t\t\t\t\t\n\t\t\t\t\t\n\t\t\t\t\t<div class=\"product-content__gallery\">\n\t\t\t\t\t\t\t\t\t\t\t\t\t\t\t\t\t<\/div>\n\t\t\t\t\t<div class=\"product-content__gallery product-content__gallery--horizontal\">\n\t\t\t\t\t\t\t\t\t\t\t<\/div>\n\t\t\t\t<\/div>\n\t\t\t<\/div>\n\t\t\t<div class=\"col-12 col-lg-8\">\n\t\t\t\t<div class=\"product-content__main\">\n\t\t\t\t\t<div class=\"txt\"><p>To meet the expectations of our customers, we make various types of nonwoven products, sewn or ultrasonically welded. These are primarily filtration bags, packaging, and nonwoven bags. We also produce nonwoven covers for clothes, mattresses, furniture, and cars.<\/p>\n<\/div>\n\n\t\t\t\t\t\t\t\t\t\t\t\t\t\t\t\t\t\t\t<\/div>\n\t\t\t<\/div>\n\t\t<\/div>\n\n\t\t\t<\/div>\n\n<\/section>\n","protected":false},"excerpt":{"rendered":"","protected":false},"author":1,"featured_media":0,"parent":657,"menu_order":0,"comment_status":"closed","ping_status":"closed","template":"","meta":[],"acf":[],"yoast_head":"<!-- This site is optimized with the Yoast SEO plugin v20.10 - https:\/\/yoast.com\/wordpress\/plugins\/seo\/ -->\n<title>Filter bags filtration bags - Einmed<\/title>\n<meta name=\"robots\" content=\"index, follow, max-snippet:-1, max-image-preview:large, max-video-preview:-1\" \/>\n<link rel=\"canonical\" href=\"http:\/\/einmed.eu\/en\/oferta\/nonwoven-sacks-filtration-bags\/\" \/>\n<meta property=\"og:locale\" content=\"en_US\" \/>\n<meta property=\"og:type\" content=\"article\" \/>\n<meta property=\"og:title\" content=\"Filter bags filtration bags - Einmed\" \/>\n<meta property=\"og:url\" content=\"http:\/\/einmed.eu\/en\/oferta\/nonwoven-sacks-filtration-bags\/\" \/>\n<meta property=\"og:site_name\" content=\"Einmed\" \/>\n<meta property=\"article:modified_time\" content=\"2023-07-23T06:25:33+00:00\" \/>\n<meta name=\"twitter:card\" content=\"summary_large_image\" \/>\n<script type=\"application\/ld+json\" class=\"yoast-schema-graph\">{\"@context\":\"https:\/\/schema.org\",\"@graph\":[{\"@type\":\"WebPage\",\"@id\":\"http:\/\/einmed.eu\/en\/oferta\/nonwoven-sacks-filtration-bags\/\",\"url\":\"http:\/\/einmed.eu\/en\/oferta\/nonwoven-sacks-filtration-bags\/\",\"name\":\"Filter bags filtration bags - Einmed\",\"isPartOf\":{\"@id\":\"http:\/\/einmed.eu\/en\/#website\"},\"datePublished\":\"2023-04-27T07:38:38+00:00\",\"dateModified\":\"2023-07-23T06:25:33+00:00\",\"breadcrumb\":{\"@id\":\"http:\/\/einmed.eu\/en\/oferta\/nonwoven-sacks-filtration-bags\/#breadcrumb\"},\"inLanguage\":\"en-US\",\"potentialAction\":[{\"@type\":\"ReadAction\",\"target\":[\"http:\/\/einmed.eu\/en\/oferta\/nonwoven-sacks-filtration-bags\/\"]}]},{\"@type\":\"BreadcrumbList\",\"@id\":\"http:\/\/einmed.eu\/en\/oferta\/nonwoven-sacks-filtration-bags\/#breadcrumb\",\"itemListElement\":[{\"@type\":\"ListItem\",\"position\":1,\"name\":\"Offer\",\"item\":\"https:\/\/einmed.eu\/en\/oferta\/\"},{\"@type\":\"ListItem\",\"position\":2,\"name\":\"Nonwoven sacks, filtration bags, packaging bags, nonwoven bags and covers\"}]},{\"@type\":\"WebSite\",\"@id\":\"http:\/\/einmed.eu\/en\/#website\",\"url\":\"http:\/\/einmed.eu\/en\/\",\"name\":\"Einmed\",\"description\":\"Producent w\u0142\u00f3knin oraz pokrowc\u00f3w na materace\",\"potentialAction\":[{\"@type\":\"SearchAction\",\"target\":{\"@type\":\"EntryPoint\",\"urlTemplate\":\"http:\/\/einmed.eu\/en\/?s={search_term_string}\"},\"query-input\":\"required name=search_term_string\"}],\"inLanguage\":\"en-US\"}]}<\/script>\n<!-- \/ Yoast SEO plugin. -->","yoast_head_json":{"title":"Filter bags filtration bags - Einmed","robots":{"index":"index","follow":"follow","max-snippet":"max-snippet:-1","max-image-preview":"max-image-preview:large","max-video-preview":"max-video-preview:-1"},"canonical":"http:\/\/einmed.eu\/en\/oferta\/nonwoven-sacks-filtration-bags\/","og_locale":"en_US","og_type":"article","og_title":"Filter bags filtration bags - Einmed","og_url":"http:\/\/einmed.eu\/en\/oferta\/nonwoven-sacks-filtration-bags\/","og_site_name":"Einmed","article_modified_time":"2023-07-23T06:25:33+00:00","twitter_card":"summary_large_image","schema":{"@context":"https:\/\/schema.org","@graph":[{"@type":"WebPage","@id":"http:\/\/einmed.eu\/en\/oferta\/nonwoven-sacks-filtration-bags\/","url":"http:\/\/einmed.eu\/en\/oferta\/nonwoven-sacks-filtration-bags\/","name":"Filter bags filtration bags - Einmed","isPartOf":{"@id":"http:\/\/einmed.eu\/en\/#website"},"datePublished":"2023-04-27T07:38:38+00:00","dateModified":"2023-07-23T06:25:33+00:00","breadcrumb":{"@id":"http:\/\/einmed.eu\/en\/oferta\/nonwoven-sacks-filtration-bags\/#breadcrumb"},"inLanguage":"en-US","potentialAction":[{"@type":"ReadAction","target":["http:\/\/einmed.eu\/en\/oferta\/nonwoven-sacks-filtration-bags\/"]}]},{"@type":"BreadcrumbList","@id":"http:\/\/einmed.eu\/en\/oferta\/nonwoven-sacks-filtration-bags\/#breadcrumb","itemListElement":[{"@type":"ListItem","position":1,"name":"Offer","item":"https:\/\/einmed.eu\/en\/oferta\/"},{"@type":"ListItem","position":2,"name":"Nonwoven sacks, filtration bags, packaging bags, nonwoven bags and covers"}]},{"@type":"WebSite","@id":"http:\/\/einmed.eu\/en\/#website","url":"http:\/\/einmed.eu\/en\/","name":"Einmed","description":"Producent w\u0142\u00f3knin oraz pokrowc\u00f3w na materace","potentialAction":[{"@type":"SearchAction","target":{"@type":"EntryPoint","urlTemplate":"http:\/\/einmed.eu\/en\/?s={search_term_string}"},"query-input":"required name=search_term_string"}],"inLanguage":"en-US"}]}},"_links":{"self":[{"href":"http:\/\/einmed.eu\/en\/wp-json\/wp\/v2\/pages\/705"}],"collection":[{"href":"http:\/\/einmed.eu\/en\/wp-json\/wp\/v2\/pages"}],"about":[{"href":"http:\/\/einmed.eu\/en\/wp-json\/wp\/v2\/types\/page"}],"author":[{"embeddable":true,"href":"http:\/\/einmed.eu\/en\/wp-json\/wp\/v2\/users\/1"}],"replies":[{"embeddable":true,"href":"http:\/\/einmed.eu\/en\/wp-json\/wp\/v2\/comments?post=705"}],"version-history":[{"count":4,"href":"http:\/\/einmed.eu\/en\/wp-json\/wp\/v2\/pages\/705\/revisions"}],"predecessor-version":[{"id":1308,"href":"http:\/\/einmed.eu\/en\/wp-json\/wp\/v2\/pages\/705\/revisions\/1308"}],"up":[{"embeddable":true,"href":"http:\/\/einmed.eu\/en\/wp-json\/wp\/v2\/pages\/657"}],"wp:attachment":[{"href":"http:\/\/einmed.eu\/en\/wp-json\/wp\/v2\/media?parent=705"}],"curies":[{"name":"wp","href":"https:\/\/api.w.org\/{rel}","templated":true}]}}