{"id":697,"date":"2023-03-29T08:55:47","date_gmt":"2023-03-29T06:55:47","guid":{"rendered":"http:\/\/einmed.eu\/oferta\/wlokniny-typumeltblown-i-sms\/"},"modified":"2023-07-24T16:57:04","modified_gmt":"2023-07-24T14:57:04","slug":"meltblown-sms-nonwovens","status":"publish","type":"page","link":"http:\/\/einmed.eu\/en\/oferta\/meltblown-sms-nonwovens\/","title":{"rendered":"Meltblown and SMS nonwovens"},"content":{"rendered":"<section id=\"\" class=\"product-opener acf-block acf-block-id-block_32a2a2a0a6814f6ad04dc44d4e2fb503 \">\n\n\t<div class=\"container-fluid\">\n\t\t<div class=\"row\">\n\t\t\t<div class=\"col-12\">\n\t\t\t\t<div class=\"product-opener__box\" style=\"background-image: url('http:\/\/einmed.eu\/app\/uploads\/2023\/03\/wlokniny-typu-meltblown-4-scaled.jpg')\">\n\t\t\t\t\t<div class=\"col-12 col-lg-4\">\n\t\t\t\t\t\t<div class=\"info-box \">\n\n\t<div class=\"info-box__logo\">\n\t\t<img decoding=\"async\" src=\"http:\/\/einmed.eu\/app\/themes\/einmed\/assets\/images\/svg\/sygnet.svg\" alt=\"sygnet\">\n\t<\/div>\n\t<div class=\"info-box__wrapper\">\n\t\t<h1 class=\"title\">Meltblown and SMS nonwovens<\/h1>\n\t\t\t\t\t\t\t<a href=\"#bottom\" class=\"btn\">Find out more<\/a>\n\t\t\t<\/div>\n\n<\/div>\n\t\t\t\t\t<\/div>\n\t\t\t\t<\/div>\n\t\t\t<\/div>\n\t\t<\/div>\n\t<\/div>\n\n<\/section>\n\n\n<section id=\"bottom\" class=\"product-content acf-block acf-block-id-block_b826fe643867a0dc747558f8a98cd17f  acf-block--desktop-pt-20 acf-block--mobile-pt-20\">\n\n\t<div class=\"container-fluid\">\n\t\t<div class=\"row row-flex\">\n\t\t\t<div class=\"col-12 col-lg-4 col-flex\">\n\t\t\t\t<div class=\"product-content__aside\">\n\t\t\t\t\t<div class=\"info-box wider\">\n\n\t<div class=\"info-box__logo\">\n\t\t<img decoding=\"async\" src=\"http:\/\/einmed.eu\/app\/themes\/einmed\/assets\/images\/svg\/sygnet.svg\" alt=\"sygnet\">\n\t<\/div>\n\t<div class=\"info-box__wrapper\">\n\t\t<h1 class=\"title\">Meltblown and SMS nonwovens<\/h1>\n\t\t\t\t\t<\/div>\n\n<\/div>\n\n\t\t\t\t\t\n\t\t\t\t\t\n\t\t\t\t\t<div class=\"product-content__gallery\">\n\t\t\t\t\t\t\t\t\t\t\t\t\t\t\t\t\t\t\t\t\t\t\t\t\t\t\t<div class=\"product-content__img\">\n\t\t\t\t\t\t\t\t\t<img decoding=\"async\" src=\"http:\/\/einmed.eu\/app\/uploads\/2023\/04\/1-51-1.webp\" alt=\"\"\n\t\t\t\t\t\t\t\t\t\t srcset=\"http:\/\/einmed.eu\/app\/uploads\/2023\/04\/1-51-1-466x284-c-default.webp 1x, http:\/\/einmed.eu\/app\/uploads\/2023\/04\/1-51-1-932x568-c-default.webp 2x\">\n\t\t\t\t\t\t\t\t<\/div>\n\t\t\t\t\t\t\t\t\t\t\t\t\t\t\t\t\t\t\t\t\t\t\t\t\t\t\t\t\t\t\t\t\t\t\t\t\t\t\t\t\t\t\t\t\t\t\t\t\t\t\t\t\t\t\t\t\t<\/div>\n\t\t\t\t\t<div class=\"product-content__gallery product-content__gallery--horizontal\">\n\t\t\t\t\t\t\t\t\t\t\t\t\t\t\t\t\t\t\t\t\t\t\t\t\t\t\t\t\t\t\t\t\t\t<div class=\"product-content__img\">\n\t\t\t\t\t\t\t\t\t<img decoding=\"async\" src=\"http:\/\/einmed.eu\/app\/uploads\/2023\/04\/1-67-1.webp\" alt=\"\"\n\t\t\t\t\t\t\t\t\t\t srcset=\"http:\/\/einmed.eu\/app\/uploads\/2023\/04\/1-67-1-136x136-c-default.webp 1x, http:\/\/einmed.eu\/app\/uploads\/2023\/04\/1-67-1-272x272-c-default.webp 2x\">\n\t\t\t\t\t\t\t\t<\/div>\n\t\t\t\t\t\t\t\t\t\t\t\t\t\t\t\t\t\t\t\t\t\t\t\t\t\t\t\t<div class=\"product-content__img\">\n\t\t\t\t\t\t\t\t\t<img decoding=\"async\" src=\"http:\/\/einmed.eu\/app\/uploads\/2023\/04\/wlokniny-typu-meltblown-5.webp\" alt=\"\"\n\t\t\t\t\t\t\t\t\t\t srcset=\"http:\/\/einmed.eu\/app\/uploads\/2023\/04\/wlokniny-typu-meltblown-5-136x136-c-default.webp 1x, http:\/\/einmed.eu\/app\/uploads\/2023\/04\/wlokniny-typu-meltblown-5-272x272-c-default.webp 2x\">\n\t\t\t\t\t\t\t\t<\/div>\n\t\t\t\t\t\t\t\t\t\t\t\t\t\t\t\t\t\t\t\t\t\t\t\t\t\t\t\t<div class=\"product-content__img\">\n\t\t\t\t\t\t\t\t\t<img decoding=\"async\" src=\"http:\/\/einmed.eu\/app\/uploads\/2023\/04\/IMG20230404120537-1.webp\" alt=\"\"\n\t\t\t\t\t\t\t\t\t\t srcset=\"http:\/\/einmed.eu\/app\/uploads\/2023\/04\/IMG20230404120537-1-136x136-c-default.webp 1x, http:\/\/einmed.eu\/app\/uploads\/2023\/04\/IMG20230404120537-1-272x272-c-default.webp 2x\">\n\t\t\t\t\t\t\t\t<\/div>\n\t\t\t\t\t\t\t\t\t\t\t\t\t\t\t\t\t\t<\/div>\n\t\t\t\t<\/div>\n\t\t\t<\/div>\n\t\t\t<div class=\"col-12 col-lg-8\">\n\t\t\t\t<div class=\"product-content__main\">\n\t\t\t\t\t<div class=\"txt\"><p>Our aim is constant development; thus, we try to introduce innovative products to our offer. In the catalogue of our products, you will find meltblown and SMS nonwovens. The modern technology of meltblown nonwoven production allows us to create a material with very high filtration properties which can be used in filtration products of any kind, and in medical and FFP masks. SMS nonwoven (Spunbond-Meltblown-Spunbond) is produced through combining spunbond and meltblown ones. The material thus obtained is durable, impermeable and breathable at the same time, it also has high filtering properties. Therefore, it is successfully used in all kinds of medical and hygienic products (protective and medical clothing, pads for operating field, diapers, filters).<\/p>\n<\/div>\n\n\t\t\t\t\t\t\t\t\t\t\t\t\t\t\t\t\t\t\t<\/div>\n\t\t\t<\/div>\n\t\t<\/div>\n\n\t\t\t<\/div>\n\n<\/section>\n","protected":false},"excerpt":{"rendered":"","protected":false},"author":1,"featured_media":0,"parent":657,"menu_order":0,"comment_status":"closed","ping_status":"closed","template":"","meta":[],"acf":[],"yoast_head":"<!-- This site is optimized with the Yoast SEO plugin v20.10 - https:\/\/yoast.com\/wordpress\/plugins\/seo\/ -->\n<title>Meltblown SMS fleeces, medical nonwovens for hygiene products<\/title>\n<meta name=\"robots\" content=\"index, follow, max-snippet:-1, max-image-preview:large, max-video-preview:-1\" \/>\n<link rel=\"canonical\" href=\"http:\/\/einmed.eu\/en\/oferta\/meltblown-sms-nonwovens\/\" \/>\n<meta property=\"og:locale\" content=\"en_US\" \/>\n<meta property=\"og:type\" content=\"article\" \/>\n<meta property=\"og:title\" content=\"Meltblown SMS fleeces, medical nonwovens for hygiene products\" \/>\n<meta property=\"og:url\" content=\"http:\/\/einmed.eu\/en\/oferta\/meltblown-sms-nonwovens\/\" \/>\n<meta property=\"og:site_name\" content=\"Einmed\" \/>\n<meta property=\"article:modified_time\" content=\"2023-07-24T14:57:04+00:00\" \/>\n<meta name=\"twitter:card\" content=\"summary_large_image\" \/>\n<script type=\"application\/ld+json\" class=\"yoast-schema-graph\">{\"@context\":\"https:\/\/schema.org\",\"@graph\":[{\"@type\":\"WebPage\",\"@id\":\"http:\/\/einmed.eu\/en\/oferta\/meltblown-sms-nonwovens\/\",\"url\":\"http:\/\/einmed.eu\/en\/oferta\/meltblown-sms-nonwovens\/\",\"name\":\"Meltblown SMS fleeces, medical nonwovens for hygiene products\",\"isPartOf\":{\"@id\":\"https:\/\/einmed.eu\/en\/#website\"},\"datePublished\":\"2023-03-29T06:55:47+00:00\",\"dateModified\":\"2023-07-24T14:57:04+00:00\",\"breadcrumb\":{\"@id\":\"http:\/\/einmed.eu\/en\/oferta\/meltblown-sms-nonwovens\/#breadcrumb\"},\"inLanguage\":\"en-US\",\"potentialAction\":[{\"@type\":\"ReadAction\",\"target\":[\"http:\/\/einmed.eu\/en\/oferta\/meltblown-sms-nonwovens\/\"]}]},{\"@type\":\"BreadcrumbList\",\"@id\":\"http:\/\/einmed.eu\/en\/oferta\/meltblown-sms-nonwovens\/#breadcrumb\",\"itemListElement\":[{\"@type\":\"ListItem\",\"position\":1,\"name\":\"Offer\",\"item\":\"https:\/\/einmed.eu\/en\/oferta\/\"},{\"@type\":\"ListItem\",\"position\":2,\"name\":\"Meltblown and SMS nonwovens\"}]},{\"@type\":\"WebSite\",\"@id\":\"https:\/\/einmed.eu\/en\/#website\",\"url\":\"https:\/\/einmed.eu\/en\/\",\"name\":\"Einmed\",\"description\":\"Producent w\u0142\u00f3knin oraz pokrowc\u00f3w na materace\",\"potentialAction\":[{\"@type\":\"SearchAction\",\"target\":{\"@type\":\"EntryPoint\",\"urlTemplate\":\"https:\/\/einmed.eu\/en\/?s={search_term_string}\"},\"query-input\":\"required name=search_term_string\"}],\"inLanguage\":\"en-US\"}]}<\/script>\n<!-- \/ Yoast SEO plugin. -->","yoast_head_json":{"title":"Meltblown SMS fleeces, medical nonwovens for hygiene products","robots":{"index":"index","follow":"follow","max-snippet":"max-snippet:-1","max-image-preview":"max-image-preview:large","max-video-preview":"max-video-preview:-1"},"canonical":"http:\/\/einmed.eu\/en\/oferta\/meltblown-sms-nonwovens\/","og_locale":"en_US","og_type":"article","og_title":"Meltblown SMS fleeces, medical nonwovens for hygiene products","og_url":"http:\/\/einmed.eu\/en\/oferta\/meltblown-sms-nonwovens\/","og_site_name":"Einmed","article_modified_time":"2023-07-24T14:57:04+00:00","twitter_card":"summary_large_image","schema":{"@context":"https:\/\/schema.org","@graph":[{"@type":"WebPage","@id":"http:\/\/einmed.eu\/en\/oferta\/meltblown-sms-nonwovens\/","url":"http:\/\/einmed.eu\/en\/oferta\/meltblown-sms-nonwovens\/","name":"Meltblown SMS fleeces, medical nonwovens for hygiene products","isPartOf":{"@id":"https:\/\/einmed.eu\/en\/#website"},"datePublished":"2023-03-29T06:55:47+00:00","dateModified":"2023-07-24T14:57:04+00:00","breadcrumb":{"@id":"http:\/\/einmed.eu\/en\/oferta\/meltblown-sms-nonwovens\/#breadcrumb"},"inLanguage":"en-US","potentialAction":[{"@type":"ReadAction","target":["http:\/\/einmed.eu\/en\/oferta\/meltblown-sms-nonwovens\/"]}]},{"@type":"BreadcrumbList","@id":"http:\/\/einmed.eu\/en\/oferta\/meltblown-sms-nonwovens\/#breadcrumb","itemListElement":[{"@type":"ListItem","position":1,"name":"Offer","item":"https:\/\/einmed.eu\/en\/oferta\/"},{"@type":"ListItem","position":2,"name":"Meltblown and SMS nonwovens"}]},{"@type":"WebSite","@id":"https:\/\/einmed.eu\/en\/#website","url":"https:\/\/einmed.eu\/en\/","name":"Einmed","description":"Producent w\u0142\u00f3knin oraz pokrowc\u00f3w na materace","potentialAction":[{"@type":"SearchAction","target":{"@type":"EntryPoint","urlTemplate":"https:\/\/einmed.eu\/en\/?s={search_term_string}"},"query-input":"required name=search_term_string"}],"inLanguage":"en-US"}]}},"_links":{"self":[{"href":"http:\/\/einmed.eu\/en\/wp-json\/wp\/v2\/pages\/697"}],"collection":[{"href":"http:\/\/einmed.eu\/en\/wp-json\/wp\/v2\/pages"}],"about":[{"href":"http:\/\/einmed.eu\/en\/wp-json\/wp\/v2\/types\/page"}],"author":[{"embeddable":true,"href":"http:\/\/einmed.eu\/en\/wp-json\/wp\/v2\/users\/1"}],"replies":[{"embeddable":true,"href":"http:\/\/einmed.eu\/en\/wp-json\/wp\/v2\/comments?post=697"}],"version-history":[{"count":5,"href":"http:\/\/einmed.eu\/en\/wp-json\/wp\/v2\/pages\/697\/revisions"}],"predecessor-version":[{"id":1307,"href":"http:\/\/einmed.eu\/en\/wp-json\/wp\/v2\/pages\/697\/revisions\/1307"}],"up":[{"embeddable":true,"href":"http:\/\/einmed.eu\/en\/wp-json\/wp\/v2\/pages\/657"}],"wp:attachment":[{"href":"http:\/\/einmed.eu\/en\/wp-json\/wp\/v2\/media?parent=697"}],"curies":[{"name":"wp","href":"https:\/\/api.w.org\/{rel}","templated":true}]}}