{"id":689,"date":"2023-03-28T14:20:23","date_gmt":"2023-03-28T12:20:23","guid":{"rendered":"http:\/\/einmed.eu\/oferta\/wlokniny-polipropylenowe-typu-spunbond\/"},"modified":"2023-08-08T08:57:19","modified_gmt":"2023-08-08T06:57:19","slug":"spunbond-polypropylene-nonwovens","status":"publish","type":"page","link":"http:\/\/einmed.eu\/en\/oferta\/spunbond-polypropylene-nonwovens\/","title":{"rendered":"Spunbond polypropylene nonwovens"},"content":{"rendered":"<section id=\"\" class=\"product-opener acf-block acf-block-id-block_fe584099cb8812cde57613fca5cf0637 \">\n\n\t<div class=\"container-fluid\">\n\t\t<div class=\"row\">\n\t\t\t<div class=\"col-12\">\n\t\t\t\t<div class=\"product-opener__box\" style=\"background-image: url('http:\/\/einmed.eu\/app\/uploads\/2023\/03\/slider2-scaled.jpg')\">\n\t\t\t\t\t<div class=\"col-12 col-lg-4\">\n\t\t\t\t\t\t<div class=\"info-box \">\n\n\t<div class=\"info-box__logo\">\n\t\t<img decoding=\"async\" src=\"http:\/\/einmed.eu\/app\/themes\/einmed\/assets\/images\/svg\/sygnet.svg\" alt=\"sygnet\">\n\t<\/div>\n\t<div class=\"info-box__wrapper\">\n\t\t<h1 class=\"title\">Spunbond polypropylene nonwovens<\/h1>\n\t\t\t\t\t\t\t<a href=\"#bottom\" class=\"btn\">Find out more<\/a>\n\t\t\t<\/div>\n\n<\/div>\n\t\t\t\t\t<\/div>\n\t\t\t\t<\/div>\n\t\t\t<\/div>\n\t\t<\/div>\n\t<\/div>\n\n<\/section>\n\n\n<section id=\"bottom\" class=\"product-content acf-block acf-block-id-block_3372edae5bd0384aea33f1b21ec48323 \">\n\n\t<div class=\"container-fluid\">\n\t\t<div class=\"row row-flex\">\n\t\t\t<div class=\"col-12 col-lg-4 col-flex\">\n\t\t\t\t<div class=\"product-content__aside\">\n\t\t\t\t\t<div class=\"info-box wider\">\n\n\t<div class=\"info-box__logo\">\n\t\t<img decoding=\"async\" src=\"http:\/\/einmed.eu\/app\/themes\/einmed\/assets\/images\/svg\/sygnet.svg\" alt=\"sygnet\">\n\t<\/div>\n\t<div class=\"info-box__wrapper\">\n\t\t<h1 class=\"title\">Spunbond polypropylene nonwovens<\/h1>\n\t\t\t\t\t<\/div>\n\n<\/div>\n\n\t\t\t\t\t\t\t\t\t\t\t<div class=\"product-content__widths\">\n\t\t\t\t\t\t\t<h3 class=\"product-content__title\">Available widths<\/h3>\n\t\t\t\t\t\t\t\t\t\t\t\t\t\t\t<p class=\"product-content__item\">from 12 cm to 3.5 m<\/p>\n\t\t\t\t\t\t\t\t\t\t\t\t\t\t\t<p class=\"product-content__item\">up to 19 m by using a linking machine<\/p>\n\t\t\t\t\t\t\t\t\t\t\t\t\t<\/div>\n\t\t\t\t\t\n\t\t\t\t\t\t\t\t\t\t\t<div class=\"product-content__grammages\">\n\t\t\t\t\t\t\t<h3 class=\"product-content__title\">Available weights<\/h3>\n\t\t\t\t\t\t\t\t\t\t\t\t\t\t\t<p class=\"product-content__item\">10-150 g\/m2<\/p>\n\t\t\t\t\t\t\t\t\t\t\t\t\t<\/div>\n\t\t\t\t\t\n\t\t\t\t\t<div class=\"product-content__gallery\">\n\t\t\t\t\t\t\t\t\t\t\t\t\t\t\t\t\t\t\t\t\t\t\t\t\t\t\t<div class=\"product-content__img\">\n\t\t\t\t\t\t\t\t\t<img decoding=\"async\" src=\"http:\/\/einmed.eu\/app\/uploads\/2023\/04\/1-49-1.webp\" alt=\"\"\n\t\t\t\t\t\t\t\t\t\t srcset=\"http:\/\/einmed.eu\/app\/uploads\/2023\/04\/1-49-1-466x284-c-default.webp 1x, http:\/\/einmed.eu\/app\/uploads\/2023\/04\/1-49-1-932x568-c-default.webp 2x\">\n\t\t\t\t\t\t\t\t<\/div>\n\t\t\t\t\t\t\t\t\t\t\t\t\t\t\t\t\t\t\t\t\t\t\t\t\t\t\t\t\t\t\t\t\t\t\t\t\t\t\t\t\t\t\t\t\t\t\t\t\t\t\t\t\t\t\t\t\t<\/div>\n\t\t\t\t\t<div class=\"product-content__gallery product-content__gallery--horizontal\">\n\t\t\t\t\t\t\t\t\t\t\t\t\t\t\t\t\t\t\t\t\t\t\t\t\t\t\t\t\t\t\t\t\t\t<div class=\"product-content__img\">\n\t\t\t\t\t\t\t\t\t<img decoding=\"async\" src=\"http:\/\/einmed.eu\/app\/uploads\/2023\/04\/wlokniny-pp-spunbond-2.webp\" alt=\"\"\n\t\t\t\t\t\t\t\t\t\t srcset=\"http:\/\/einmed.eu\/app\/uploads\/2023\/04\/wlokniny-pp-spunbond-2-136x136-c-default.webp 1x, http:\/\/einmed.eu\/app\/uploads\/2023\/04\/wlokniny-pp-spunbond-2-272x272-c-default.webp 2x\">\n\t\t\t\t\t\t\t\t<\/div>\n\t\t\t\t\t\t\t\t\t\t\t\t\t\t\t\t\t\t\t\t\t\t\t\t\t\t\t\t<div class=\"product-content__img\">\n\t\t\t\t\t\t\t\t\t<img decoding=\"async\" src=\"http:\/\/einmed.eu\/app\/uploads\/2023\/04\/BAH3899_1080px-2.webp\" alt=\"\"\n\t\t\t\t\t\t\t\t\t\t srcset=\"http:\/\/einmed.eu\/app\/uploads\/2023\/04\/BAH3899_1080px-2-136x136-c-default.webp 1x, http:\/\/einmed.eu\/app\/uploads\/2023\/04\/BAH3899_1080px-2-272x272-c-default.webp 2x\">\n\t\t\t\t\t\t\t\t<\/div>\n\t\t\t\t\t\t\t\t\t\t\t\t\t\t\t\t\t\t\t\t\t\t\t\t\t\t\t\t<div class=\"product-content__img\">\n\t\t\t\t\t\t\t\t\t<img decoding=\"async\" src=\"http:\/\/einmed.eu\/app\/uploads\/2023\/04\/view-felt-fabric-gray-tones-1.webp\" alt=\"\"\n\t\t\t\t\t\t\t\t\t\t srcset=\"http:\/\/einmed.eu\/app\/uploads\/2023\/04\/view-felt-fabric-gray-tones-1-136x136-c-default.webp 1x, http:\/\/einmed.eu\/app\/uploads\/2023\/04\/view-felt-fabric-gray-tones-1-272x272-c-default.webp 2x\">\n\t\t\t\t\t\t\t\t<\/div>\n\t\t\t\t\t\t\t\t\t\t\t\t\t\t\t\t\t\t<\/div>\n\t\t\t\t<\/div>\n\t\t\t<\/div>\n\t\t\t<div class=\"col-12 col-lg-8\">\n\t\t\t\t<div class=\"product-content__main\">\n\t\t\t\t\t<div class=\"txt\"><p>Numerous advantages of polypropylene nonwovens (PP Spunbond), also known as <em>wigofil<\/em>, such as low stretch, smooth surface, wear-resistance, breathability, and flame retardancy, make them an ideal material to be used in the following industries:<\/p>\n<ul>\n<li>furniture,<\/li>\n<li>medical and hygienic supplies,<\/li>\n<li>protective and medical clothing,<\/li>\n<li>footwear and leather crafting,<\/li>\n<li>carriers and pads,<\/li>\n<li>agriculture,<\/li>\n<li>construction,<\/li>\n<li>filtration industry,<\/li>\n<li>electronics industry,<\/li>\n<li>automotive industry,<\/li>\n<li>packaging and covers<\/li>\n<li>laminates<\/li>\n<\/ul>\n<p>Our nonwoven is produced under own brand TEXFIL.<\/p>\n<p>In the production process, we use high technical parameters that can be adapted to individual customer needs. Our machinery park gives us a lot of possibilities to modify nonwovens\u2019 properties by adjusting their technical parameters, width, weight, or colour.<\/p>\n<p>To meet diverse needs of different sectors, we use various types of finish, such as hydrophilic, hydrophobic, or antistatic one. We also produce nonwovens with UV stabilisers or with refractory qualities. We are certified by \u00d6ko-Tex, T\u00dcV, Intertek.<\/p>\n<\/div>\n\n\t\t\t\t\t\t\t\t\t\t\t\t\t\t\t\t\t\t\t<\/div>\n\t\t\t<\/div>\n\t\t<\/div>\n\n\t\t\t<\/div>\n\n<\/section>\n","protected":false},"excerpt":{"rendered":"","protected":false},"author":1,"featured_media":0,"parent":657,"menu_order":0,"comment_status":"closed","ping_status":"closed","template":"","meta":[],"acf":[],"yoast_head":"<!-- This site is optimized with the Yoast SEO plugin v20.10 - https:\/\/yoast.com\/wordpress\/plugins\/seo\/ -->\n<title>PP Spunbond nonwoven fabrics for the automotive industry - Einmed<\/title>\n<meta name=\"robots\" content=\"index, follow, max-snippet:-1, max-image-preview:large, max-video-preview:-1\" \/>\n<link rel=\"canonical\" href=\"http:\/\/einmed.eu\/en\/oferta\/spunbond-polypropylene-nonwovens\/\" \/>\n<meta property=\"og:locale\" content=\"en_US\" \/>\n<meta property=\"og:type\" content=\"article\" \/>\n<meta property=\"og:title\" content=\"PP Spunbond nonwoven fabrics for the automotive industry - Einmed\" \/>\n<meta property=\"og:url\" content=\"http:\/\/einmed.eu\/en\/oferta\/spunbond-polypropylene-nonwovens\/\" \/>\n<meta property=\"og:site_name\" content=\"Einmed\" \/>\n<meta property=\"article:modified_time\" content=\"2023-08-08T06:57:19+00:00\" \/>\n<meta name=\"twitter:card\" content=\"summary_large_image\" \/>\n<script type=\"application\/ld+json\" class=\"yoast-schema-graph\">{\"@context\":\"https:\/\/schema.org\",\"@graph\":[{\"@type\":\"WebPage\",\"@id\":\"http:\/\/einmed.eu\/en\/oferta\/spunbond-polypropylene-nonwovens\/\",\"url\":\"http:\/\/einmed.eu\/en\/oferta\/spunbond-polypropylene-nonwovens\/\",\"name\":\"PP Spunbond nonwoven fabrics for the automotive industry - Einmed\",\"isPartOf\":{\"@id\":\"https:\/\/einmed.eu\/en\/#website\"},\"datePublished\":\"2023-03-28T12:20:23+00:00\",\"dateModified\":\"2023-08-08T06:57:19+00:00\",\"breadcrumb\":{\"@id\":\"http:\/\/einmed.eu\/en\/oferta\/spunbond-polypropylene-nonwovens\/#breadcrumb\"},\"inLanguage\":\"en-US\",\"potentialAction\":[{\"@type\":\"ReadAction\",\"target\":[\"http:\/\/einmed.eu\/en\/oferta\/spunbond-polypropylene-nonwovens\/\"]}]},{\"@type\":\"BreadcrumbList\",\"@id\":\"http:\/\/einmed.eu\/en\/oferta\/spunbond-polypropylene-nonwovens\/#breadcrumb\",\"itemListElement\":[{\"@type\":\"ListItem\",\"position\":1,\"name\":\"Offer\",\"item\":\"https:\/\/einmed.eu\/en\/oferta\/\"},{\"@type\":\"ListItem\",\"position\":2,\"name\":\"Spunbond polypropylene nonwovens\"}]},{\"@type\":\"WebSite\",\"@id\":\"https:\/\/einmed.eu\/en\/#website\",\"url\":\"https:\/\/einmed.eu\/en\/\",\"name\":\"Einmed\",\"description\":\"Producent w\u0142\u00f3knin oraz pokrowc\u00f3w na materace\",\"potentialAction\":[{\"@type\":\"SearchAction\",\"target\":{\"@type\":\"EntryPoint\",\"urlTemplate\":\"https:\/\/einmed.eu\/en\/?s={search_term_string}\"},\"query-input\":\"required name=search_term_string\"}],\"inLanguage\":\"en-US\"}]}<\/script>\n<!-- \/ Yoast SEO plugin. -->","yoast_head_json":{"title":"PP Spunbond nonwoven fabrics for the automotive industry - Einmed","robots":{"index":"index","follow":"follow","max-snippet":"max-snippet:-1","max-image-preview":"max-image-preview:large","max-video-preview":"max-video-preview:-1"},"canonical":"http:\/\/einmed.eu\/en\/oferta\/spunbond-polypropylene-nonwovens\/","og_locale":"en_US","og_type":"article","og_title":"PP Spunbond nonwoven fabrics for the automotive industry - Einmed","og_url":"http:\/\/einmed.eu\/en\/oferta\/spunbond-polypropylene-nonwovens\/","og_site_name":"Einmed","article_modified_time":"2023-08-08T06:57:19+00:00","twitter_card":"summary_large_image","schema":{"@context":"https:\/\/schema.org","@graph":[{"@type":"WebPage","@id":"http:\/\/einmed.eu\/en\/oferta\/spunbond-polypropylene-nonwovens\/","url":"http:\/\/einmed.eu\/en\/oferta\/spunbond-polypropylene-nonwovens\/","name":"PP Spunbond nonwoven fabrics for the automotive industry - Einmed","isPartOf":{"@id":"https:\/\/einmed.eu\/en\/#website"},"datePublished":"2023-03-28T12:20:23+00:00","dateModified":"2023-08-08T06:57:19+00:00","breadcrumb":{"@id":"http:\/\/einmed.eu\/en\/oferta\/spunbond-polypropylene-nonwovens\/#breadcrumb"},"inLanguage":"en-US","potentialAction":[{"@type":"ReadAction","target":["http:\/\/einmed.eu\/en\/oferta\/spunbond-polypropylene-nonwovens\/"]}]},{"@type":"BreadcrumbList","@id":"http:\/\/einmed.eu\/en\/oferta\/spunbond-polypropylene-nonwovens\/#breadcrumb","itemListElement":[{"@type":"ListItem","position":1,"name":"Offer","item":"https:\/\/einmed.eu\/en\/oferta\/"},{"@type":"ListItem","position":2,"name":"Spunbond polypropylene nonwovens"}]},{"@type":"WebSite","@id":"https:\/\/einmed.eu\/en\/#website","url":"https:\/\/einmed.eu\/en\/","name":"Einmed","description":"Producent w\u0142\u00f3knin oraz pokrowc\u00f3w na materace","potentialAction":[{"@type":"SearchAction","target":{"@type":"EntryPoint","urlTemplate":"https:\/\/einmed.eu\/en\/?s={search_term_string}"},"query-input":"required name=search_term_string"}],"inLanguage":"en-US"}]}},"_links":{"self":[{"href":"http:\/\/einmed.eu\/en\/wp-json\/wp\/v2\/pages\/689"}],"collection":[{"href":"http:\/\/einmed.eu\/en\/wp-json\/wp\/v2\/pages"}],"about":[{"href":"http:\/\/einmed.eu\/en\/wp-json\/wp\/v2\/types\/page"}],"author":[{"embeddable":true,"href":"http:\/\/einmed.eu\/en\/wp-json\/wp\/v2\/users\/1"}],"replies":[{"embeddable":true,"href":"http:\/\/einmed.eu\/en\/wp-json\/wp\/v2\/comments?post=689"}],"version-history":[{"count":3,"href":"http:\/\/einmed.eu\/en\/wp-json\/wp\/v2\/pages\/689\/revisions"}],"predecessor-version":[{"id":1555,"href":"http:\/\/einmed.eu\/en\/wp-json\/wp\/v2\/pages\/689\/revisions\/1555"}],"up":[{"embeddable":true,"href":"http:\/\/einmed.eu\/en\/wp-json\/wp\/v2\/pages\/657"}],"wp:attachment":[{"href":"http:\/\/einmed.eu\/en\/wp-json\/wp\/v2\/media?parent=689"}],"curies":[{"name":"wp","href":"https:\/\/api.w.org\/{rel}","templated":true}]}}