{"id":681,"date":"2023-03-29T10:17:09","date_gmt":"2023-03-29T08:17:09","guid":{"rendered":"http:\/\/einmed.eu\/oferta\/wlokniny-filtracyjne\/"},"modified":"2023-07-21T15:04:16","modified_gmt":"2023-07-21T13:04:16","slug":"filter-fleece","status":"publish","type":"page","link":"http:\/\/einmed.eu\/en\/oferta\/filter-fleece\/","title":{"rendered":"Nonwovens with filtration properties"},"content":{"rendered":"<section id=\"\" class=\"product-opener acf-block acf-block-id-block_bdb2e0787524eb96faf11e6f0f3a28d0 \">\n\n\t<div class=\"container-fluid\">\n\t\t<div class=\"row\">\n\t\t\t<div class=\"col-12\">\n\t\t\t\t<div class=\"product-opener__box\" style=\"background-image: url('http:\/\/einmed.eu\/app\/uploads\/2023\/04\/wlokniny-filtracyjne-2-1-scaled.jpg')\">\n\t\t\t\t\t<div class=\"col-12 col-lg-4\">\n\t\t\t\t\t\t<div class=\"info-box \">\n\n\t<div class=\"info-box__logo\">\n\t\t<img decoding=\"async\" src=\"http:\/\/einmed.eu\/app\/themes\/einmed\/assets\/images\/svg\/sygnet.svg\" alt=\"sygnet\">\n\t<\/div>\n\t<div class=\"info-box__wrapper\">\n\t\t<h1 class=\"title\">Nonwovens with filtration properties<\/h1>\n\t\t\t\t\t\t\t<a href=\"#bottom\" class=\"btn\">Find out more<\/a>\n\t\t\t<\/div>\n\n<\/div>\n\t\t\t\t\t<\/div>\n\t\t\t\t<\/div>\n\t\t\t<\/div>\n\t\t<\/div>\n\t<\/div>\n\n<\/section>\n\n\n<section id=\"bottom\" class=\"product-content acf-block acf-block-id-block_c919e1a49640e373447bc96d8abd7ca3  acf-block--desktop-pt-20 acf-block--desktop-pb-20 acf-block--mobile-pt-20 acf-block--mobile-pb-20\">\n\n\t<div class=\"container-fluid\">\n\t\t<div class=\"row row-flex\">\n\t\t\t<div class=\"col-12 col-lg-4 col-flex\">\n\t\t\t\t<div class=\"product-content__aside\">\n\t\t\t\t\t<div class=\"info-box wider\">\n\n\t<div class=\"info-box__logo\">\n\t\t<img decoding=\"async\" src=\"http:\/\/einmed.eu\/app\/themes\/einmed\/assets\/images\/svg\/sygnet.svg\" alt=\"sygnet\">\n\t<\/div>\n\t<div class=\"info-box__wrapper\">\n\t\t<h1 class=\"title\">Nonwovens with filtration properties<\/h1>\n\t\t\t\t\t<\/div>\n\n<\/div>\n\n\t\t\t\t\t\n\t\t\t\t\t\n\t\t\t\t\t<div class=\"product-content__gallery\">\n\t\t\t\t\t\t\t\t\t\t\t\t\t\t\t\t\t\t\t\t\t\t\t\t\t\t\t<div class=\"product-content__img\">\n\t\t\t\t\t\t\t\t\t<img decoding=\"async\" src=\"http:\/\/einmed.eu\/app\/uploads\/2023\/04\/IMG_4392-3.webp\" alt=\"\"\n\t\t\t\t\t\t\t\t\t\t srcset=\"http:\/\/einmed.eu\/app\/uploads\/2023\/04\/IMG_4392-3-466x284-c-default.webp 1x, http:\/\/einmed.eu\/app\/uploads\/2023\/04\/IMG_4392-3-932x568-c-default.webp 2x\">\n\t\t\t\t\t\t\t\t<\/div>\n\t\t\t\t\t\t\t\t\t\t\t\t\t\t\t\t\t\t\t\t\t\t\t\t\t\t\t\t\t\t\t\t\t\t\t\t\t\t\t\t\t\t\t\t\t\t\t\t\t\t\t\t\t\t\t\t\t<\/div>\n\t\t\t\t\t<div class=\"product-content__gallery product-content__gallery--horizontal\">\n\t\t\t\t\t\t\t\t\t\t\t\t\t\t\t\t\t\t\t\t\t\t\t\t\t\t\t\t\t\t\t\t\t\t<div class=\"product-content__img\">\n\t\t\t\t\t\t\t\t\t<img decoding=\"async\" src=\"http:\/\/einmed.eu\/app\/uploads\/2023\/04\/inne-rodzaje-wloknin-hot-air-cotton-3.webp\" alt=\"\"\n\t\t\t\t\t\t\t\t\t\t srcset=\"http:\/\/einmed.eu\/app\/uploads\/2023\/04\/inne-rodzaje-wloknin-hot-air-cotton-3-136x136-c-default.webp 1x, http:\/\/einmed.eu\/app\/uploads\/2023\/04\/inne-rodzaje-wloknin-hot-air-cotton-3-272x272-c-default.webp 2x\">\n\t\t\t\t\t\t\t\t<\/div>\n\t\t\t\t\t\t\t\t\t\t\t\t\t\t\t\t\t\t\t\t\t\t\t\t\t\t\t\t<div class=\"product-content__img\">\n\t\t\t\t\t\t\t\t\t<img decoding=\"async\" src=\"http:\/\/einmed.eu\/app\/uploads\/2023\/04\/1-59-1.webp\" alt=\"\"\n\t\t\t\t\t\t\t\t\t\t srcset=\"http:\/\/einmed.eu\/app\/uploads\/2023\/04\/1-59-1-136x136-c-default.webp 1x, http:\/\/einmed.eu\/app\/uploads\/2023\/04\/1-59-1-272x272-c-default.webp 2x\">\n\t\t\t\t\t\t\t\t<\/div>\n\t\t\t\t\t\t\t\t\t\t\t\t\t\t\t\t\t\t\t\t\t\t\t\t\t\t\t\t<div class=\"product-content__img\">\n\t\t\t\t\t\t\t\t\t<img decoding=\"async\" src=\"http:\/\/einmed.eu\/app\/uploads\/2023\/04\/wlokniny-filtracyjne-2.webp\" alt=\"\"\n\t\t\t\t\t\t\t\t\t\t srcset=\"http:\/\/einmed.eu\/app\/uploads\/2023\/04\/wlokniny-filtracyjne-2-136x136-c-default.webp 1x, http:\/\/einmed.eu\/app\/uploads\/2023\/04\/wlokniny-filtracyjne-2-272x272-c-default.webp 2x\">\n\t\t\t\t\t\t\t\t<\/div>\n\t\t\t\t\t\t\t\t\t\t\t\t\t\t\t\t\t\t<\/div>\n\t\t\t\t<\/div>\n\t\t\t<\/div>\n\t\t\t<div class=\"col-12 col-lg-8\">\n\t\t\t\t<div class=\"product-content__main\">\n\t\t\t\t\t<div class=\"txt\"><p>The nonwovens produced by our company are widely used in filtration processes. Nonwovens with filtration properties constitute a barrier to contaminants. Depending on the needs, they can be used for air, water, or oil filtration. Polypropylene nonwovens are combined with other types of nonwovens, for example, meltblown or needled nonwovens, to achieve better filtration parameters. We offer polypropylene nonwovens with a hydrophilic finish, available in various area densities, widths, and yarn packings.<\/p>\n<p>Example configurations of width and yarn packings of nonwovens with filtration properties:<\/p>\n<\/div>\n\n\t\t\t\t\t\t\t\t\t\t\t<div class=\"product-content__grammar\">\n\t\t\t\t\t\t\t<h4 class=\"product-content__grammar-title\">WEIGHT 30 G<\/h4>\n\t\t\t\t\t\t\t<div class=\"product-content__grammar-items\">\n\t\t\t\t\t\t\t\t\t\t\t\t\t\t\t\t\t<p class=\"btn btn--green\">550 x 250<\/p>\n\t\t\t\t\t\t\t\t\t\t\t\t\t\t\t\t\t<p class=\"btn btn--green\">1040 x 250<\/p>\n\t\t\t\t\t\t\t\t\t\t\t\t\t\t\t<\/div>\n\t\t\t\t\t\t<\/div>\n\t\t\t\t\t\t\t\t\t\t\t\t\t\t\t\t<div class=\"product-content__grammar\">\n\t\t\t\t\t\t\t<h4 class=\"product-content__grammar-title\">WEIGHT 20 G<\/h4>\n\t\t\t\t\t\t\t<div class=\"product-content__grammar-items\">\n\t\t\t\t\t\t\t\t\t\t\t\t\t\t\t\t\t<p class=\"btn btn--green\">650 x 250<\/p>\n\t\t\t\t\t\t\t\t\t\t\t\t\t\t\t\t\t<p class=\"btn btn--green\">1000 x 250<\/p>\n\t\t\t\t\t\t\t\t\t\t\t\t\t\t\t\t\t<p class=\"btn btn--green\">650 X 450<\/p>\n\t\t\t\t\t\t\t\t\t\t\t\t\t\t\t\t\t<p class=\"btn btn--green\">1040 X 250<\/p>\n\t\t\t\t\t\t\t\t\t\t\t\t\t\t\t<\/div>\n\t\t\t\t\t\t<\/div>\n\t\t\t\t\t\t\t\t\t\t\t\t\t\t\t\t<p class=\"product-content__additional-text\">We also make other roll widths and beams, tailored to the individual needs of the customer.<\/p>\n\t\t\t\t\t\t\t\t\t<\/div>\n\t\t\t<\/div>\n\t\t<\/div>\n\n\t\t\t<\/div>\n\n<\/section>\n","protected":false},"excerpt":{"rendered":"","protected":false},"author":1,"featured_media":0,"parent":657,"menu_order":0,"comment_status":"closed","ping_status":"closed","template":"","meta":[],"acf":[],"yoast_head":"<!-- This site is optimized with the Yoast SEO plugin v20.10 - https:\/\/yoast.com\/wordpress\/plugins\/seo\/ -->\n<title>Filter fleece - Einmed<\/title>\n<meta name=\"robots\" content=\"index, follow, max-snippet:-1, max-image-preview:large, max-video-preview:-1\" \/>\n<link rel=\"canonical\" href=\"http:\/\/einmed.eu\/en\/oferta\/filter-fleece\/\" \/>\n<meta property=\"og:locale\" content=\"en_US\" \/>\n<meta property=\"og:type\" content=\"article\" \/>\n<meta property=\"og:title\" content=\"Filter fleece - Einmed\" \/>\n<meta property=\"og:url\" content=\"http:\/\/einmed.eu\/en\/oferta\/filter-fleece\/\" \/>\n<meta property=\"og:site_name\" content=\"Einmed\" \/>\n<meta property=\"article:modified_time\" content=\"2023-07-21T13:04:16+00:00\" \/>\n<meta name=\"twitter:card\" content=\"summary_large_image\" \/>\n<script type=\"application\/ld+json\" class=\"yoast-schema-graph\">{\"@context\":\"https:\/\/schema.org\",\"@graph\":[{\"@type\":\"WebPage\",\"@id\":\"http:\/\/einmed.eu\/en\/oferta\/filter-fleece\/\",\"url\":\"http:\/\/einmed.eu\/en\/oferta\/filter-fleece\/\",\"name\":\"Filter fleece - Einmed\",\"isPartOf\":{\"@id\":\"http:\/\/einmed.eu\/en\/#website\"},\"datePublished\":\"2023-03-29T08:17:09+00:00\",\"dateModified\":\"2023-07-21T13:04:16+00:00\",\"breadcrumb\":{\"@id\":\"http:\/\/einmed.eu\/en\/oferta\/filter-fleece\/#breadcrumb\"},\"inLanguage\":\"en-US\",\"potentialAction\":[{\"@type\":\"ReadAction\",\"target\":[\"http:\/\/einmed.eu\/en\/oferta\/filter-fleece\/\"]}]},{\"@type\":\"BreadcrumbList\",\"@id\":\"http:\/\/einmed.eu\/en\/oferta\/filter-fleece\/#breadcrumb\",\"itemListElement\":[{\"@type\":\"ListItem\",\"position\":1,\"name\":\"Offer\",\"item\":\"https:\/\/einmed.eu\/en\/oferta\/\"},{\"@type\":\"ListItem\",\"position\":2,\"name\":\"Nonwovens with filtration properties\"}]},{\"@type\":\"WebSite\",\"@id\":\"http:\/\/einmed.eu\/en\/#website\",\"url\":\"http:\/\/einmed.eu\/en\/\",\"name\":\"Einmed\",\"description\":\"Producent w\u0142\u00f3knin oraz pokrowc\u00f3w na materace\",\"potentialAction\":[{\"@type\":\"SearchAction\",\"target\":{\"@type\":\"EntryPoint\",\"urlTemplate\":\"http:\/\/einmed.eu\/en\/?s={search_term_string}\"},\"query-input\":\"required name=search_term_string\"}],\"inLanguage\":\"en-US\"}]}<\/script>\n<!-- \/ Yoast SEO plugin. -->","yoast_head_json":{"title":"Filter fleece - Einmed","robots":{"index":"index","follow":"follow","max-snippet":"max-snippet:-1","max-image-preview":"max-image-preview:large","max-video-preview":"max-video-preview:-1"},"canonical":"http:\/\/einmed.eu\/en\/oferta\/filter-fleece\/","og_locale":"en_US","og_type":"article","og_title":"Filter fleece - Einmed","og_url":"http:\/\/einmed.eu\/en\/oferta\/filter-fleece\/","og_site_name":"Einmed","article_modified_time":"2023-07-21T13:04:16+00:00","twitter_card":"summary_large_image","schema":{"@context":"https:\/\/schema.org","@graph":[{"@type":"WebPage","@id":"http:\/\/einmed.eu\/en\/oferta\/filter-fleece\/","url":"http:\/\/einmed.eu\/en\/oferta\/filter-fleece\/","name":"Filter fleece - Einmed","isPartOf":{"@id":"http:\/\/einmed.eu\/en\/#website"},"datePublished":"2023-03-29T08:17:09+00:00","dateModified":"2023-07-21T13:04:16+00:00","breadcrumb":{"@id":"http:\/\/einmed.eu\/en\/oferta\/filter-fleece\/#breadcrumb"},"inLanguage":"en-US","potentialAction":[{"@type":"ReadAction","target":["http:\/\/einmed.eu\/en\/oferta\/filter-fleece\/"]}]},{"@type":"BreadcrumbList","@id":"http:\/\/einmed.eu\/en\/oferta\/filter-fleece\/#breadcrumb","itemListElement":[{"@type":"ListItem","position":1,"name":"Offer","item":"https:\/\/einmed.eu\/en\/oferta\/"},{"@type":"ListItem","position":2,"name":"Nonwovens with filtration properties"}]},{"@type":"WebSite","@id":"http:\/\/einmed.eu\/en\/#website","url":"http:\/\/einmed.eu\/en\/","name":"Einmed","description":"Producent w\u0142\u00f3knin oraz pokrowc\u00f3w na materace","potentialAction":[{"@type":"SearchAction","target":{"@type":"EntryPoint","urlTemplate":"http:\/\/einmed.eu\/en\/?s={search_term_string}"},"query-input":"required name=search_term_string"}],"inLanguage":"en-US"}]}},"_links":{"self":[{"href":"http:\/\/einmed.eu\/en\/wp-json\/wp\/v2\/pages\/681"}],"collection":[{"href":"http:\/\/einmed.eu\/en\/wp-json\/wp\/v2\/pages"}],"about":[{"href":"http:\/\/einmed.eu\/en\/wp-json\/wp\/v2\/types\/page"}],"author":[{"embeddable":true,"href":"http:\/\/einmed.eu\/en\/wp-json\/wp\/v2\/users\/1"}],"replies":[{"embeddable":true,"href":"http:\/\/einmed.eu\/en\/wp-json\/wp\/v2\/comments?post=681"}],"version-history":[{"count":3,"href":"http:\/\/einmed.eu\/en\/wp-json\/wp\/v2\/pages\/681\/revisions"}],"predecessor-version":[{"id":1491,"href":"http:\/\/einmed.eu\/en\/wp-json\/wp\/v2\/pages\/681\/revisions\/1491"}],"up":[{"embeddable":true,"href":"http:\/\/einmed.eu\/en\/wp-json\/wp\/v2\/pages\/657"}],"wp:attachment":[{"href":"http:\/\/einmed.eu\/en\/wp-json\/wp\/v2\/media?parent=681"}],"curies":[{"name":"wp","href":"https:\/\/api.w.org\/{rel}","templated":true}]}}