{"id":673,"date":"2023-03-29T13:23:02","date_gmt":"2023-03-29T11:23:02","guid":{"rendered":"http:\/\/einmed.eu\/oferta\/inne-rodzaje-wloknin\/"},"modified":"2023-07-24T17:29:56","modified_gmt":"2023-07-24T15:29:56","slug":"other-types-of-nonwovens","status":"publish","type":"page","link":"http:\/\/einmed.eu\/en\/oferta\/other-types-of-nonwovens\/","title":{"rendered":"Other types of nonwovens"},"content":{"rendered":"<section id=\"\" class=\"product-opener acf-block acf-block-id-block_53f27b6657685bd78f99e625169e4630 \">\n\n\t<div class=\"container-fluid\">\n\t\t<div class=\"row\">\n\t\t\t<div class=\"col-12\">\n\t\t\t\t<div class=\"product-opener__box\" style=\"background-image: url('http:\/\/einmed.eu\/app\/uploads\/2023\/03\/inne-rodzaje-wloknin-pPES-Spunbond-2-scaled.jpg')\">\n\t\t\t\t\t<div class=\"col-12 col-lg-4\">\n\t\t\t\t\t\t<div class=\"info-box \">\n\n\t<div class=\"info-box__logo\">\n\t\t<img decoding=\"async\" src=\"http:\/\/einmed.eu\/app\/themes\/einmed\/assets\/images\/svg\/sygnet.svg\" alt=\"sygnet\">\n\t<\/div>\n\t<div class=\"info-box__wrapper\">\n\t\t<h1 class=\"title\">Other types of nonwovens<\/h1>\n\t\t\t\t\t\t\t<a href=\"#bottom\" class=\"btn\">more<\/a>\n\t\t\t<\/div>\n\n<\/div>\n\t\t\t\t\t<\/div>\n\t\t\t\t<\/div>\n\t\t\t<\/div>\n\t\t<\/div>\n\t<\/div>\n\n<\/section>\n\n\n<section id=\"\" class=\"product-content acf-block acf-block-id-block_5a9592c4ef5cf783543f722f0def8834  acf-block--desktop-pt-50 acf-block--desktop-pb-50 acf-block--mobile-pt-25 acf-block--mobile-pb-25\">\n\n\t<div class=\"container-fluid\">\n\t\t<div class=\"row row-flex\">\n\t\t\t<div class=\"col-12 col-lg-4 col-flex\">\n\t\t\t\t<div class=\"product-content__aside\">\n\t\t\t\t\t<div class=\"info-box wider info-box--mb0\">\n\n\t<div class=\"info-box__logo\">\n\t\t<img decoding=\"async\" src=\"http:\/\/einmed.eu\/app\/themes\/einmed\/assets\/images\/svg\/sygnet.svg\" alt=\"sygnet\">\n\t<\/div>\n\t<div class=\"info-box__wrapper\">\n\t\t<h1 class=\"title\">Other types of nonwovens<\/h1>\n\t\t\t\t\t<\/div>\n\n<\/div>\n\t\t\t\t<\/div>\n\t\t\t<\/div>\n\t\t\t<div class=\"col-12 col-lg-8\">\n\t\t\t\t<div class=\"product-content__main\">\n\t\t\t\t\t<div class=\"txt\"><p>We\u00a0also\u00a0offer\u00a0nonwovens\u00a0produced\u00a0in\u00a0a\u00a0different\u00a0technology.\u00a0We\u00a0offer\u00a0needle-punched\u00a0nonwovens,\u00a0hot\u00a0air\u00a0cotton,\u00a0spunbond\u00a0polyester\u00a0nonwovens, spunlace\u00a0nonwovens\u00a0and\u00a0others.\u00a0Based\u00a0on\u00a0many\u00a0years\u00a0of\u00a0experience,\u00a0in\u00a0our\u00a0offer\u00a0you\u00a0will\u00a0find\u00a0only the highest\u00a0quality\u00a0products!<\/p>\n<\/div>\n\t\t\t\t<\/div>\n\t\t\t<\/div>\n\t\t<\/div>\n\n\n\t\t<div class=\"row\">\n\t\t\t<div class=\"col-12\">\n\t\t\t\t<section>\n\n\t\t\t\t<\/section>\n\t\t\t<\/div>\n\t\t<\/div>\n\t<\/div>\n\n<\/section>\n\n\n<section id=\"\" class=\"product-others acf-block acf-block-id-block_b6139fb985e3f887cc5c585d020285c2  acf-block--desktop-pt-20 acf-block--mobile-pt-20\">\n\n\t<div class=\"container-fluid\">\n\t\t<div id=\"bottom\" class=\"product-others__boxes\">\n\t\t\t\t\t\t\t<div class=\"product-others__box\">\n\t\t\t\t\t<h2 class=\"product-others__box__title\">Needle-punched nonwovens<\/h2>\n\t\t\t\t\t<a href=\"#box-0\" class=\"product-others__box__button\">more<\/a>\n\t\t\t\t<\/div>\n\t\t\t\t\t\t\t<div class=\"product-others__box product-others__box--darker-bg\">\n\t\t\t\t\t<h2 class=\"product-others__box__title\">Spunlance nonwovens<\/h2>\n\t\t\t\t\t<a href=\"#box-1\" class=\"product-others__box__button\">more<\/a>\n\t\t\t\t<\/div>\n\t\t\t\t\t\t\t<div class=\"product-others__box\">\n\t\t\t\t\t<h2 class=\"product-others__box__title\">Chemobond nonwovens<\/h2>\n\t\t\t\t\t<a href=\"#box-2\" class=\"product-others__box__button\">more<\/a>\n\t\t\t\t<\/div>\n\t\t\t\t\t\t\t<div class=\"product-others__box product-others__box--darker-bg\">\n\t\t\t\t\t<h2 class=\"product-others__box__title\">Nonwoven pes\/pet spunbond<\/h2>\n\t\t\t\t\t<a href=\"#box-3\" class=\"product-others__box__button\">more<\/a>\n\t\t\t\t<\/div>\n\t\t\t\t\t\t\t<div class=\"product-others__box\">\n\t\t\t\t\t<h2 class=\"product-others__box__title\">Thermo-weldable nonwovens<\/h2>\n\t\t\t\t\t<a href=\"#box-4\" class=\"product-others__box__button\">more<\/a>\n\t\t\t\t<\/div>\n\t\t\t\t\t<\/div>\n\n\t\t<div class=\"product-others__contents\">\n\t\t\t\t\t\t\t<div id=\"box-0\" class=\"product-others__content\">\n\t\t\t\t\t<p><strong>Needle-punched nonwovens<\/strong><\/p>\n<p>is a type of material obtained by mechanically bonding fibers with needles. The needling process involves the penetration of needles through a layer of fibers, which causes them to become entangled and form a permanent connection. Needle-punched nonwovens have different properties depending on the type of fibers used and production techniques.<\/p>\n<p>They are usually durable, durable and have high tear resistance. They also have a good ability to absorb water and breathability, which makes them suitable for applications in the fields of environmental protection, furniture industry, construction, automotive and many others.<\/p>\n<p>Needle-punched nonwovens are widely used in the production of carpets, filter mats, insulation materials, car linings, furniture upholstery, hygienic materials, geosynthetics and other technical products. They are popular for their strength, flexibility and ease of processing.<\/p>\n\n\t\t\t\t<\/div>\n\t\t\t\t\t\t\t<div id=\"box-1\" class=\"product-others__content\">\n\t\t\t\t\t<p><strong>Spunlace Nonwovens<\/strong><\/p>\n<p>are produced through a special process called hydroentanglement. In the production of spunlace nonwovens, cellulose fibers, synthetic fibers, or their blends are used. The hydroentanglement process involves directing a high-pressure water jet onto the fibers, causing them to intertwine and form a fabric with exceptional structure.<\/p>\n<p>Spunlace nonwovens are characterized by a soft, delicate, and smooth surface. They are highly absorbent and have excellent heat retention properties. They also have high tear strength and are resistant to stretching. Furthermore, due to the hydroentanglement process, spunlace nonwovens have uniform and homogeneous fiber arrangements.<\/p>\n<p>Spunlace nonwovens find wide application in the hygiene industry, medicine, cosmetics, kitchens, cleaning, and many other fields. They are used in the production of wet wipes, disposable diapers, paper towels, medical dressings, makeup removal materials, and many other products that require a soft, absorbent, and delicate fabric.<\/p>\n\n\t\t\t\t<\/div>\n\t\t\t\t\t\t\t<div id=\"box-2\" class=\"product-others__content\">\n\t\t\t\t\t<p><strong>Chemobond nonwovens<\/strong><\/p>\n<p>They are produced using a chemical fibre binding process. Unlike other methods such as needling or hydrobonding, chemobond nonwovens are created using chemicals that cause the fibers to bond permanently. The production process of chemobond nonwovens involves the application of appropriate chemicals to the fibers and then their activation by applying heat, pressure or other factors. Chemicals such as adhesives or resins react with the fibers to bond together to form a stable structure.<\/p>\n<p>Chemobond nonwovens are characterized by high mechanical strength, dimensional stability and durability.<\/p>\n\n\t\t\t\t<\/div>\n\t\t\t\t\t\t\t<div id=\"box-3\" class=\"product-others__content\">\n\t\t\t\t\t<p><strong>Nonwoven pes\/pet spunbond<\/strong><\/p>\n<p>They are made of polyester. The production process is similar to that of pp spunbond nonwovens. Polyester fibers are characterized by higher strength and tensile strength compared to polypropylene fibers.<\/p>\n<p>PES Spunbond nonwovens are characterized by a smooth surface and homogeneous structure. They are lightweight, but at the same time durable and tear-resistant. PES spunbond nonwovens also have good resistance to chemicals, which makes them used in various industries<\/p>\n<p>.<\/p>\n\n\t\t\t\t<\/div>\n\t\t\t\t\t\t\t<div id=\"box-4\" class=\"product-others__content\">\n\t\t\t\t\t<p><strong>Heat-sealable nonwovens<\/strong><\/p>\n<p>They are produced by thermal activation of the fibers and their bonding. The thermo-sealing process involves heating the fibres to melt or activate the adhesives on their surface. After joining and cooling the fibers, a permanent bond is formed, forming a non-woven fabric Heat-sealable nonwovens are characterized by high strength, dimensional stability and durability.<\/p>\n<p>They resist tearing and stretching, making them suitable for applications that require durable materials. Heat-sealable nonwovens are widely used in the furniture, construction, hygienic, packaging and other industries.<\/p>\n<p>They are used for the manufacture of furniture upholstery, insulation mat, panty liners, packaging materials, air filters, carpets, personal protective equipment and many other products.<\/p>\n\n\t\t\t\t<\/div>\n\t\t\t\t\t<\/div>\n\t<\/div>\n\n<\/section>\n\n","protected":false},"excerpt":{"rendered":"","protected":false},"author":1,"featured_media":0,"parent":657,"menu_order":0,"comment_status":"closed","ping_status":"closed","template":"","meta":[],"acf":[],"yoast_head":"<!-- This site is optimized with the Yoast SEO plugin v20.10 - https:\/\/yoast.com\/wordpress\/plugins\/seo\/ -->\n<title>Spunlace fleece nonwovens for the furniture industry - Einmed<\/title>\n<meta name=\"robots\" content=\"index, follow, max-snippet:-1, max-image-preview:large, max-video-preview:-1\" \/>\n<link rel=\"canonical\" href=\"http:\/\/einmed.eu\/en\/oferta\/other-types-of-nonwovens\/\" \/>\n<meta property=\"og:locale\" content=\"en_US\" \/>\n<meta property=\"og:type\" content=\"article\" \/>\n<meta property=\"og:title\" content=\"Spunlace fleece nonwovens for the furniture industry - Einmed\" \/>\n<meta property=\"og:url\" content=\"http:\/\/einmed.eu\/en\/oferta\/other-types-of-nonwovens\/\" \/>\n<meta property=\"og:site_name\" content=\"Einmed\" \/>\n<meta property=\"article:modified_time\" content=\"2023-07-24T15:29:56+00:00\" \/>\n<meta name=\"twitter:card\" content=\"summary_large_image\" \/>\n<script type=\"application\/ld+json\" class=\"yoast-schema-graph\">{\"@context\":\"https:\/\/schema.org\",\"@graph\":[{\"@type\":\"WebPage\",\"@id\":\"http:\/\/einmed.eu\/en\/oferta\/other-types-of-nonwovens\/\",\"url\":\"http:\/\/einmed.eu\/en\/oferta\/other-types-of-nonwovens\/\",\"name\":\"Spunlace fleece nonwovens for the furniture industry - Einmed\",\"isPartOf\":{\"@id\":\"https:\/\/einmed.eu\/en\/#website\"},\"datePublished\":\"2023-03-29T11:23:02+00:00\",\"dateModified\":\"2023-07-24T15:29:56+00:00\",\"breadcrumb\":{\"@id\":\"http:\/\/einmed.eu\/en\/oferta\/other-types-of-nonwovens\/#breadcrumb\"},\"inLanguage\":\"en-US\",\"potentialAction\":[{\"@type\":\"ReadAction\",\"target\":[\"http:\/\/einmed.eu\/en\/oferta\/other-types-of-nonwovens\/\"]}]},{\"@type\":\"BreadcrumbList\",\"@id\":\"http:\/\/einmed.eu\/en\/oferta\/other-types-of-nonwovens\/#breadcrumb\",\"itemListElement\":[{\"@type\":\"ListItem\",\"position\":1,\"name\":\"Offer\",\"item\":\"https:\/\/einmed.eu\/en\/oferta\/\"},{\"@type\":\"ListItem\",\"position\":2,\"name\":\"Other types of nonwovens\"}]},{\"@type\":\"WebSite\",\"@id\":\"https:\/\/einmed.eu\/en\/#website\",\"url\":\"https:\/\/einmed.eu\/en\/\",\"name\":\"Einmed\",\"description\":\"Producent w\u0142\u00f3knin oraz pokrowc\u00f3w na materace\",\"potentialAction\":[{\"@type\":\"SearchAction\",\"target\":{\"@type\":\"EntryPoint\",\"urlTemplate\":\"https:\/\/einmed.eu\/en\/?s={search_term_string}\"},\"query-input\":\"required name=search_term_string\"}],\"inLanguage\":\"en-US\"}]}<\/script>\n<!-- \/ Yoast SEO plugin. -->","yoast_head_json":{"title":"Spunlace fleece nonwovens for the furniture industry - Einmed","robots":{"index":"index","follow":"follow","max-snippet":"max-snippet:-1","max-image-preview":"max-image-preview:large","max-video-preview":"max-video-preview:-1"},"canonical":"http:\/\/einmed.eu\/en\/oferta\/other-types-of-nonwovens\/","og_locale":"en_US","og_type":"article","og_title":"Spunlace fleece nonwovens for the furniture industry - Einmed","og_url":"http:\/\/einmed.eu\/en\/oferta\/other-types-of-nonwovens\/","og_site_name":"Einmed","article_modified_time":"2023-07-24T15:29:56+00:00","twitter_card":"summary_large_image","schema":{"@context":"https:\/\/schema.org","@graph":[{"@type":"WebPage","@id":"http:\/\/einmed.eu\/en\/oferta\/other-types-of-nonwovens\/","url":"http:\/\/einmed.eu\/en\/oferta\/other-types-of-nonwovens\/","name":"Spunlace fleece nonwovens for the furniture industry - Einmed","isPartOf":{"@id":"https:\/\/einmed.eu\/en\/#website"},"datePublished":"2023-03-29T11:23:02+00:00","dateModified":"2023-07-24T15:29:56+00:00","breadcrumb":{"@id":"http:\/\/einmed.eu\/en\/oferta\/other-types-of-nonwovens\/#breadcrumb"},"inLanguage":"en-US","potentialAction":[{"@type":"ReadAction","target":["http:\/\/einmed.eu\/en\/oferta\/other-types-of-nonwovens\/"]}]},{"@type":"BreadcrumbList","@id":"http:\/\/einmed.eu\/en\/oferta\/other-types-of-nonwovens\/#breadcrumb","itemListElement":[{"@type":"ListItem","position":1,"name":"Offer","item":"https:\/\/einmed.eu\/en\/oferta\/"},{"@type":"ListItem","position":2,"name":"Other types of nonwovens"}]},{"@type":"WebSite","@id":"https:\/\/einmed.eu\/en\/#website","url":"https:\/\/einmed.eu\/en\/","name":"Einmed","description":"Producent w\u0142\u00f3knin oraz pokrowc\u00f3w na materace","potentialAction":[{"@type":"SearchAction","target":{"@type":"EntryPoint","urlTemplate":"https:\/\/einmed.eu\/en\/?s={search_term_string}"},"query-input":"required name=search_term_string"}],"inLanguage":"en-US"}]}},"_links":{"self":[{"href":"http:\/\/einmed.eu\/en\/wp-json\/wp\/v2\/pages\/673"}],"collection":[{"href":"http:\/\/einmed.eu\/en\/wp-json\/wp\/v2\/pages"}],"about":[{"href":"http:\/\/einmed.eu\/en\/wp-json\/wp\/v2\/types\/page"}],"author":[{"embeddable":true,"href":"http:\/\/einmed.eu\/en\/wp-json\/wp\/v2\/users\/1"}],"replies":[{"embeddable":true,"href":"http:\/\/einmed.eu\/en\/wp-json\/wp\/v2\/comments?post=673"}],"version-history":[{"count":2,"href":"http:\/\/einmed.eu\/en\/wp-json\/wp\/v2\/pages\/673\/revisions"}],"predecessor-version":[{"id":1502,"href":"http:\/\/einmed.eu\/en\/wp-json\/wp\/v2\/pages\/673\/revisions\/1502"}],"up":[{"embeddable":true,"href":"http:\/\/einmed.eu\/en\/wp-json\/wp\/v2\/pages\/657"}],"wp:attachment":[{"href":"http:\/\/einmed.eu\/en\/wp-json\/wp\/v2\/media?parent=673"}],"curies":[{"name":"wp","href":"https:\/\/api.w.org\/{rel}","templated":true}]}}