{"id":657,"date":"2023-03-24T10:58:17","date_gmt":"2023-03-24T09:58:17","guid":{"rendered":"http:\/\/einmed.eu\/oferta\/"},"modified":"2023-07-24T17:31:44","modified_gmt":"2023-07-24T15:31:44","slug":"oferta","status":"publish","type":"page","link":"http:\/\/einmed.eu\/en\/oferta\/","title":{"rendered":"Offer"},"content":{"rendered":"<section id=\"\" class=\"product-opener acf-block acf-block-id-block_68b6e1477824982977ae2b428d43d5ea \">\n\n\t<div class=\"container-fluid\">\n\t\t<div class=\"row\">\n\t\t\t<div class=\"col-12\">\n\t\t\t\t<div class=\"product-opener__box\" style=\"background-image: url('http:\/\/einmed.eu\/app\/uploads\/2023\/03\/BAH3878_1080px-1-scaled.jpg')\">\n\t\t\t\t\t<div class=\"col-12 col-lg-4\">\n\t\t\t\t\t\t<div class=\"info-box \">\n\n\t<div class=\"info-box__logo\">\n\t\t<img decoding=\"async\" src=\"http:\/\/einmed.eu\/app\/themes\/einmed\/assets\/images\/svg\/sygnet.svg\" alt=\"sygnet\">\n\t<\/div>\n\t<div class=\"info-box__wrapper\">\n\t\t<h1 class=\"title\">Our offer<\/h1>\n\t\t\t\t\t<p class=\"txt\">Every month, Einmed delivers more than <br>2000 tons of nonwovens!<\/p>\n\t\t\t\t\t<\/div>\n\n<\/div>\n\t\t\t\t\t<\/div>\n\t\t\t\t<\/div>\n\t\t\t<\/div>\n\t\t<\/div>\n\t<\/div>\n\n<\/section>\n\n\n<section id=\"\" class=\"vertical-tiles acf-block acf-block-id-block_9c2d3484b17b685532653f3602d9a6a9 tiles-modified acf-block--desktop-pt-20 acf-block--mobile-pt-20\">\n\n\t<div class=\"container-fluid\">\n\t\t<div class=\"row row-flex\">\n\t\t\t\t\t\t\t<div class=\"col-12 col-md-6 col-lg-4 mb-20\">\n\t\t\t\t\t<div class=\"vertical-tiles__item\" data-href=\"http:\/\/einmed.eu\/en\/oferta\/wlokniny-polipropylenowe-typu-spunbond\/\">\n\t\t\t\t\t\t<div class=\"vertical-tiles__wrapper\">\n\t\t\t\t\t\t\t<h3 class=\"title title--25 vertical-tiles__headline\">Spunbond polypropylene nonwovens<\/h3>\n\t\t\t\t\t\t\t\t\t\t\t\t\t\t<a href=\"http:\/\/einmed.eu\/en\/oferta\/wlokniny-polipropylenowe-typu-spunbond\/\" class=\"btn btn--green\">find out more<\/a>\n\t\t\t\t\t\t<\/div>\n\n\t\t\t\t\t\t<div class=\"vertical-tiles__img\">\n\t\t\t\t\t\t\t<img decoding=\"async\" src=\"http:\/\/einmed.eu\/app\/uploads\/2023\/03\/as1.webp\" alt=\"\"\n\t\t\t\t\t\t\t\t srcset=\"http:\/\/einmed.eu\/app\/uploads\/2023\/03\/as1-391x284-c-default.webp 1x, http:\/\/einmed.eu\/app\/uploads\/2023\/03\/as1-782x568-c-default.webp 2x\">\n\t\t\t\t\t\t<\/div>\n\t\t\t\t\t<\/div>\n\t\t\t\t<\/div>\n\t\t\t\t\t\t\t<div class=\"col-12 col-md-6 col-lg-4 mb-20\">\n\t\t\t\t\t<div class=\"vertical-tiles__item\" data-href=\"http:\/\/einmed.eu\/en\/oferta\/meltblown-sms-nonwovens\/\">\n\t\t\t\t\t\t<div class=\"vertical-tiles__wrapper\">\n\t\t\t\t\t\t\t<h3 class=\"title title--25 vertical-tiles__headline\">Meltblown and SMS nonwovens<\/h3>\n\t\t\t\t\t\t\t\t\t\t\t\t\t\t<a href=\"http:\/\/einmed.eu\/en\/oferta\/meltblown-sms-nonwovens\/\" class=\"btn btn--green\">find out more<\/a>\n\t\t\t\t\t\t<\/div>\n\n\t\t\t\t\t\t<div class=\"vertical-tiles__img\">\n\t\t\t\t\t\t\t<img decoding=\"async\" src=\"http:\/\/einmed.eu\/app\/uploads\/2023\/03\/as2.webp\" alt=\"\"\n\t\t\t\t\t\t\t\t srcset=\"http:\/\/einmed.eu\/app\/uploads\/2023\/03\/as2-391x284-c-default.webp 1x, http:\/\/einmed.eu\/app\/uploads\/2023\/03\/as2-782x568-c-default.webp 2x\">\n\t\t\t\t\t\t<\/div>\n\t\t\t\t\t<\/div>\n\t\t\t\t<\/div>\n\t\t\t\t\t\t\t<div class=\"col-12 col-md-6 col-lg-4 mb-20\">\n\t\t\t\t\t<div class=\"vertical-tiles__item\" data-href=\"http:\/\/einmed.eu\/en\/oferta\/filter-fleece\/\">\n\t\t\t\t\t\t<div class=\"vertical-tiles__wrapper\">\n\t\t\t\t\t\t\t<h3 class=\"title title--25 vertical-tiles__headline\">Nonwovens with filtration properties<\/h3>\n\t\t\t\t\t\t\t\t\t\t\t\t\t\t<a href=\"http:\/\/einmed.eu\/en\/oferta\/filter-fleece\/\" class=\"btn btn--green\">find out more<\/a>\n\t\t\t\t\t\t<\/div>\n\n\t\t\t\t\t\t<div class=\"vertical-tiles__img\">\n\t\t\t\t\t\t\t<img decoding=\"async\" src=\"http:\/\/einmed.eu\/app\/uploads\/2023\/03\/as3.webp\" alt=\"\"\n\t\t\t\t\t\t\t\t srcset=\"http:\/\/einmed.eu\/app\/uploads\/2023\/03\/as3-391x284-c-default.webp 1x, http:\/\/einmed.eu\/app\/uploads\/2023\/03\/as3-782x568-c-default.webp 2x\">\n\t\t\t\t\t\t<\/div>\n\t\t\t\t\t<\/div>\n\t\t\t\t<\/div>\n\t\t\t\t\t\t\t<div class=\"col-12 col-md-6 col-lg-4 mb-20\">\n\t\t\t\t\t<div class=\"vertical-tiles__item\" data-href=\"http:\/\/einmed.eu\/en\/oferta\/nonwoven-sacks-filtration-bags\/\">\n\t\t\t\t\t\t<div class=\"vertical-tiles__wrapper\">\n\t\t\t\t\t\t\t<h3 class=\"title title--25 vertical-tiles__headline\">Nonwoven sacks, filtration bags, packaging bags, nonwoven bags and covers<\/h3>\n\t\t\t\t\t\t\t\t\t\t\t\t\t\t<a href=\"http:\/\/einmed.eu\/en\/oferta\/nonwoven-sacks-filtration-bags\/\" class=\"btn btn--green\">Dowiedz si\u0119 wi\u0119cej<\/a>\n\t\t\t\t\t\t<\/div>\n\n\t\t\t\t\t\t<div class=\"vertical-tiles__img\">\n\t\t\t\t\t\t\t<img decoding=\"async\" src=\"http:\/\/einmed.eu\/app\/uploads\/2023\/03\/as1.webp\" alt=\"\"\n\t\t\t\t\t\t\t\t srcset=\"http:\/\/einmed.eu\/app\/uploads\/2023\/03\/as1-391x284-c-default.webp 1x, http:\/\/einmed.eu\/app\/uploads\/2023\/03\/as1-782x568-c-default.webp 2x\">\n\t\t\t\t\t\t<\/div>\n\t\t\t\t\t<\/div>\n\t\t\t\t<\/div>\n\t\t\t\t\t\t\t<div class=\"col-12 col-md-6 col-lg-4 mb-20\">\n\t\t\t\t\t<div class=\"vertical-tiles__item\" data-href=\"http:\/\/einmed.eu\/en\/oferta\/ciecie-przewijanie-wloknin-formatki\/\">\n\t\t\t\t\t\t<div class=\"vertical-tiles__wrapper\">\n\t\t\t\t\t\t\t<h3 class=\"title title--25 vertical-tiles__headline\">Cutting and rewinding of nonwovens<\/h3>\n\t\t\t\t\t\t\t\t\t\t\t\t\t\t<a href=\"http:\/\/einmed.eu\/en\/oferta\/ciecie-przewijanie-wloknin-formatki\/\" class=\"btn btn--green\">find out more<\/a>\n\t\t\t\t\t\t<\/div>\n\n\t\t\t\t\t\t<div class=\"vertical-tiles__img\">\n\t\t\t\t\t\t\t<img decoding=\"async\" src=\"http:\/\/einmed.eu\/app\/uploads\/2023\/03\/2021_02_tex0048-1-1.webp\" alt=\"\"\n\t\t\t\t\t\t\t\t srcset=\"http:\/\/einmed.eu\/app\/uploads\/2023\/03\/2021_02_tex0048-1-1-391x284-c-default.webp 1x, http:\/\/einmed.eu\/app\/uploads\/2023\/03\/2021_02_tex0048-1-1-782x568-c-default.webp 2x\">\n\t\t\t\t\t\t<\/div>\n\t\t\t\t\t<\/div>\n\t\t\t\t<\/div>\n\t\t\t\t\t\t\t<div class=\"col-12 col-md-6 col-lg-4 mb-20\">\n\t\t\t\t\t<div class=\"vertical-tiles__item\" data-href=\"http:\/\/einmed.eu\/en\/oferta\/ultrasonic-welding\/\">\n\t\t\t\t\t\t<div class=\"vertical-tiles__wrapper\">\n\t\t\t\t\t\t\t<h3 class=\"title title--25 vertical-tiles__headline\">Ultrasonic welding<\/h3>\n\t\t\t\t\t\t\t\t\t\t\t\t\t\t<a href=\"http:\/\/einmed.eu\/en\/oferta\/ultrasonic-welding\/\" class=\"btn btn--green\">find out more<\/a>\n\t\t\t\t\t\t<\/div>\n\n\t\t\t\t\t\t<div class=\"vertical-tiles__img\">\n\t\t\t\t\t\t\t<img decoding=\"async\" src=\"http:\/\/einmed.eu\/app\/uploads\/2023\/03\/worki-z-wlokniny-1-1.webp\" alt=\"\"\n\t\t\t\t\t\t\t\t srcset=\"http:\/\/einmed.eu\/app\/uploads\/2023\/03\/worki-z-wlokniny-1-1-391x284-c-default.webp 1x, http:\/\/einmed.eu\/app\/uploads\/2023\/03\/worki-z-wlokniny-1-1-782x568-c-default.webp 2x\">\n\t\t\t\t\t\t<\/div>\n\t\t\t\t\t<\/div>\n\t\t\t\t<\/div>\n\t\t\t\t\t<\/div>\n\t<\/div>\n\n<\/section>\n\n\n<section id=\"\" class=\"horizontal-tiles acf-block acf-block-id-block_d0bbbbcac6462715f4132052b628be0a modified acf-block--desktop-pt-20 acf-block--mobile-pt-20\">\n\n\t<div class=\"container-fluid\">\n\t\t\t\t<div class=\"row\">\n\t\t\t\t\t\t\t<div class=\"col-12\">\n\t\t\t\t\t<div class=\"horizontal-tiles__item  last-child \" data-href=\"http:\/\/einmed.eu\/en\/oferta\/other-types-of-nonwovens\/\">\n\t\t\t\t\t\t<div class=\"horizontal-tiles__img\">\n\t\t\t\t\t\t\t<img decoding=\"async\" src=\"http:\/\/einmed.eu\/app\/uploads\/2023\/03\/inne-rodzaje-wloknin-pPES-Spunbond-2-scaled.webp\" alt=\"\"\n\t\t\t\t\t\t\tsrcset=\"http:\/\/einmed.eu\/app\/uploads\/2023\/03\/inne-rodzaje-wloknin-pPES-Spunbond-2-scaled-785x163-c-default.webp 1x, http:\/\/einmed.eu\/app\/uploads\/2023\/03\/inne-rodzaje-wloknin-pPES-Spunbond-2-scaled-1570x326-c-default.webp 2x\">\n\t\t\t\t\t\t<\/div>\n\t\t\t\t\t\t<div class=\"horizontal-tiles__wrapper\">\n\t\t\t\t\t\t\t<h3 class=\"title title--25 horizontal-tiles__header\">Other types of nonwovens<\/h3>\n\t\t\t\t\t\t\t\t\t\t\t\t\t\t<a href=\"http:\/\/einmed.eu\/en\/oferta\/other-types-of-nonwovens\/\" class=\"btn btn--green\">Find out more<\/a>\n\t\t\t\t\t\t<\/div>\n\t\t\t\t\t<\/div>\n\t\t\t\t<\/div>\n\t\t\t\t\t<\/div>\n\t<\/div>\n\n<\/section>\n\n\n<section id=\"\" class=\"grey-tile acf-block acf-block-id-block_76fe2852701fc3ca2c7643b771de49cb  acf-block--desktop-pt-20 acf-block--desktop-pb-20 acf-block--mobile-pt-20 acf-block--mobile-pb-20\">\n\n\t<div class=\"container-fluid\">\n\t\t<div class=\"row\">\n\t\t\t<div class=\"col-12\">\n\t\t\t\t<div class=\"info-block-dark\">\n\t\t\t\t\t<div class=\"info-block-dark__wrapper\">\n\t\t\t\t\t\t<h2 class=\"title grey-tile__headline\">We kindly invite you to contact us for more information.<\/h2>\n\t\t\t\t\t\t<p class=\"txt\">Offers, samples, technical advice, certificates.<\/p>\n\t\t\t\t\t\t<div class=\"info-block-dark__buttons\">\n\t\t\t\t\t\t\t<a href=\"mailto:EMILIA.SZKUDLAREK@einmed.eu\" class=\"info-block-dark__link\"><img decoding=\"async\" src=\"http:\/\/einmed.eu\/app\/themes\/einmed\/assets\/images\/svg\/envelopes-white.svg\" alt=\"ikona koperty\">EMILIA.SZKUDLAREK@einmed.eu<\/a>\n\t\t\t\t\t\t\t<a href=\"tel:+48533868728\" class=\"info-block-dark__link\"><img decoding=\"async\" src=\"http:\/\/einmed.eu\/app\/themes\/einmed\/assets\/images\/svg\/phone-white.svg\" alt=\"ikona telefonu\">+48 533 868 728<\/a>\n\t\t\t\t\t\t<\/div>\n\t\t\t\t\t<\/div>\n\t\t\t\t<\/div>\n\n\t\t\t<\/div>\n\t\t<\/div>\n\t<\/div>\n\n<\/section>\n","protected":false},"excerpt":{"rendered":"","protected":false},"author":1,"featured_media":0,"parent":0,"menu_order":0,"comment_status":"closed","ping_status":"closed","template":"","meta":[],"acf":[],"yoast_head":"<!-- This site is optimized with the Yoast SEO plugin v20.10 - https:\/\/yoast.com\/wordpress\/plugins\/seo\/ -->\n<title>Offer - Einmed<\/title>\n<meta name=\"robots\" content=\"index, follow, max-snippet:-1, max-image-preview:large, max-video-preview:-1\" \/>\n<link rel=\"canonical\" href=\"http:\/\/einmed.eu\/en\/oferta\/\" \/>\n<meta property=\"og:locale\" content=\"en_US\" \/>\n<meta property=\"og:type\" content=\"article\" \/>\n<meta property=\"og:title\" content=\"Offer - Einmed\" \/>\n<meta property=\"og:url\" content=\"http:\/\/einmed.eu\/en\/oferta\/\" \/>\n<meta property=\"og:site_name\" content=\"Einmed\" \/>\n<meta property=\"article:modified_time\" content=\"2023-07-24T15:31:44+00:00\" \/>\n<meta name=\"twitter:card\" content=\"summary_large_image\" \/>\n<script type=\"application\/ld+json\" class=\"yoast-schema-graph\">{\"@context\":\"https:\/\/schema.org\",\"@graph\":[{\"@type\":\"WebPage\",\"@id\":\"http:\/\/einmed.eu\/en\/oferta\/\",\"url\":\"http:\/\/einmed.eu\/en\/oferta\/\",\"name\":\"Offer - Einmed\",\"isPartOf\":{\"@id\":\"https:\/\/einmed.eu\/en\/#website\"},\"datePublished\":\"2023-03-24T09:58:17+00:00\",\"dateModified\":\"2023-07-24T15:31:44+00:00\",\"inLanguage\":\"en-US\",\"potentialAction\":[{\"@type\":\"ReadAction\",\"target\":[\"http:\/\/einmed.eu\/en\/oferta\/\"]}]},{\"@type\":\"WebSite\",\"@id\":\"https:\/\/einmed.eu\/en\/#website\",\"url\":\"https:\/\/einmed.eu\/en\/\",\"name\":\"Einmed\",\"description\":\"Producent w\u0142\u00f3knin oraz pokrowc\u00f3w na materace\",\"potentialAction\":[{\"@type\":\"SearchAction\",\"target\":{\"@type\":\"EntryPoint\",\"urlTemplate\":\"https:\/\/einmed.eu\/en\/?s={search_term_string}\"},\"query-input\":\"required name=search_term_string\"}],\"inLanguage\":\"en-US\"}]}<\/script>\n<!-- \/ Yoast SEO plugin. -->","yoast_head_json":{"title":"Offer - Einmed","robots":{"index":"index","follow":"follow","max-snippet":"max-snippet:-1","max-image-preview":"max-image-preview:large","max-video-preview":"max-video-preview:-1"},"canonical":"http:\/\/einmed.eu\/en\/oferta\/","og_locale":"en_US","og_type":"article","og_title":"Offer - Einmed","og_url":"http:\/\/einmed.eu\/en\/oferta\/","og_site_name":"Einmed","article_modified_time":"2023-07-24T15:31:44+00:00","twitter_card":"summary_large_image","schema":{"@context":"https:\/\/schema.org","@graph":[{"@type":"WebPage","@id":"http:\/\/einmed.eu\/en\/oferta\/","url":"http:\/\/einmed.eu\/en\/oferta\/","name":"Offer - Einmed","isPartOf":{"@id":"https:\/\/einmed.eu\/en\/#website"},"datePublished":"2023-03-24T09:58:17+00:00","dateModified":"2023-07-24T15:31:44+00:00","inLanguage":"en-US","potentialAction":[{"@type":"ReadAction","target":["http:\/\/einmed.eu\/en\/oferta\/"]}]},{"@type":"WebSite","@id":"https:\/\/einmed.eu\/en\/#website","url":"https:\/\/einmed.eu\/en\/","name":"Einmed","description":"Producent w\u0142\u00f3knin oraz pokrowc\u00f3w na materace","potentialAction":[{"@type":"SearchAction","target":{"@type":"EntryPoint","urlTemplate":"https:\/\/einmed.eu\/en\/?s={search_term_string}"},"query-input":"required name=search_term_string"}],"inLanguage":"en-US"}]}},"_links":{"self":[{"href":"http:\/\/einmed.eu\/en\/wp-json\/wp\/v2\/pages\/657"}],"collection":[{"href":"http:\/\/einmed.eu\/en\/wp-json\/wp\/v2\/pages"}],"about":[{"href":"http:\/\/einmed.eu\/en\/wp-json\/wp\/v2\/types\/page"}],"author":[{"embeddable":true,"href":"http:\/\/einmed.eu\/en\/wp-json\/wp\/v2\/users\/1"}],"replies":[{"embeddable":true,"href":"http:\/\/einmed.eu\/en\/wp-json\/wp\/v2\/comments?post=657"}],"version-history":[{"count":3,"href":"http:\/\/einmed.eu\/en\/wp-json\/wp\/v2\/pages\/657\/revisions"}],"predecessor-version":[{"id":1506,"href":"http:\/\/einmed.eu\/en\/wp-json\/wp\/v2\/pages\/657\/revisions\/1506"}],"wp:attachment":[{"href":"http:\/\/einmed.eu\/en\/wp-json\/wp\/v2\/media?parent=657"}],"curies":[{"name":"wp","href":"https:\/\/api.w.org\/{rel}","templated":true}]}}