{"id":649,"date":"2023-03-24T10:58:39","date_gmt":"2023-03-24T09:58:39","guid":{"rendered":"http:\/\/einmed.eu\/kontakt\/"},"modified":"2023-07-21T14:53:11","modified_gmt":"2023-07-21T12:53:11","slug":"contact","status":"publish","type":"page","link":"http:\/\/einmed.eu\/en\/contact\/","title":{"rendered":"Contact"},"content":{"rendered":"","protected":false},"excerpt":{"rendered":"","protected":false},"author":1,"featured_media":0,"parent":0,"menu_order":0,"comment_status":"closed","ping_status":"closed","template":"pages\/contact.php","meta":[],"acf":[],"yoast_head":"<!-- This site is optimized with the Yoast SEO plugin v20.10 - https:\/\/yoast.com\/wordpress\/plugins\/seo\/ -->\n<title>Einmed Konstantynowska 62\/70 95-100 Zgierz Poland<\/title>\n<meta name=\"robots\" content=\"index, follow, max-snippet:-1, max-image-preview:large, max-video-preview:-1\" \/>\n<link rel=\"canonical\" href=\"http:\/\/einmed.eu\/en\/contact\/\" \/>\n<meta property=\"og:locale\" content=\"en_US\" \/>\n<meta property=\"og:type\" content=\"article\" \/>\n<meta property=\"og:title\" content=\"Einmed Konstantynowska 62\/70 95-100 Zgierz Poland\" \/>\n<meta property=\"og:url\" content=\"http:\/\/einmed.eu\/en\/contact\/\" \/>\n<meta property=\"og:site_name\" content=\"Einmed\" \/>\n<meta property=\"article:modified_time\" content=\"2023-07-21T12:53:11+00:00\" \/>\n<meta name=\"twitter:card\" content=\"summary_large_image\" \/>\n<script type=\"application\/ld+json\" class=\"yoast-schema-graph\">{\"@context\":\"https:\/\/schema.org\",\"@graph\":[{\"@type\":\"WebPage\",\"@id\":\"http:\/\/einmed.eu\/en\/contact\/\",\"url\":\"http:\/\/einmed.eu\/en\/contact\/\",\"name\":\"Einmed Konstantynowska 62\/70 95-100 Zgierz Poland\",\"isPartOf\":{\"@id\":\"http:\/\/einmed.eu\/en\/#website\"},\"datePublished\":\"2023-03-24T09:58:39+00:00\",\"dateModified\":\"2023-07-21T12:53:11+00:00\",\"inLanguage\":\"en-US\",\"potentialAction\":[{\"@type\":\"ReadAction\",\"target\":[\"http:\/\/einmed.eu\/en\/contact\/\"]}]},{\"@type\":\"WebSite\",\"@id\":\"http:\/\/einmed.eu\/en\/#website\",\"url\":\"http:\/\/einmed.eu\/en\/\",\"name\":\"Einmed\",\"description\":\"Producent w\u0142\u00f3knin oraz pokrowc\u00f3w na materace\",\"potentialAction\":[{\"@type\":\"SearchAction\",\"target\":{\"@type\":\"EntryPoint\",\"urlTemplate\":\"http:\/\/einmed.eu\/en\/?s={search_term_string}\"},\"query-input\":\"required name=search_term_string\"}],\"inLanguage\":\"en-US\"}]}<\/script>\n<!-- \/ Yoast SEO plugin. -->","yoast_head_json":{"title":"Einmed Konstantynowska 62\/70 95-100 Zgierz Poland","robots":{"index":"index","follow":"follow","max-snippet":"max-snippet:-1","max-image-preview":"max-image-preview:large","max-video-preview":"max-video-preview:-1"},"canonical":"http:\/\/einmed.eu\/en\/contact\/","og_locale":"en_US","og_type":"article","og_title":"Einmed Konstantynowska 62\/70 95-100 Zgierz Poland","og_url":"http:\/\/einmed.eu\/en\/contact\/","og_site_name":"Einmed","article_modified_time":"2023-07-21T12:53:11+00:00","twitter_card":"summary_large_image","schema":{"@context":"https:\/\/schema.org","@graph":[{"@type":"WebPage","@id":"http:\/\/einmed.eu\/en\/contact\/","url":"http:\/\/einmed.eu\/en\/contact\/","name":"Einmed Konstantynowska 62\/70 95-100 Zgierz Poland","isPartOf":{"@id":"http:\/\/einmed.eu\/en\/#website"},"datePublished":"2023-03-24T09:58:39+00:00","dateModified":"2023-07-21T12:53:11+00:00","inLanguage":"en-US","potentialAction":[{"@type":"ReadAction","target":["http:\/\/einmed.eu\/en\/contact\/"]}]},{"@type":"WebSite","@id":"http:\/\/einmed.eu\/en\/#website","url":"http:\/\/einmed.eu\/en\/","name":"Einmed","description":"Producent w\u0142\u00f3knin oraz pokrowc\u00f3w na materace","potentialAction":[{"@type":"SearchAction","target":{"@type":"EntryPoint","urlTemplate":"http:\/\/einmed.eu\/en\/?s={search_term_string}"},"query-input":"required name=search_term_string"}],"inLanguage":"en-US"}]}},"_links":{"self":[{"href":"http:\/\/einmed.eu\/en\/wp-json\/wp\/v2\/pages\/649"}],"collection":[{"href":"http:\/\/einmed.eu\/en\/wp-json\/wp\/v2\/pages"}],"about":[{"href":"http:\/\/einmed.eu\/en\/wp-json\/wp\/v2\/types\/page"}],"author":[{"embeddable":true,"href":"http:\/\/einmed.eu\/en\/wp-json\/wp\/v2\/users\/1"}],"replies":[{"embeddable":true,"href":"http:\/\/einmed.eu\/en\/wp-json\/wp\/v2\/comments?post=649"}],"version-history":[{"count":5,"href":"http:\/\/einmed.eu\/en\/wp-json\/wp\/v2\/pages\/649\/revisions"}],"predecessor-version":[{"id":1292,"href":"http:\/\/einmed.eu\/en\/wp-json\/wp\/v2\/pages\/649\/revisions\/1292"}],"wp:attachment":[{"href":"http:\/\/einmed.eu\/en\/wp-json\/wp\/v2\/media?parent=649"}],"curies":[{"name":"wp","href":"https:\/\/api.w.org\/{rel}","templated":true}]}}