{"id":641,"date":"2023-03-24T10:58:30","date_gmt":"2023-03-24T09:58:30","guid":{"rendered":"http:\/\/einmed.eu\/firma\/"},"modified":"2023-07-10T09:05:48","modified_gmt":"2023-07-10T07:05:48","slug":"firma","status":"publish","type":"page","link":"http:\/\/einmed.eu\/en\/firma\/","title":{"rendered":"Company"},"content":{"rendered":"<section id=\"\" class=\"product-opener acf-block acf-block-id-block_f0482cead5f5ebd367b8d83d52e24977 non-breadcrumb\">\n\n\t<div class=\"container-fluid\">\n\t\t<div class=\"row\">\n\t\t\t<div class=\"col-12\">\n\t\t\t\t<div class=\"product-opener__box\" style=\"background-image: url('http:\/\/einmed.eu\/app\/uploads\/2023\/06\/ZDJECIE.png')\">\n\t\t\t\t\t<div class=\"col-12 col-lg-4\">\n\t\t\t\t\t\t<div class=\"info-box \">\n\n\t<div class=\"info-box__logo\">\n\t\t<img decoding=\"async\" src=\"http:\/\/einmed.eu\/app\/themes\/einmed\/assets\/images\/svg\/sygnet.svg\" alt=\"sygnet\">\n\t<\/div>\n\t<div class=\"info-box__wrapper\">\n\t\t<h1 class=\"title\">Your expert <br>in nonwovens<\/h1>\n\t\t\t\t\t<p class=\"txt\">Innovation, experience, creativity, reliability<\/p>\n\t\t\t\t\t\t\t<a href=\"#bottom\" class=\"btn\">Find out more<\/a>\n\t\t\t<\/div>\n\n<\/div>\n\t\t\t\t\t<\/div>\n\t\t\t\t<\/div>\n\t\t\t<\/div>\n\t\t<\/div>\n\t<\/div>\n\n<\/section>\n\n\n<section id=\"bottom\" class=\"about-main acf-block acf-block-id-block_a8cac75790c0f602fc86428c971d98fb  acf-block--desktop-pt-20 acf-block--mobile-pt-20\">\n\n\t<div class=\"container-fluid\">\n\t\t<div class=\"row\">\n\t\t\t<div class=\"col-12 col-lg-4\">\n\t\t\t\t<div class=\"about-main__aside\">\n\t\t\t\t\t<div class=\"info-box \">\n\n\t<div class=\"info-box__logo\">\n\t\t<img decoding=\"async\" src=\"http:\/\/einmed.eu\/app\/themes\/einmed\/assets\/images\/svg\/sygnet.svg\" alt=\"sygnet\">\n\t<\/div>\n\t<div class=\"info-box__wrapper\">\n\t\t<h1 class=\"title\">Your expert in nonwovens<\/h1>\n\t\t\t\t\t<p class=\"txt\">Innovation, experience, creativity, reliability<\/p>\n\t\t\t\t\t<\/div>\n\n<\/div>\n\n\t\t\t\t\t<div class=\"about-main__gallery\">\n\t\t\t\t\t\t<div class=\"about-main__img\">\n\t\t\t\t\t\t\t<img decoding=\"async\" src=\"http:\/\/einmed.eu\/app\/uploads\/2023\/06\/ZDJECIE1.webp\" alt=\"\"\n\t\t\t\t\t\t\t\t srcset=\"http:\/\/einmed.eu\/app\/uploads\/2023\/06\/ZDJECIE1-466x373-c-default.webp 1x, http:\/\/einmed.eu\/app\/uploads\/2023\/06\/ZDJECIE1-932x746-c-default.webp 2x\">\n\t\t\t\t\t\t<\/div>\n\n\t\t\t\t\t\t<div class=\"about-main__img\">\n\t\t\t\t\t\t\t<img decoding=\"async\" src=\"http:\/\/einmed.eu\/app\/uploads\/2023\/06\/ZDJECIE2-9.webp\" alt=\"\"\n\t\t\t\t\t\t\t\t srcset=\"http:\/\/einmed.eu\/app\/uploads\/2023\/06\/ZDJECIE2-9-466x373-c-default.webp 1x, http:\/\/einmed.eu\/app\/uploads\/2023\/06\/ZDJECIE2-9-932x746-c-default.webp 2x\">\n\t\t\t\t\t\t<\/div>\n\t\t\t\t\t<\/div>\n\t\t\t\t<\/div>\n\t\t\t<\/div>\n\t\t\t<div class=\"col-12 col-lg-8\">\n\t\t\t\t<div class=\"about-main__main\">\n\t\t\t\t\t<div class=\"txt\"><p class=\"p1\">Einmed was founded in 2008. Originally, the company focused its activity on the distribution of disposable nonwoven medical clothing for wholesale and retail customers, hospitals, medical institutions, and public establishments. Thanks to foreign and domestic sales network, market demand, and positive relations with our customers, our company began to thrive, and we extended our assortment with spunbond, meltblown and SMS polypropylene nonwovens.<\/p>\n<\/div>\n\n\t\t\t\t\t<div class=\"info-block-white\">\n\t\t\t\t\t\t<h3 class=\"title\">Every month, Einmed delivers more than <br><span>2000 tons<\/span> of nonwovens<\/h3>\n\t\t\t\t\t<\/div>\n\n\t\t\t\t\t<div class=\"txt\"><p class=\"p1\"><strong>Every month, Einmed delivers more than 2000 tons of nonwovens to its domestic and foreign customers.<\/strong> Our employees pay special attention to professional customer service, and to ensuring the high quality of the materials produced by us. Our services include fast and efficient order processing, organisation of deliveries, and substantive and technical support in the development of new projects. We invite you to cooperation!<\/p>\n<\/div>\n\n\t\t\t\t\t<div class=\"info-block-dark\">\n\t\t\t\t\t\t<div class=\"info-block-dark__wrapper\">\n\t\t\t\t\t\t\t<h3 class=\"title\">We kindly invite you to contact us for more information<\/h3>\n\t\t\t\t\t\t\t<p class=\"txt\">Certificates, photos, offers<\/p>\n\t\t\t\t\t\t\t<div class=\"info-block-dark__buttons\">\n\t\t\t\t\t\t\t\t<a href=\"mailto:emilia.szkudlarek@einmed.eu\" class=\"info-block-dark__link\"><img decoding=\"async\" src=\"http:\/\/einmed.eu\/app\/themes\/einmed\/assets\/images\/svg\/envelopes-white.svg\" alt=\"ikona kopert\">emilia.szkudlarek@einmed.eu\n\t\t\t\t\t\t\t\t<\/a>\n\t\t\t\t\t\t\t\t<a href=\"tel:+48533868728\" class=\"info-block-dark__link\"><img decoding=\"async\" src=\"http:\/\/einmed.eu\/app\/themes\/einmed\/assets\/images\/svg\/phone-white.svg\" alt=\"ikona telefonu\">+48 533 868 728\n\t\t\t\t\t\t\t\t<\/a>\n\t\t\t\t\t\t\t<\/div>\n\t\t\t\t\t\t<\/div>\n\t\t\t\t\t<\/div>\n\t\t\t\t<\/div>\n\t\t\t<\/div>\n\t\t<\/div>\n\t<\/div>\n\n<\/section>\n\n\n<section id=\"\" class=\"gallery acf-block acf-block-id-block_5475f324ba502511509db02740400ecc  acf-block--desktop-pt-50 acf-block--desktop-pb-50 acf-block--mobile-pt-25 acf-block--mobile-pb-25\">\n\n\t<div class=\"container-fluid\">\n\t\t<div class=\"row\">\n\n\t\t\t\n\t\t\t\t\t\t\t<div class=\"col-12 col-sm-4\">\n\t\t\t\t\t<a href=\"http:\/\/einmed.eu\/app\/uploads\/2023\/06\/1.png\" data-fancybox=\"gallery\">\n\t\t\t\t\t\t<img decoding=\"async\" src=\"http:\/\/einmed.eu\/app\/uploads\/2023\/06\/1.webp\"\n\t\t\t\t\t\t\t srcset=\"http:\/\/einmed.eu\/app\/uploads\/2023\/06\/1-455x373-c-default.webp 1x, http:\/\/einmed.eu\/app\/uploads\/2023\/06\/1-910x746-c-default.webp 2x\">\n\t\t\t\t\t<\/a>\n\t\t\t\t<\/div>\n\t\t\t\n\t\t\t\t\t\t\t<div class=\"col-12 col-sm-4\">\n\t\t\t\t\t<a href=\"http:\/\/einmed.eu\/app\/uploads\/2023\/06\/9.png\" data-fancybox=\"gallery\">\n\t\t\t\t\t\t<img decoding=\"async\" src=\"http:\/\/einmed.eu\/app\/uploads\/2023\/06\/9.webp\"\n\t\t\t\t\t\t\t srcset=\"http:\/\/einmed.eu\/app\/uploads\/2023\/06\/9-455x373-c-default.webp 1x, http:\/\/einmed.eu\/app\/uploads\/2023\/06\/9-910x746-c-default.webp 2x\">\n\t\t\t\t\t<\/a>\n\t\t\t\t<\/div>\n\n\t\t\t\n\t\t\t\t\t\t\t<div class=\"col-12 col-sm-4\">\n\t\t\t\t\t<a href=\"http:\/\/einmed.eu\/app\/uploads\/2023\/06\/8.png\" data-fancybox=\"gallery\">\n\t\t\t\t\t\t<img decoding=\"async\" src=\"http:\/\/einmed.eu\/app\/uploads\/2023\/06\/8.webp\"\n\t\t\t\t\t\t\t srcset=\"http:\/\/einmed.eu\/app\/uploads\/2023\/06\/8-455x373-c-default.webp 1x, http:\/\/einmed.eu\/app\/uploads\/2023\/06\/8-910x746-c-default.webp 2x\">\n\t\t\t\t\t<\/a>\n\t\t\t\t<\/div>\n\n\t\t\t\n\t\t\t\t\t\t\t<div class=\"col-12\">\n\t\t\t\t\t<a href=\"http:\/\/einmed.eu\/app\/uploads\/2023\/06\/7.png\" data-fancybox=\"gallery\">\n\t\t\t\t\t\t<img decoding=\"async\" src=\"http:\/\/einmed.eu\/app\/uploads\/2023\/06\/7.webp\"\n\t\t\t\t\t\t\t srcset=\"http:\/\/einmed.eu\/app\/uploads\/2023\/06\/7-1400x373-c-default.webp 1x, http:\/\/einmed.eu\/app\/uploads\/2023\/06\/7-2800x746-c-default.webp 2x\">\n\t\t\t\t\t<\/a>\n\t\t\t\t<\/div>\n\n\t\t\t\n\t\t\t\t\t\t\t<div class=\"col-12 col-sm-6\">\n\t\t\t\t\t<a href=\"http:\/\/einmed.eu\/app\/uploads\/2023\/06\/6.png\" data-fancybox=\"galler\">\n\t\t\t\t\t\t<img decoding=\"async\" src=\"http:\/\/einmed.eu\/app\/uploads\/2023\/06\/6.webp\"\n\t\t\t\t\t\t\t srcset=\"http:\/\/einmed.eu\/app\/uploads\/2023\/06\/6-687x373-c-default.webp 1x, http:\/\/einmed.eu\/app\/uploads\/2023\/06\/6-1374x746-c-default.webp 2x\">\n\t\t\t\t\t<\/a>\n\t\t\t\t<\/div>\n\t\t\t\n\t\t\t\t\t\t\t<div class=\"col-12 col-sm-6\">\n\t\t\t\t\t<a href=\"http:\/\/einmed.eu\/app\/uploads\/2023\/06\/5.png\" data-fancybox=\"gallery\">\n\t\t\t\t\t\t<img decoding=\"async\" src=\"http:\/\/einmed.eu\/app\/uploads\/2023\/06\/5.webp\"\n\t\t\t\t\t\t\t srcset=\"http:\/\/einmed.eu\/app\/uploads\/2023\/06\/5-687x373-c-default.webp 1x, http:\/\/einmed.eu\/app\/uploads\/2023\/06\/5-1374x746-c-default.webp 2x\">\n\t\t\t\t\t<\/a>\n\t\t\t\t<\/div>\n\t\t\t\n\t\t\t\t\t\t\t<div class=\"col-12 col-sm-4\">\n\t\t\t\t\t<a href=\"http:\/\/einmed.eu\/app\/uploads\/2023\/06\/4.png\" data-fancybox=\"gallery\">\n\t\t\t\t\t\t<img decoding=\"async\" src=\"http:\/\/einmed.eu\/app\/uploads\/2023\/06\/4.webp\"\n\t\t\t\t\t\t\t srcset=\"http:\/\/einmed.eu\/app\/uploads\/2023\/06\/4-455x373-c-default.webp 1x, http:\/\/einmed.eu\/app\/uploads\/2023\/06\/4-910x746-c-default.webp 2x\">\n\t\t\t\t\t<\/a>\n\t\t\t\t<\/div>\n\t\t\t\n\t\t\t\t\t\t\t<div class=\"col-12 col-sm-4\">\n\t\t\t\t\t<a href=\"http:\/\/einmed.eu\/app\/uploads\/2023\/06\/3.png\" data-fancybox=\"gallery\">\n\t\t\t\t\t\t<img decoding=\"async\" src=\"http:\/\/einmed.eu\/app\/uploads\/2023\/06\/3.webp\"\n\t\t\t\t\t\t\t srcset=\"http:\/\/einmed.eu\/app\/uploads\/2023\/06\/3-455x373-c-default.webp\n\t\t\t\t\t\t\t1x, http:\/\/einmed.eu\/app\/uploads\/2023\/06\/3-910x746-c-default.webp 2x\">\n\t\t\t\t\t<\/a>\n\t\t\t\t<\/div>\n\t\t\t\n\t\t\t\t\t\t\t<div class=\"col-12 col-sm-4\">\n\t\t\t\t\t<a href=\"http:\/\/einmed.eu\/app\/uploads\/2023\/06\/2.png\" data-fancybox=\"gallery\">\n\t\t\t\t\t\t<img decoding=\"async\" src=\"http:\/\/einmed.eu\/app\/uploads\/2023\/06\/2.webp\"\n\t\t\t\t\t\t\t srcset=\"http:\/\/einmed.eu\/app\/uploads\/2023\/06\/2-455x373-c-default.webp 1x, http:\/\/einmed.eu\/app\/uploads\/2023\/06\/2-910x746-c-default.webp 2x\">\n\t\t\t\t\t<\/a>\n\t\t\t\t<\/div>\n\t\t\t\n\t\t<\/div>\n\t<\/div>\n\n<\/section>\n","protected":false},"excerpt":{"rendered":"","protected":false},"author":1,"featured_media":0,"parent":0,"menu_order":0,"comment_status":"closed","ping_status":"closed","template":"","meta":[],"acf":[],"yoast_head":"<!-- This site is optimized with the Yoast SEO plugin v20.10 - https:\/\/yoast.com\/wordpress\/plugins\/seo\/ -->\n<title>Company - Einmed<\/title>\n<meta name=\"robots\" content=\"index, follow, max-snippet:-1, max-image-preview:large, max-video-preview:-1\" \/>\n<link rel=\"canonical\" href=\"http:\/\/einmed.eu\/en\/firma\/\" \/>\n<meta property=\"og:locale\" content=\"en_US\" \/>\n<meta property=\"og:type\" content=\"article\" \/>\n<meta property=\"og:title\" content=\"Company - Einmed\" \/>\n<meta property=\"og:url\" content=\"http:\/\/einmed.eu\/en\/firma\/\" \/>\n<meta property=\"og:site_name\" content=\"Einmed\" \/>\n<meta property=\"article:modified_time\" content=\"2023-07-10T07:05:48+00:00\" \/>\n<meta name=\"twitter:card\" content=\"summary_large_image\" \/>\n<script type=\"application\/ld+json\" class=\"yoast-schema-graph\">{\"@context\":\"https:\/\/schema.org\",\"@graph\":[{\"@type\":\"WebPage\",\"@id\":\"http:\/\/einmed.eu\/en\/firma\/\",\"url\":\"http:\/\/einmed.eu\/en\/firma\/\",\"name\":\"Company - Einmed\",\"isPartOf\":{\"@id\":\"https:\/\/einmed.eu\/en\/#website\"},\"datePublished\":\"2023-03-24T09:58:30+00:00\",\"dateModified\":\"2023-07-10T07:05:48+00:00\",\"inLanguage\":\"en-US\",\"potentialAction\":[{\"@type\":\"ReadAction\",\"target\":[\"http:\/\/einmed.eu\/en\/firma\/\"]}]},{\"@type\":\"WebSite\",\"@id\":\"https:\/\/einmed.eu\/en\/#website\",\"url\":\"https:\/\/einmed.eu\/en\/\",\"name\":\"Einmed\",\"description\":\"Producent w\u0142\u00f3knin oraz pokrowc\u00f3w na materace\",\"potentialAction\":[{\"@type\":\"SearchAction\",\"target\":{\"@type\":\"EntryPoint\",\"urlTemplate\":\"https:\/\/einmed.eu\/en\/?s={search_term_string}\"},\"query-input\":\"required name=search_term_string\"}],\"inLanguage\":\"en-US\"}]}<\/script>\n<!-- \/ Yoast SEO plugin. -->","yoast_head_json":{"title":"Company - Einmed","robots":{"index":"index","follow":"follow","max-snippet":"max-snippet:-1","max-image-preview":"max-image-preview:large","max-video-preview":"max-video-preview:-1"},"canonical":"http:\/\/einmed.eu\/en\/firma\/","og_locale":"en_US","og_type":"article","og_title":"Company - Einmed","og_url":"http:\/\/einmed.eu\/en\/firma\/","og_site_name":"Einmed","article_modified_time":"2023-07-10T07:05:48+00:00","twitter_card":"summary_large_image","schema":{"@context":"https:\/\/schema.org","@graph":[{"@type":"WebPage","@id":"http:\/\/einmed.eu\/en\/firma\/","url":"http:\/\/einmed.eu\/en\/firma\/","name":"Company - Einmed","isPartOf":{"@id":"https:\/\/einmed.eu\/en\/#website"},"datePublished":"2023-03-24T09:58:30+00:00","dateModified":"2023-07-10T07:05:48+00:00","inLanguage":"en-US","potentialAction":[{"@type":"ReadAction","target":["http:\/\/einmed.eu\/en\/firma\/"]}]},{"@type":"WebSite","@id":"https:\/\/einmed.eu\/en\/#website","url":"https:\/\/einmed.eu\/en\/","name":"Einmed","description":"Producent w\u0142\u00f3knin oraz pokrowc\u00f3w na materace","potentialAction":[{"@type":"SearchAction","target":{"@type":"EntryPoint","urlTemplate":"https:\/\/einmed.eu\/en\/?s={search_term_string}"},"query-input":"required name=search_term_string"}],"inLanguage":"en-US"}]}},"_links":{"self":[{"href":"http:\/\/einmed.eu\/en\/wp-json\/wp\/v2\/pages\/641"}],"collection":[{"href":"http:\/\/einmed.eu\/en\/wp-json\/wp\/v2\/pages"}],"about":[{"href":"http:\/\/einmed.eu\/en\/wp-json\/wp\/v2\/types\/page"}],"author":[{"embeddable":true,"href":"http:\/\/einmed.eu\/en\/wp-json\/wp\/v2\/users\/1"}],"replies":[{"embeddable":true,"href":"http:\/\/einmed.eu\/en\/wp-json\/wp\/v2\/comments?post=641"}],"version-history":[{"count":14,"href":"http:\/\/einmed.eu\/en\/wp-json\/wp\/v2\/pages\/641\/revisions"}],"predecessor-version":[{"id":1413,"href":"http:\/\/einmed.eu\/en\/wp-json\/wp\/v2\/pages\/641\/revisions\/1413"}],"wp:attachment":[{"href":"http:\/\/einmed.eu\/en\/wp-json\/wp\/v2\/media?parent=641"}],"curies":[{"name":"wp","href":"https:\/\/api.w.org\/{rel}","templated":true}]}}