{"id":731,"date":"2023-03-24T13:43:33","date_gmt":"2023-03-24T12:43:33","guid":{"rendered":"http:\/\/einmed.eu\/regulamin\/"},"modified":"2023-06-28T17:33:03","modified_gmt":"2023-06-28T15:33:03","slug":"regulamin","status":"publish","type":"page","link":"http:\/\/einmed.eu\/de\/regulamin\/","title":{"rendered":"Regeln"},"content":{"rendered":"","protected":false},"excerpt":{"rendered":"","protected":false},"author":1,"featured_media":0,"parent":0,"menu_order":0,"comment_status":"closed","ping_status":"closed","template":"pages\/policy.php","meta":[],"acf":[],"yoast_head":"<!-- This site is optimized with the Yoast SEO plugin v20.10 - https:\/\/yoast.com\/wordpress\/plugins\/seo\/ -->\n<title>Regeln - Einmed<\/title>\n<meta name=\"robots\" content=\"index, follow, max-snippet:-1, max-image-preview:large, max-video-preview:-1\" \/>\n<link rel=\"canonical\" href=\"http:\/\/einmed.eu\/de\/regulamin\/\" \/>\n<meta property=\"og:locale\" content=\"de_DE\" \/>\n<meta property=\"og:type\" content=\"article\" \/>\n<meta property=\"og:title\" content=\"Regeln - Einmed\" \/>\n<meta property=\"og:url\" content=\"http:\/\/einmed.eu\/de\/regulamin\/\" \/>\n<meta property=\"og:site_name\" content=\"Einmed\" \/>\n<meta property=\"article:modified_time\" content=\"2023-06-28T15:33:03+00:00\" \/>\n<meta name=\"twitter:card\" content=\"summary_large_image\" \/>\n<script type=\"application\/ld+json\" class=\"yoast-schema-graph\">{\"@context\":\"https:\/\/schema.org\",\"@graph\":[{\"@type\":\"WebPage\",\"@id\":\"http:\/\/einmed.eu\/de\/regulamin\/\",\"url\":\"http:\/\/einmed.eu\/de\/regulamin\/\",\"name\":\"Regeln - Einmed\",\"isPartOf\":{\"@id\":\"https:\/\/einmed.eu\/de\/#website\"},\"datePublished\":\"2023-03-24T12:43:33+00:00\",\"dateModified\":\"2023-06-28T15:33:03+00:00\",\"inLanguage\":\"de-DE\",\"potentialAction\":[{\"@type\":\"ReadAction\",\"target\":[\"http:\/\/einmed.eu\/de\/regulamin\/\"]}]},{\"@type\":\"WebSite\",\"@id\":\"https:\/\/einmed.eu\/de\/#website\",\"url\":\"https:\/\/einmed.eu\/de\/\",\"name\":\"Einmed\",\"description\":\"Producent w\u0142\u00f3knin oraz pokrowc\u00f3w na materace\",\"potentialAction\":[{\"@type\":\"SearchAction\",\"target\":{\"@type\":\"EntryPoint\",\"urlTemplate\":\"https:\/\/einmed.eu\/de\/?s={search_term_string}\"},\"query-input\":\"required name=search_term_string\"}],\"inLanguage\":\"de-DE\"}]}<\/script>\n<!-- \/ Yoast SEO plugin. -->","yoast_head_json":{"title":"Regeln - Einmed","robots":{"index":"index","follow":"follow","max-snippet":"max-snippet:-1","max-image-preview":"max-image-preview:large","max-video-preview":"max-video-preview:-1"},"canonical":"http:\/\/einmed.eu\/de\/regulamin\/","og_locale":"de_DE","og_type":"article","og_title":"Regeln - Einmed","og_url":"http:\/\/einmed.eu\/de\/regulamin\/","og_site_name":"Einmed","article_modified_time":"2023-06-28T15:33:03+00:00","twitter_card":"summary_large_image","schema":{"@context":"https:\/\/schema.org","@graph":[{"@type":"WebPage","@id":"http:\/\/einmed.eu\/de\/regulamin\/","url":"http:\/\/einmed.eu\/de\/regulamin\/","name":"Regeln - Einmed","isPartOf":{"@id":"https:\/\/einmed.eu\/de\/#website"},"datePublished":"2023-03-24T12:43:33+00:00","dateModified":"2023-06-28T15:33:03+00:00","inLanguage":"de-DE","potentialAction":[{"@type":"ReadAction","target":["http:\/\/einmed.eu\/de\/regulamin\/"]}]},{"@type":"WebSite","@id":"https:\/\/einmed.eu\/de\/#website","url":"https:\/\/einmed.eu\/de\/","name":"Einmed","description":"Producent w\u0142\u00f3knin oraz pokrowc\u00f3w na materace","potentialAction":[{"@type":"SearchAction","target":{"@type":"EntryPoint","urlTemplate":"https:\/\/einmed.eu\/de\/?s={search_term_string}"},"query-input":"required name=search_term_string"}],"inLanguage":"de-DE"}]}},"_links":{"self":[{"href":"http:\/\/einmed.eu\/de\/wp-json\/wp\/v2\/pages\/731"}],"collection":[{"href":"http:\/\/einmed.eu\/de\/wp-json\/wp\/v2\/pages"}],"about":[{"href":"http:\/\/einmed.eu\/de\/wp-json\/wp\/v2\/types\/page"}],"author":[{"embeddable":true,"href":"http:\/\/einmed.eu\/de\/wp-json\/wp\/v2\/users\/1"}],"replies":[{"embeddable":true,"href":"http:\/\/einmed.eu\/de\/wp-json\/wp\/v2\/comments?post=731"}],"version-history":[{"count":2,"href":"http:\/\/einmed.eu\/de\/wp-json\/wp\/v2\/pages\/731\/revisions"}],"predecessor-version":[{"id":1323,"href":"http:\/\/einmed.eu\/de\/wp-json\/wp\/v2\/pages\/731\/revisions\/1323"}],"wp:attachment":[{"href":"http:\/\/einmed.eu\/de\/wp-json\/wp\/v2\/media?parent=731"}],"curies":[{"name":"wp","href":"https:\/\/api.w.org\/{rel}","templated":true}]}}