{"id":723,"date":"2023-03-24T09:23:26","date_gmt":"2023-03-24T08:23:26","guid":{"rendered":"http:\/\/einmed.eu\/polityka-prywatnosci\/"},"modified":"2023-07-09T13:49:47","modified_gmt":"2023-07-09T11:49:47","slug":"polityka-prywatnosci","status":"publish","type":"page","link":"http:\/\/einmed.eu\/de\/polityka-prywatnosci\/","title":{"rendered":"Privatsph\u00e4re"},"content":{"rendered":"\n<p><strong>Wer sind wir<\/strong><\/p>\n\n\n\n<p>Die Adresse unserer Website lautet: <a href=\"http:\/\/einmed.eu\">http:\/\/einmed.eu<\/a>.<\/p>\n\n\n\n<p><strong>Kommentare<\/strong><\/p>\n\n\n\n<p>Wenn ein Besucher die Website kommentiert, erfassen wir die im Kommentarformular sichtbaren Daten sowie die IP-Adresse des Besuchers und den User-Agent-String seiner Browser-Software, um Spam zu erkennen.<\/p>\n\n\n\n<p>Eine anonymisierte Zeichenfolge, die aus deiner E-Mail-Adresse erstellt wurde (auch Hash genannt), kann an den Gravatar-Dienst gesendet werden, um zu pr\u00fcfen, ob du ihn benutzt. Die Datenschutzrichtlinie des Gravatar-Dienstes findest du unter: <a href=\"https:\/\/automattic.com\/privacy\/\">https:\/\/automattic.com\/privacy\/<\/a>. Nach Genehmigung deines Kommentars wird dein Profilbild \u00f6ffentlich im Zusammenhang mit deinem Kommentar angezeigt.<\/p>\n\n\n\n<p><strong>Medien<\/strong><\/p>\n\n\n\n<p>Wenn du als registrierter Benutzer Bilder auf die Website hochl\u00e4dst, solltest du vermeiden, Bilder mit EXIF-Standorttags hochzuladen. Besucher der Website k\u00f6nnen vollst\u00e4ndige Standortdaten aus den Bildern auf der Website abrufen und lesen.<\/p>\n\n\n\n<p><strong>Cookies<\/strong><\/p>\n\n\n\n<p>Wenn du einen Kommentar auf der Website hinterl\u00e4sst, kannst du die Option w\u00e4hlen, deinen Namen, deine E-Mail-Adresse und deine Website in Cookies zu speichern, damit du diese Informationen beim Verfassen weiterer Kommentare bequem wiederfindest. Diese Cookies verfallen nach einem Jahr.<\/p>\n\n\n\n<p>Wenn du die Anmeldeseite besuchst, erstellen wir ein tempor\u00e4res Cookie, um zu \u00fcberpr\u00fcfen, ob dein Browser Cookies akzeptiert. Es enth\u00e4lt keine pers\u00f6nlichen Daten und wird gel\u00f6scht, wenn du deinen Browser schlie\u00dft.<\/p>\n\n\n\n<p>Beim Anmelden erstellen wir zus\u00e4tzlich mehrere Cookies, um deine Anmeldeinformationen und Bildschirmauswahl-Optionen zu speichern. Anmelde-Cookies verfallen nach zwei Tagen, und Bildschirmauswahl-Cookies verfallen nach einem Jahr. Wenn du die Option &#8220;Angemeldet bleiben&#8221; ausw\u00e4hlst, wird dein Login zwei Wochen lang aufrechterhalten. Wenn du dich von deinem Konto abmeldest, werden die Anmelde-Cookies gel\u00f6scht.<\/p>\n\n\n\n<p>Wenn du einen Artikel bearbeitest oder ver\u00f6ffentlichst, wird ein zus\u00e4tzliches Cookie in deinem Browser gespeichert. Dieses Cookie enth\u00e4lt keine pers\u00f6nlichen Daten und gibt lediglich die Beitrags-ID des gerade bearbeiteten Artikels an. Es verf\u00e4llt nach 1 Tag.<\/p>\n\n\n\n<p><strong>Inhalte von anderen Websites einbetten<\/strong><\/p>\n\n\n\n<p>Artikel auf dieser Website k\u00f6nnen eingebettete Inhalte enthalten (z. B. Videos, Bilder, Artikel usw.). Eingebettete Inhalte von anderen Websites verhalten sich genauso, als ob der Besucher die andere Website besucht h\u00e4tte.<\/p>\n\n\n\n<p>Diese Websites k\u00f6nnen Informationen \u00fcber dich sammeln, Cookies verwenden, zus\u00e4tzliche externe Tracking-Systeme einbetten und deine Interaktionen mit dem eingebetteten Inhalt \u00fcberwachen, einschlie\u00dflich deiner Interaktionen mit dem eingebetteten Inhalt, wenn du ein Konto hast und auf dieser Website angemeldet bist.<\/p>\n\n\n\n<p><strong>Mit wem teilen wir deine Daten<\/strong><\/p>\n\n\n\n<p>Wenn du ein Passwort-Reset anforderst, wird deine IP-Adresse in der entsprechenden E-Mail enthalten sein.<\/p>\n\n\n\n<p><strong>Wie lange wir deine Daten speichern<\/strong><\/p>\n\n\n\n<p>Wenn du einen Kommentar hinterl\u00e4sst, werden der Kommentar und seine Metadaten auf unbestimmte Zeit gespeichert. Dadurch k\u00f6nnen wir Folgekommentare automatisch erkennen und freigeben, anstatt sie in einer Moderationswarteschlange festzuhalten.<\/p>\n\n\n\n<p>F\u00fcr Benutzer, die sich auf unserer Website registriert haben (falls vorhanden), speichern wir auch die pers\u00f6nlichen Informationen, die sie in ihrem Profil angegeben haben. Jeder Benutzer kann seine pers\u00f6nlichen Informationen jederzeit einsehen, korrigieren oder l\u00f6schen (mit Ausnahme des Benutzernamens, der nicht ge\u00e4ndert werden kann). Die Administratoren der Website k\u00f6nnen diese Informationen ebenfalls einsehen und bearbeiten.<\/p>\n\n\n\n<p><strong>Welche Rechte du an deinen Daten hast<\/strong><\/p>\n\n\n\n<p>Wenn du ein Benutzerkonto hast oder Kommentare auf dieser Website hinterlassen hast, kannst du verlangen, eine exportierte Datei der personenbezogenen Daten, die wir \u00fcber dich gespeichert haben, einschlie\u00dflich aller von dir bereitgestellten Daten, zu erhalten. Du kannst auch verlangen, dass wir alle deine personenbezogenen Daten, die wir \u00fcber dich gespeichert haben, l\u00f6schen. Dies umfasst keine Daten, die wir zu administrativen, rechtlichen oder sicherheitsrelevanten Zwecken aufbewahren m\u00fcssen.<\/p>\n\n\n\n<p><strong>Wohin wir deine Daten senden<\/strong><\/p>\n\n\n\n<p>Kommentare von Besuchern k\u00f6nnen durch einen automatisierten Spam-Erkennungsdienst \u00fcberpr\u00fcft werden.<\/p>\n","protected":false},"excerpt":{"rendered":"<p>Wer sind wir Die Adresse unserer Website lautet: http:\/\/einmed.eu. Kommentare Wenn ein Besucher die Website kommentiert, erfassen wir die im Kommentarformular sichtbaren Daten sowie die IP-Adresse des Besuchers und den User-Agent-String seiner Browser-Software, um Spam zu erkennen. Eine anonymisierte Zeichenfolge, die aus deiner E-Mail-Adresse erstellt wurde (auch Hash genannt), kann an den Gravatar-Dienst gesendet werden, [&hellip;]<\/p>\n","protected":false},"author":1,"featured_media":0,"parent":0,"menu_order":0,"comment_status":"closed","ping_status":"open","template":"pages\/policy.php","meta":[],"acf":[],"yoast_head":"<!-- This site is optimized with the Yoast SEO plugin v20.10 - https:\/\/yoast.com\/wordpress\/plugins\/seo\/ -->\n<title>Privatsph\u00e4re - Einmed<\/title>\n<meta name=\"robots\" content=\"index, follow, max-snippet:-1, max-image-preview:large, max-video-preview:-1\" \/>\n<link rel=\"canonical\" href=\"http:\/\/einmed.eu\/de\/polityka-prywatnosci\/\" \/>\n<meta property=\"og:locale\" content=\"de_DE\" \/>\n<meta property=\"og:type\" content=\"article\" \/>\n<meta property=\"og:title\" content=\"Privatsph\u00e4re - Einmed\" \/>\n<meta property=\"og:description\" content=\"Wer sind wir Die Adresse unserer Website lautet: http:\/\/einmed.eu. Kommentare Wenn ein Besucher die Website kommentiert, erfassen wir die im Kommentarformular sichtbaren Daten sowie die IP-Adresse des Besuchers und den User-Agent-String seiner Browser-Software, um Spam zu erkennen. Eine anonymisierte Zeichenfolge, die aus deiner E-Mail-Adresse erstellt wurde (auch Hash genannt), kann an den Gravatar-Dienst gesendet werden, [&hellip;]\" \/>\n<meta property=\"og:url\" content=\"http:\/\/einmed.eu\/de\/polityka-prywatnosci\/\" \/>\n<meta property=\"og:site_name\" content=\"Einmed\" \/>\n<meta property=\"article:modified_time\" content=\"2023-07-09T11:49:47+00:00\" \/>\n<meta name=\"twitter:card\" content=\"summary_large_image\" \/>\n<meta name=\"twitter:label1\" content=\"Est. reading time\" \/>\n\t<meta name=\"twitter:data1\" content=\"4 minutes\" \/>\n<script type=\"application\/ld+json\" class=\"yoast-schema-graph\">{\"@context\":\"https:\/\/schema.org\",\"@graph\":[{\"@type\":\"WebPage\",\"@id\":\"http:\/\/einmed.eu\/de\/polityka-prywatnosci\/\",\"url\":\"http:\/\/einmed.eu\/de\/polityka-prywatnosci\/\",\"name\":\"Privatsph\u00e4re - Einmed\",\"isPartOf\":{\"@id\":\"https:\/\/einmed.eu\/de\/#website\"},\"datePublished\":\"2023-03-24T08:23:26+00:00\",\"dateModified\":\"2023-07-09T11:49:47+00:00\",\"inLanguage\":\"de-DE\",\"potentialAction\":[{\"@type\":\"ReadAction\",\"target\":[\"http:\/\/einmed.eu\/de\/polityka-prywatnosci\/\"]}]},{\"@type\":\"WebSite\",\"@id\":\"https:\/\/einmed.eu\/de\/#website\",\"url\":\"https:\/\/einmed.eu\/de\/\",\"name\":\"Einmed\",\"description\":\"Producent w\u0142\u00f3knin oraz pokrowc\u00f3w na materace\",\"potentialAction\":[{\"@type\":\"SearchAction\",\"target\":{\"@type\":\"EntryPoint\",\"urlTemplate\":\"https:\/\/einmed.eu\/de\/?s={search_term_string}\"},\"query-input\":\"required name=search_term_string\"}],\"inLanguage\":\"de-DE\"}]}<\/script>\n<!-- \/ Yoast SEO plugin. -->","yoast_head_json":{"title":"Privatsph\u00e4re - Einmed","robots":{"index":"index","follow":"follow","max-snippet":"max-snippet:-1","max-image-preview":"max-image-preview:large","max-video-preview":"max-video-preview:-1"},"canonical":"http:\/\/einmed.eu\/de\/polityka-prywatnosci\/","og_locale":"de_DE","og_type":"article","og_title":"Privatsph\u00e4re - Einmed","og_description":"Wer sind wir Die Adresse unserer Website lautet: http:\/\/einmed.eu. Kommentare Wenn ein Besucher die Website kommentiert, erfassen wir die im Kommentarformular sichtbaren Daten sowie die IP-Adresse des Besuchers und den User-Agent-String seiner Browser-Software, um Spam zu erkennen. Eine anonymisierte Zeichenfolge, die aus deiner E-Mail-Adresse erstellt wurde (auch Hash genannt), kann an den Gravatar-Dienst gesendet werden, [&hellip;]","og_url":"http:\/\/einmed.eu\/de\/polityka-prywatnosci\/","og_site_name":"Einmed","article_modified_time":"2023-07-09T11:49:47+00:00","twitter_card":"summary_large_image","twitter_misc":{"Est. reading time":"4 minutes"},"schema":{"@context":"https:\/\/schema.org","@graph":[{"@type":"WebPage","@id":"http:\/\/einmed.eu\/de\/polityka-prywatnosci\/","url":"http:\/\/einmed.eu\/de\/polityka-prywatnosci\/","name":"Privatsph\u00e4re - Einmed","isPartOf":{"@id":"https:\/\/einmed.eu\/de\/#website"},"datePublished":"2023-03-24T08:23:26+00:00","dateModified":"2023-07-09T11:49:47+00:00","inLanguage":"de-DE","potentialAction":[{"@type":"ReadAction","target":["http:\/\/einmed.eu\/de\/polityka-prywatnosci\/"]}]},{"@type":"WebSite","@id":"https:\/\/einmed.eu\/de\/#website","url":"https:\/\/einmed.eu\/de\/","name":"Einmed","description":"Producent w\u0142\u00f3knin oraz pokrowc\u00f3w na materace","potentialAction":[{"@type":"SearchAction","target":{"@type":"EntryPoint","urlTemplate":"https:\/\/einmed.eu\/de\/?s={search_term_string}"},"query-input":"required name=search_term_string"}],"inLanguage":"de-DE"}]}},"_links":{"self":[{"href":"http:\/\/einmed.eu\/de\/wp-json\/wp\/v2\/pages\/723"}],"collection":[{"href":"http:\/\/einmed.eu\/de\/wp-json\/wp\/v2\/pages"}],"about":[{"href":"http:\/\/einmed.eu\/de\/wp-json\/wp\/v2\/types\/page"}],"author":[{"embeddable":true,"href":"http:\/\/einmed.eu\/de\/wp-json\/wp\/v2\/users\/1"}],"replies":[{"embeddable":true,"href":"http:\/\/einmed.eu\/de\/wp-json\/wp\/v2\/comments?post=723"}],"version-history":[{"count":4,"href":"http:\/\/einmed.eu\/de\/wp-json\/wp\/v2\/pages\/723\/revisions"}],"predecessor-version":[{"id":1407,"href":"http:\/\/einmed.eu\/de\/wp-json\/wp\/v2\/pages\/723\/revisions\/1407"}],"wp:attachment":[{"href":"http:\/\/einmed.eu\/de\/wp-json\/wp\/v2\/media?parent=723"}],"curies":[{"name":"wp","href":"https:\/\/api.w.org\/{rel}","templated":true}]}}