{"id":715,"date":"2023-03-29T13:15:28","date_gmt":"2023-03-29T11:15:28","guid":{"rendered":"http:\/\/einmed.eu\/oferta\/zgrzewanie-ultradzwiekowe\/"},"modified":"2023-07-19T07:30:32","modified_gmt":"2023-07-19T05:30:32","slug":"ultraschallschweissen","status":"publish","type":"page","link":"http:\/\/einmed.eu\/de\/oferta\/ultraschallschweissen\/","title":{"rendered":"Ultraschallschwei\u00dfen"},"content":{"rendered":"<section id=\"\" class=\"product-opener acf-block acf-block-id-block_8e8aaac9dffc63e2e1d32350a842c3ad \">\n\n\t<div class=\"container-fluid\">\n\t\t<div class=\"row\">\n\t\t\t<div class=\"col-12\">\n\t\t\t\t<div class=\"product-opener__box\" style=\"background-image: url('http:\/\/einmed.eu\/app\/uploads\/2023\/03\/zgrzewanie-ultradzwiekowe-1-scaled.jpg')\">\n\t\t\t\t\t<div class=\"col-12 col-lg-4\">\n\t\t\t\t\t\t<div class=\"info-box \">\n\n\t<div class=\"info-box__logo\">\n\t\t<img decoding=\"async\" src=\"http:\/\/einmed.eu\/app\/themes\/einmed\/assets\/images\/svg\/sygnet.svg\" alt=\"sygnet\">\n\t<\/div>\n\t<div class=\"info-box__wrapper\">\n\t\t<h1 class=\"title\">Ultraschallschwei\u00dfen<\/h1>\n\t\t\t\t\t\t\t<a href=\"#bottom\" class=\"btn\">Erfahre mehr<\/a>\n\t\t\t<\/div>\n\n<\/div>\n\t\t\t\t\t<\/div>\n\t\t\t\t<\/div>\n\t\t\t<\/div>\n\t\t<\/div>\n\t<\/div>\n\n<\/section>\n\n\n<section id=\"bottom\" class=\"product-content acf-block acf-block-id-block_ec2eb634667c92cd927cf302491e65ee  acf-block--desktop-pt-20 acf-block--desktop-pb-20 acf-block--mobile-pt-20 acf-block--mobile-pb-20\">\n\n\t<div class=\"container-fluid\">\n\t\t<div class=\"row row-flex\">\n\t\t\t<div class=\"col-12 col-lg-4 col-flex\">\n\t\t\t\t<div class=\"product-content__aside\">\n\t\t\t\t\t<div class=\"info-box wider\">\n\n\t<div class=\"info-box__logo\">\n\t\t<img decoding=\"async\" src=\"http:\/\/einmed.eu\/app\/themes\/einmed\/assets\/images\/svg\/sygnet.svg\" alt=\"sygnet\">\n\t<\/div>\n\t<div class=\"info-box__wrapper\">\n\t\t<h1 class=\"title\">Ultraschallschwei\u00dfen<\/h1>\n\t\t\t\t\t<\/div>\n\n<\/div>\n\n\t\t\t\t\t\n\t\t\t\t\t\n\t\t\t\t\t<div class=\"product-content__gallery\">\n\t\t\t\t\t\t\t\t\t\t\t\t\t\t\t\t\t<\/div>\n\t\t\t\t\t<div class=\"product-content__gallery product-content__gallery--horizontal\">\n\t\t\t\t\t\t\t\t\t\t\t<\/div>\n\t\t\t\t<\/div>\n\t\t\t<\/div>\n\t\t\t<div class=\"col-12 col-lg-8\">\n\t\t\t\t<div class=\"product-content__main\">\n\t\t\t\t\t<div class=\"txt\"><p class=\"Standard\">Wir verf\u00fcgen \u00fcber neuen und modernen Maschienenpark. Wir bieten Dienstleistung Ultraschallschwei\u00dfen aber auch die fertige, geschweisste Produkte aus PP Vlies an. Das sind zum Beispiel: Taschen, Beutels, Einweg Bettw\u00e4sche, Verpackungen, Vliesh\u00fcllen, Bez\u00fcge.<\/p>\n<\/div>\n\n\t\t\t\t\t\t\t\t\t\t\t\t\t\t\t\t\t\t\t<\/div>\n\t\t\t<\/div>\n\t\t<\/div>\n\n\t\t\t<\/div>\n\n<\/section>\n","protected":false},"excerpt":{"rendered":"","protected":false},"author":1,"featured_media":0,"parent":659,"menu_order":0,"comment_status":"closed","ping_status":"closed","template":"","meta":[],"acf":[],"yoast_head":"<!-- This site is optimized with the Yoast SEO plugin v20.10 - https:\/\/yoast.com\/wordpress\/plugins\/seo\/ -->\n<title>Ultraschallschwei\u00dfen - Einmed<\/title>\n<meta name=\"description\" content=\"Eimned bietet Dienstleistung Ultraschallschwei\u00dfen aber auch die fertige, geschweisste Produkte aus PP Vlies an. Wir laden Sie zur Zusammenarbeit ein.\" \/>\n<meta name=\"robots\" content=\"index, follow, max-snippet:-1, max-image-preview:large, max-video-preview:-1\" \/>\n<link rel=\"canonical\" href=\"http:\/\/einmed.eu\/de\/oferta\/ultraschallschweissen\/\" \/>\n<meta property=\"og:locale\" content=\"de_DE\" \/>\n<meta property=\"og:type\" content=\"article\" \/>\n<meta property=\"og:title\" content=\"Ultraschallschwei\u00dfen - Einmed\" \/>\n<meta property=\"og:description\" content=\"Eimned bietet Dienstleistung Ultraschallschwei\u00dfen aber auch die fertige, geschweisste Produkte aus PP Vlies an. Wir laden Sie zur Zusammenarbeit ein.\" \/>\n<meta property=\"og:url\" content=\"http:\/\/einmed.eu\/de\/oferta\/ultraschallschweissen\/\" \/>\n<meta property=\"og:site_name\" content=\"Einmed\" \/>\n<meta property=\"article:modified_time\" content=\"2023-07-19T05:30:32+00:00\" \/>\n<meta name=\"twitter:card\" content=\"summary_large_image\" \/>\n<script type=\"application\/ld+json\" class=\"yoast-schema-graph\">{\"@context\":\"https:\/\/schema.org\",\"@graph\":[{\"@type\":\"WebPage\",\"@id\":\"http:\/\/einmed.eu\/de\/oferta\/ultraschallschweissen\/\",\"url\":\"http:\/\/einmed.eu\/de\/oferta\/ultraschallschweissen\/\",\"name\":\"Ultraschallschwei\u00dfen - Einmed\",\"isPartOf\":{\"@id\":\"https:\/\/einmed.eu\/de\/#website\"},\"datePublished\":\"2023-03-29T11:15:28+00:00\",\"dateModified\":\"2023-07-19T05:30:32+00:00\",\"description\":\"Eimned bietet Dienstleistung Ultraschallschwei\u00dfen aber auch die fertige, geschweisste Produkte aus PP Vlies an. Wir laden Sie zur Zusammenarbeit ein.\",\"breadcrumb\":{\"@id\":\"http:\/\/einmed.eu\/de\/oferta\/ultraschallschweissen\/#breadcrumb\"},\"inLanguage\":\"de-DE\",\"potentialAction\":[{\"@type\":\"ReadAction\",\"target\":[\"http:\/\/einmed.eu\/de\/oferta\/ultraschallschweissen\/\"]}]},{\"@type\":\"BreadcrumbList\",\"@id\":\"http:\/\/einmed.eu\/de\/oferta\/ultraschallschweissen\/#breadcrumb\",\"itemListElement\":[{\"@type\":\"ListItem\",\"position\":1,\"name\":\"Angebot\",\"item\":\"https:\/\/einmed.eu\/de\/oferta\/\"},{\"@type\":\"ListItem\",\"position\":2,\"name\":\"Ultraschallschwei\u00dfen\"}]},{\"@type\":\"WebSite\",\"@id\":\"https:\/\/einmed.eu\/de\/#website\",\"url\":\"https:\/\/einmed.eu\/de\/\",\"name\":\"Einmed\",\"description\":\"Producent w\u0142\u00f3knin oraz pokrowc\u00f3w na materace\",\"potentialAction\":[{\"@type\":\"SearchAction\",\"target\":{\"@type\":\"EntryPoint\",\"urlTemplate\":\"https:\/\/einmed.eu\/de\/?s={search_term_string}\"},\"query-input\":\"required name=search_term_string\"}],\"inLanguage\":\"de-DE\"}]}<\/script>\n<!-- \/ Yoast SEO plugin. -->","yoast_head_json":{"title":"Ultraschallschwei\u00dfen - Einmed","description":"Eimned bietet Dienstleistung Ultraschallschwei\u00dfen aber auch die fertige, geschweisste Produkte aus PP Vlies an. Wir laden Sie zur Zusammenarbeit ein.","robots":{"index":"index","follow":"follow","max-snippet":"max-snippet:-1","max-image-preview":"max-image-preview:large","max-video-preview":"max-video-preview:-1"},"canonical":"http:\/\/einmed.eu\/de\/oferta\/ultraschallschweissen\/","og_locale":"de_DE","og_type":"article","og_title":"Ultraschallschwei\u00dfen - Einmed","og_description":"Eimned bietet Dienstleistung Ultraschallschwei\u00dfen aber auch die fertige, geschweisste Produkte aus PP Vlies an. Wir laden Sie zur Zusammenarbeit ein.","og_url":"http:\/\/einmed.eu\/de\/oferta\/ultraschallschweissen\/","og_site_name":"Einmed","article_modified_time":"2023-07-19T05:30:32+00:00","twitter_card":"summary_large_image","schema":{"@context":"https:\/\/schema.org","@graph":[{"@type":"WebPage","@id":"http:\/\/einmed.eu\/de\/oferta\/ultraschallschweissen\/","url":"http:\/\/einmed.eu\/de\/oferta\/ultraschallschweissen\/","name":"Ultraschallschwei\u00dfen - Einmed","isPartOf":{"@id":"https:\/\/einmed.eu\/de\/#website"},"datePublished":"2023-03-29T11:15:28+00:00","dateModified":"2023-07-19T05:30:32+00:00","description":"Eimned bietet Dienstleistung Ultraschallschwei\u00dfen aber auch die fertige, geschweisste Produkte aus PP Vlies an. Wir laden Sie zur Zusammenarbeit ein.","breadcrumb":{"@id":"http:\/\/einmed.eu\/de\/oferta\/ultraschallschweissen\/#breadcrumb"},"inLanguage":"de-DE","potentialAction":[{"@type":"ReadAction","target":["http:\/\/einmed.eu\/de\/oferta\/ultraschallschweissen\/"]}]},{"@type":"BreadcrumbList","@id":"http:\/\/einmed.eu\/de\/oferta\/ultraschallschweissen\/#breadcrumb","itemListElement":[{"@type":"ListItem","position":1,"name":"Angebot","item":"https:\/\/einmed.eu\/de\/oferta\/"},{"@type":"ListItem","position":2,"name":"Ultraschallschwei\u00dfen"}]},{"@type":"WebSite","@id":"https:\/\/einmed.eu\/de\/#website","url":"https:\/\/einmed.eu\/de\/","name":"Einmed","description":"Producent w\u0142\u00f3knin oraz pokrowc\u00f3w na materace","potentialAction":[{"@type":"SearchAction","target":{"@type":"EntryPoint","urlTemplate":"https:\/\/einmed.eu\/de\/?s={search_term_string}"},"query-input":"required name=search_term_string"}],"inLanguage":"de-DE"}]}},"_links":{"self":[{"href":"http:\/\/einmed.eu\/de\/wp-json\/wp\/v2\/pages\/715"}],"collection":[{"href":"http:\/\/einmed.eu\/de\/wp-json\/wp\/v2\/pages"}],"about":[{"href":"http:\/\/einmed.eu\/de\/wp-json\/wp\/v2\/types\/page"}],"author":[{"embeddable":true,"href":"http:\/\/einmed.eu\/de\/wp-json\/wp\/v2\/users\/1"}],"replies":[{"embeddable":true,"href":"http:\/\/einmed.eu\/de\/wp-json\/wp\/v2\/comments?post=715"}],"version-history":[{"count":9,"href":"http:\/\/einmed.eu\/de\/wp-json\/wp\/v2\/pages\/715\/revisions"}],"predecessor-version":[{"id":1379,"href":"http:\/\/einmed.eu\/de\/wp-json\/wp\/v2\/pages\/715\/revisions\/1379"}],"up":[{"embeddable":true,"href":"http:\/\/einmed.eu\/de\/wp-json\/wp\/v2\/pages\/659"}],"wp:attachment":[{"href":"http:\/\/einmed.eu\/de\/wp-json\/wp\/v2\/media?parent=715"}],"curies":[{"name":"wp","href":"https:\/\/api.w.org\/{rel}","templated":true}]}}