{"id":707,"date":"2023-04-27T09:38:38","date_gmt":"2023-04-27T07:38:38","guid":{"rendered":"http:\/\/einmed.eu\/oferta\/worki-z-wlokniny-workifiltracyjne-oraz-opakowaniowetorby-i-pokrowce-z-wlokniny\/"},"modified":"2023-08-05T13:31:14","modified_gmt":"2023-08-05T11:31:14","slug":"vliesbeutels-filtersacke","status":"publish","type":"page","link":"http:\/\/einmed.eu\/de\/oferta\/vliesbeutels-filtersacke\/","title":{"rendered":"Vliesbeutels, Filters\u00e4cke, Verpackungsbeutels, Vliestaschen und Schutzbezuge aus Vlies"},"content":{"rendered":"<section id=\"\" class=\"product-opener acf-block acf-block-id-block_ca7a74f489c56143653bce7b50f23e0f fz-25\">\n\n\t<div class=\"container-fluid\">\n\t\t<div class=\"row\">\n\t\t\t<div class=\"col-12\">\n\t\t\t\t<div class=\"product-opener__box\" style=\"background-image: url('http:\/\/einmed.eu\/app\/uploads\/2023\/04\/slajd-zdj-scaled.jpg')\">\n\t\t\t\t\t<div class=\"col-12 col-lg-4\">\n\t\t\t\t\t\t<div class=\"info-box \">\n\n\t<div class=\"info-box__logo\">\n\t\t<img decoding=\"async\" src=\"http:\/\/einmed.eu\/app\/themes\/einmed\/assets\/images\/svg\/sygnet.svg\" alt=\"sygnet\">\n\t<\/div>\n\t<div class=\"info-box__wrapper\">\n\t\t<h1 class=\"title\">Vliesbeutels, Filters\u00e4cke, Verpackungsbeutels, Vliestaschen und Schutzbezuge aus Vlies.<\/h1>\n\t\t\t\t\t\t\t<a href=\"#bottom\" class=\"btn\">Erfahre mehr<\/a>\n\t\t\t<\/div>\n\n<\/div>\n\t\t\t\t\t<\/div>\n\t\t\t\t<\/div>\n\t\t\t<\/div>\n\t\t<\/div>\n\t<\/div>\n\n<\/section>\n\n\n<section id=\"bottom\" class=\"product-content acf-block acf-block-id-block_7e4eda5e1304d0e18e20aea1f48de9a2 fz-25\">\n\n\t<div class=\"container-fluid\">\n\t\t<div class=\"row row-flex\">\n\t\t\t<div class=\"col-12 col-lg-4 col-flex\">\n\t\t\t\t<div class=\"product-content__aside\">\n\t\t\t\t\t<div class=\"info-box wider\">\n\n\t<div class=\"info-box__logo\">\n\t\t<img decoding=\"async\" src=\"http:\/\/einmed.eu\/app\/themes\/einmed\/assets\/images\/svg\/sygnet.svg\" alt=\"sygnet\">\n\t<\/div>\n\t<div class=\"info-box__wrapper\">\n\t\t<h1 class=\"title\">Vliesbeutels, Filters\u00e4cke, Verpackungsbeutels, Vliestaschen und Schutzbezuge aus Vlies.<\/h1>\n\t\t\t\t\t<\/div>\n\n<\/div>\n\n\t\t\t\t\t\n\t\t\t\t\t\n\t\t\t\t\t<div class=\"product-content__gallery\">\n\t\t\t\t\t\t\t\t\t\t\t\t\t\t\t\t\t<\/div>\n\t\t\t\t\t<div class=\"product-content__gallery product-content__gallery--horizontal\">\n\t\t\t\t\t\t\t\t\t\t\t<\/div>\n\t\t\t\t<\/div>\n\t\t\t<\/div>\n\t\t\t<div class=\"col-12 col-lg-8\">\n\t\t\t\t<div class=\"product-content__main\">\n\t\t\t\t\t<div class=\"txt\"><p>Um die verschiedene Erwartungen unseren Kunden erf\u00fcllen zu k\u00f6nnen, bieten wir auch verschiedene Produkte aus Vlies an, welche genaht oder geschweisst worden sind. Das sind vor allem Vliesbeutels, Filters\u00e4cke, Verpackungen aus Vlies, Vliestaschen. Aus PP Spinnvlies anfertigen wir auch Kleiderh\u00fcllen (Kleiders\u00e4cke), Matratzenbez\u00fcge (Aufbewahrungstaschen),\u00a0Bez\u00fcge f\u00fcr M\u00f6bel, Autoschutzh\u00fcllen (Autobedeckung).<\/p>\n<\/div>\n\n\t\t\t\t\t\t\t\t\t\t\t\t\t\t\t\t\t\t\t<\/div>\n\t\t\t<\/div>\n\t\t<\/div>\n\n\t\t\t<\/div>\n\n<\/section>\n","protected":false},"excerpt":{"rendered":"","protected":false},"author":1,"featured_media":0,"parent":659,"menu_order":0,"comment_status":"closed","ping_status":"closed","template":"","meta":[],"acf":[],"yoast_head":"<!-- This site is optimized with the Yoast SEO plugin v20.10 - https:\/\/yoast.com\/wordpress\/plugins\/seo\/ -->\n<title>Filters\u00e4cke Filterbeutels - Einmed<\/title>\n<meta name=\"description\" content=\"Eimned bietet verschiedene Produkte aus Vlies an, die gen\u00e4ht oder geschwei\u00dft wurden. Dazu geh\u00f6ren vor allem Filters\u00e4cke, Verpackungen aus Vlies und Vliestaschen. Wir laden Sie zur Zusammenarbeit ein.\" \/>\n<meta name=\"robots\" content=\"index, follow, max-snippet:-1, max-image-preview:large, max-video-preview:-1\" \/>\n<link rel=\"canonical\" href=\"http:\/\/einmed.eu\/de\/oferta\/vliesbeutels-filtersacke\/\" \/>\n<meta property=\"og:locale\" content=\"de_DE\" \/>\n<meta property=\"og:type\" content=\"article\" \/>\n<meta property=\"og:title\" content=\"Filters\u00e4cke Filterbeutels - Einmed\" \/>\n<meta property=\"og:description\" content=\"Eimned bietet verschiedene Produkte aus Vlies an, die gen\u00e4ht oder geschwei\u00dft wurden. Dazu geh\u00f6ren vor allem Filters\u00e4cke, Verpackungen aus Vlies und Vliestaschen. Wir laden Sie zur Zusammenarbeit ein.\" \/>\n<meta property=\"og:url\" content=\"http:\/\/einmed.eu\/de\/oferta\/vliesbeutels-filtersacke\/\" \/>\n<meta property=\"og:site_name\" content=\"Einmed\" \/>\n<meta property=\"article:modified_time\" content=\"2023-08-05T11:31:14+00:00\" \/>\n<meta name=\"twitter:card\" content=\"summary_large_image\" \/>\n<script type=\"application\/ld+json\" class=\"yoast-schema-graph\">{\"@context\":\"https:\/\/schema.org\",\"@graph\":[{\"@type\":\"WebPage\",\"@id\":\"http:\/\/einmed.eu\/de\/oferta\/vliesbeutels-filtersacke\/\",\"url\":\"http:\/\/einmed.eu\/de\/oferta\/vliesbeutels-filtersacke\/\",\"name\":\"Filters\u00e4cke Filterbeutels - Einmed\",\"isPartOf\":{\"@id\":\"https:\/\/einmed.eu\/de\/#website\"},\"datePublished\":\"2023-04-27T07:38:38+00:00\",\"dateModified\":\"2023-08-05T11:31:14+00:00\",\"description\":\"Eimned bietet verschiedene Produkte aus Vlies an, die gen\u00e4ht oder geschwei\u00dft wurden. Dazu geh\u00f6ren vor allem Filters\u00e4cke, Verpackungen aus Vlies und Vliestaschen. Wir laden Sie zur Zusammenarbeit ein.\",\"breadcrumb\":{\"@id\":\"http:\/\/einmed.eu\/de\/oferta\/vliesbeutels-filtersacke\/#breadcrumb\"},\"inLanguage\":\"de-DE\",\"potentialAction\":[{\"@type\":\"ReadAction\",\"target\":[\"http:\/\/einmed.eu\/de\/oferta\/vliesbeutels-filtersacke\/\"]}]},{\"@type\":\"BreadcrumbList\",\"@id\":\"http:\/\/einmed.eu\/de\/oferta\/vliesbeutels-filtersacke\/#breadcrumb\",\"itemListElement\":[{\"@type\":\"ListItem\",\"position\":1,\"name\":\"Angebot\",\"item\":\"https:\/\/einmed.eu\/de\/oferta\/\"},{\"@type\":\"ListItem\",\"position\":2,\"name\":\"Vliesbeutels, Filters\u00e4cke, Verpackungsbeutels, Vliestaschen und Schutzbezuge aus Vlies\"}]},{\"@type\":\"WebSite\",\"@id\":\"https:\/\/einmed.eu\/de\/#website\",\"url\":\"https:\/\/einmed.eu\/de\/\",\"name\":\"Einmed\",\"description\":\"Producent w\u0142\u00f3knin oraz pokrowc\u00f3w na materace\",\"potentialAction\":[{\"@type\":\"SearchAction\",\"target\":{\"@type\":\"EntryPoint\",\"urlTemplate\":\"https:\/\/einmed.eu\/de\/?s={search_term_string}\"},\"query-input\":\"required name=search_term_string\"}],\"inLanguage\":\"de-DE\"}]}<\/script>\n<!-- \/ Yoast SEO plugin. -->","yoast_head_json":{"title":"Filters\u00e4cke Filterbeutels - Einmed","description":"Eimned bietet verschiedene Produkte aus Vlies an, die gen\u00e4ht oder geschwei\u00dft wurden. Dazu geh\u00f6ren vor allem Filters\u00e4cke, Verpackungen aus Vlies und Vliestaschen. Wir laden Sie zur Zusammenarbeit ein.","robots":{"index":"index","follow":"follow","max-snippet":"max-snippet:-1","max-image-preview":"max-image-preview:large","max-video-preview":"max-video-preview:-1"},"canonical":"http:\/\/einmed.eu\/de\/oferta\/vliesbeutels-filtersacke\/","og_locale":"de_DE","og_type":"article","og_title":"Filters\u00e4cke Filterbeutels - Einmed","og_description":"Eimned bietet verschiedene Produkte aus Vlies an, die gen\u00e4ht oder geschwei\u00dft wurden. Dazu geh\u00f6ren vor allem Filters\u00e4cke, Verpackungen aus Vlies und Vliestaschen. Wir laden Sie zur Zusammenarbeit ein.","og_url":"http:\/\/einmed.eu\/de\/oferta\/vliesbeutels-filtersacke\/","og_site_name":"Einmed","article_modified_time":"2023-08-05T11:31:14+00:00","twitter_card":"summary_large_image","schema":{"@context":"https:\/\/schema.org","@graph":[{"@type":"WebPage","@id":"http:\/\/einmed.eu\/de\/oferta\/vliesbeutels-filtersacke\/","url":"http:\/\/einmed.eu\/de\/oferta\/vliesbeutels-filtersacke\/","name":"Filters\u00e4cke Filterbeutels - Einmed","isPartOf":{"@id":"https:\/\/einmed.eu\/de\/#website"},"datePublished":"2023-04-27T07:38:38+00:00","dateModified":"2023-08-05T11:31:14+00:00","description":"Eimned bietet verschiedene Produkte aus Vlies an, die gen\u00e4ht oder geschwei\u00dft wurden. Dazu geh\u00f6ren vor allem Filters\u00e4cke, Verpackungen aus Vlies und Vliestaschen. Wir laden Sie zur Zusammenarbeit ein.","breadcrumb":{"@id":"http:\/\/einmed.eu\/de\/oferta\/vliesbeutels-filtersacke\/#breadcrumb"},"inLanguage":"de-DE","potentialAction":[{"@type":"ReadAction","target":["http:\/\/einmed.eu\/de\/oferta\/vliesbeutels-filtersacke\/"]}]},{"@type":"BreadcrumbList","@id":"http:\/\/einmed.eu\/de\/oferta\/vliesbeutels-filtersacke\/#breadcrumb","itemListElement":[{"@type":"ListItem","position":1,"name":"Angebot","item":"https:\/\/einmed.eu\/de\/oferta\/"},{"@type":"ListItem","position":2,"name":"Vliesbeutels, Filters\u00e4cke, Verpackungsbeutels, Vliestaschen und Schutzbezuge aus Vlies"}]},{"@type":"WebSite","@id":"https:\/\/einmed.eu\/de\/#website","url":"https:\/\/einmed.eu\/de\/","name":"Einmed","description":"Producent w\u0142\u00f3knin oraz pokrowc\u00f3w na materace","potentialAction":[{"@type":"SearchAction","target":{"@type":"EntryPoint","urlTemplate":"https:\/\/einmed.eu\/de\/?s={search_term_string}"},"query-input":"required name=search_term_string"}],"inLanguage":"de-DE"}]}},"_links":{"self":[{"href":"http:\/\/einmed.eu\/de\/wp-json\/wp\/v2\/pages\/707"}],"collection":[{"href":"http:\/\/einmed.eu\/de\/wp-json\/wp\/v2\/pages"}],"about":[{"href":"http:\/\/einmed.eu\/de\/wp-json\/wp\/v2\/types\/page"}],"author":[{"embeddable":true,"href":"http:\/\/einmed.eu\/de\/wp-json\/wp\/v2\/users\/1"}],"replies":[{"embeddable":true,"href":"http:\/\/einmed.eu\/de\/wp-json\/wp\/v2\/comments?post=707"}],"version-history":[{"count":3,"href":"http:\/\/einmed.eu\/de\/wp-json\/wp\/v2\/pages\/707\/revisions"}],"predecessor-version":[{"id":1548,"href":"http:\/\/einmed.eu\/de\/wp-json\/wp\/v2\/pages\/707\/revisions\/1548"}],"up":[{"embeddable":true,"href":"http:\/\/einmed.eu\/de\/wp-json\/wp\/v2\/pages\/659"}],"wp:attachment":[{"href":"http:\/\/einmed.eu\/de\/wp-json\/wp\/v2\/media?parent=707"}],"curies":[{"name":"wp","href":"https:\/\/api.w.org\/{rel}","templated":true}]}}