{"id":699,"date":"2023-03-29T08:55:47","date_gmt":"2023-03-29T06:55:47","guid":{"rendered":"http:\/\/einmed.eu\/oferta\/wlokniny-typumeltblown-i-sms\/"},"modified":"2023-07-21T10:44:37","modified_gmt":"2023-07-21T08:44:37","slug":"meltblown-sms-vliese","status":"publish","type":"page","link":"http:\/\/einmed.eu\/de\/oferta\/meltblown-sms-vliese\/","title":{"rendered":"Meltblown und SMS Vliese"},"content":{"rendered":"<section id=\"\" class=\"product-opener acf-block acf-block-id-block_6bd4d6a063b808612aec60c29f8093a6 \">\n\n\t<div class=\"container-fluid\">\n\t\t<div class=\"row\">\n\t\t\t<div class=\"col-12\">\n\t\t\t\t<div class=\"product-opener__box\" style=\"background-image: url('http:\/\/einmed.eu\/app\/uploads\/2023\/03\/wlokniny-typu-meltblown-4-scaled.jpg')\">\n\t\t\t\t\t<div class=\"col-12 col-lg-4\">\n\t\t\t\t\t\t<div class=\"info-box \">\n\n\t<div class=\"info-box__logo\">\n\t\t<img decoding=\"async\" src=\"http:\/\/einmed.eu\/app\/themes\/einmed\/assets\/images\/svg\/sygnet.svg\" alt=\"sygnet\">\n\t<\/div>\n\t<div class=\"info-box__wrapper\">\n\t\t<h1 class=\"title\">Meltblown und SMS Vliese<\/h1>\n\t\t\t\t\t\t\t<a href=\"#bottom\" class=\"btn\">Erfahre mehr<\/a>\n\t\t\t<\/div>\n\n<\/div>\n\t\t\t\t\t<\/div>\n\t\t\t\t<\/div>\n\t\t\t<\/div>\n\t\t<\/div>\n\t<\/div>\n\n<\/section>\n\n\n<section id=\"bottom\" class=\"product-content acf-block acf-block-id-block_c85436c2caf3ec1c4c5ffa220759db0c  acf-block--desktop-pt-20 acf-block--mobile-pt-20\">\n\n\t<div class=\"container-fluid\">\n\t\t<div class=\"row row-flex\">\n\t\t\t<div class=\"col-12 col-lg-4 col-flex\">\n\t\t\t\t<div class=\"product-content__aside\">\n\t\t\t\t\t<div class=\"info-box wider\">\n\n\t<div class=\"info-box__logo\">\n\t\t<img decoding=\"async\" src=\"http:\/\/einmed.eu\/app\/themes\/einmed\/assets\/images\/svg\/sygnet.svg\" alt=\"sygnet\">\n\t<\/div>\n\t<div class=\"info-box__wrapper\">\n\t\t<h1 class=\"title\">SMS und Meltblown Vliese<\/h1>\n\t\t\t\t\t<\/div>\n\n<\/div>\n\n\t\t\t\t\t\n\t\t\t\t\t\n\t\t\t\t\t<div class=\"product-content__gallery\">\n\t\t\t\t\t\t\t\t\t\t\t\t\t\t\t\t\t\t\t\t\t\t\t\t\t\t\t<div class=\"product-content__img\">\n\t\t\t\t\t\t\t\t\t<img decoding=\"async\" src=\"http:\/\/einmed.eu\/app\/uploads\/2023\/04\/1-51-1.webp\" alt=\"\"\n\t\t\t\t\t\t\t\t\t\t srcset=\"http:\/\/einmed.eu\/app\/uploads\/2023\/04\/1-51-1-466x284-c-default.webp 1x, http:\/\/einmed.eu\/app\/uploads\/2023\/04\/1-51-1-932x568-c-default.webp 2x\">\n\t\t\t\t\t\t\t\t<\/div>\n\t\t\t\t\t\t\t\t\t\t\t\t\t\t\t\t\t\t\t\t\t\t\t\t\t\t\t\t\t\t\t\t\t\t\t\t\t\t\t\t\t\t\t\t\t\t\t\t\t\t\t\t\t\t\t\t\t<\/div>\n\t\t\t\t\t<div class=\"product-content__gallery product-content__gallery--horizontal\">\n\t\t\t\t\t\t\t\t\t\t\t\t\t\t\t\t\t\t\t\t\t\t\t\t\t\t\t\t\t\t\t\t\t\t<div class=\"product-content__img\">\n\t\t\t\t\t\t\t\t\t<img decoding=\"async\" src=\"http:\/\/einmed.eu\/app\/uploads\/2023\/04\/1-67-1.webp\" alt=\"\"\n\t\t\t\t\t\t\t\t\t\t srcset=\"http:\/\/einmed.eu\/app\/uploads\/2023\/04\/1-67-1-136x136-c-default.webp 1x, http:\/\/einmed.eu\/app\/uploads\/2023\/04\/1-67-1-272x272-c-default.webp 2x\">\n\t\t\t\t\t\t\t\t<\/div>\n\t\t\t\t\t\t\t\t\t\t\t\t\t\t\t\t\t\t\t\t\t\t\t\t\t\t\t\t<div class=\"product-content__img\">\n\t\t\t\t\t\t\t\t\t<img decoding=\"async\" src=\"http:\/\/einmed.eu\/app\/uploads\/2023\/04\/wlokniny-typu-meltblown-5.webp\" alt=\"\"\n\t\t\t\t\t\t\t\t\t\t srcset=\"http:\/\/einmed.eu\/app\/uploads\/2023\/04\/wlokniny-typu-meltblown-5-136x136-c-default.webp 1x, http:\/\/einmed.eu\/app\/uploads\/2023\/04\/wlokniny-typu-meltblown-5-272x272-c-default.webp 2x\">\n\t\t\t\t\t\t\t\t<\/div>\n\t\t\t\t\t\t\t\t\t\t\t\t\t\t\t\t\t\t\t\t\t\t\t\t\t\t\t\t<div class=\"product-content__img\">\n\t\t\t\t\t\t\t\t\t<img decoding=\"async\" src=\"http:\/\/einmed.eu\/app\/uploads\/2023\/04\/IMG20230404120537-1.webp\" alt=\"\"\n\t\t\t\t\t\t\t\t\t\t srcset=\"http:\/\/einmed.eu\/app\/uploads\/2023\/04\/IMG20230404120537-1-136x136-c-default.webp 1x, http:\/\/einmed.eu\/app\/uploads\/2023\/04\/IMG20230404120537-1-272x272-c-default.webp 2x\">\n\t\t\t\t\t\t\t\t<\/div>\n\t\t\t\t\t\t\t\t\t\t\t\t\t\t\t\t\t\t<\/div>\n\t\t\t\t<\/div>\n\t\t\t<\/div>\n\t\t\t<div class=\"col-12 col-lg-8\">\n\t\t\t\t<div class=\"product-content__main\">\n\t\t\t\t\t<div class=\"txt\"><p>Eine st\u00e4ndige Entwicklung- das ist unser Ziel. Deswegen erweitern wir unsere Portfolio um innovative Produkte. Im unserem Produktkatalog finde Sie auch Meltblown und SMS Vliesstoffe. Moderne Technologie erm\u00f6glicht Produktion von Material, welches sehr gute Filtrationseigenschaften hat. Aus diesem Grund kann das Meltblown Material als Filtermedium oder in der Produktion von Mundschutz und FFP2 Masken verwendet werden. SMS Vlies (Spunbond-Meltblown-Spunbond) ist eine Verbindung von Spinnvlies und Meltblown. Daher ist das Mataterial mehr rei\u00dffest, hat auch gute Filtrationsparameter, ist wasserabweisend aber gleichzeitig atmungsaktiv. Deswegen SMS Material wird\u00a0 mit Erfolg in verschiedenen medizinischen und hygienischen Produkten (medizinische Schutzbekleidung, OP Masken, OP T\u00fcchern, Windeln und Filtern) verwendet.<\/p>\n<\/div>\n\n\t\t\t\t\t\t\t\t\t\t\t\t\t\t\t\t\t\t\t<\/div>\n\t\t\t<\/div>\n\t\t<\/div>\n\n\t\t\t<\/div>\n\n<\/section>\n","protected":false},"excerpt":{"rendered":"","protected":false},"author":1,"featured_media":0,"parent":659,"menu_order":0,"comment_status":"closed","ping_status":"closed","template":"","meta":[],"acf":[],"yoast_head":"<!-- This site is optimized with the Yoast SEO plugin v20.10 - https:\/\/yoast.com\/wordpress\/plugins\/seo\/ -->\n<title>SMS Vliese Meltblown Vliesstoffe f\u00fcr Hygieneprodukte und f\u00fcr medizinische Anwendungen<\/title>\n<meta name=\"robots\" content=\"index, follow, max-snippet:-1, max-image-preview:large, max-video-preview:-1\" \/>\n<link rel=\"canonical\" href=\"http:\/\/einmed.eu\/de\/oferta\/meltblown-sms-vliese\/\" \/>\n<meta property=\"og:locale\" content=\"de_DE\" \/>\n<meta property=\"og:type\" content=\"article\" \/>\n<meta property=\"og:title\" content=\"SMS Vliese Meltblown Vliesstoffe f\u00fcr Hygieneprodukte und f\u00fcr medizinische Anwendungen\" \/>\n<meta property=\"og:url\" content=\"http:\/\/einmed.eu\/de\/oferta\/meltblown-sms-vliese\/\" \/>\n<meta property=\"og:site_name\" content=\"Einmed\" \/>\n<meta property=\"article:modified_time\" content=\"2023-07-21T08:44:37+00:00\" \/>\n<meta name=\"twitter:card\" content=\"summary_large_image\" \/>\n<script type=\"application\/ld+json\" class=\"yoast-schema-graph\">{\"@context\":\"https:\/\/schema.org\",\"@graph\":[{\"@type\":\"WebPage\",\"@id\":\"http:\/\/einmed.eu\/de\/oferta\/meltblown-sms-vliese\/\",\"url\":\"http:\/\/einmed.eu\/de\/oferta\/meltblown-sms-vliese\/\",\"name\":\"SMS Vliese Meltblown Vliesstoffe f\u00fcr Hygieneprodukte und f\u00fcr medizinische Anwendungen\",\"isPartOf\":{\"@id\":\"https:\/\/einmed.eu\/de\/#website\"},\"datePublished\":\"2023-03-29T06:55:47+00:00\",\"dateModified\":\"2023-07-21T08:44:37+00:00\",\"breadcrumb\":{\"@id\":\"http:\/\/einmed.eu\/de\/oferta\/meltblown-sms-vliese\/#breadcrumb\"},\"inLanguage\":\"de-DE\",\"potentialAction\":[{\"@type\":\"ReadAction\",\"target\":[\"http:\/\/einmed.eu\/de\/oferta\/meltblown-sms-vliese\/\"]}]},{\"@type\":\"BreadcrumbList\",\"@id\":\"http:\/\/einmed.eu\/de\/oferta\/meltblown-sms-vliese\/#breadcrumb\",\"itemListElement\":[{\"@type\":\"ListItem\",\"position\":1,\"name\":\"Angebot\",\"item\":\"https:\/\/einmed.eu\/de\/oferta\/\"},{\"@type\":\"ListItem\",\"position\":2,\"name\":\"Meltblown und SMS Vliese\"}]},{\"@type\":\"WebSite\",\"@id\":\"https:\/\/einmed.eu\/de\/#website\",\"url\":\"https:\/\/einmed.eu\/de\/\",\"name\":\"Einmed\",\"description\":\"Producent w\u0142\u00f3knin oraz pokrowc\u00f3w na materace\",\"potentialAction\":[{\"@type\":\"SearchAction\",\"target\":{\"@type\":\"EntryPoint\",\"urlTemplate\":\"https:\/\/einmed.eu\/de\/?s={search_term_string}\"},\"query-input\":\"required name=search_term_string\"}],\"inLanguage\":\"de-DE\"}]}<\/script>\n<!-- \/ Yoast SEO plugin. -->","yoast_head_json":{"title":"SMS Vliese Meltblown Vliesstoffe f\u00fcr Hygieneprodukte und f\u00fcr medizinische Anwendungen","robots":{"index":"index","follow":"follow","max-snippet":"max-snippet:-1","max-image-preview":"max-image-preview:large","max-video-preview":"max-video-preview:-1"},"canonical":"http:\/\/einmed.eu\/de\/oferta\/meltblown-sms-vliese\/","og_locale":"de_DE","og_type":"article","og_title":"SMS Vliese Meltblown Vliesstoffe f\u00fcr Hygieneprodukte und f\u00fcr medizinische Anwendungen","og_url":"http:\/\/einmed.eu\/de\/oferta\/meltblown-sms-vliese\/","og_site_name":"Einmed","article_modified_time":"2023-07-21T08:44:37+00:00","twitter_card":"summary_large_image","schema":{"@context":"https:\/\/schema.org","@graph":[{"@type":"WebPage","@id":"http:\/\/einmed.eu\/de\/oferta\/meltblown-sms-vliese\/","url":"http:\/\/einmed.eu\/de\/oferta\/meltblown-sms-vliese\/","name":"SMS Vliese Meltblown Vliesstoffe f\u00fcr Hygieneprodukte und f\u00fcr medizinische Anwendungen","isPartOf":{"@id":"https:\/\/einmed.eu\/de\/#website"},"datePublished":"2023-03-29T06:55:47+00:00","dateModified":"2023-07-21T08:44:37+00:00","breadcrumb":{"@id":"http:\/\/einmed.eu\/de\/oferta\/meltblown-sms-vliese\/#breadcrumb"},"inLanguage":"de-DE","potentialAction":[{"@type":"ReadAction","target":["http:\/\/einmed.eu\/de\/oferta\/meltblown-sms-vliese\/"]}]},{"@type":"BreadcrumbList","@id":"http:\/\/einmed.eu\/de\/oferta\/meltblown-sms-vliese\/#breadcrumb","itemListElement":[{"@type":"ListItem","position":1,"name":"Angebot","item":"https:\/\/einmed.eu\/de\/oferta\/"},{"@type":"ListItem","position":2,"name":"Meltblown und SMS Vliese"}]},{"@type":"WebSite","@id":"https:\/\/einmed.eu\/de\/#website","url":"https:\/\/einmed.eu\/de\/","name":"Einmed","description":"Producent w\u0142\u00f3knin oraz pokrowc\u00f3w na materace","potentialAction":[{"@type":"SearchAction","target":{"@type":"EntryPoint","urlTemplate":"https:\/\/einmed.eu\/de\/?s={search_term_string}"},"query-input":"required name=search_term_string"}],"inLanguage":"de-DE"}]}},"_links":{"self":[{"href":"http:\/\/einmed.eu\/de\/wp-json\/wp\/v2\/pages\/699"}],"collection":[{"href":"http:\/\/einmed.eu\/de\/wp-json\/wp\/v2\/pages"}],"about":[{"href":"http:\/\/einmed.eu\/de\/wp-json\/wp\/v2\/types\/page"}],"author":[{"embeddable":true,"href":"http:\/\/einmed.eu\/de\/wp-json\/wp\/v2\/users\/1"}],"replies":[{"embeddable":true,"href":"http:\/\/einmed.eu\/de\/wp-json\/wp\/v2\/comments?post=699"}],"version-history":[{"count":3,"href":"http:\/\/einmed.eu\/de\/wp-json\/wp\/v2\/pages\/699\/revisions"}],"predecessor-version":[{"id":1489,"href":"http:\/\/einmed.eu\/de\/wp-json\/wp\/v2\/pages\/699\/revisions\/1489"}],"up":[{"embeddable":true,"href":"http:\/\/einmed.eu\/de\/wp-json\/wp\/v2\/pages\/659"}],"wp:attachment":[{"href":"http:\/\/einmed.eu\/de\/wp-json\/wp\/v2\/media?parent=699"}],"curies":[{"name":"wp","href":"https:\/\/api.w.org\/{rel}","templated":true}]}}