{"id":691,"date":"2023-03-28T14:20:23","date_gmt":"2023-03-28T12:20:23","guid":{"rendered":"http:\/\/einmed.eu\/oferta\/wlokniny-polipropylenowe-typu-spunbond\/"},"modified":"2023-07-19T17:14:42","modified_gmt":"2023-07-19T15:14:42","slug":"polypropylene-spinnvliese","status":"publish","type":"page","link":"http:\/\/einmed.eu\/de\/oferta\/polypropylene-spinnvliese\/","title":{"rendered":"Polypropylene Spinnvliese (Spunbond nonwoven)"},"content":{"rendered":"<section id=\"\" class=\"product-opener acf-block acf-block-id-block_e9700ced30034c04480b4eff8eeecd35 \">\n\n\t<div class=\"container-fluid\">\n\t\t<div class=\"row\">\n\t\t\t<div class=\"col-12\">\n\t\t\t\t<div class=\"product-opener__box\" style=\"background-image: url('http:\/\/einmed.eu\/app\/uploads\/2023\/03\/slider2-scaled.jpg')\">\n\t\t\t\t\t<div class=\"col-12 col-lg-4\">\n\t\t\t\t\t\t<div class=\"info-box \">\n\n\t<div class=\"info-box__logo\">\n\t\t<img decoding=\"async\" src=\"http:\/\/einmed.eu\/app\/themes\/einmed\/assets\/images\/svg\/sygnet.svg\" alt=\"sygnet\">\n\t<\/div>\n\t<div class=\"info-box__wrapper\">\n\t\t<h1 class=\"title\">Polypropylene Spinnvliese (Spunbond nonwoven)<\/h1>\n\t\t\t\t\t\t\t<a href=\"#bottom\" class=\"btn\">Erfahre mehr<\/a>\n\t\t\t<\/div>\n\n<\/div>\n\t\t\t\t\t<\/div>\n\t\t\t\t<\/div>\n\t\t\t<\/div>\n\t\t<\/div>\n\t<\/div>\n\n<\/section>\n\n\n<section id=\"bottom\" class=\"product-content acf-block acf-block-id-block_386bb67983a8ab124964972cf0c66744 \">\n\n\t<div class=\"container-fluid\">\n\t\t<div class=\"row row-flex\">\n\t\t\t<div class=\"col-12 col-lg-4 col-flex\">\n\t\t\t\t<div class=\"product-content__aside\">\n\t\t\t\t\t<div class=\"info-box wider\">\n\n\t<div class=\"info-box__logo\">\n\t\t<img decoding=\"async\" src=\"http:\/\/einmed.eu\/app\/themes\/einmed\/assets\/images\/svg\/sygnet.svg\" alt=\"sygnet\">\n\t<\/div>\n\t<div class=\"info-box__wrapper\">\n\t\t<h1 class=\"title\">Polypropylene Spinnvliese<br>(Spunbond nonwoven)<\/h1>\n\t\t\t\t\t<\/div>\n\n<\/div>\n\n\t\t\t\t\t\t\t\t\t\t\t<div class=\"product-content__widths\">\n\t\t\t\t\t\t\t<h3 class=\"product-content__title\">Verf\u00fcgbare Breiten<\/h3>\n\t\t\t\t\t\t\t\t\t\t\t\t\t\t\t<p class=\"product-content__item\">von 12 cm bis 3,5 m<\/p>\n\t\t\t\t\t\t\t\t\t\t\t\t\t\t\t<p class=\"product-content__item\">oder bis 19 m Breite durch den Einsatz einer Verbindungsmaschine.<\/p>\n\t\t\t\t\t\t\t\t\t\t\t\t\t<\/div>\n\t\t\t\t\t\n\t\t\t\t\t\t\t\t\t\t\t<div class=\"product-content__grammages\">\n\t\t\t\t\t\t\t<h3 class=\"product-content__title\">Verf\u00fcgbare Gewichte<\/h3>\n\t\t\t\t\t\t\t\t\t\t\t\t\t\t\t<p class=\"product-content__item\">10-150 gr\/m2<\/p>\n\t\t\t\t\t\t\t\t\t\t\t\t\t<\/div>\n\t\t\t\t\t\n\t\t\t\t\t<div class=\"product-content__gallery\">\n\t\t\t\t\t\t\t\t\t\t\t\t\t\t\t\t\t\t\t\t\t\t\t\t\t\t\t<div class=\"product-content__img\">\n\t\t\t\t\t\t\t\t\t<img decoding=\"async\" src=\"http:\/\/einmed.eu\/app\/uploads\/2023\/04\/1-49-1.webp\" alt=\"\"\n\t\t\t\t\t\t\t\t\t\t srcset=\"http:\/\/einmed.eu\/app\/uploads\/2023\/04\/1-49-1-466x284-c-default.webp 1x, http:\/\/einmed.eu\/app\/uploads\/2023\/04\/1-49-1-932x568-c-default.webp 2x\">\n\t\t\t\t\t\t\t\t<\/div>\n\t\t\t\t\t\t\t\t\t\t\t\t\t\t\t\t\t\t\t\t\t\t\t\t\t\t\t\t\t\t\t\t\t\t\t\t\t\t\t\t\t\t\t\t\t\t\t\t\t\t\t\t\t\t\t\t\t<\/div>\n\t\t\t\t\t<div class=\"product-content__gallery product-content__gallery--horizontal\">\n\t\t\t\t\t\t\t\t\t\t\t\t\t\t\t\t\t\t\t\t\t\t\t\t\t\t\t\t\t\t\t\t\t\t<div class=\"product-content__img\">\n\t\t\t\t\t\t\t\t\t<img decoding=\"async\" src=\"http:\/\/einmed.eu\/app\/uploads\/2023\/04\/wlokniny-pp-spunbond-2.webp\" alt=\"\"\n\t\t\t\t\t\t\t\t\t\t srcset=\"http:\/\/einmed.eu\/app\/uploads\/2023\/04\/wlokniny-pp-spunbond-2-136x136-c-default.webp 1x, http:\/\/einmed.eu\/app\/uploads\/2023\/04\/wlokniny-pp-spunbond-2-272x272-c-default.webp 2x\">\n\t\t\t\t\t\t\t\t<\/div>\n\t\t\t\t\t\t\t\t\t\t\t\t\t\t\t\t\t\t\t\t\t\t\t\t\t\t\t\t<div class=\"product-content__img\">\n\t\t\t\t\t\t\t\t\t<img decoding=\"async\" src=\"http:\/\/einmed.eu\/app\/uploads\/2023\/04\/BAH3899_1080px-2.webp\" alt=\"\"\n\t\t\t\t\t\t\t\t\t\t srcset=\"http:\/\/einmed.eu\/app\/uploads\/2023\/04\/BAH3899_1080px-2-136x136-c-default.webp 1x, http:\/\/einmed.eu\/app\/uploads\/2023\/04\/BAH3899_1080px-2-272x272-c-default.webp 2x\">\n\t\t\t\t\t\t\t\t<\/div>\n\t\t\t\t\t\t\t\t\t\t\t\t\t\t\t\t\t\t\t\t\t\t\t\t\t\t\t\t<div class=\"product-content__img\">\n\t\t\t\t\t\t\t\t\t<img decoding=\"async\" src=\"http:\/\/einmed.eu\/app\/uploads\/2023\/04\/view-felt-fabric-gray-tones-1.webp\" alt=\"\"\n\t\t\t\t\t\t\t\t\t\t srcset=\"http:\/\/einmed.eu\/app\/uploads\/2023\/04\/view-felt-fabric-gray-tones-1-136x136-c-default.webp 1x, http:\/\/einmed.eu\/app\/uploads\/2023\/04\/view-felt-fabric-gray-tones-1-272x272-c-default.webp 2x\">\n\t\t\t\t\t\t\t\t<\/div>\n\t\t\t\t\t\t\t\t\t\t\t\t\t\t\t\t\t\t<\/div>\n\t\t\t\t<\/div>\n\t\t\t<\/div>\n\t\t\t<div class=\"col-12 col-lg-8\">\n\t\t\t\t<div class=\"product-content__main\">\n\t\t\t\t\t<div class=\"txt\"><p>Zahlreiche Vorteilen von PP Spinnvliese, welche auch unter der Namen \u201ewigofil\u201d bekannt sind, wie z.B.: kleine Dehnungsf\u00e4higkeit, glatte Oberfl\u00e4che, Abriebfestigkeit, Atmungsaktivit\u00e4t, Schwerentflammbarkeit machen diese einen ideallen Material, welches in folgenden Branchen verwendet werden kann:<\/p>\n<ul>\n<li>M\u00f6belindustrie<\/li>\n<li>Medizinische und sanit\u00e4re Artikel<\/li>\n<li>Schutz- und Medizinbekleidung<\/li>\n<li>Schuhindustrie und T\u00e4schnerhandwerk<\/li>\n<li>Tr\u00e4ger und Unterlagen<\/li>\n<li>Landwirtschaft<\/li>\n<li>Bauindustrie<\/li>\n<li>Filtration<\/li>\n<li>Elektronikindustrie<\/li>\n<li>Automobilindustrie<\/li>\n<li>Verpackungen und Schutzbez\u00fcge<\/li>\n<li>Laminate<\/li>\n<\/ul>\n<p>Unser Vlies wird unter unsere eigene Marke \u201e TEXFIL\u201d hergestellt. Unsere Produktion charkterisieren hohe technische Parameter sowie M\u00f6glichkeit, um\u00a0 diese Parameter an den induviduellen Kundenerwartungen anzupassen. Unser Maschinenpark bietet viele M\u00f6glichkeiten zur Ver\u00e4nderung der Materialeigenschaften, durch die Anpassung der technischen Parameter, der Breite, des Fl\u00e4chengewichts oder der Farbe.<\/p>\n<p>&nbsp;<\/p>\n<p>Aufgrund der unterschiedlichen Bed\u00fcrfnisse der einzelnen Branchen haben wir auch die M\u00f6glichkeit, verschiedene Arten von Ausr\u00fcstungen\/Oberfl\u00e4chen einzusetzen: wie z.B. hydrophile, hydrophobe, antistatische . Wir k\u00f6nnen auch Vliese mit UV-Stabilisator oder zus\u00e4tzlich mit einem Flammschutzmittel produzieren.<\/p>\n<p>Wir haben die \u00d6ko-Tex, T\u00dcV, Intertek-Zertifikate. Unsere Produktion wurde auch nach ISO 9001 zertfiziert.<\/p>\n<\/div>\n\n\t\t\t\t\t\t\t\t\t\t\t\t\t\t\t\t\t\t\t<\/div>\n\t\t\t<\/div>\n\t\t<\/div>\n\n\t\t\t<\/div>\n\n<\/section>\n","protected":false},"excerpt":{"rendered":"","protected":false},"author":1,"featured_media":0,"parent":659,"menu_order":0,"comment_status":"closed","ping_status":"closed","template":"","meta":[],"acf":[],"yoast_head":"<!-- This site is optimized with the Yoast SEO plugin v20.10 - https:\/\/yoast.com\/wordpress\/plugins\/seo\/ -->\n<title>PP Spinnvliese Vliesstoffe f\u00fcr Automobilindustrie Vlieszuschnittespunbond - Einmed<\/title>\n<meta name=\"robots\" content=\"index, follow, max-snippet:-1, max-image-preview:large, max-video-preview:-1\" \/>\n<link rel=\"canonical\" href=\"http:\/\/einmed.eu\/de\/oferta\/polypropylene-spinnvliese\/\" \/>\n<meta property=\"og:locale\" content=\"de_DE\" \/>\n<meta property=\"og:type\" content=\"article\" \/>\n<meta property=\"og:title\" content=\"PP Spinnvliese Vliesstoffe f\u00fcr Automobilindustrie Vlieszuschnittespunbond - Einmed\" \/>\n<meta property=\"og:url\" content=\"http:\/\/einmed.eu\/de\/oferta\/polypropylene-spinnvliese\/\" \/>\n<meta property=\"og:site_name\" content=\"Einmed\" \/>\n<meta property=\"article:modified_time\" content=\"2023-07-19T15:14:42+00:00\" \/>\n<meta name=\"twitter:card\" content=\"summary_large_image\" \/>\n<script type=\"application\/ld+json\" class=\"yoast-schema-graph\">{\"@context\":\"https:\/\/schema.org\",\"@graph\":[{\"@type\":\"WebPage\",\"@id\":\"http:\/\/einmed.eu\/de\/oferta\/polypropylene-spinnvliese\/\",\"url\":\"http:\/\/einmed.eu\/de\/oferta\/polypropylene-spinnvliese\/\",\"name\":\"PP Spinnvliese Vliesstoffe f\u00fcr Automobilindustrie Vlieszuschnittespunbond - Einmed\",\"isPartOf\":{\"@id\":\"https:\/\/einmed.eu\/de\/#website\"},\"datePublished\":\"2023-03-28T12:20:23+00:00\",\"dateModified\":\"2023-07-19T15:14:42+00:00\",\"breadcrumb\":{\"@id\":\"http:\/\/einmed.eu\/de\/oferta\/polypropylene-spinnvliese\/#breadcrumb\"},\"inLanguage\":\"de-DE\",\"potentialAction\":[{\"@type\":\"ReadAction\",\"target\":[\"http:\/\/einmed.eu\/de\/oferta\/polypropylene-spinnvliese\/\"]}]},{\"@type\":\"BreadcrumbList\",\"@id\":\"http:\/\/einmed.eu\/de\/oferta\/polypropylene-spinnvliese\/#breadcrumb\",\"itemListElement\":[{\"@type\":\"ListItem\",\"position\":1,\"name\":\"Angebot\",\"item\":\"https:\/\/einmed.eu\/de\/oferta\/\"},{\"@type\":\"ListItem\",\"position\":2,\"name\":\"Polypropylene Spinnvliese (Spunbond nonwoven)\"}]},{\"@type\":\"WebSite\",\"@id\":\"https:\/\/einmed.eu\/de\/#website\",\"url\":\"https:\/\/einmed.eu\/de\/\",\"name\":\"Einmed\",\"description\":\"Producent w\u0142\u00f3knin oraz pokrowc\u00f3w na materace\",\"potentialAction\":[{\"@type\":\"SearchAction\",\"target\":{\"@type\":\"EntryPoint\",\"urlTemplate\":\"https:\/\/einmed.eu\/de\/?s={search_term_string}\"},\"query-input\":\"required name=search_term_string\"}],\"inLanguage\":\"de-DE\"}]}<\/script>\n<!-- \/ Yoast SEO plugin. -->","yoast_head_json":{"title":"PP Spinnvliese Vliesstoffe f\u00fcr Automobilindustrie Vlieszuschnittespunbond - Einmed","robots":{"index":"index","follow":"follow","max-snippet":"max-snippet:-1","max-image-preview":"max-image-preview:large","max-video-preview":"max-video-preview:-1"},"canonical":"http:\/\/einmed.eu\/de\/oferta\/polypropylene-spinnvliese\/","og_locale":"de_DE","og_type":"article","og_title":"PP Spinnvliese Vliesstoffe f\u00fcr Automobilindustrie Vlieszuschnittespunbond - Einmed","og_url":"http:\/\/einmed.eu\/de\/oferta\/polypropylene-spinnvliese\/","og_site_name":"Einmed","article_modified_time":"2023-07-19T15:14:42+00:00","twitter_card":"summary_large_image","schema":{"@context":"https:\/\/schema.org","@graph":[{"@type":"WebPage","@id":"http:\/\/einmed.eu\/de\/oferta\/polypropylene-spinnvliese\/","url":"http:\/\/einmed.eu\/de\/oferta\/polypropylene-spinnvliese\/","name":"PP Spinnvliese Vliesstoffe f\u00fcr Automobilindustrie Vlieszuschnittespunbond - Einmed","isPartOf":{"@id":"https:\/\/einmed.eu\/de\/#website"},"datePublished":"2023-03-28T12:20:23+00:00","dateModified":"2023-07-19T15:14:42+00:00","breadcrumb":{"@id":"http:\/\/einmed.eu\/de\/oferta\/polypropylene-spinnvliese\/#breadcrumb"},"inLanguage":"de-DE","potentialAction":[{"@type":"ReadAction","target":["http:\/\/einmed.eu\/de\/oferta\/polypropylene-spinnvliese\/"]}]},{"@type":"BreadcrumbList","@id":"http:\/\/einmed.eu\/de\/oferta\/polypropylene-spinnvliese\/#breadcrumb","itemListElement":[{"@type":"ListItem","position":1,"name":"Angebot","item":"https:\/\/einmed.eu\/de\/oferta\/"},{"@type":"ListItem","position":2,"name":"Polypropylene Spinnvliese (Spunbond nonwoven)"}]},{"@type":"WebSite","@id":"https:\/\/einmed.eu\/de\/#website","url":"https:\/\/einmed.eu\/de\/","name":"Einmed","description":"Producent w\u0142\u00f3knin oraz pokrowc\u00f3w na materace","potentialAction":[{"@type":"SearchAction","target":{"@type":"EntryPoint","urlTemplate":"https:\/\/einmed.eu\/de\/?s={search_term_string}"},"query-input":"required name=search_term_string"}],"inLanguage":"de-DE"}]}},"_links":{"self":[{"href":"http:\/\/einmed.eu\/de\/wp-json\/wp\/v2\/pages\/691"}],"collection":[{"href":"http:\/\/einmed.eu\/de\/wp-json\/wp\/v2\/pages"}],"about":[{"href":"http:\/\/einmed.eu\/de\/wp-json\/wp\/v2\/types\/page"}],"author":[{"embeddable":true,"href":"http:\/\/einmed.eu\/de\/wp-json\/wp\/v2\/users\/1"}],"replies":[{"embeddable":true,"href":"http:\/\/einmed.eu\/de\/wp-json\/wp\/v2\/comments?post=691"}],"version-history":[{"count":2,"href":"http:\/\/einmed.eu\/de\/wp-json\/wp\/v2\/pages\/691\/revisions"}],"predecessor-version":[{"id":1478,"href":"http:\/\/einmed.eu\/de\/wp-json\/wp\/v2\/pages\/691\/revisions\/1478"}],"up":[{"embeddable":true,"href":"http:\/\/einmed.eu\/de\/wp-json\/wp\/v2\/pages\/659"}],"wp:attachment":[{"href":"http:\/\/einmed.eu\/de\/wp-json\/wp\/v2\/media?parent=691"}],"curies":[{"name":"wp","href":"https:\/\/api.w.org\/{rel}","templated":true}]}}