{"id":683,"date":"2023-03-29T10:17:09","date_gmt":"2023-03-29T08:17:09","guid":{"rendered":"http:\/\/einmed.eu\/oferta\/wlokniny-filtracyjne\/"},"modified":"2023-07-19T07:34:34","modified_gmt":"2023-07-19T05:34:34","slug":"filtervliese","status":"publish","type":"page","link":"http:\/\/einmed.eu\/de\/oferta\/filtervliese\/","title":{"rendered":"Filtervliese"},"content":{"rendered":"<section id=\"\" class=\"product-opener acf-block acf-block-id-block_e3479368f14d5219bd1b48c214b91946 \">\n\n\t<div class=\"container-fluid\">\n\t\t<div class=\"row\">\n\t\t\t<div class=\"col-12\">\n\t\t\t\t<div class=\"product-opener__box\" style=\"background-image: url('http:\/\/einmed.eu\/app\/uploads\/2023\/04\/wlokniny-filtracyjne-2-1-scaled.jpg')\">\n\t\t\t\t\t<div class=\"col-12 col-lg-4\">\n\t\t\t\t\t\t<div class=\"info-box \">\n\n\t<div class=\"info-box__logo\">\n\t\t<img decoding=\"async\" src=\"http:\/\/einmed.eu\/app\/themes\/einmed\/assets\/images\/svg\/sygnet.svg\" alt=\"sygnet\">\n\t<\/div>\n\t<div class=\"info-box__wrapper\">\n\t\t<h1 class=\"title\">Filtervliese<\/h1>\n\t\t\t\t\t\t\t<a href=\"#bottom\" class=\"btn\">Erfahre mehr<\/a>\n\t\t\t<\/div>\n\n<\/div>\n\t\t\t\t\t<\/div>\n\t\t\t\t<\/div>\n\t\t\t<\/div>\n\t\t<\/div>\n\t<\/div>\n\n<\/section>\n\n\n<section id=\"bottom\" class=\"product-content acf-block acf-block-id-block_18802936384d1dca4c7807072a846edb  acf-block--desktop-pt-20 acf-block--desktop-pb-20 acf-block--mobile-pt-20 acf-block--mobile-pb-20\">\n\n\t<div class=\"container-fluid\">\n\t\t<div class=\"row row-flex\">\n\t\t\t<div class=\"col-12 col-lg-4 col-flex\">\n\t\t\t\t<div class=\"product-content__aside\">\n\t\t\t\t\t<div class=\"info-box wider\">\n\n\t<div class=\"info-box__logo\">\n\t\t<img decoding=\"async\" src=\"http:\/\/einmed.eu\/app\/themes\/einmed\/assets\/images\/svg\/sygnet.svg\" alt=\"sygnet\">\n\t<\/div>\n\t<div class=\"info-box__wrapper\">\n\t\t<h1 class=\"title\">Filtervliese<\/h1>\n\t\t\t\t\t<\/div>\n\n<\/div>\n\n\t\t\t\t\t\n\t\t\t\t\t\n\t\t\t\t\t<div class=\"product-content__gallery\">\n\t\t\t\t\t\t\t\t\t\t\t\t\t\t\t\t\t\t\t\t\t\t\t\t\t\t\t<div class=\"product-content__img\">\n\t\t\t\t\t\t\t\t\t<img decoding=\"async\" src=\"http:\/\/einmed.eu\/app\/uploads\/2023\/04\/IMG_4392-3.webp\" alt=\"\"\n\t\t\t\t\t\t\t\t\t\t srcset=\"http:\/\/einmed.eu\/app\/uploads\/2023\/04\/IMG_4392-3-466x284-c-default.webp 1x, http:\/\/einmed.eu\/app\/uploads\/2023\/04\/IMG_4392-3-932x568-c-default.webp 2x\">\n\t\t\t\t\t\t\t\t<\/div>\n\t\t\t\t\t\t\t\t\t\t\t\t\t\t\t\t\t\t\t\t\t\t\t\t\t\t\t\t\t\t\t\t\t\t\t\t\t\t\t\t\t\t\t\t\t\t\t\t\t\t\t\t\t\t\t\t\t<\/div>\n\t\t\t\t\t<div class=\"product-content__gallery product-content__gallery--horizontal\">\n\t\t\t\t\t\t\t\t\t\t\t\t\t\t\t\t\t\t\t\t\t\t\t\t\t\t\t\t\t\t\t\t\t\t<div class=\"product-content__img\">\n\t\t\t\t\t\t\t\t\t<img decoding=\"async\" src=\"http:\/\/einmed.eu\/app\/uploads\/2023\/04\/inne-rodzaje-wloknin-hot-air-cotton-3.webp\" alt=\"\"\n\t\t\t\t\t\t\t\t\t\t srcset=\"http:\/\/einmed.eu\/app\/uploads\/2023\/04\/inne-rodzaje-wloknin-hot-air-cotton-3-136x136-c-default.webp 1x, http:\/\/einmed.eu\/app\/uploads\/2023\/04\/inne-rodzaje-wloknin-hot-air-cotton-3-272x272-c-default.webp 2x\">\n\t\t\t\t\t\t\t\t<\/div>\n\t\t\t\t\t\t\t\t\t\t\t\t\t\t\t\t\t\t\t\t\t\t\t\t\t\t\t\t<div class=\"product-content__img\">\n\t\t\t\t\t\t\t\t\t<img decoding=\"async\" src=\"http:\/\/einmed.eu\/app\/uploads\/2023\/04\/1-59-1.webp\" alt=\"\"\n\t\t\t\t\t\t\t\t\t\t srcset=\"http:\/\/einmed.eu\/app\/uploads\/2023\/04\/1-59-1-136x136-c-default.webp 1x, http:\/\/einmed.eu\/app\/uploads\/2023\/04\/1-59-1-272x272-c-default.webp 2x\">\n\t\t\t\t\t\t\t\t<\/div>\n\t\t\t\t\t\t\t\t\t\t\t\t\t\t\t\t\t\t\t\t\t\t\t\t\t\t\t\t<div class=\"product-content__img\">\n\t\t\t\t\t\t\t\t\t<img decoding=\"async\" src=\"http:\/\/einmed.eu\/app\/uploads\/2023\/04\/wlokniny-filtracyjne-2.webp\" alt=\"\"\n\t\t\t\t\t\t\t\t\t\t srcset=\"http:\/\/einmed.eu\/app\/uploads\/2023\/04\/wlokniny-filtracyjne-2-136x136-c-default.webp 1x, http:\/\/einmed.eu\/app\/uploads\/2023\/04\/wlokniny-filtracyjne-2-272x272-c-default.webp 2x\">\n\t\t\t\t\t\t\t\t<\/div>\n\t\t\t\t\t\t\t\t\t\t\t\t\t\t\t\t\t\t<\/div>\n\t\t\t\t<\/div>\n\t\t\t<\/div>\n\t\t\t<div class=\"col-12 col-lg-8\">\n\t\t\t\t<div class=\"product-content__main\">\n\t\t\t\t\t<div class=\"txt\"><p>Die Vliesstoffe, welche unsere\u00a0 Firma produziert, haben eine breite Anwendung in Filtrationsprozessen. Die Filtervliese sind ein Hinderniss f\u00fcr die Verschmutzungen und kleine Partikeln. Je nach Bedarf die Filtervliese k\u00f6nnen in Luft-, Wasser-, oder \u00d6lfiltration verwendet werden. PP Spinnvliese werden auch mit andere Vliesarten wie Meltblown oder Nadelvliese zusammengebunden, um die bessere Filtrationseigenschaften zu erreichen. Wir bieten Spinnvliese\u00a0 auch mit hydrophile Ausr\u00fcstung in verschiedenen Gramaturen, Breiten und L\u00e4ngen an.<\/p>\n<p>&nbsp;<\/p>\n<p>Beispiele f\u00fcr die verschieden Konfigurationen der Breiten und L\u00e4ngen von Filtervliesen.<\/p>\n<p>Filtervliese:<\/p>\n<p>&nbsp;<\/p>\n<\/div>\n\n\t\t\t\t\t\t\t\t\t\t\t<div class=\"product-content__grammar\">\n\t\t\t\t\t\t\t<h4 class=\"product-content__grammar-title\">GEWICHT 30 G<\/h4>\n\t\t\t\t\t\t\t<div class=\"product-content__grammar-items\">\n\t\t\t\t\t\t\t\t\t\t\t\t\t\t\t\t\t<p class=\"btn btn--green\">550 x 250<\/p>\n\t\t\t\t\t\t\t\t\t\t\t\t\t\t\t\t\t<p class=\"btn btn--green\">1040 x 250<\/p>\n\t\t\t\t\t\t\t\t\t\t\t\t\t\t\t<\/div>\n\t\t\t\t\t\t<\/div>\n\t\t\t\t\t\t\t\t\t\t\t\t\t\t\t\t<div class=\"product-content__grammar\">\n\t\t\t\t\t\t\t<h4 class=\"product-content__grammar-title\">GEWICHT 20 G<\/h4>\n\t\t\t\t\t\t\t<div class=\"product-content__grammar-items\">\n\t\t\t\t\t\t\t\t\t\t\t\t\t\t\t\t\t<p class=\"btn btn--green\">650 x 250<\/p>\n\t\t\t\t\t\t\t\t\t\t\t\t\t\t\t\t\t<p class=\"btn btn--green\">1000 x 250<\/p>\n\t\t\t\t\t\t\t\t\t\t\t\t\t\t\t\t\t<p class=\"btn btn--green\">650 X 450<\/p>\n\t\t\t\t\t\t\t\t\t\t\t\t\t\t\t\t\t<p class=\"btn btn--green\">1040 X 250<\/p>\n\t\t\t\t\t\t\t\t\t\t\t\t\t\t\t<\/div>\n\t\t\t\t\t\t<\/div>\n\t\t\t\t\t\t\t\t\t\t\t\t\t\t\t\t<p class=\"product-content__additional-text\">Wir produzieren auch andere Breiten und L\u00e4ngen der Rollen, angepasst an spezielle Kundenbed\u00fcrfnissen.<\/p>\n\t\t\t\t\t\t\t\t\t<\/div>\n\t\t\t<\/div>\n\t\t<\/div>\n\n\t\t\t<\/div>\n\n<\/section>\n","protected":false},"excerpt":{"rendered":"","protected":false},"author":1,"featured_media":0,"parent":659,"menu_order":0,"comment_status":"closed","ping_status":"closed","template":"","meta":[],"acf":[],"yoast_head":"<!-- This site is optimized with the Yoast SEO plugin v20.10 - https:\/\/yoast.com\/wordpress\/plugins\/seo\/ -->\n<title>Filtervliese - Einmed<\/title>\n<meta name=\"description\" content=\"Eimned produziert, haben eine breite Anwendung in Filtrationsprozessen. Wir laden Sie zur Zusammenarbeit ein.\" \/>\n<meta name=\"robots\" content=\"index, follow, max-snippet:-1, max-image-preview:large, max-video-preview:-1\" \/>\n<link rel=\"canonical\" href=\"http:\/\/einmed.eu\/de\/oferta\/filtervliese\/\" \/>\n<meta property=\"og:locale\" content=\"de_DE\" \/>\n<meta property=\"og:type\" content=\"article\" \/>\n<meta property=\"og:title\" content=\"Filtervliese - Einmed\" \/>\n<meta property=\"og:description\" content=\"Eimned produziert, haben eine breite Anwendung in Filtrationsprozessen. Wir laden Sie zur Zusammenarbeit ein.\" \/>\n<meta property=\"og:url\" content=\"http:\/\/einmed.eu\/de\/oferta\/filtervliese\/\" \/>\n<meta property=\"og:site_name\" content=\"Einmed\" \/>\n<meta property=\"article:modified_time\" content=\"2023-07-19T05:34:34+00:00\" \/>\n<meta name=\"twitter:card\" content=\"summary_large_image\" \/>\n<script type=\"application\/ld+json\" class=\"yoast-schema-graph\">{\"@context\":\"https:\/\/schema.org\",\"@graph\":[{\"@type\":\"WebPage\",\"@id\":\"http:\/\/einmed.eu\/de\/oferta\/filtervliese\/\",\"url\":\"http:\/\/einmed.eu\/de\/oferta\/filtervliese\/\",\"name\":\"Filtervliese - Einmed\",\"isPartOf\":{\"@id\":\"https:\/\/einmed.eu\/de\/#website\"},\"datePublished\":\"2023-03-29T08:17:09+00:00\",\"dateModified\":\"2023-07-19T05:34:34+00:00\",\"description\":\"Eimned produziert, haben eine breite Anwendung in Filtrationsprozessen. Wir laden Sie zur Zusammenarbeit ein.\",\"breadcrumb\":{\"@id\":\"http:\/\/einmed.eu\/de\/oferta\/filtervliese\/#breadcrumb\"},\"inLanguage\":\"de-DE\",\"potentialAction\":[{\"@type\":\"ReadAction\",\"target\":[\"http:\/\/einmed.eu\/de\/oferta\/filtervliese\/\"]}]},{\"@type\":\"BreadcrumbList\",\"@id\":\"http:\/\/einmed.eu\/de\/oferta\/filtervliese\/#breadcrumb\",\"itemListElement\":[{\"@type\":\"ListItem\",\"position\":1,\"name\":\"Angebot\",\"item\":\"https:\/\/einmed.eu\/de\/oferta\/\"},{\"@type\":\"ListItem\",\"position\":2,\"name\":\"Filtervliese\"}]},{\"@type\":\"WebSite\",\"@id\":\"https:\/\/einmed.eu\/de\/#website\",\"url\":\"https:\/\/einmed.eu\/de\/\",\"name\":\"Einmed\",\"description\":\"Producent w\u0142\u00f3knin oraz pokrowc\u00f3w na materace\",\"potentialAction\":[{\"@type\":\"SearchAction\",\"target\":{\"@type\":\"EntryPoint\",\"urlTemplate\":\"https:\/\/einmed.eu\/de\/?s={search_term_string}\"},\"query-input\":\"required name=search_term_string\"}],\"inLanguage\":\"de-DE\"}]}<\/script>\n<!-- \/ Yoast SEO plugin. -->","yoast_head_json":{"title":"Filtervliese - Einmed","description":"Eimned produziert, haben eine breite Anwendung in Filtrationsprozessen. Wir laden Sie zur Zusammenarbeit ein.","robots":{"index":"index","follow":"follow","max-snippet":"max-snippet:-1","max-image-preview":"max-image-preview:large","max-video-preview":"max-video-preview:-1"},"canonical":"http:\/\/einmed.eu\/de\/oferta\/filtervliese\/","og_locale":"de_DE","og_type":"article","og_title":"Filtervliese - Einmed","og_description":"Eimned produziert, haben eine breite Anwendung in Filtrationsprozessen. Wir laden Sie zur Zusammenarbeit ein.","og_url":"http:\/\/einmed.eu\/de\/oferta\/filtervliese\/","og_site_name":"Einmed","article_modified_time":"2023-07-19T05:34:34+00:00","twitter_card":"summary_large_image","schema":{"@context":"https:\/\/schema.org","@graph":[{"@type":"WebPage","@id":"http:\/\/einmed.eu\/de\/oferta\/filtervliese\/","url":"http:\/\/einmed.eu\/de\/oferta\/filtervliese\/","name":"Filtervliese - Einmed","isPartOf":{"@id":"https:\/\/einmed.eu\/de\/#website"},"datePublished":"2023-03-29T08:17:09+00:00","dateModified":"2023-07-19T05:34:34+00:00","description":"Eimned produziert, haben eine breite Anwendung in Filtrationsprozessen. Wir laden Sie zur Zusammenarbeit ein.","breadcrumb":{"@id":"http:\/\/einmed.eu\/de\/oferta\/filtervliese\/#breadcrumb"},"inLanguage":"de-DE","potentialAction":[{"@type":"ReadAction","target":["http:\/\/einmed.eu\/de\/oferta\/filtervliese\/"]}]},{"@type":"BreadcrumbList","@id":"http:\/\/einmed.eu\/de\/oferta\/filtervliese\/#breadcrumb","itemListElement":[{"@type":"ListItem","position":1,"name":"Angebot","item":"https:\/\/einmed.eu\/de\/oferta\/"},{"@type":"ListItem","position":2,"name":"Filtervliese"}]},{"@type":"WebSite","@id":"https:\/\/einmed.eu\/de\/#website","url":"https:\/\/einmed.eu\/de\/","name":"Einmed","description":"Producent w\u0142\u00f3knin oraz pokrowc\u00f3w na materace","potentialAction":[{"@type":"SearchAction","target":{"@type":"EntryPoint","urlTemplate":"https:\/\/einmed.eu\/de\/?s={search_term_string}"},"query-input":"required name=search_term_string"}],"inLanguage":"de-DE"}]}},"_links":{"self":[{"href":"http:\/\/einmed.eu\/de\/wp-json\/wp\/v2\/pages\/683"}],"collection":[{"href":"http:\/\/einmed.eu\/de\/wp-json\/wp\/v2\/pages"}],"about":[{"href":"http:\/\/einmed.eu\/de\/wp-json\/wp\/v2\/types\/page"}],"author":[{"embeddable":true,"href":"http:\/\/einmed.eu\/de\/wp-json\/wp\/v2\/users\/1"}],"replies":[{"embeddable":true,"href":"http:\/\/einmed.eu\/de\/wp-json\/wp\/v2\/comments?post=683"}],"version-history":[{"count":7,"href":"http:\/\/einmed.eu\/de\/wp-json\/wp\/v2\/pages\/683\/revisions"}],"predecessor-version":[{"id":1328,"href":"http:\/\/einmed.eu\/de\/wp-json\/wp\/v2\/pages\/683\/revisions\/1328"}],"up":[{"embeddable":true,"href":"http:\/\/einmed.eu\/de\/wp-json\/wp\/v2\/pages\/659"}],"wp:attachment":[{"href":"http:\/\/einmed.eu\/de\/wp-json\/wp\/v2\/media?parent=683"}],"curies":[{"name":"wp","href":"https:\/\/api.w.org\/{rel}","templated":true}]}}