{"id":659,"date":"2023-03-24T10:58:17","date_gmt":"2023-03-24T09:58:17","guid":{"rendered":"http:\/\/einmed.eu\/oferta\/"},"modified":"2023-08-05T13:45:39","modified_gmt":"2023-08-05T11:45:39","slug":"oferta","status":"publish","type":"page","link":"http:\/\/einmed.eu\/de\/oferta\/","title":{"rendered":"Angebot"},"content":{"rendered":"<section id=\"\" class=\"product-opener acf-block acf-block-id-block_22a404acf08d3eecf56972c9bdb0337c \">\n\n\t<div class=\"container-fluid\">\n\t\t<div class=\"row\">\n\t\t\t<div class=\"col-12\">\n\t\t\t\t<div class=\"product-opener__box\" style=\"background-image: url('http:\/\/einmed.eu\/app\/uploads\/2023\/03\/BAH3878_1080px-1-scaled.jpg')\">\n\t\t\t\t\t<div class=\"col-12 col-lg-4\">\n\t\t\t\t\t\t<div class=\"info-box \">\n\n\t<div class=\"info-box__logo\">\n\t\t<img decoding=\"async\" src=\"http:\/\/einmed.eu\/app\/themes\/einmed\/assets\/images\/svg\/sygnet.svg\" alt=\"sygnet\">\n\t<\/div>\n\t<div class=\"info-box__wrapper\">\n\t\t<h1 class=\"title\">unser Angebot<\/h1>\n\t\t\t\t\t<p class=\"txt\">Jeden Monat liefert die Firma Einmed an ihre in- und ausl\u00e4ndische Kunden mehr als 2000 Tonnen von Vliesstoffen<\/p>\n\t\t\t\t\t<\/div>\n\n<\/div>\n\t\t\t\t\t<\/div>\n\t\t\t\t<\/div>\n\t\t\t<\/div>\n\t\t<\/div>\n\t<\/div>\n\n<\/section>\n\n\n<section id=\"\" class=\"vertical-tiles acf-block acf-block-id-block_81d8b5368954928d7d8e20b66fa35fa1 tiles-modified acf-block--desktop-pt-20 acf-block--mobile-pt-20\">\n\n\t<div class=\"container-fluid\">\n\t\t<div class=\"row row-flex\">\n\t\t\t\t\t\t\t<div class=\"col-12 col-md-6 col-lg-4 mb-20\">\n\t\t\t\t\t<div class=\"vertical-tiles__item\" data-href=\"http:\/\/einmed.eu\/de\/oferta\/polypropylene-spinnvliese\/\">\n\t\t\t\t\t\t<div class=\"vertical-tiles__wrapper\">\n\t\t\t\t\t\t\t<h3 class=\"title title--25 vertical-tiles__headline\">Polypropylene Spinnvliese (Spunbond nonwoven)<\/h3>\n\t\t\t\t\t\t\t\t\t\t\t\t\t\t<a href=\"http:\/\/einmed.eu\/de\/oferta\/polypropylene-spinnvliese\/\" class=\"btn btn--green\">Erfahre mehr<\/a>\n\t\t\t\t\t\t<\/div>\n\n\t\t\t\t\t\t<div class=\"vertical-tiles__img\">\n\t\t\t\t\t\t\t<img decoding=\"async\" src=\"http:\/\/einmed.eu\/app\/uploads\/2023\/03\/as1.webp\" alt=\"\"\n\t\t\t\t\t\t\t\t srcset=\"http:\/\/einmed.eu\/app\/uploads\/2023\/03\/as1-391x284-c-default.webp 1x, http:\/\/einmed.eu\/app\/uploads\/2023\/03\/as1-782x568-c-default.webp 2x\">\n\t\t\t\t\t\t<\/div>\n\t\t\t\t\t<\/div>\n\t\t\t\t<\/div>\n\t\t\t\t\t\t\t<div class=\"col-12 col-md-6 col-lg-4 mb-20\">\n\t\t\t\t\t<div class=\"vertical-tiles__item\" data-href=\"http:\/\/einmed.eu\/de\/oferta\/meltblown-sms-vliese\/\">\n\t\t\t\t\t\t<div class=\"vertical-tiles__wrapper\">\n\t\t\t\t\t\t\t<h3 class=\"title title--25 vertical-tiles__headline\"> Meltblown und SMS Vliese<\/h3>\n\t\t\t\t\t\t\t\t\t\t\t\t\t\t<a href=\"http:\/\/einmed.eu\/de\/oferta\/meltblown-sms-vliese\/\" class=\"btn btn--green\">Erfahre mehr<\/a>\n\t\t\t\t\t\t<\/div>\n\n\t\t\t\t\t\t<div class=\"vertical-tiles__img\">\n\t\t\t\t\t\t\t<img decoding=\"async\" src=\"http:\/\/einmed.eu\/app\/uploads\/2023\/03\/as2.webp\" alt=\"\"\n\t\t\t\t\t\t\t\t srcset=\"http:\/\/einmed.eu\/app\/uploads\/2023\/03\/as2-391x284-c-default.webp 1x, http:\/\/einmed.eu\/app\/uploads\/2023\/03\/as2-782x568-c-default.webp 2x\">\n\t\t\t\t\t\t<\/div>\n\t\t\t\t\t<\/div>\n\t\t\t\t<\/div>\n\t\t\t\t\t\t\t<div class=\"col-12 col-md-6 col-lg-4 mb-20\">\n\t\t\t\t\t<div class=\"vertical-tiles__item\" data-href=\"http:\/\/einmed.eu\/de\/oferta\/filtervliese\/\">\n\t\t\t\t\t\t<div class=\"vertical-tiles__wrapper\">\n\t\t\t\t\t\t\t<h3 class=\"title title--25 vertical-tiles__headline\">Filtervliese<\/h3>\n\t\t\t\t\t\t\t\t\t\t\t\t\t\t<a href=\"http:\/\/einmed.eu\/de\/oferta\/filtervliese\/\" class=\"btn btn--green\">Erfahre mehr<\/a>\n\t\t\t\t\t\t<\/div>\n\n\t\t\t\t\t\t<div class=\"vertical-tiles__img\">\n\t\t\t\t\t\t\t<img decoding=\"async\" src=\"http:\/\/einmed.eu\/app\/uploads\/2023\/03\/as3.webp\" alt=\"\"\n\t\t\t\t\t\t\t\t srcset=\"http:\/\/einmed.eu\/app\/uploads\/2023\/03\/as3-391x284-c-default.webp 1x, http:\/\/einmed.eu\/app\/uploads\/2023\/03\/as3-782x568-c-default.webp 2x\">\n\t\t\t\t\t\t<\/div>\n\t\t\t\t\t<\/div>\n\t\t\t\t<\/div>\n\t\t\t\t\t\t\t<div class=\"col-12 col-md-6 col-lg-4 mb-20\">\n\t\t\t\t\t<div class=\"vertical-tiles__item\" data-href=\"http:\/\/einmed.eu\/de\/oferta\/vliesbeutels-filtersacke\/\">\n\t\t\t\t\t\t<div class=\"vertical-tiles__wrapper\">\n\t\t\t\t\t\t\t<h3 class=\"title title--25 vertical-tiles__headline\">Vliesbeutels, Filters\u00e4cke, Verpackungsbeutels, Vliestaschen und Schutzbezuge aus Vlies.<\/h3>\n\t\t\t\t\t\t\t\t\t\t\t\t\t\t<a href=\"http:\/\/einmed.eu\/de\/oferta\/vliesbeutels-filtersacke\/\" class=\"btn btn--green\">Erfahre mehr<\/a>\n\t\t\t\t\t\t<\/div>\n\n\t\t\t\t\t\t<div class=\"vertical-tiles__img\">\n\t\t\t\t\t\t\t<img decoding=\"async\" src=\"http:\/\/einmed.eu\/app\/uploads\/2023\/03\/as1.webp\" alt=\"\"\n\t\t\t\t\t\t\t\t srcset=\"http:\/\/einmed.eu\/app\/uploads\/2023\/03\/as1-391x284-c-default.webp 1x, http:\/\/einmed.eu\/app\/uploads\/2023\/03\/as1-782x568-c-default.webp 2x\">\n\t\t\t\t\t\t<\/div>\n\t\t\t\t\t<\/div>\n\t\t\t\t<\/div>\n\t\t\t\t\t\t\t<div class=\"col-12 col-md-6 col-lg-4 mb-20\">\n\t\t\t\t\t<div class=\"vertical-tiles__item\" data-href=\"http:\/\/einmed.eu\/de\/oferta\/konfektionierung-von-vliesstoffen\/\">\n\t\t\t\t\t\t<div class=\"vertical-tiles__wrapper\">\n\t\t\t\t\t\t\t<h3 class=\"title title--25 vertical-tiles__headline\">Schneiden und Umrollen von Vliesstoffen. Vlieszuschnitte.<\/h3>\n\t\t\t\t\t\t\t\t\t\t\t\t\t\t<a href=\"http:\/\/einmed.eu\/de\/oferta\/konfektionierung-von-vliesstoffen\/\" class=\"btn btn--green\">Erfahre mehr<\/a>\n\t\t\t\t\t\t<\/div>\n\n\t\t\t\t\t\t<div class=\"vertical-tiles__img\">\n\t\t\t\t\t\t\t<img decoding=\"async\" src=\"http:\/\/einmed.eu\/app\/uploads\/2023\/03\/2021_02_tex0048-1-1.webp\" alt=\"\"\n\t\t\t\t\t\t\t\t srcset=\"http:\/\/einmed.eu\/app\/uploads\/2023\/03\/2021_02_tex0048-1-1-391x284-c-default.webp 1x, http:\/\/einmed.eu\/app\/uploads\/2023\/03\/2021_02_tex0048-1-1-782x568-c-default.webp 2x\">\n\t\t\t\t\t\t<\/div>\n\t\t\t\t\t<\/div>\n\t\t\t\t<\/div>\n\t\t\t\t\t\t\t<div class=\"col-12 col-md-6 col-lg-4 mb-20\">\n\t\t\t\t\t<div class=\"vertical-tiles__item\" data-href=\"http:\/\/einmed.eu\/de\/oferta\/ultraschallschweissen\/\">\n\t\t\t\t\t\t<div class=\"vertical-tiles__wrapper\">\n\t\t\t\t\t\t\t<h3 class=\"title title--25 vertical-tiles__headline\">Ultraschallschwei\u00dfen<\/h3>\n\t\t\t\t\t\t\t\t\t\t\t\t\t\t<a href=\"http:\/\/einmed.eu\/de\/oferta\/ultraschallschweissen\/\" class=\"btn btn--green\">Erfahre mehr<\/a>\n\t\t\t\t\t\t<\/div>\n\n\t\t\t\t\t\t<div class=\"vertical-tiles__img\">\n\t\t\t\t\t\t\t<img decoding=\"async\" src=\"http:\/\/einmed.eu\/app\/uploads\/2023\/03\/worki-z-wlokniny-1-1.webp\" alt=\"\"\n\t\t\t\t\t\t\t\t srcset=\"http:\/\/einmed.eu\/app\/uploads\/2023\/03\/worki-z-wlokniny-1-1-391x284-c-default.webp 1x, http:\/\/einmed.eu\/app\/uploads\/2023\/03\/worki-z-wlokniny-1-1-782x568-c-default.webp 2x\">\n\t\t\t\t\t\t<\/div>\n\t\t\t\t\t<\/div>\n\t\t\t\t<\/div>\n\t\t\t\t\t<\/div>\n\t<\/div>\n\n<\/section>\n\n\n<section id=\"\" class=\"horizontal-tiles acf-block acf-block-id-block_8126a1c290627385e5b50c3ecdf3960d modified acf-block--desktop-pt-20 acf-block--mobile-pt-20\">\n\n\t<div class=\"container-fluid\">\n\t\t\t\t<div class=\"row\">\n\t\t\t\t\t\t\t<div class=\"col-12\">\n\t\t\t\t\t<div class=\"horizontal-tiles__item  last-child \" data-href=\"http:\/\/einmed.eu\/de\/oferta\/andere-vliesstoffe\/\">\n\t\t\t\t\t\t<div class=\"horizontal-tiles__img\">\n\t\t\t\t\t\t\t<img decoding=\"async\" src=\"http:\/\/einmed.eu\/app\/uploads\/2023\/03\/inne-rodzaje-wloknin-pPES-Spunbond-2-scaled.webp\" alt=\"\"\n\t\t\t\t\t\t\tsrcset=\"http:\/\/einmed.eu\/app\/uploads\/2023\/03\/inne-rodzaje-wloknin-pPES-Spunbond-2-scaled-785x163-c-default.webp 1x, http:\/\/einmed.eu\/app\/uploads\/2023\/03\/inne-rodzaje-wloknin-pPES-Spunbond-2-scaled-1570x326-c-default.webp 2x\">\n\t\t\t\t\t\t<\/div>\n\t\t\t\t\t\t<div class=\"horizontal-tiles__wrapper\">\n\t\t\t\t\t\t\t<h3 class=\"title title--25 horizontal-tiles__header\">Andere Vliesstoffe<\/h3>\n\t\t\t\t\t\t\t\t\t\t\t\t\t\t<a href=\"http:\/\/einmed.eu\/de\/oferta\/andere-vliesstoffe\/\" class=\"btn btn--green\">Erfahre mehr<\/a>\n\t\t\t\t\t\t<\/div>\n\t\t\t\t\t<\/div>\n\t\t\t\t<\/div>\n\t\t\t\t\t<\/div>\n\t<\/div>\n\n<\/section>\n\n\n<section id=\"\" class=\"grey-tile acf-block acf-block-id-block_4d93b94182917c4fea36cd173547cd66  acf-block--desktop-pt-20 acf-block--desktop-pb-20 acf-block--mobile-pt-20 acf-block--mobile-pb-20\">\n\n\t<div class=\"container-fluid\">\n\t\t<div class=\"row\">\n\t\t\t<div class=\"col-12\">\n\t\t\t\t<div class=\"info-block-dark\">\n\t\t\t\t\t<div class=\"info-block-dark__wrapper\">\n\t\t\t\t\t\t<h2 class=\"title grey-tile__headline\">Z\u00f6gern Sie nicht, uns f\u00fcr weitere Informationen zu kontaktieren<\/h2>\n\t\t\t\t\t\t<p class=\"txt\">Angebote, Muster, technische Beratung, Zertifikate<\/p>\n\t\t\t\t\t\t<div class=\"info-block-dark__buttons\">\n\t\t\t\t\t\t\t<a href=\"mailto:EMILIA.SZKUDLAREK@einmed.eu\" class=\"info-block-dark__link\"><img decoding=\"async\" src=\"http:\/\/einmed.eu\/app\/themes\/einmed\/assets\/images\/svg\/envelopes-white.svg\" alt=\"ikona koperty\">EMILIA.SZKUDLAREK@einmed.eu<\/a>\n\t\t\t\t\t\t\t<a href=\"tel:+48533868728\" class=\"info-block-dark__link\"><img decoding=\"async\" src=\"http:\/\/einmed.eu\/app\/themes\/einmed\/assets\/images\/svg\/phone-white.svg\" alt=\"ikona telefonu\">+48 533 868 728<\/a>\n\t\t\t\t\t\t<\/div>\n\t\t\t\t\t<\/div>\n\t\t\t\t<\/div>\n\n\t\t\t<\/div>\n\t\t<\/div>\n\t<\/div>\n\n<\/section>\n","protected":false},"excerpt":{"rendered":"","protected":false},"author":1,"featured_media":0,"parent":0,"menu_order":0,"comment_status":"closed","ping_status":"closed","template":"","meta":[],"acf":[],"yoast_head":"<!-- This site is optimized with the Yoast SEO plugin v20.10 - https:\/\/yoast.com\/wordpress\/plugins\/seo\/ -->\n<title>Angebot - Einmed<\/title>\n<meta name=\"robots\" content=\"index, follow, max-snippet:-1, max-image-preview:large, max-video-preview:-1\" \/>\n<link rel=\"canonical\" href=\"http:\/\/einmed.eu\/de\/oferta\/\" \/>\n<meta property=\"og:locale\" content=\"de_DE\" \/>\n<meta property=\"og:type\" content=\"article\" \/>\n<meta property=\"og:title\" content=\"Angebot - Einmed\" \/>\n<meta property=\"og:url\" content=\"http:\/\/einmed.eu\/de\/oferta\/\" \/>\n<meta property=\"og:site_name\" content=\"Einmed\" \/>\n<meta property=\"article:modified_time\" content=\"2023-08-05T11:45:39+00:00\" \/>\n<meta name=\"twitter:card\" content=\"summary_large_image\" \/>\n<script type=\"application\/ld+json\" class=\"yoast-schema-graph\">{\"@context\":\"https:\/\/schema.org\",\"@graph\":[{\"@type\":\"WebPage\",\"@id\":\"http:\/\/einmed.eu\/de\/oferta\/\",\"url\":\"http:\/\/einmed.eu\/de\/oferta\/\",\"name\":\"Angebot - Einmed\",\"isPartOf\":{\"@id\":\"https:\/\/einmed.eu\/de\/#website\"},\"datePublished\":\"2023-03-24T09:58:17+00:00\",\"dateModified\":\"2023-08-05T11:45:39+00:00\",\"inLanguage\":\"de-DE\",\"potentialAction\":[{\"@type\":\"ReadAction\",\"target\":[\"http:\/\/einmed.eu\/de\/oferta\/\"]}]},{\"@type\":\"WebSite\",\"@id\":\"https:\/\/einmed.eu\/de\/#website\",\"url\":\"https:\/\/einmed.eu\/de\/\",\"name\":\"Einmed\",\"description\":\"Producent w\u0142\u00f3knin oraz pokrowc\u00f3w na materace\",\"potentialAction\":[{\"@type\":\"SearchAction\",\"target\":{\"@type\":\"EntryPoint\",\"urlTemplate\":\"https:\/\/einmed.eu\/de\/?s={search_term_string}\"},\"query-input\":\"required name=search_term_string\"}],\"inLanguage\":\"de-DE\"}]}<\/script>\n<!-- \/ Yoast SEO plugin. -->","yoast_head_json":{"title":"Angebot - Einmed","robots":{"index":"index","follow":"follow","max-snippet":"max-snippet:-1","max-image-preview":"max-image-preview:large","max-video-preview":"max-video-preview:-1"},"canonical":"http:\/\/einmed.eu\/de\/oferta\/","og_locale":"de_DE","og_type":"article","og_title":"Angebot - Einmed","og_url":"http:\/\/einmed.eu\/de\/oferta\/","og_site_name":"Einmed","article_modified_time":"2023-08-05T11:45:39+00:00","twitter_card":"summary_large_image","schema":{"@context":"https:\/\/schema.org","@graph":[{"@type":"WebPage","@id":"http:\/\/einmed.eu\/de\/oferta\/","url":"http:\/\/einmed.eu\/de\/oferta\/","name":"Angebot - Einmed","isPartOf":{"@id":"https:\/\/einmed.eu\/de\/#website"},"datePublished":"2023-03-24T09:58:17+00:00","dateModified":"2023-08-05T11:45:39+00:00","inLanguage":"de-DE","potentialAction":[{"@type":"ReadAction","target":["http:\/\/einmed.eu\/de\/oferta\/"]}]},{"@type":"WebSite","@id":"https:\/\/einmed.eu\/de\/#website","url":"https:\/\/einmed.eu\/de\/","name":"Einmed","description":"Producent w\u0142\u00f3knin oraz pokrowc\u00f3w na materace","potentialAction":[{"@type":"SearchAction","target":{"@type":"EntryPoint","urlTemplate":"https:\/\/einmed.eu\/de\/?s={search_term_string}"},"query-input":"required name=search_term_string"}],"inLanguage":"de-DE"}]}},"_links":{"self":[{"href":"http:\/\/einmed.eu\/de\/wp-json\/wp\/v2\/pages\/659"}],"collection":[{"href":"http:\/\/einmed.eu\/de\/wp-json\/wp\/v2\/pages"}],"about":[{"href":"http:\/\/einmed.eu\/de\/wp-json\/wp\/v2\/types\/page"}],"author":[{"embeddable":true,"href":"http:\/\/einmed.eu\/de\/wp-json\/wp\/v2\/users\/1"}],"replies":[{"embeddable":true,"href":"http:\/\/einmed.eu\/de\/wp-json\/wp\/v2\/comments?post=659"}],"version-history":[{"count":3,"href":"http:\/\/einmed.eu\/de\/wp-json\/wp\/v2\/pages\/659\/revisions"}],"predecessor-version":[{"id":1552,"href":"http:\/\/einmed.eu\/de\/wp-json\/wp\/v2\/pages\/659\/revisions\/1552"}],"wp:attachment":[{"href":"http:\/\/einmed.eu\/de\/wp-json\/wp\/v2\/media?parent=659"}],"curies":[{"name":"wp","href":"https:\/\/api.w.org\/{rel}","templated":true}]}}