{"id":634,"date":"2023-03-24T10:14:16","date_gmt":"2023-03-24T09:14:16","guid":{"rendered":"http:\/\/einmed.eu\/strona-glowna\/"},"modified":"2023-09-16T08:13:50","modified_gmt":"2023-09-16T06:13:50","slug":"strona-glowna","status":"publish","type":"page","link":"http:\/\/einmed.eu\/de\/","title":{"rendered":"Homepage"},"content":{"rendered":"\n<section id=\"\" class=\"hero acf-block acf-block-id-block_b6fb3ba20516ee739020dbf50e475b7a \">\n\n\t<div class=\"container-fluid\">\n\t\t<div class=\"row\">\n\t\t\t<div class=\"col-12\">\n\t\t\t\t<div class=\"hero__slider swiper\">\n\t\t\t\t\t<div class=\"info-box \">\n\n\t<div class=\"info-box__logo\">\n\t\t<img decoding=\"async\" src=\"http:\/\/einmed.eu\/app\/themes\/einmed\/assets\/images\/svg\/sygnet.svg\" alt=\"sygnet\">\n\t<\/div>\n\t<div class=\"info-box__wrapper\">\n\t\t<h1 class=\"title\">Jeden Monat liefern wir 2000 Tonnen Vliesstoffe<\/h1>\n\t\t\t\t\t\t\t<a href=\"http:\/\/einmed.eu\/de\/oferta\/\" class=\"btn\">erfahre mehr \u00fcber<\/a>\n\t\t\t<\/div>\n\n<\/div>\n\t\t\t\t\t<div class=\"swiper-wrapper\">\n\t\t\t\t\t\t\t\t\t\t\t\t\t<div class=\"swiper-slide\">\n\t\t\t\t\t\t\t\t<div>\n\t\t\t\t\t\t\t\t\t<img decoding=\"async\" src=\"http:\/\/einmed.eu\/app\/uploads\/2023\/03\/hero-scaled.webp\" alt=\"\"\n\t\t\t\t\t\t\t\t\tsrcset=\"http:\/\/einmed.eu\/app\/uploads\/2023\/03\/hero-scaled.webp 1x, http:\/\/einmed.eu\/app\/uploads\/2023\/03\/hero-scaled.webp 2x\">\n\t\t\t\t\t\t\t\t<\/div>\n\t\t\t\t\t\t\t<\/div>\n\t\t\t\t\t\t\t\t\t\t\t\t\t<div class=\"swiper-slide\">\n\t\t\t\t\t\t\t\t<div>\n\t\t\t\t\t\t\t\t\t<img decoding=\"async\" src=\"http:\/\/einmed.eu\/app\/uploads\/2023\/03\/slider2-scaled.webp\" alt=\"\"\n\t\t\t\t\t\t\t\t\tsrcset=\"http:\/\/einmed.eu\/app\/uploads\/2023\/03\/slider2-scaled.webp 1x, http:\/\/einmed.eu\/app\/uploads\/2023\/03\/slider2-scaled.webp 2x\">\n\t\t\t\t\t\t\t\t<\/div>\n\t\t\t\t\t\t\t<\/div>\n\t\t\t\t\t\t\t\t\t\t\t\t\t<div class=\"swiper-slide\">\n\t\t\t\t\t\t\t\t<div>\n\t\t\t\t\t\t\t\t\t<img decoding=\"async\" src=\"http:\/\/einmed.eu\/app\/uploads\/2023\/03\/hero3-scaled.webp\" alt=\"\"\n\t\t\t\t\t\t\t\t\tsrcset=\"http:\/\/einmed.eu\/app\/uploads\/2023\/03\/hero3-scaled.webp 1x, http:\/\/einmed.eu\/app\/uploads\/2023\/03\/hero3-scaled.webp 2x\">\n\t\t\t\t\t\t\t\t<\/div>\n\t\t\t\t\t\t\t<\/div>\n\t\t\t\t\t\t\t\t\t\t\t<\/div>\n\t\t\t\t<\/div>\n\t\t\t<\/div>\n\t\t<\/div>\n\t<\/div>\n\n<\/section>\n\n\n<section id=\"\" class=\"vertical-tiles acf-block acf-block-id-block_b0d1daef595758c608c78ff7a6218373  acf-block--desktop-pt-30 acf-block--mobile-pt-25\">\n\n\t<div class=\"container-fluid\">\n\t\t<div class=\"row row-flex\">\n\t\t\t\t\t\t\t<div class=\"col-12 col-md-6 col-lg-4 mb-20\">\n\t\t\t\t\t<div class=\"vertical-tiles__item\" data-href=\"http:\/\/einmed.eu\/de\/oferta\/polypropylene-spinnvliese\/\">\n\t\t\t\t\t\t<div class=\"vertical-tiles__wrapper\">\n\t\t\t\t\t\t\t<h3 class=\"title title--25 vertical-tiles__headline\">Polypropylene Spinnvliese (Spunbond nonwoven)<\/h3>\n\t\t\t\t\t\t\t\t\t\t\t\t\t\t<div class=\"txt\"><p>Die zahlreichen Vorteile von Polypropylen-Vliesstoffen, auch bekannt als Wigofil, umfassen geringe Dehnbarkeit, glatte Oberfl\u00e4che, Abriebfestigkeit, Atmungsaktivit\u00e4t und Brandschutz.<\/p>\n<\/div>\n\t\t\t\t\t\t\t\t\t\t\t\t\t\t<a href=\"http:\/\/einmed.eu\/de\/oferta\/polypropylene-spinnvliese\/\" class=\"btn btn--green\">erfahre mehr \u00fcber<\/a>\n\t\t\t\t\t\t<\/div>\n\n\t\t\t\t\t\t<div class=\"vertical-tiles__img\">\n\t\t\t\t\t\t\t<img decoding=\"async\" src=\"http:\/\/einmed.eu\/app\/uploads\/2023\/03\/as1.webp\" alt=\"\"\n\t\t\t\t\t\t\t\t srcset=\"http:\/\/einmed.eu\/app\/uploads\/2023\/03\/as1-391x284-c-default.webp 1x, http:\/\/einmed.eu\/app\/uploads\/2023\/03\/as1-782x568-c-default.webp 2x\">\n\t\t\t\t\t\t<\/div>\n\t\t\t\t\t<\/div>\n\t\t\t\t<\/div>\n\t\t\t\t\t\t\t<div class=\"col-12 col-md-6 col-lg-4 mb-20\">\n\t\t\t\t\t<div class=\"vertical-tiles__item\" data-href=\"http:\/\/einmed.eu\/de\/oferta\/meltblown-sms-vliese\/\">\n\t\t\t\t\t\t<div class=\"vertical-tiles__wrapper\">\n\t\t\t\t\t\t\t<h3 class=\"title title--25 vertical-tiles__headline\">SMS und Meltblown Vliese<\/h3>\n\t\t\t\t\t\t\t\t\t\t\t\t\t\t<div class=\"txt\"><p>Die moderne Meltblown-Technologie erm\u00f6glicht die Herstellung von Vliesstoffen mit sehr guten Filtereigenschaften, was ihren Einsatz in verschiedenen Arten von Filterprodukten sowie in medizinischen Masken und FFP-Masken erm\u00f6glicht.<\/p>\n<\/div>\n\t\t\t\t\t\t\t\t\t\t\t\t\t\t<a href=\"http:\/\/einmed.eu\/de\/oferta\/meltblown-sms-vliese\/\" class=\"btn btn--green\">erfahre mehr \u00fcber<\/a>\n\t\t\t\t\t\t<\/div>\n\n\t\t\t\t\t\t<div class=\"vertical-tiles__img\">\n\t\t\t\t\t\t\t<img decoding=\"async\" src=\"http:\/\/einmed.eu\/app\/uploads\/2023\/03\/as2.webp\" alt=\"\"\n\t\t\t\t\t\t\t\t srcset=\"http:\/\/einmed.eu\/app\/uploads\/2023\/03\/as2-391x284-c-default.webp 1x, http:\/\/einmed.eu\/app\/uploads\/2023\/03\/as2-782x568-c-default.webp 2x\">\n\t\t\t\t\t\t<\/div>\n\t\t\t\t\t<\/div>\n\t\t\t\t<\/div>\n\t\t\t\t\t\t\t<div class=\"col-12 col-md-6 col-lg-4 mb-20\">\n\t\t\t\t\t<div class=\"vertical-tiles__item\" data-href=\"http:\/\/einmed.eu\/de\/oferta\/filtervliese\/\">\n\t\t\t\t\t\t<div class=\"vertical-tiles__wrapper\">\n\t\t\t\t\t\t\t<h3 class=\"title title--25 vertical-tiles__headline\">Filtervliese<\/h3>\n\t\t\t\t\t\t\t\t\t\t\t\t\t\t<div class=\"txt\"><p>Die von unserem Unternehmen hergestellten Vliesstoffe haben vielf\u00e4ltige Anwendungsm\u00f6glichkeiten in Filtrationsprozessen. Die Filtervliese bilden eine Barriere gegen Schmutzpartikel. Je nach Bedarf k\u00f6nnen sie zur Luft-, Wasser- oder \u00d6lfiltration eingesetzt werden.<\/p>\n<\/div>\n\t\t\t\t\t\t\t\t\t\t\t\t\t\t<a href=\"http:\/\/einmed.eu\/de\/oferta\/filtervliese\/\" class=\"btn btn--green\">erfahre mehr \u00fcber<\/a>\n\t\t\t\t\t\t<\/div>\n\n\t\t\t\t\t\t<div class=\"vertical-tiles__img\">\n\t\t\t\t\t\t\t<img decoding=\"async\" src=\"http:\/\/einmed.eu\/app\/uploads\/2023\/03\/as3.webp\" alt=\"\"\n\t\t\t\t\t\t\t\t srcset=\"http:\/\/einmed.eu\/app\/uploads\/2023\/03\/as3-391x284-c-default.webp 1x, http:\/\/einmed.eu\/app\/uploads\/2023\/03\/as3-782x568-c-default.webp 2x\">\n\t\t\t\t\t\t<\/div>\n\t\t\t\t\t<\/div>\n\t\t\t\t<\/div>\n\t\t\t\t\t<\/div>\n\t<\/div>\n\n<\/section>\n\n\n<section id=\"\" class=\"horizontal-tiles acf-block acf-block-id-block_b054c56d76552cf8414b171772d61a09  acf-block--desktop-pt-30 acf-block--mobile-pt-30\">\n\n\t<div class=\"container-fluid\">\n\t\t\t\t\t<div class=\"row\">\n\t\t\t\t<div class=\"col-12\">\n\t\t\t\t\t<h2 class=\"title title--25 horizontal-tiles__headline\">Konfektionierungsdienstleistungen<\/h2>\n\t\t\t\t<\/div>\n\t\t\t<\/div>\n\t\t\t\t<div class=\"row\">\n\t\t\t\t\t\t\t<div class=\"col-12\">\n\t\t\t\t\t<div class=\"horizontal-tiles__item \" data-href=\"http:\/\/einmed.eu\/de\/oferta\/vliesbeutels-filtersacke\/\">\n\t\t\t\t\t\t<div class=\"horizontal-tiles__img\">\n\t\t\t\t\t\t\t<img decoding=\"async\" src=\"http:\/\/einmed.eu\/app\/uploads\/2023\/03\/cs1.webp\" alt=\"\"\n\t\t\t\t\t\t\tsrcset=\"http:\/\/einmed.eu\/app\/uploads\/2023\/03\/cs1-785x163-c-default.webp 1x, http:\/\/einmed.eu\/app\/uploads\/2023\/03\/cs1-1570x326-c-default.webp 2x\">\n\t\t\t\t\t\t<\/div>\n\t\t\t\t\t\t<div class=\"horizontal-tiles__wrapper\">\n\t\t\t\t\t\t\t<h3 class=\"title title--25 horizontal-tiles__header\">Vliesstoff-S\u00e4cke, Filterbeutel, Verpackungsbeutel, Taschen und Abdeckungen aus Vliesstoffen.<\/h3>\n\t\t\t\t\t\t\t\t\t\t\t\t\t\t<a href=\"http:\/\/einmed.eu\/de\/oferta\/vliesbeutels-filtersacke\/\" class=\"btn btn--green\">erfahre mehr \u00fcber<\/a>\n\t\t\t\t\t\t<\/div>\n\t\t\t\t\t<\/div>\n\t\t\t\t<\/div>\n\t\t\t\t\t\t\t<div class=\"col-12\">\n\t\t\t\t\t<div class=\"horizontal-tiles__item \" data-href=\"http:\/\/einmed.eu\/de\/oferta\/konfektionierung-von-vliesstoffen\/\">\n\t\t\t\t\t\t<div class=\"horizontal-tiles__img\">\n\t\t\t\t\t\t\t<img decoding=\"async\" src=\"http:\/\/einmed.eu\/app\/uploads\/2023\/04\/Mask-group.webp\" alt=\"\"\n\t\t\t\t\t\t\tsrcset=\"http:\/\/einmed.eu\/app\/uploads\/2023\/04\/Mask-group-785x163-c-default.webp 1x, http:\/\/einmed.eu\/app\/uploads\/2023\/04\/Mask-group-1570x326-c-default.webp 2x\">\n\t\t\t\t\t\t<\/div>\n\t\t\t\t\t\t<div class=\"horizontal-tiles__wrapper\">\n\t\t\t\t\t\t\t<h3 class=\"title title--25 horizontal-tiles__header\">Schneiden und Umrollen von Vliesstoffen. Vlieszuschnitte.<\/h3>\n\t\t\t\t\t\t\t\t\t\t\t\t\t\t<a href=\"http:\/\/einmed.eu\/de\/oferta\/konfektionierung-von-vliesstoffen\/\" class=\"btn btn--green\">erfahre mehr \u00fcber<\/a>\n\t\t\t\t\t\t<\/div>\n\t\t\t\t\t<\/div>\n\t\t\t\t<\/div>\n\t\t\t\t\t\t\t<div class=\"col-12\">\n\t\t\t\t\t<div class=\"horizontal-tiles__item \" data-href=\"http:\/\/einmed.eu\/de\/oferta\/ultraschallschweissen\/\">\n\t\t\t\t\t\t<div class=\"horizontal-tiles__img\">\n\t\t\t\t\t\t\t<img decoding=\"async\" src=\"http:\/\/einmed.eu\/app\/uploads\/2023\/03\/cs2.webp\" alt=\"\"\n\t\t\t\t\t\t\tsrcset=\"http:\/\/einmed.eu\/app\/uploads\/2023\/03\/cs2-785x163-c-default.webp 1x, http:\/\/einmed.eu\/app\/uploads\/2023\/03\/cs2-1570x326-c-default.webp 2x\">\n\t\t\t\t\t\t<\/div>\n\t\t\t\t\t\t<div class=\"horizontal-tiles__wrapper\">\n\t\t\t\t\t\t\t<h3 class=\"title title--25 horizontal-tiles__header\">Ultraschallschwei\u00dfen<\/h3>\n\t\t\t\t\t\t\t\t\t\t\t\t\t\t<a href=\"http:\/\/einmed.eu\/de\/oferta\/ultraschallschweissen\/\" class=\"btn btn--green\">erfahre mehr \u00fcber<\/a>\n\t\t\t\t\t\t<\/div>\n\t\t\t\t\t<\/div>\n\t\t\t\t<\/div>\n\t\t\t\t\t\t\t<div class=\"col-12\">\n\t\t\t\t\t<div class=\"horizontal-tiles__item  last-child \" data-href=\"http:\/\/einmed.eu\/de\/oferta\/andere-vliesstoffe\/\">\n\t\t\t\t\t\t<div class=\"horizontal-tiles__img\">\n\t\t\t\t\t\t\t<img decoding=\"async\" src=\"http:\/\/einmed.eu\/app\/uploads\/2023\/04\/assd.webp\" alt=\"\"\n\t\t\t\t\t\t\tsrcset=\"http:\/\/einmed.eu\/app\/uploads\/2023\/04\/assd-785x163-c-default.webp 1x, http:\/\/einmed.eu\/app\/uploads\/2023\/04\/assd-1570x326-c-default.webp 2x\">\n\t\t\t\t\t\t<\/div>\n\t\t\t\t\t\t<div class=\"horizontal-tiles__wrapper\">\n\t\t\t\t\t\t\t<h3 class=\"title title--25 horizontal-tiles__header\">Andere Vliesstoffe<\/h3>\n\t\t\t\t\t\t\t\t\t\t\t\t\t\t\t<p class=\"horizontal-tiles__desc\">Vliesstoffe mit Nadelstanzung, Spunlace-Vliesstoffe, Chemobond-Vliesstoffe, PES\/PET-Spunbond-Vliesstoffe, thermisch gebundene Vliesstoffe.<\/p>\n\t\t\t\t\t\t\t\t\t\t\t\t\t\t<a href=\"http:\/\/einmed.eu\/de\/oferta\/andere-vliesstoffe\/\" class=\"btn btn--green\">erfahre mehr \u00fcber<\/a>\n\t\t\t\t\t\t<\/div>\n\t\t\t\t\t<\/div>\n\t\t\t\t<\/div>\n\t\t\t\t\t<\/div>\n\t<\/div>\n\n<\/section>\n\n\n<section id=\"\" class=\"innovation acf-block acf-block-id-block_8f1acdc8a371e6d6c09111ae2d21c59a  acf-block--desktop-pt-30 acf-block--mobile-pt-25\">\n\n\t<div class=\"container-fluid\">\n\t\t<div class=\"row\">\n\t\t\t<div class=\"col-12\">\n\t\t\t\t<div class=\"hero__slider swiper\">\n\t\t\t\t\t<div class=\"info-box \">\n\n\t<div class=\"info-box__logo\">\n\t\t<img decoding=\"async\" src=\"http:\/\/einmed.eu\/app\/themes\/einmed\/assets\/images\/svg\/sygnet.svg\" alt=\"sygnet\">\n\t<\/div>\n\t<div class=\"info-box__wrapper\">\n\t\t<h1 class=\"title\">Innovativ seit 2008<\/h1>\n\t\t\t\t\t<p class=\"txt\">Die Firma Einmed wurde im Jahr 2008 gegr\u00fcndet. Zun\u00e4chst konzentrierte die Firma ihre T\u00e4tigkeit auf den Vertrieb von medische Konfektion aus PP Spinnvlies f\u00fcr Gro\u00dfhandelskunden und Einzelh\u00e4ndler, Krankenh\u00e4user, medizinische Einrichtungen und staatlichen Institutionen. Das ausl\u00e4ndische und inl\u00e4ndische Vertriebsnetz, Marktnachfrage und positive Beziehungen zu Kunden f\u00fchrten zur Entwicklung der Firma und zur Erweiterung des Sortiments um  die PP Spinnvliese, Meltblown und SMS unter anderem f\u00fcr technische Anwendungen. <\/p>\n\t\t\t\t\t\t\t<a href=\"http:\/\/einmed.eu\/de\/firma\/\" class=\"btn\">erfahre mehr \u00fcber<\/a>\n\t\t\t<\/div>\n\n<\/div>\n\t\t\t\t\t<div class=\"innovation__img\">\n\t\t\t\t\t\t<img decoding=\"async\" src=\"http:\/\/einmed.eu\/app\/uploads\/2023\/03\/dec-1-scaled.webp\" alt=\"\"\n\t\t\t\t\t\t\t srcset=\"http:\/\/einmed.eu\/app\/uploads\/2023\/03\/dec-1-scaled-1394x778-c-default.webp 1x, http:\/\/einmed.eu\/app\/uploads\/2023\/03\/dec-1-scaled-2788x1566-c-default.webp 2x\">\n\t\t\t\t\t<\/div>\n\t\t\t\t<\/div>\n\t\t\t<\/div>\n\t\t<\/div>\n\t<\/div>\n\n<\/section>\n","protected":false},"excerpt":{"rendered":"","protected":false},"author":1,"featured_media":0,"parent":0,"menu_order":0,"comment_status":"closed","ping_status":"closed","template":"","meta":[],"acf":[],"yoast_head":"<!-- This site is optimized with the Yoast SEO plugin v20.10 - https:\/\/yoast.com\/wordpress\/plugins\/seo\/ -->\n<title>Vliesstoffe f\u00fcr technische Anwendungen - Einmed<\/title>\n<meta name=\"robots\" content=\"index, follow, max-snippet:-1, max-image-preview:large, max-video-preview:-1\" \/>\n<link rel=\"canonical\" href=\"http:\/\/einmed.eu\/de\/\" \/>\n<meta property=\"og:locale\" content=\"de_DE\" \/>\n<meta property=\"og:type\" content=\"article\" \/>\n<meta property=\"og:title\" content=\"Vliesstoffe f\u00fcr technische Anwendungen - Einmed\" \/>\n<meta property=\"og:url\" content=\"http:\/\/einmed.eu\/de\/\" \/>\n<meta property=\"og:site_name\" content=\"Einmed\" \/>\n<meta property=\"article:modified_time\" content=\"2023-09-16T06:13:50+00:00\" \/>\n<meta name=\"twitter:card\" content=\"summary_large_image\" \/>\n<script type=\"application\/ld+json\" class=\"yoast-schema-graph\">{\"@context\":\"https:\/\/schema.org\",\"@graph\":[{\"@type\":\"WebPage\",\"@id\":\"http:\/\/einmed.eu\/de\/\",\"url\":\"http:\/\/einmed.eu\/de\/\",\"name\":\"Vliesstoffe f\u00fcr technische Anwendungen - Einmed\",\"isPartOf\":{\"@id\":\"https:\/\/einmed.eu\/de\/#website\"},\"datePublished\":\"2023-03-24T09:14:16+00:00\",\"dateModified\":\"2023-09-16T06:13:50+00:00\",\"inLanguage\":\"de-DE\",\"potentialAction\":[{\"@type\":\"ReadAction\",\"target\":[\"http:\/\/einmed.eu\/de\/\"]}]},{\"@type\":\"WebSite\",\"@id\":\"https:\/\/einmed.eu\/de\/#website\",\"url\":\"https:\/\/einmed.eu\/de\/\",\"name\":\"Einmed\",\"description\":\"Producent w\u0142\u00f3knin oraz pokrowc\u00f3w na materace\",\"potentialAction\":[{\"@type\":\"SearchAction\",\"target\":{\"@type\":\"EntryPoint\",\"urlTemplate\":\"https:\/\/einmed.eu\/de\/?s={search_term_string}\"},\"query-input\":\"required name=search_term_string\"}],\"inLanguage\":\"de-DE\"}]}<\/script>\n<!-- \/ Yoast SEO plugin. -->","yoast_head_json":{"title":"Vliesstoffe f\u00fcr technische Anwendungen - Einmed","robots":{"index":"index","follow":"follow","max-snippet":"max-snippet:-1","max-image-preview":"max-image-preview:large","max-video-preview":"max-video-preview:-1"},"canonical":"http:\/\/einmed.eu\/de\/","og_locale":"de_DE","og_type":"article","og_title":"Vliesstoffe f\u00fcr technische Anwendungen - Einmed","og_url":"http:\/\/einmed.eu\/de\/","og_site_name":"Einmed","article_modified_time":"2023-09-16T06:13:50+00:00","twitter_card":"summary_large_image","schema":{"@context":"https:\/\/schema.org","@graph":[{"@type":"WebPage","@id":"http:\/\/einmed.eu\/de\/","url":"http:\/\/einmed.eu\/de\/","name":"Vliesstoffe f\u00fcr technische Anwendungen - Einmed","isPartOf":{"@id":"https:\/\/einmed.eu\/de\/#website"},"datePublished":"2023-03-24T09:14:16+00:00","dateModified":"2023-09-16T06:13:50+00:00","inLanguage":"de-DE","potentialAction":[{"@type":"ReadAction","target":["http:\/\/einmed.eu\/de\/"]}]},{"@type":"WebSite","@id":"https:\/\/einmed.eu\/de\/#website","url":"https:\/\/einmed.eu\/de\/","name":"Einmed","description":"Producent w\u0142\u00f3knin oraz pokrowc\u00f3w na materace","potentialAction":[{"@type":"SearchAction","target":{"@type":"EntryPoint","urlTemplate":"https:\/\/einmed.eu\/de\/?s={search_term_string}"},"query-input":"required name=search_term_string"}],"inLanguage":"de-DE"}]}},"_links":{"self":[{"href":"http:\/\/einmed.eu\/de\/wp-json\/wp\/v2\/pages\/634"}],"collection":[{"href":"http:\/\/einmed.eu\/de\/wp-json\/wp\/v2\/pages"}],"about":[{"href":"http:\/\/einmed.eu\/de\/wp-json\/wp\/v2\/types\/page"}],"author":[{"embeddable":true,"href":"http:\/\/einmed.eu\/de\/wp-json\/wp\/v2\/users\/1"}],"replies":[{"embeddable":true,"href":"http:\/\/einmed.eu\/de\/wp-json\/wp\/v2\/comments?post=634"}],"version-history":[{"count":3,"href":"http:\/\/einmed.eu\/de\/wp-json\/wp\/v2\/pages\/634\/revisions"}],"predecessor-version":[{"id":1585,"href":"http:\/\/einmed.eu\/de\/wp-json\/wp\/v2\/pages\/634\/revisions\/1585"}],"wp:attachment":[{"href":"http:\/\/einmed.eu\/de\/wp-json\/wp\/v2\/media?parent=634"}],"curies":[{"name":"wp","href":"https:\/\/api.w.org\/{rel}","templated":true}]}}